{"id":1005,"date":"2025-04-16T03:24:02","date_gmt":"2025-04-16T03:24:02","guid":{"rendered":"https:\/\/red-lighttherapy.com\/?post_type=product&#038;p=1005"},"modified":"2025-04-16T03:44:42","modified_gmt":"2025-04-16T03:44:42","slug":"brand-double-door-box-for-skincare-bottle-fragrance-perfume","status":"publish","type":"product","link":"https:\/\/red-lighttherapy.com\/pt_pt\/brand-double-door-box-for-skincare-bottle-fragrance-perfume\/","title":{"rendered":"Caixa de porta dupla de marca para frasco de cuidados de pele Fragr\u00e2ncia Perfume"},"content":{"rendered":"<h2 id=\"-double-door-skin-care-perfume-bottle-box-product-description-\"><strong>Caixa de frascos de perfume para cuidados da pele com duas portas Descri\u00e7\u00e3o do produto<\/strong><\/h2>\n<h2 id=\"-1-box-design-and-positioning-\"><strong>1. Conce\u00e7\u00e3o e posicionamento da caixa<\/strong><\/h2>\n<p>O\u00a0<strong>Caixa de oferta de abertura dupla<\/strong>\u00a0A caixa de porta dupla \u00e9 adoptada, e a estrutura sim\u00e9trica cria uma sensa\u00e7\u00e3o de solenidade, que se adequa ao posicionamento de presentes topo de gama. O corpo da caixa \u00e9 optimizado atrav\u00e9s de linhas e propor\u00e7\u00f5es geom\u00e9tricas, combinadas com a cor principal preta e a tecnologia de relevo com padr\u00e3o floral azul, mostrando um equil\u00edbrio entre calma e sentido art\u00edstico. Quando as portas duplas s\u00e3o abertas, o corpo da caixa desdobra-se lentamente como uma cortina de palco, dando ao processo de desembalagem um forte sentido de ritual e transformando a exposi\u00e7\u00e3o do produto numa experi\u00eancia imersiva.<\/p>\n<h2 id=\"-2-innovative-interactivity-and-unboxing-experience-\"><strong>2. Interatividade inovadora e experi\u00eancia de unboxing<\/strong><\/h2>\n<p>O \u00fanico\u00a0<strong>estrutura de dobradi\u00e7a de porta dupla<\/strong>\u00a0quebra a conce\u00e7\u00e3o tradicional de abertura e fecho de uma s\u00f3 face e aumenta o sentido de participa\u00e7\u00e3o do utilizador:<\/p>\n<ul>\n<li><strong>Surpresa<\/strong>: Quando a porta \u00e9 aberta, o frasco de perfume incorporado aparece gradualmente \u00e0 medida que o \u00e2ngulo da caixa muda, e a fixa\u00e7\u00e3o da embalagem do revestimento em EVA cria um impacto visual como \"desvendar o tesouro\".<\/li>\n<li><strong>Interatividade<\/strong>: As ilustra\u00e7\u00f5es da hist\u00f3ria da marca ou os mapas de componentes arom\u00e1ticos podem ser personalizados no interior do painel da porta. Os utilizadores podem explorar os pormenores virando, puxando e outras ac\u00e7\u00f5es para refor\u00e7ar a liga\u00e7\u00e3o emocional.<\/li>\n<\/ul>\n<h2 id=\"-3-material-and-craft-details-\"><strong>3. Material e pormenores artesanais<\/strong><\/h2>\n<ul>\n<li><strong>Substrato de papel revestido<\/strong>: Foi selecionado papel revestido de alta gramagem de 350 g, que \u00e9 simultaneamente leve e resistente \u00e0 press\u00e3o para garantir a resist\u00eancia \u00e0 deforma\u00e7\u00e3o durante o transporte. Ao mesmo tempo, a superf\u00edcie \u00e9 coberta por uma pel\u00edcula mate para real\u00e7ar o toque delicado.<\/li>\n<li><strong>Processamento de precis\u00e3o<\/strong>: S\u00e3o utilizadas tecnologias de corte a laser e colagem automatizada, o erro de borda do corpo da caixa \u00e9 \u22640,1mm, e a estrutura de abertura e fechamento \u00e9 bem ajustada para evitar as rebarbas e a folga das caixas artesanais tradicionais.<\/li>\n<li><strong>Tecnologia de decora\u00e7\u00e3o<\/strong>: O padr\u00e3o de flores azuis apresenta um brilho tridimensional atrav\u00e9s da tecnologia local UV+prata quente, e o fundo preto utiliza um revestimento micro-p\u00e9rola para apresentar um efeito gradiente discreto e luxuoso sob luz e sombra.<\/li>\n<\/ul>\n<h2 id=\"-4-functional-and-protective-design-\"><strong>4. Conce\u00e7\u00e3o funcional e de prote\u00e7\u00e3o<\/strong><\/h2>\n<ul>\n<li><strong>Forro em EVA flocking<\/strong>: Ranhuras personalizadas de acordo com a curva do corpo da garrafa, a espessura do forro \u00e9 de at\u00e9 5 mm, e a flocagem de alta densidade \u00e9 utilizada para amortecer e resistir ao choque para evitar riscos e desloca\u00e7\u00f5es durante o transporte.<\/li>\n<li><strong>Estrutura da parti\u00e7\u00e3o<\/strong>: Suporta o design em camadas da caixa interior (como colocar frascos de perfume na camada superior e incorporar instru\u00e7\u00f5es ou ranhuras para cart\u00f5es de oferta na camada inferior), melhorando a utiliza\u00e7\u00e3o do espa\u00e7o e a funcionalidade.<\/li>\n<\/ul>\n<h2 id=\"-5-customized-service-and-brand-adaptation-\"><strong>5. Servi\u00e7o personalizado e adapta\u00e7\u00e3o \u00e0 marca<\/strong><\/h2>\n<ul>\n<li><strong>Personaliza\u00e7\u00e3o total<\/strong>: Suporta um ajuste flex\u00edvel do tamanho (altura adaptada ao tipo de garrafa de 15-30 cm), \u00e2ngulo de abertura e fecho (90\u00b0-180\u00b0 ajust\u00e1vel) e estrutura interna (camada interm\u00e9dia\/fivela magn\u00e9tica, etc.) para satisfazer as necessidades de diferencia\u00e7\u00e3o da marca.<\/li>\n<li><strong>Integra\u00e7\u00e3o de elementos da marca<\/strong>: Pode incorporar estampagem a quente do log\u00f3tipo da marca, microc\u00e1psulas de fragr\u00e2ncia (a abertura da caixa liberta a fragr\u00e2ncia associada) ou etiquetas AR (a leitura do c\u00f3digo desencadeia a anima\u00e7\u00e3o da hist\u00f3ria da marca) para conseguir uma liga\u00e7\u00e3o profunda entre a embalagem e a narrativa do produto.<\/li>\n<\/ul>","protected":false},"excerpt":{"rendered":"<p>Esta caixa de oferta de porta dupla baseia-se no conceito de \"abrir a cerim\u00f3nia, sentir o luxo\". Atrav\u00e9s da inova\u00e7\u00e3o estrutural, do artesanato e da liga\u00e7\u00e3o sensorial, a embalagem \u00e9 actualizada de um contentor para o suporte principal da experi\u00eancia da marca. Desde o momento surpreendente da abertura da caixa at\u00e9 ao toque dos pormenores, todas as liga\u00e7\u00f5es ecoam o posicionamento topo de gama, ajudando a marca a estabelecer um reconhecimento diferenciado na concorr\u00eancia do mercado.<\/p>","protected":false},"featured_media":1006,"template":"","meta":{"_kad_post_transparent":"default","_kad_post_title":"","_kad_post_layout":"default","_kad_post_sidebar_id":"","_kad_post_content_style":"default","_kad_post_vertical_padding":"default","_kad_post_feature":"","_kad_post_feature_position":"","_kad_post_header":false,"_kad_post_footer":false,"_kad_post_classname":""},"product_brand":[],"product_cat":[15,28,17],"product_tag":[381,382,380],"class_list":{"0":"post-1005","1":"product","2":"type-product","3":"status-publish","4":"has-post-thumbnail","6":"product_cat-red-light-therapy","7":"product_cat-customize","8":"product_cat-services","9":"product_tag-brand-perfume-box","10":"product_tag-custom-fragrance-box","11":"product_tag-double-door-box-for-skincare","13":"first","14":"instock","15":"shipping-taxable","16":"product-type-simple","17":"entry","18":"content-bg","19":"loop-entry"},"_links":{"self":[{"href":"https:\/\/red-lighttherapy.com\/pt_pt\/wp-json\/wp\/v2\/product\/1005","targetHints":{"allow":["GET"]}}],"collection":[{"href":"https:\/\/red-lighttherapy.com\/pt_pt\/wp-json\/wp\/v2\/product"}],"about":[{"href":"https:\/\/red-lighttherapy.com\/pt_pt\/wp-json\/wp\/v2\/types\/product"}],"wp:featuredmedia":[{"embeddable":true,"href":"https:\/\/red-lighttherapy.com\/pt_pt\/wp-json\/wp\/v2\/media\/1006"}],"wp:attachment":[{"href":"https:\/\/red-lighttherapy.com\/pt_pt\/wp-json\/wp\/v2\/media?parent=1005"}],"wp:term":[{"taxonomy":"product_brand","embeddable":true,"href":"https:\/\/red-lighttherapy.com\/pt_pt\/wp-json\/wp\/v2\/product_brand?post=1005"},{"taxonomy":"product_cat","embeddable":true,"href":"https:\/\/red-lighttherapy.com\/pt_pt\/wp-json\/wp\/v2\/product_cat?post=1005"},{"taxonomy":"product_tag","embeddable":true,"href":"https:\/\/red-lighttherapy.com\/pt_pt\/wp-json\/wp\/v2\/product_tag?post=1005"}],"curies":[{"name":"wp","href":"https:\/\/api.w.org\/{rel}","templated":true}]}}