{"id":1000,"date":"2025-04-16T03:15:01","date_gmt":"2025-04-16T03:15:01","guid":{"rendered":"https:\/\/red-lighttherapy.com\/?post_type=product&#038;p=1000"},"modified":"2025-04-16T03:25:59","modified_gmt":"2025-04-16T03:25:59","slug":"commercial-large-heart-shaped-gift-packaging-paper-boxes","status":"publish","type":"product","link":"https:\/\/red-lighttherapy.com\/pt_pt\/commercial-large-heart-shaped-gift-packaging-paper-boxes\/","title":{"rendered":"Caixas de papel para embalagem de presentes comerciais grandes em forma de cora\u00e7\u00e3o"},"content":{"rendered":"<h2 id=\"-product-description-of-commercial-large-heart-shaped-gift-packaging-paper-box-\"><strong>Descri\u00e7\u00e3o do produto de Caixa de papel para embalagem de presente comercial grande em forma de cora\u00e7\u00e3o<\/strong><\/h2>\n<h2 id=\"-1-structural-design-heart-shaped-top-and-bottom-cover-reshaping-emotional-expression-\"><strong>1. Conce\u00e7\u00e3o estrutural: Tampa superior e inferior em forma de cora\u00e7\u00e3o, remodelando a express\u00e3o emocional<\/strong><\/h2>\n<p>Este produto adopta\u00a0<strong>estrutura da tampa superior e inferior em forma de cora\u00e7\u00e3o<\/strong>A caixa de papel de carta \u00e9 uma caixa de papel de carta com um design de encaixe magn\u00e9tico, que rompe as limita\u00e7\u00f5es das caixas quadradas tradicionais e transmite romance e amor com contornos suaves e curvos. A tampa superior e a caixa inferior encaixam-se firmemente atrav\u00e9s do design de encaixe magn\u00e9tico, e o momento de abertura e fecho provoca uma \"resson\u00e2ncia de batimentos card\u00edacos\" com um forte sentido de ritual, que satisfaz as necessidades emocionais do Dia dos Namorados, casamentos, anivers\u00e1rios e outras cenas. O interior da caixa adopta\u00a0<strong>conce\u00e7\u00e3o de divis\u00f3rias em camadas<\/strong>que pode separar de forma flex\u00edvel chocolates, j\u00f3ias, presentes personalizados e outros artigos de diferentes tamanhos, tendo em conta a beleza e o car\u00e1cter pr\u00e1tico.<\/p>\n<h2 id=\"-2-material-and-environmental-protection-sustainable-forest-resources-global-certification-guarantee-\"><strong>2. Prote\u00e7\u00e3o dos materiais e do ambiente: recursos florestais sustent\u00e1veis, garantia de certifica\u00e7\u00e3o global<\/strong><\/h2>\n<p>O produto utiliza\u00a0<strong>Materiais ecol\u00f3gicos certificados pelo FSC<\/strong>e o material de base \u00e9 uma estrutura composta por cart\u00e3o branco de 250 g e papel canelado de tr\u00eas\/cinco camadas para garantir a capacidade de carga e a durabilidade. Todo o papel prov\u00e9m de florestas geridas de forma sustent\u00e1vel, cumpre as normas ambientais da UE e os conceitos de economia circular, apoia a reciclagem e a degrada\u00e7\u00e3o de todo o ciclo de vida e ajuda as marcas a transmitir valores ecol\u00f3gicos. A superf\u00edcie da caixa \u00e9 coberta com\u00a0<strong>revestimento em PE de qualidade alimentar<\/strong>que tem uma dupla prote\u00e7\u00e3o contra a humidade e o \u00f3leo, e \u00e9 adequado para embalagens de presentes, como alimentos e cosm\u00e9ticos, que s\u00e3o facilmente afectados pelo ambiente.<\/p>\n<h2 id=\"-3-visual-design-pink-tones-and-geometric-aesthetics-upgraded-layering-\"><strong>3. Conce\u00e7\u00e3o visual: tons cor-de-rosa e est\u00e9tica geom\u00e9trica, sobreposi\u00e7\u00e3o melhorada<\/strong><\/h2>\n<p>O corpo da caixa est\u00e1 principalmente em\u00a0<strong>rosa suave<\/strong>, com\u00a0<strong>padr\u00f5es geom\u00e9tricos tridimensionais em relevo<\/strong>que refor\u00e7am a estratifica\u00e7\u00e3o visual atrav\u00e9s do entrela\u00e7amento de linhas e da mudan\u00e7a de luz e sombra, real\u00e7ando a textura personalizada de alta qualidade. A inspira\u00e7\u00e3o do design vem da arte moderna e minimalista. Os elementos geom\u00e9tricos podem ser expressos de forma abstrata como fluxo emocional, ou personalizados como s\u00edmbolos exclusivos da marca (tais como padr\u00f5es de deforma\u00e7\u00e3o do LOGO) para aumentar o reconhecimento da marca.<\/p>\n<h2 id=\"-4-functional-highlights-transparent-window-direct-consumer-decision-making-\"><strong>4. Destaques funcionais: janela transparente, decis\u00e3o direta do consumidor<\/strong><\/h2>\n<p>O\u00a0<strong>janela el\u00edptica PET transparente<\/strong>\u00a0est\u00e1 embutido no centro da tampa da caixa, e os consumidores podem ver diretamente o conte\u00fado (como chocolate, frascos de perfume, etc.) sem desempacotar, reduzindo os custos de comunica\u00e7\u00e3o e aumentando a confian\u00e7a na compra. O rebordo da janela adopta\u00a0<strong>Tecnologia de estampagem a quente UV para orlas<\/strong>que reflecte o padr\u00e3o de estampagem a quente do corpo da caixa e \u00e9 simultaneamente funcional e decorativo.<\/p>\n<h2 id=\"-5-process-details-three-dimensional-hot-stamping-luxurious-touch-\"><strong>5. Detalhes do processo: estampagem a quente tridimensional, toque luxuoso<\/strong><\/h2>\n<p>A superf\u00edcie da tampa da caixa utiliza\u00a0<strong>Tecnologia de estampagem a quente 3D<\/strong>A tecnologia de estampagem a quente, que combina folha de ouro com textura em relevo atrav\u00e9s da tecnologia de estampagem a alta temperatura, permite criar um log\u00f3tipo de marca ou uma b\u00ean\u00e7\u00e3o com um toque c\u00f4ncavo e convexo, apresentando visualmente um brilho met\u00e1lico e um n\u00edvel tridimensional. A parte estampada a quente \u00e9 resistente \u00e0 fric\u00e7\u00e3o e \u00e0 descama\u00e7\u00e3o e foi testada para resistir a mais de 1000 vezes de abertura e fecho, garantindo que mant\u00e9m uma textura luxuosa ap\u00f3s uma utiliza\u00e7\u00e3o prolongada.<\/p>\n<h2 id=\"-6-scene-adaptation-a-multi-scene-marketing-tool-\"><strong>6. Adapta\u00e7\u00e3o de cenas: uma ferramenta de marketing multi-cenas<\/strong><\/h2>\n<ul>\n<li><strong>Marketing do festival<\/strong>: A forma de cora\u00e7\u00e3o e os elementos de estampagem a quente combinam perfeitamente com os temas festivos, como o Dia dos Namorados, o Festival Qixi e o Natal, e s\u00e3o combinados com fitas ou flores eternas para real\u00e7ar a sensa\u00e7\u00e3o de cerim\u00f3nia de oferta.<\/li>\n<li><strong>Lembran\u00e7as de casamento<\/strong>: Suporta a personaliza\u00e7\u00e3o de texto com estampagem a quente, como os nomes dos noivos e as datas de casamento, e o forro pode ser feito de material acetinado para melhorar os atributos de personaliza\u00e7\u00e3o de alta qualidade.<\/li>\n<li><strong>Co-branding de marcas<\/strong>: O design da janela \u00e9 combinado com a estampagem a quente da imagem IP da marca, que \u00e9 adequada para embalagens de produtos de edi\u00e7\u00e3o limitada nos sectores da beleza, do luxo e outros.<\/li>\n<\/ul>","protected":false},"excerpt":{"rendered":"<p>Esta caixa de presente em forma de cora\u00e7\u00e3o tem como n\u00facleo o design emocional. Atrav\u00e9s da integra\u00e7\u00e3o de inova\u00e7\u00e3o estrutural, materiais amigos do ambiente e artesanato de alta qualidade, cria uma solu\u00e7\u00e3o de embalagem comercial que \u00e9 simultaneamente visualmente atractiva e funcional, ajudando as marcas a destacarem-se no mercado da economia rom\u00e2ntica.<\/p>","protected":false},"featured_media":1001,"template":"","meta":{"_kad_post_transparent":"default","_kad_post_title":"","_kad_post_layout":"default","_kad_post_sidebar_id":"","_kad_post_content_style":"default","_kad_post_vertical_padding":"default","_kad_post_feature":"","_kad_post_feature_position":"","_kad_post_header":false,"_kad_post_footer":false,"_kad_post_classname":""},"product_brand":[],"product_cat":[15,19,17],"product_tag":[378,377,379],"class_list":{"0":"post-1000","1":"product","2":"type-product","3":"status-publish","4":"has-post-thumbnail","6":"product_cat-red-light-therapy","7":"product_cat-red-light-therapy-stand","8":"product_cat-services","9":"product_tag-jewelry-paper-gift-bag","10":"product_tag-luxury-jewelry-shopping-bag","11":"product_tag-sourcing-jewelry-gift-bag","13":"first","14":"instock","15":"shipping-taxable","16":"product-type-simple","17":"entry","18":"content-bg","19":"loop-entry"},"_links":{"self":[{"href":"https:\/\/red-lighttherapy.com\/pt_pt\/wp-json\/wp\/v2\/product\/1000","targetHints":{"allow":["GET"]}}],"collection":[{"href":"https:\/\/red-lighttherapy.com\/pt_pt\/wp-json\/wp\/v2\/product"}],"about":[{"href":"https:\/\/red-lighttherapy.com\/pt_pt\/wp-json\/wp\/v2\/types\/product"}],"wp:featuredmedia":[{"embeddable":true,"href":"https:\/\/red-lighttherapy.com\/pt_pt\/wp-json\/wp\/v2\/media\/1001"}],"wp:attachment":[{"href":"https:\/\/red-lighttherapy.com\/pt_pt\/wp-json\/wp\/v2\/media?parent=1000"}],"wp:term":[{"taxonomy":"product_brand","embeddable":true,"href":"https:\/\/red-lighttherapy.com\/pt_pt\/wp-json\/wp\/v2\/product_brand?post=1000"},{"taxonomy":"product_cat","embeddable":true,"href":"https:\/\/red-lighttherapy.com\/pt_pt\/wp-json\/wp\/v2\/product_cat?post=1000"},{"taxonomy":"product_tag","embeddable":true,"href":"https:\/\/red-lighttherapy.com\/pt_pt\/wp-json\/wp\/v2\/product_tag?post=1000"}],"curies":[{"name":"wp","href":"https:\/\/api.w.org\/{rel}","templated":true}]}}