{"id":994,"date":"2025-04-16T01:44:55","date_gmt":"2025-04-16T01:44:55","guid":{"rendered":"https:\/\/red-lighttherapy.com\/?post_type=product&#038;p=994"},"modified":"2025-04-16T02:03:53","modified_gmt":"2025-04-16T02:03:53","slug":"sourcing-luxury-jewelry-shopping-paper-gift-bag-with-ribbon","status":"publish","type":"product","link":"https:\/\/red-lighttherapy.com\/pl\/sourcing-luxury-jewelry-shopping-paper-gift-bag-with-ribbon\/","title":{"rendered":"Sourcing Luksusowa bi\u017cuteria Papierowa torba na zakupy ze wst\u0105\u017ck\u0105"},"content":{"rendered":"<h2 id=\"product-description-of-luxury-jewelry-shopping-paper-gift-bag\">Opis produktu Luksusowa papierowa torba na zakupy bi\u017cuterii<\/h2>\n<h2 id=\"-1-double-rope-handle-design-a-balance-between-practicality-and-aesthetics-\"><strong>1. Podw\u00f3jny uchwyt linowy: r\u00f3wnowaga mi\u0119dzy praktyczno\u015bci\u0105 a estetyk\u0105<\/strong><\/h2>\n<p>Uchwyt ma struktur\u0119 podw\u00f3jnej liny o wysokiej g\u0119sto\u015bci, a korpus liny jest wykonany z matowej ta\u015bmy w tym samym kolorze co korpus torby, dzi\u0119ki czemu si\u0142a jest r\u00f3wnomiernie roz\u0142o\u017cona i nie \u015bciska d\u0142oni podczas ci\u0105gni\u0119cia. Dobra no\u015bno\u015b\u0107.<\/p>\n<h2 id=\"-2-stiff-angular-lines-three-dimensional-expression-of-high-end-tone-\"><strong>2. Sztywne, kanciaste linie: tr\u00f3jwymiarowa ekspresja wysokiej klasy brzmienia<\/strong><\/h2>\n<p>Korpus torby wykorzystuje opatentowany proces tr\u00f3jwymiarowego wci\u0119cia i wykorzystuje technologi\u0119 sk\u0142adania w kszta\u0142cie litery V 120 \u00b0 oraz zgrzewania kraw\u0119dzi pod k\u0105tem prostym, aby stworzy\u0107 ostre kraw\u0119dzie, takie jak ci\u0119cie bi\u017cuterii. Papier wykonany jest z grubej bia\u0142ej tektury z certyfikatem FSC, a jego warstwa w\u0142\u00f3kien ma 7-warstwow\u0105 struktur\u0119 kompozytow\u0105. Sztywno\u015b\u0107 zosta\u0142a zwi\u0119kszona o 23% w por\u00f3wnaniu do zwyk\u0142ej tektury, dzi\u0119ki czemu korpus torby jest ostry i nie zapada si\u0119 podczas stania. Podszewka jest wyposa\u017cona w 3-milimetrow\u0105 warstw\u0119 buforow\u0105 EVA, kt\u00f3ra dodatkowo wzmacnia twardo\u015b\u0107 linii poprzez fizyczne wsparcie i chroni bi\u017cuteri\u0119 przed \u015bci\u015bni\u0119ciem.<\/p>\n<h2 id=\"-3-symmetrical-mechanical-structure-high-value-support-stability-\"><strong>3. Symetryczna struktura mechaniczna: wysoka stabilno\u015b\u0107 wsparcia<\/strong><\/h2>\n<p>Symetryczna konstrukcja typu pude\u0142kowego zosta\u0142a zaprojektowana w oparciu o z\u0142ot\u0105 proporcj\u0119, a w dolnej cz\u0119\u015bci zastosowano proces wzmocnienia krzy\u017cowego \"well\", o no\u015bno\u015bci ponad 3 kg. Arkusze no\u015bne z tworzywa ABS klasy spo\u017cywczej s\u0105 osadzone w czterech rogach korpusu torby, a ultrad\u017awi\u0119kowa technologia klejenia na gor\u0105co jest stosowana w celu unikni\u0119cia ryzyka deformacji spowodowanej tradycyjnym klejeniem. Zgodnie z laboratoryjnymi testami symulacyjnymi, k\u0105t nachylenia korpusu worka wynosi \u22641,5\u00b0 po ci\u0105g\u0142ych wibracjach przez 2 godziny pod pe\u0142nym obci\u0105\u017ceniem, co jest znacznie wy\u017csze ni\u017c standard bran\u017cowy.<\/p>\n<h2 id=\"-4-open-lacing-design-a-fusion-of-ritual-sense-and-convenience-\"><strong>4. Otwarta konstrukcja sznurowania: po\u0142\u0105czenie rytua\u0142u i wygody<\/strong><\/h2>\n<p>W g\u00f3rnej cz\u0119\u015bci zastosowano innowacyjny system sznurowania \"dwutorowy suwak + klamra magnetyczna\":<\/p>\n<ul>\n<li><strong>Funkcjonalno\u015b\u0107<\/strong>: Suwak ma wbudowane niewidoczne magnesy, kt\u00f3re mo\u017cna otworzy\u0107 i zamkn\u0105\u0107 w ci\u0105gu kilku sekund za pomoc\u0105 jednego naci\u015bni\u0119cia, rozwi\u0105zuj\u0105c uci\u0105\u017cliwy problem tradycyjnego nawijania ta\u015bmy;<\/li>\n<li><strong>Zmys\u0142 rytualny<\/strong>: Za pomoc\u0105 r\u00f3\u017cowej satynowej wst\u0105\u017cki o szeroko\u015bci 25 mm, dzi\u0119ki tr\u00f3jwymiarowemu urz\u0105dzeniu do mocowania kokardki (numer patentu ZL20253001.2), mo\u017cna szybko uformowa\u0107 pe\u0142ny kszta\u0142t kokardki 3D o wysoko\u015bci w\u0119z\u0142a 4 cm, a efekt wizualny jest zwi\u0119kszony o 60%.<\/li>\n<\/ul>\n<h2 id=\"-5-sustainable-material-selection-fsc-certification-and-environmentally-friendly-technology-\"><strong>5. Zr\u00f3wnowa\u017cony wyb\u00f3r materia\u0142\u00f3w: Certyfikat FSC i technologia przyjazna dla \u015brodowiska<\/strong><\/h2>\n<ul>\n<li><strong>Materia\u0142 podstawowy<\/strong>: 100% bia\u0142y karton z certyfikatem FSC, 90% bia\u0142o\u015b\u0107 i przeszed\u0142 niemiecki test zapachu LFGB klasy spo\u017cywczej, brak ryzyka zanieczyszczenia w kontakcie z bi\u017cuteri\u0105;<\/li>\n<li><strong>Pow\u0142oka<\/strong>: Stosowany jest przyjazny dla \u015brodowiska lakier na bazie wody o po\u0142ysku 85GU (norma ISO 8254-1), umo\u017cliwiaj\u0105cy odwrotny druk UV bez p\u0119kania;<\/li>\n<li><strong>Recykling<\/strong>: Korpus torby mo\u017cna ca\u0142kowicie roz\u0142o\u017cy\u0107 na trzy elementy: papier, plastik i metal, wspieraj\u0105c recykling klasyfikacji spo\u0142eczno\u015bci, a \u015blad w\u0119glowy jest zmniejszony o 37% w por\u00f3wnaniu z tradycyjnymi opakowaniami.<\/li>\n<\/ul>\n<h2 id=\"-6-brand-visual-enhancement-system-marketing-empowerment-of-pink-and-bow-\"><strong>6. System wizualnego wzmocnienia marki: Marketingowe wzmocnienie r\u00f3\u017cu i kokardy<\/strong><\/h2>\n<ul>\n<li><strong>Strategia kolor\u00f3w<\/strong>: G\u0142\u00f3wnym kolorem jest Pantone 13-2807TPX (mi\u0119kki matowy r\u00f3\u017c). Test trwa\u0142o\u015bci koloru wykaza\u0142, \u017ce r\u00f3\u017cnica kolor\u00f3w \u0394E\u22641,2 po 6 miesi\u0105cach ekspozycji na \u015bwiat\u0142o, a per\u0142owa pow\u0142oka ma gradientow\u0105 aksamitn\u0105 tekstur\u0119;<\/li>\n<li><strong>Konfiguracja dziobu<\/strong>: Wst\u0105\u017cka zawiera jedwab morwowy 32%, a jej szeroko\u015b\u0107 zosta\u0142a zaprojektowana zgodnie ze stosunkiem sekwencji Fibonacciego (25 mm:15 mm:9 mm). Korpus ma wbudowany szkielet z drutu stalowego z pami\u0119ci\u0105, kt\u00f3ry mo\u017ce utrzyma\u0107 tr\u00f3jwymiarowy kszta\u0142t przez 72 godziny bez deformacji;<\/li>\n<li><strong>Ekspozycja marki<\/strong>: Bok torby jest zarezerwowany dla rowk\u00f3w do t\u0142oczenia na gor\u0105co, obs\u0142uguje grawerowanie laserowe logo marki (dok\u0142adno\u015b\u0107 0,1 mm), a z ty\u0142u znajduje si\u0119 niewidoczny obszar chipa NFC, kt\u00f3ry mo\u017ce przeskoczy\u0107 do apletu marki, dotykaj\u0105c go.<\/li>\n<\/ul>\n<h2 id=\"-technical-parameters-\"><strong>Parametry techniczne<\/strong><\/h2>\n<table>\n<thead>\n<tr>\n<th>Projekt<\/th>\n<th>Indeks<\/th>\n<th>Standard testu<\/th>\n<\/tr>\n<\/thead>\n<tbody>\n<tr>\n<td>No\u015bno\u015b\u0107<\/td>\n<td>3,2 kg (statyczny)\/2,5 kg (dynamiczny)<\/td>\n<td>ASTM D5276<\/td>\n<\/tr>\n<tr>\n<td>Czas otwarcia i zamkni\u0119cia<\/td>\n<td>\u2265500 razy<\/td>\n<td>GB\/T 2679.7<\/td>\n<\/tr>\n<tr>\n<td>Trwa\u0142o\u015b\u0107 koloru<\/td>\n<td>Klasa 4-5 (lekka)<\/td>\n<td>ISO 105-B02<\/td>\n<\/tr>\n<tr>\n<td>Certyfikacja \u015brodowiskowa<\/td>\n<td>FSC, LFGB, REACH<\/td>\n<td>Raport z test\u00f3w zewn\u0119trznych<\/td>\n<\/tr>\n<\/tbody>\n<\/table>","protected":false},"excerpt":{"rendered":"<p>Ta papierowa torba na prezenty ma r\u00f3\u017cowy kolor i jest wyposa\u017cona w kokardk\u0119, kt\u00f3ra tworzy tr\u00f3jwymiarowy efekt. Jest ona po\u0142\u0105czona z podw\u00f3jnymi uchwytami linowymi, aby po\u0142\u0105czy\u0107 praktyczno\u015b\u0107 z artystyczn\u0105 estetyk\u0105. Symetryczna struktura zapewnia r\u00f3wnomiern\u0105 si\u0142\u0119 i mo\u017ce stabilnie wspiera\u0107 produkty jubilerskie o wysokiej warto\u015bci.<\/p>","protected":false},"featured_media":995,"template":"","meta":{"_kad_post_transparent":"default","_kad_post_title":"","_kad_post_layout":"default","_kad_post_sidebar_id":"","_kad_post_content_style":"default","_kad_post_vertical_padding":"default","_kad_post_feature":"","_kad_post_feature_position":"","_kad_post_header":false,"_kad_post_footer":false,"_kad_post_classname":""},"product_brand":[],"product_cat":[15,17],"product_tag":[378,377,379],"class_list":{"0":"post-994","1":"product","2":"type-product","3":"status-publish","4":"has-post-thumbnail","6":"product_cat-red-light-therapy","7":"product_cat-services","8":"product_tag-jewelry-paper-gift-bag","9":"product_tag-luxury-jewelry-shopping-bag","10":"product_tag-sourcing-jewelry-gift-bag","12":"first","13":"instock","14":"shipping-taxable","15":"product-type-simple","16":"entry","17":"content-bg","18":"loop-entry"},"_links":{"self":[{"href":"https:\/\/red-lighttherapy.com\/pl\/wp-json\/wp\/v2\/product\/994","targetHints":{"allow":["GET"]}}],"collection":[{"href":"https:\/\/red-lighttherapy.com\/pl\/wp-json\/wp\/v2\/product"}],"about":[{"href":"https:\/\/red-lighttherapy.com\/pl\/wp-json\/wp\/v2\/types\/product"}],"wp:featuredmedia":[{"embeddable":true,"href":"https:\/\/red-lighttherapy.com\/pl\/wp-json\/wp\/v2\/media\/995"}],"wp:attachment":[{"href":"https:\/\/red-lighttherapy.com\/pl\/wp-json\/wp\/v2\/media?parent=994"}],"wp:term":[{"taxonomy":"product_brand","embeddable":true,"href":"https:\/\/red-lighttherapy.com\/pl\/wp-json\/wp\/v2\/product_brand?post=994"},{"taxonomy":"product_cat","embeddable":true,"href":"https:\/\/red-lighttherapy.com\/pl\/wp-json\/wp\/v2\/product_cat?post=994"},{"taxonomy":"product_tag","embeddable":true,"href":"https:\/\/red-lighttherapy.com\/pl\/wp-json\/wp\/v2\/product_tag?post=994"}],"curies":[{"name":"wp","href":"https:\/\/api.w.org\/{rel}","templated":true}]}}