{"id":988,"date":"2025-04-16T01:18:51","date_gmt":"2025-04-16T01:18:51","guid":{"rendered":"https:\/\/red-lighttherapy.com\/?post_type=product&#038;p=988"},"modified":"2025-04-20T06:05:30","modified_gmt":"2025-04-20T06:05:30","slug":"luxury-paper-gift-bags-for-cosmetics-perfume-distributors","status":"publish","type":"product","link":"https:\/\/red-lighttherapy.com\/pl\/luxury-paper-gift-bags-for-cosmetics-perfume-distributors\/","title":{"rendered":"Luksusowe papierowe torby na prezenty dla dystrybutor\u00f3w kosmetyk\u00f3w i perfum"},"content":{"rendered":"<h2 id=\"-product-description-of-high-end-perfume-gift-bag-\"><strong>Opis produktu Wysokiej klasy kosmetyczna papierowa torba prezentowa na perfumy<\/strong><\/h2>\n<h2 id=\"-1-double-strand-twisted-cotton-rope-handle-tensile-strength-and-ergonomic-design-\"><strong>1. Dwuniciowy uchwyt ze skr\u0119conej liny bawe\u0142nianej: wytrzyma\u0142o\u015b\u0107 na rozci\u0105ganie i ergonomiczna konstrukcja<\/strong><\/h2>\n<p>Przyj\u0119cie\u00a0<strong>Proces skr\u0119cania dwuniciowej liny bawe\u0142nianej o wysokiej g\u0119sto\u015bci<\/strong>Dzi\u0119ki przeplataniu wielu pasm w\u0142\u00f3kien w celu poprawy wytrzyma\u0142o\u015bci na rozci\u0105ganie (mo\u017ce wytrzyma\u0107 \u226510 kg), przy jednoczesnej optymalizacji czucia chwytu. Powierzchnia liny jest antypo\u015blizgowa, w po\u0142\u0105czeniu z precyzyjnym pomiarem \u015brednicy i \u0142uku, aby zapewni\u0107 r\u00f3wnomierne roz\u0142o\u017cenie nacisku d\u0142oni i brak \u015blad\u00f3w na d\u0142ugotrwa\u0142ym uchwycie. Dwa ko\u0144ce bawe\u0142nianej liny s\u0105 przymocowane za pomoc\u0105 klamry w kszta\u0142cie podkowy, ze wzmocnion\u0105 konstrukcj\u0105 nit\u00f3w, aby unikn\u0105\u0107 ryzyka odpadni\u0119cia.<\/p>\n<h2 id=\"-2-artistic-visual-rhythm-geometric-relief-pattern-design-\"><strong>2. Artystyczny rytm wizualny: geometryczny wz\u00f3r reliefowy<\/strong><\/h2>\n<p>G\u0142\u00f3wny wygl\u0105d korpusu torby wykorzystuje\u00a0<strong>P\u0142ynny geometryczny wz\u00f3r reliefowy<\/strong>a tr\u00f3jwymiarowy proces wyt\u0142aczania przedstawia falist\u0105 tekstur\u0119 o naprzemiennych g\u0142\u0119boko\u015bciach i p\u0142yciznach. Wz\u00f3r jest inspirowany trajektori\u0105 ruchu cz\u0105steczek perfum, w po\u0142\u0105czeniu z procesem matowego powlekania, a dynamiczny rytm wizualny powstaje pod wp\u0142ywem za\u0142amania \u015bwiat\u0142a i cienia, wzmacniaj\u0105c artystyczn\u0105 tonacj\u0119 marki. Bok jest uzupe\u0142niony gradientowym procesem rozmazywania, aby po\u0142\u0105czy\u0107 g\u0142\u00f3wny wz\u00f3r z pustym obszarem, odzwierciedlaj\u0105c wysokiej klasy r\u00f3wnowag\u0119 estetyczn\u0105.<\/p>\n<h2 id=\"-3-brand-logo-enhancement-dark-blue-base-and-hot-stamping-process-\"><strong>3. Ulepszenie logo marki: ciemnoniebieska podstawa i proces t\u0142oczenia na gor\u0105co<\/strong><\/h2>\n<p>G\u0142\u00f3wny\u00a0<strong>model deep sea blue<\/strong>\u00a0przyjmuje klasyczny numer koloru Pantone 19-4052, z centralnym logo marki t\u0142oczonym na gor\u0105co. Przez\u00a0<strong>Importowana z Niemiec technologia t\u0142oczenia na zimno<\/strong>Osi\u0105gni\u0119to precyzyjne odtworzenie linii 0,1 mm, a grubo\u015b\u0107 warstwy folii metalowej osi\u0105ga 12 \u03bcm, tworz\u0105c silny kontrast wizualny na matowej powierzchni torby. Zgodnie z testami laboratoryjnymi, warstwa t\u0142oczona na gor\u0105co nie odpad\u0142a po 5000 tar\u0107, spe\u0142niaj\u0105c luksusowe standardy trwa\u0142o\u015bci.<\/p>\n<h2 id=\"-4-hidden-triangular-support-structure-no-load-shape-management-\"><strong>4. Ukryta tr\u00f3jk\u0105tna konstrukcja no\u015bna: zarz\u0105dzanie kszta\u0142tem bez obci\u0105\u017cenia<\/strong><\/h2>\n<p>Innowacyjne wbudowane\u00a0<strong>Sk\u0142adana tr\u00f3jk\u0105tna podszewka<\/strong>Wykorzystuje laserowe ci\u0119cie szarej p\u0142yty o grubo\u015bci 1,2 mm. Gdy torba jest pusta, automatycznie rozk\u0142ada si\u0119, tworz\u0105c tr\u00f3jk\u0105tn\u0105 pryzmatyczn\u0105 ram\u0119 podtrzymuj\u0105c\u0105, aby zachowa\u0107 prosty kszta\u0142t torby; po za\u0142adowaniu kurczy si\u0119 adaptacyjnie wraz z zawarto\u015bci\u0105. Kraw\u0119d\u017a podszewki jest wst\u0119pnie zakopana w bezklejowych otworach wtykowych. Po wyj\u0119ciu torby przez konsumenta mo\u017cna j\u0105 ponownie z\u0142o\u017cy\u0107 w pude\u0142ko do przechowywania na biurku za pomoc\u0105 klamer, aby uzyska\u0107 opakowanie wt\u00f3rne.<\/p>\n<h2 id=\"-5-fsc-certified-environmentally-friendly-material-system-\"><strong>5. System materia\u0142\u00f3w przyjaznych dla \u015brodowiska z certyfikatem FSC<\/strong><\/h2>\n<p>G\u0142\u00f3wny korpus wykonany jest z\u00a0<strong>Bia\u0142y karton z certyfikatem FSC Mix<\/strong>\u00a0(ilo\u015b\u0107 300 g\/\u33a1, grubo\u015b\u0107 0,4 mm), a powierzchnia jest pokryta pow\u0142ok\u0105 na bazie wody pochodzenia ro\u015blinnego, kt\u00f3ra przesz\u0142a testy SGS i osi\u0105gn\u0119\u0142a standardy bezpiecze\u0144stwa w kontakcie z \u017cywno\u015bci\u0105. Podszewka wykonana jest z degradowalnej folii syntetycznej ze skrobi kukurydzianej, a cykl degradacji ca\u0142ej torby wynosi \u2264180 dni, a \u015blad w\u0119glowy jest zmniejszony o 42% w por\u00f3wnaniu z tradycyjnymi opakowaniami.<\/p>\n<h2 id=\"-6-magnetic-safety-closure-system-\"><strong>6. Magnetyczny system bezpiecznego zamykania<\/strong><\/h2>\n<p>G\u00f3rna cz\u0119\u015b\u0107 jest wyposa\u017cona w\u00a0<strong>Grupa magnetycznych przycisk\u00f3w zatrzaskowych NdFeB<\/strong>a si\u0142a zamykania zosta\u0142a zoptymalizowana do 0,8 N-m za pomoc\u0105 symulacji mechanicznej ANSYS. Konstrukcja z podw\u00f3jnymi biegunami magnetycznymi zapewnia precyzyjne wyr\u00f3wnanie, a test wibracji podczas transportu wykaza\u0142, \u017ce spadek si\u0142y magnetycznej jest mniejszy ni\u017c 3% po 10 000 otwar\u0107 i zamkni\u0119\u0107. Cz\u0119\u015b\u0107 otwieraj\u0105ca i zamykaj\u0105ca jest wst\u0119pnie zakopana w aksamitnej wy\u015bci\u00f3\u0142ce zapobiegaj\u0105cej zarysowaniom, aby chroni\u0107 pomalowan\u0105 butelk\u0119 kosmetyczn\u0105.<\/p>\n<h2 id=\"-7-die-cutting-and-indentation-rapid-prototyping-technology-\"><strong>7. Technologia szybkiego prototypowania z wykrawaniem i wg\u0142\u0119bianiem<\/strong><\/h2>\n<p>The\u00a0<strong>cyfrowy system sztancowania<\/strong>\u00a0s\u0142u\u017cy do wykonania precyzyjnego wci\u0119cia w kszta\u0142cie litery V pod k\u0105tem 85\u00b0, uzupe\u0142nionego o znak prowadz\u0105cy linii wst\u0119pnego sk\u0142adania. Personel dystrybutora mo\u017ce uko\u0144czy\u0107 tr\u00f3jwymiarowe kszta\u0142towanie torby w ci\u0105gu 30 sekund, zmniejszaj\u0105c koszty pracy o 60%. Dostarczany jest przewodnik transformacji DIY. Po tym, jak konsumenci zachowaj\u0105 torb\u0119, mog\u0105 przekszta\u0142ci\u0107 j\u0105 w pude\u0142ko do przechowywania bi\u017cuterii z sze\u015bcioma siatkami, sk\u0142adaj\u0105c wst\u0119pnie wyci\u0119te linie, wyd\u0142u\u017caj\u0105c cykl \u017cycia opakowania.<\/p>","protected":false},"excerpt":{"rendered":"<p>Ta ciemnoniebieska papierowa torba upominkowa ma z\u0142ote logo z folii t\u0142oczonej na gor\u0105co na \u015brodku z przodu, aby wzmocni\u0107 pami\u0119\u0107 marki. Podw\u00f3jnie skr\u0119cona bawe\u0142niana lina poprawia wytrzyma\u0142o\u015b\u0107 na rozci\u0105ganie i zapewnia r\u00f3wnomierne roz\u0142o\u017cenie nacisku d\u0142oni podczas przenoszenia. Jest to specjalna, wysokiej klasy papierowa torba na kosmetyki i perfumy.<\/p>","protected":false},"featured_media":989,"template":"","meta":{"_kad_post_transparent":"default","_kad_post_title":"","_kad_post_layout":"default","_kad_post_sidebar_id":"","_kad_post_content_style":"default","_kad_post_vertical_padding":"default","_kad_post_feature":"","_kad_post_feature_position":"","_kad_post_header":false,"_kad_post_footer":false,"_kad_post_classname":""},"product_brand":[],"product_cat":[15,28,17],"product_tag":[376,374,375],"class_list":{"0":"post-988","1":"product","2":"type-product","3":"status-publish","4":"has-post-thumbnail","6":"product_cat-red-light-therapy","7":"product_cat-customize","8":"product_cat-services","9":"product_tag-luxury-cosmetics-perfume-gift-bags","10":"product_tag-paper-gift-bags-for-cosmetics","11":"product_tag-perfume-shopping-bags","13":"first","14":"instock","15":"shipping-taxable","16":"product-type-simple","17":"entry","18":"content-bg","19":"loop-entry"},"_links":{"self":[{"href":"https:\/\/red-lighttherapy.com\/pl\/wp-json\/wp\/v2\/product\/988","targetHints":{"allow":["GET"]}}],"collection":[{"href":"https:\/\/red-lighttherapy.com\/pl\/wp-json\/wp\/v2\/product"}],"about":[{"href":"https:\/\/red-lighttherapy.com\/pl\/wp-json\/wp\/v2\/types\/product"}],"wp:featuredmedia":[{"embeddable":true,"href":"https:\/\/red-lighttherapy.com\/pl\/wp-json\/wp\/v2\/media\/989"}],"wp:attachment":[{"href":"https:\/\/red-lighttherapy.com\/pl\/wp-json\/wp\/v2\/media?parent=988"}],"wp:term":[{"taxonomy":"product_brand","embeddable":true,"href":"https:\/\/red-lighttherapy.com\/pl\/wp-json\/wp\/v2\/product_brand?post=988"},{"taxonomy":"product_cat","embeddable":true,"href":"https:\/\/red-lighttherapy.com\/pl\/wp-json\/wp\/v2\/product_cat?post=988"},{"taxonomy":"product_tag","embeddable":true,"href":"https:\/\/red-lighttherapy.com\/pl\/wp-json\/wp\/v2\/product_tag?post=988"}],"curies":[{"name":"wp","href":"https:\/\/api.w.org\/{rel}","templated":true}]}}