{"id":975,"date":"2025-04-15T15:41:40","date_gmt":"2025-04-15T15:41:40","guid":{"rendered":"https:\/\/red-lighttherapy.com\/?post_type=product&#038;p=975"},"modified":"2025-04-15T15:55:15","modified_gmt":"2025-04-15T15:55:15","slug":"customized-slider-child-resistant-box-rigid-boxes-wholesale","status":"publish","type":"product","link":"https:\/\/red-lighttherapy.com\/pl\/customized-slider-child-resistant-box-rigid-boxes-wholesale\/","title":{"rendered":"Niestandardowe sztywne pude\u0142ka z suwakiem odporne na dzieci hurtowo"},"content":{"rendered":"<h3 id=\"-1-box-design-flexible-push-pull-pull-out-structure-suitable-for-multiple-scenarios-\"><strong>1. Konstrukcja skrzynki: elastyczna struktura push-pull\/pull-out, odpowiednia dla wielu scenariuszy<\/strong><\/h3>\n<p>Ten produkt przyjmuje\u00a0<strong>Podw\u00f3jna skrzynka typu push-pull lub pull-out<\/strong>bior\u0105c pod uwag\u0119 zar\u00f3wno zabaw\u0119, jak i praktyczno\u015b\u0107. Rozmiar pude\u0142ka mo\u017cna dostosowa\u0107 do potrzeb klienta, a papier powierzchniowy jest drukowany za pomoc\u0105\u00a0<strong>G\u0142adki papier o wysokim po\u0142ysku<\/strong>i dopasowane do\u00a0<strong>zag\u0119szczony proces wklejania tektury<\/strong>\u00a0aby zapewni\u0107 odporno\u015b\u0107 na \u015bciskanie, odporno\u015b\u0107 na zu\u017cycie i tekstur\u0119 wizualn\u0105. Konstrukcja push-pull spe\u0142nia standardy ochrony dzieci (patrz wymagania FDA i krajowe normy dotycz\u0105ce CRP), a jednocze\u015bnie poprawia wygod\u0119 u\u017cytkownika dzi\u0119ki p\u0142ynnemu otwieraniu i zamykaniu.<\/p>\n<h3 id=\"-2-brand-logo-technology-uv-hot-stamping-enhances-visual-impact-\"><strong>2. Technologia logo marki: T\u0142oczenie UV \/ na gor\u0105co zwi\u0119ksza efekt wizualny<\/strong><\/h3>\n<p>Tekst i wzory mog\u0105 wykorzystywa\u0107\u00a0<strong>Tr\u00f3jwymiarowe t\u0142oczenie UV, t\u0142oczenie na gor\u0105co, t\u0142oczenie na gor\u0105co<\/strong>\u00a0i inne procesy w celu podkre\u015blenia tonu marki poprzez tekstur\u0119 metalu i efekty wysokiego po\u0142ysku. Na przyk\u0142ad proces UV mo\u017ce stworzy\u0107 kontrast mi\u0119dzy matowym i jasnym \u015bwiat\u0142em, a proces t\u0142oczenia na gor\u0105co nadaje LOGO poczucie luksusu, kt\u00f3re jest odpowiednie dla potrzeb wysokiej klasy marek e-papieros\u00f3w.<\/p>\n<h3 id=\"-3-touch-optimization-soft-touch-coated-paper-improves-user-experience-\"><strong>3. Optymalizacja dotyku: mi\u0119kki w dotyku papier powlekany poprawia komfort u\u017cytkowania<\/strong><\/h3>\n<p>Wewn\u0119trzna i zewn\u0119trzna warstwa papieru s\u0105 wykonane z\u00a0<strong>Technologia pow\u0142oki mi\u0119kkiej w dotyku<\/strong>kt\u00f3ry jest delikatny jak jedwab i pasuje do pami\u0119ci dotykowej opuszk\u00f3w palc\u00f3w konsument\u00f3w. Konstrukcja ta nie tylko zwi\u0119ksza poczucie ceremonii rozpakowywania, ale tak\u017ce wzmacnia rozpoznawalno\u015b\u0107 marki poprzez zr\u00f3\u017cnicowane dotykowe informacje zwrotne, szczeg\u00f3lnie odpowiednie dla produkt\u00f3w e-papieros\u00f3w, kt\u00f3re koncentruj\u0105 si\u0119 na do\u015bwiadczeniu u\u017cytkownika.<\/p>\n<h3 id=\"-4-fusion-of-natural-elements-sea-water-droplet-theme-design-\"><strong>4. Po\u0142\u0105czenie naturalnych element\u00f3w: motyw kropli wody morskiej<\/strong><\/h3>\n<p>Powierzchnia pude\u0142ka zawiera\u00a0<strong>dynamiczne krople wody oraz przeplataj\u0105ce si\u0119 \u015bwiat\u0142o i cie\u0144<\/strong>\u00a0i symuluje przep\u0142yw kropelek wody za pomoc\u0105 druku gradientowego, cz\u0119\u015bciowego UV lub technologii laserowej, przekazuj\u0105c koncepcj\u0119 ochrony \u015brodowiska i czysto\u015bci marki. Projekt ten mo\u017cna dostosowa\u0107 do temat\u00f3w takich jak ochrona \u015brodowiska morskiego i zdrowy tryb \u017cycia, co jest zgodne z trendem transformacji bran\u017cy e-papieros\u00f3w w kierunku przyjaznym naturze.<\/p>\n<h3 id=\"-5-holiday-theme-customization-seasonal-elements-enhance-marketing-value-\"><strong>5. Dostosowanie motywu \u015bwi\u0105tecznego: elementy sezonowe zwi\u0119kszaj\u0105 warto\u015b\u0107 marketingow\u0105<\/strong><\/h3>\n<p>Wsparcie\u00a0<strong>\u015awi\u0105teczne p\u0142atki \u015bniegu, wiosenne lampiony festiwalowe, walentynkowe serduszka<\/strong>\u00a0i inne \u015bwi\u0105teczne motywy, a tak\u017ce szybk\u0105 wymian\u0119 dzi\u0119ki wymiennym wk\u0142adkom, laserowemu t\u0142oczeniu na gor\u0105co lub cz\u0119\u015bciowemu drukowaniu w kolorze. Na przyk\u0142ad, model \u015bwi\u0105teczny mo\u017ce by\u0107 dopasowany do tr\u00f3jwymiarowego t\u0142oczenia p\u0142atka \u015bniegu i gradientowego czerwonego t\u0142a, podczas gdy model Spring Festival zawiera t\u0142oczone na gor\u0105co latarnie i pomy\u015blne wzory chmur, aby poprawi\u0107 atrybuty \u015bwi\u0105tecznych prezent\u00f3w.<\/p>\n<h3 id=\"-6-r-d-strength-innovative-ability-to-keep-up-with-industry-trends-\"><strong>6. Si\u0142a badawczo-rozwojowa: innowacyjna zdolno\u015b\u0107 do nad\u0105\u017cania za trendami w bran\u017cy<\/strong><\/h3>\n<p>W sk\u0142ad zespo\u0142u wchodz\u0105\u00a0<strong>eksperci w projektowaniu opakowa\u0144 z ponad 16-letnim do\u015bwiadczeniem<\/strong>kt\u00f3rzy dog\u0142\u0119bnie studiuj\u0105 trendy w bran\u017cy e-papieros\u00f3w, takie jak konstrukcja zabezpieczaj\u0105ca przed otwarciem przez dzieci i zastosowanie materia\u0142\u00f3w przyjaznych dla \u015brodowiska. Szybka iteracja jest osi\u0105gana dzi\u0119ki modu\u0142owej konstrukcji, takiej jak modernizacja tradycyjnej g\u00f3rnej i dolnej pokrywy do ukrytej klamry magnetycznej, bior\u0105c pod uwag\u0119 zar\u00f3wno bezpiecze\u0144stwo, jak i sens technologiczny.<\/p>\n<h3 id=\"-7-industry-cooperation-mature-supply-chain-and-reputation-guarantee-\"><strong>7. Wsp\u00f3\u0142praca bran\u017cowa: dojrza\u0142y \u0142a\u0144cuch dostaw i gwarancja reputacji<\/strong><\/h3>\n<p>Klienci sp\u00f3\u0142dzielni obejmuj\u0105\u00a0<strong>RELX, MOTI, VAZO<\/strong>\u00a0i innych wiod\u0105cych marek, zapewniaj\u0105c kompleksow\u0105 obs\u0142ug\u0119 od proofingu po masow\u0105 produkcj\u0119.\u00a0<strong>Papier przyjazny dla \u015brodowiska z certyfikatem FSC<\/strong>\u00a0i RoHS s\u0105 stosowane w celu zapewnienia zgodno\u015bci z krajowymi i zagranicznymi wymogami kontroli jako\u015bci. Obs\u0142ugiwane jest dostosowywanie ma\u0142ych partii (minimum 500 sztuk), a cykl dostawy jest skr\u00f3cony do 12-15 dni.<\/p>","protected":false},"excerpt":{"rendered":"<p>Mo\u017cemy zapewni\u0107<br \/>\n- Pude\u0142ko upominkowe na nowy produkt marki e-papieros\u00f3w<br \/>\n- Pakiet limitowany w ramach wakacyjnej promocji<br \/>\n- Indywidualne rozwi\u0105zania opakowaniowe dla transgranicznego handlu elektronicznego itp.<\/p>","protected":false},"featured_media":981,"template":"","meta":{"_kad_post_transparent":"default","_kad_post_title":"","_kad_post_layout":"default","_kad_post_sidebar_id":"","_kad_post_content_style":"default","_kad_post_vertical_padding":"default","_kad_post_feature":"","_kad_post_feature_position":"","_kad_post_header":false,"_kad_post_footer":false,"_kad_post_classname":""},"product_brand":[],"product_cat":[15,40,17],"product_tag":[295,366,367],"class_list":{"0":"post-975","1":"product","2":"type-product","3":"status-publish","4":"has-post-thumbnail","6":"product_cat-red-light-therapy","7":"product_cat-red-light-therapy-panel","8":"product_cat-services","9":"product_tag-child-resistant-box","10":"product_tag-customized-slider-box","11":"product_tag-rigid-boxes-wholesale","13":"first","14":"instock","15":"shipping-taxable","16":"product-type-simple","17":"entry","18":"content-bg","19":"loop-entry"},"_links":{"self":[{"href":"https:\/\/red-lighttherapy.com\/pl\/wp-json\/wp\/v2\/product\/975","targetHints":{"allow":["GET"]}}],"collection":[{"href":"https:\/\/red-lighttherapy.com\/pl\/wp-json\/wp\/v2\/product"}],"about":[{"href":"https:\/\/red-lighttherapy.com\/pl\/wp-json\/wp\/v2\/types\/product"}],"wp:featuredmedia":[{"embeddable":true,"href":"https:\/\/red-lighttherapy.com\/pl\/wp-json\/wp\/v2\/media\/981"}],"wp:attachment":[{"href":"https:\/\/red-lighttherapy.com\/pl\/wp-json\/wp\/v2\/media?parent=975"}],"wp:term":[{"taxonomy":"product_brand","embeddable":true,"href":"https:\/\/red-lighttherapy.com\/pl\/wp-json\/wp\/v2\/product_brand?post=975"},{"taxonomy":"product_cat","embeddable":true,"href":"https:\/\/red-lighttherapy.com\/pl\/wp-json\/wp\/v2\/product_cat?post=975"},{"taxonomy":"product_tag","embeddable":true,"href":"https:\/\/red-lighttherapy.com\/pl\/wp-json\/wp\/v2\/product_tag?post=975"}],"curies":[{"name":"wp","href":"https:\/\/api.w.org\/{rel}","templated":true}]}}