{"id":964,"date":"2025-04-15T13:02:38","date_gmt":"2025-04-15T13:02:38","guid":{"rendered":"https:\/\/red-lighttherapy.com\/?post_type=product&#038;p=964"},"modified":"2025-04-15T16:32:49","modified_gmt":"2025-04-15T16:32:49","slug":"exporter-unique-marble-paper-shopping-gift-bag-for-hair-wigs","status":"publish","type":"product","link":"https:\/\/red-lighttherapy.com\/pl\/exporter-unique-marble-paper-shopping-gift-bag-for-hair-wigs\/","title":{"rendered":"Eksporter Unikalna marmurowa papierowa torba na zakupy na peruki do w\u0142os\u00f3w"},"content":{"rendered":"<h2 id=\"-product-description-of-exporter-s-unique-marble-wig-special-eco-friendly-gift-bag-\"><strong>Opis produktu Unikalna marmurowa peruka eksportera Specjalna ekologiczna torba na prezenty<\/strong><\/h2>\n<h2 id=\"-i-core-environmental-protection-concept-fsc-certification-and-degradable-characteristics-\"><strong>1. Podstawowa koncepcja ochrony \u015brodowiska: Certyfikacja FSC i w\u0142a\u015bciwo\u015bci degradowalne<\/strong><\/h2>\n<p>Ten produkt jest wykonany z przyjaznej dla \u015brodowiska masy celulozowej z certyfikatem FSC, a surowce s\u0105 pozyskiwane z las\u00f3w zarz\u0105dzanych w spos\u00f3b ci\u0105g\u0142y, aby zapewni\u0107, \u017ce \u015blad ekologiczny jest ni\u017cszy ni\u017c u \u017ar\u00f3d\u0142a. Masa celulozowa jest wytwarzana w czystym procesie produkcyjnym i \u0142\u0105czona z biodegradowalnymi dodatkami. Mo\u017ce ona ulec ca\u0142kowitemu rozk\u0142adowi na nieszkodliwe substancje w ci\u0105gu 6-12 miesi\u0119cy w \u015brodowisku naturalnym, unikaj\u0105c problemu zanieczyszczenia tradycyjnymi tworzywami sztucznymi. Korpus torby jest zadrukowany\u00a0<strong>Atrament ro\u015blinny na bazie wody<\/strong>kt\u00f3ry jest nietoksyczny i nieszkodliwy, spe\u0142nia unijne normy ochrony \u015brodowiska REACH i jest odpowiedni dla potrzeb ekologicznych opakowa\u0144 wysokiej klasy produkt\u00f3w perukarskich.<\/p>\n<h2 id=\"-ii-innovative-process-die-cutting-creasing-and-flattening-design-\"><strong>2. Innowacyjny proces: sztancowanie, bigowanie i sp\u0142aszczanie.<\/strong><\/h2>\n<ul>\n<li><strong>Proces bigowania z wykrawaniem<\/strong>: Kraw\u0119d\u017a torby jest p\u0142ynnie ci\u0119ta za pomoc\u0105 precyzyjnej stalowej formy no\u017cowej, w po\u0142\u0105czeniu z konstrukcj\u0105 linii wst\u0119pnego przycinania, aby zapewni\u0107 p\u0142ynne otwieranie i zamykanie papierowej torby oraz stabiln\u0105 struktur\u0119. Specjalna konstrukcja worka z kwadratowym dnem zwi\u0119ksza no\u015bno\u015b\u0107 (mo\u017ce przenosi\u0107 produkty o wadze 5 kg), a grubo\u015b\u0107 po z\u0142o\u017ceniu wynosi tylko 2 cm, co znacznie zmniejsza obj\u0119to\u015b\u0107 transportow\u0105 i oszcz\u0119dza\u00a0<strong>wi\u0119cej ni\u017c 40% koszt\u00f3w wysy\u0142ki<\/strong>.<\/li>\n<li><strong>Zautomatyzowana linia produkcyjna<\/strong>: Przyjmuje w pe\u0142ni automatyczn\u0105 maszyn\u0119 do sztancowania i bigowania, z inteligentnym systemem korekcji, i ma godzinow\u0105 zdolno\u015b\u0107 produkcyjn\u0105 wynosz\u0105c\u0105\u00a0<strong>1,000,000<\/strong>wspieraj\u0105c szybkie prze\u0142\u0105czanie wielu specyfikacji, aby sprosta\u0107 potrzebom du\u017cych zam\u00f3wie\u0144 eksportowych.<\/li>\n<\/ul>\n<h2 id=\"-third-vision-and-touch-luxurious-marble-pattern-and-ergonomic-handle-\"><strong>3. Wzrok i dotyk: luksusowy marmurowy wz\u00f3r i ergonomiczny uchwyt<\/strong><\/h2>\n<ul>\n<li><strong>Wz\u00f3r bia\u0142ego marmuru na bazie szaro\u015bci<\/strong>: Z matow\u0105 szaro\u015bci\u0105 jako baz\u0105, jest dopasowana do p\u0142ynnych bia\u0142ych tekstur. Przez\u00a0<strong>technologia druku p\u0142ytowego<\/strong>Osi\u0105gni\u0119to bardzo precyzyjny efekt gradientu, a kontrast kolor\u00f3w osi\u0105ga 98%, nadaj\u0105c papierowej torbie luksusow\u0105 tekstur\u0119 naturalnego kamienia. Powierzchnia jest pokryta przyjazn\u0105 dla \u015brodowiska foli\u0105 matow\u0105, kt\u00f3ra jest odporna na zarysowania w dotyku, odporna na zu\u017cycie i delikatna oraz nadaje si\u0119 do wysokiej klasy produkt\u00f3w perukarskich. Ergonomiczna lina uchwytu: Uchwyt wykonany jest z w\u0142\u00f3kna o \u015brednicy 8 mm i wytrzyma\u0142o\u015bci na rozci\u0105ganie 200 kg, kt\u00f3re jest zar\u00f3wno mi\u0119kkie, jak i trwa\u0142e. Wewn\u0119trzna strona uchwytu ma falist\u0105, antypo\u015blizgow\u0105 tekstur\u0119, kt\u00f3ra pasuje do krzywizny d\u0142oni i nie pozostawia blizn podczas trzymania go przez d\u0142ugi czas.<\/li>\n<\/ul>\n<h2 id=\"-fourth-efficient-production-and-quality-assurance-\"><strong>4. Wydajna produkcja i zapewnienie jako\u015bci<\/strong><\/h2>\n<ul>\n<li><strong>Technologia druku impozycyjnego<\/strong>: Optymalizacja wykorzystania uk\u0142adu dzi\u0119ki inteligentnemu oprogramowaniu do sk\u0142adu, zmniejszenie marnotrawstwa papieru i zwi\u0119kszenie wydajno\u015bci drukowania na jednym arkuszu do 99,5%. Obs\u0142uguje \u0142\u0105czne drukowanie wielu partii zam\u00f3wie\u0144, skracaj\u0105c cykl dostawy do 72 godzin.<\/li>\n<li><strong>System kontroli jako\u015bci<\/strong>: W pe\u0142ni zautomatyzowana kontrola jako\u015bci, w tym monitorowanie napr\u0119\u017ce\u0144, kalibracja r\u00f3\u017cnic kolor\u00f3w, testowanie no\u015bno\u015bci itp. w celu zapewnienia, \u017ce ka\u017cda partia produkt\u00f3w spe\u0142nia normy systemu zarz\u0105dzania jako\u015bci\u0105 ISO 9001.<\/li>\n<\/ul>\n<h2 id=\"-application-scenarios-and-market-advantages-\"><strong>Scenariusze zastosowa\u0144 i korzy\u015bci rynkowe<\/strong><\/h2>\n<ul>\n<li><strong>Mo\u017cliwo\u015b\u0107 dostosowania do bran\u017cy perukarskiej<\/strong>: Rozmiar torby mo\u017cna dostosowa\u0107, a podszewka mo\u017ce by\u0107 wyposa\u017cona w odporn\u0105 na wilgo\u0107 bawe\u0142nian\u0105 warstw\u0119, kt\u00f3ra chroni kszta\u0142t i po\u0142ysk peruki.<\/li>\n<li><strong>Marka premium<\/strong>: Podw\u00f3jne b\u0142ogos\u0142awie\u0144stwo atrybut\u00f3w ochrony \u015brodowiska i luksusowego wygl\u0105du pomaga marce przekaza\u0107 koncepcj\u0119 zr\u00f3wnowa\u017conego rozwoju poprzez opakowanie i zwi\u0119kszy\u0107 lojalno\u015b\u0107 konsument\u00f3w ko\u0144cowych.<\/li>\n<\/ul>","protected":false},"excerpt":{"rendered":"<p>Korpus torby wykorzystuje technologi\u0119 sztancowania i bigowania, kt\u00f3ra jest \u0142atwa do otwierania i zamykania, i mo\u017ce by\u0107 wysy\u0142ana na p\u0142asko, aby obni\u017cy\u0107 koszty wysy\u0142ki. Wykonana jest z przyjaznej dla \u015brodowiska masy celulozowej z certyfikatem FSC, kt\u00f3ra jest biodegradowalna i przyjazna dla \u015brodowiska. Marmurkowy wz\u00f3r z szarym t\u0142em i bia\u0142ymi liniami dodaje torbie papierowej poczucia luksusu.<\/p>","protected":false},"featured_media":970,"template":"","meta":{"_kad_post_transparent":"default","_kad_post_title":"","_kad_post_layout":"default","_kad_post_sidebar_id":"","_kad_post_content_style":"default","_kad_post_vertical_padding":"default","_kad_post_feature":"","_kad_post_feature_position":"","_kad_post_header":false,"_kad_post_footer":false,"_kad_post_classname":""},"product_brand":[],"product_cat":[15,17],"product_tag":[373,371,372],"class_list":{"0":"post-964","1":"product","2":"type-product","3":"status-publish","4":"has-post-thumbnail","6":"product_cat-red-light-therapy","7":"product_cat-services","8":"product_tag-exporter-hair-wigs-bag","9":"product_tag-paper-shopping-bag-for-hair","10":"product_tag-unique-marble-paper-wigs-gift-bag","12":"first","13":"instock","14":"shipping-taxable","15":"product-type-simple","16":"entry","17":"content-bg","18":"loop-entry"},"_links":{"self":[{"href":"https:\/\/red-lighttherapy.com\/pl\/wp-json\/wp\/v2\/product\/964","targetHints":{"allow":["GET"]}}],"collection":[{"href":"https:\/\/red-lighttherapy.com\/pl\/wp-json\/wp\/v2\/product"}],"about":[{"href":"https:\/\/red-lighttherapy.com\/pl\/wp-json\/wp\/v2\/types\/product"}],"wp:featuredmedia":[{"embeddable":true,"href":"https:\/\/red-lighttherapy.com\/pl\/wp-json\/wp\/v2\/media\/970"}],"wp:attachment":[{"href":"https:\/\/red-lighttherapy.com\/pl\/wp-json\/wp\/v2\/media?parent=964"}],"wp:term":[{"taxonomy":"product_brand","embeddable":true,"href":"https:\/\/red-lighttherapy.com\/pl\/wp-json\/wp\/v2\/product_brand?post=964"},{"taxonomy":"product_cat","embeddable":true,"href":"https:\/\/red-lighttherapy.com\/pl\/wp-json\/wp\/v2\/product_cat?post=964"},{"taxonomy":"product_tag","embeddable":true,"href":"https:\/\/red-lighttherapy.com\/pl\/wp-json\/wp\/v2\/product_tag?post=964"}],"curies":[{"name":"wp","href":"https:\/\/api.w.org\/{rel}","templated":true}]}}