{"id":958,"date":"2025-04-15T12:25:07","date_gmt":"2025-04-15T12:25:07","guid":{"rendered":"https:\/\/red-lighttherapy.com\/?post_type=product&#038;p=958"},"modified":"2025-04-15T13:02:29","modified_gmt":"2025-04-15T13:02:29","slug":"distributor-eco-friendly-paper-shopping-bags-with-candle","status":"publish","type":"product","link":"https:\/\/red-lighttherapy.com\/pl\/distributor-eco-friendly-paper-shopping-bags-with-candle\/","title":{"rendered":"Dystrybutor Ekologiczne papierowe torby na zakupy ze \u015bwieczk\u0105"},"content":{"rendered":"<h2 id=\"-product-description-of-environmentally-friendly-candle-paper-shopping-bag-\"><strong>Opis produktu przyjaznej dla \u015brodowiska papierowej torby na zakupy na \u015bwiece<\/strong><\/h2>\n<h2 id=\"1-color-and-texture-\">1.\u00a0<strong>Kolor i tekstura<\/strong><\/h2>\n<ul>\n<li><strong>G\u0142\u00f3wny odcie\u0144 czerni i z\u0142ota<\/strong>: Wykorzystanie matowej czarnej podstawy, z t\u0142oczonymi na gor\u0105co liniami i geometrycznymi teksturami, symuluj\u0105cymi tr\u00f3jwymiarowy efekt \u015bwiat\u0142a i cienia luksusowego kunsztu diamentowego wzoru, nadaj\u0105c papierowej torbie poczucie tajemniczo\u015bci i luksusu.<\/li>\n<li><strong>Lekki, luksusowy wygl\u0105d<\/strong>: Z\u0142ote linie s\u0105 prezentowane dzi\u0119ki precyzyjnej technologii druku, kontrastuj\u0105c z czarn\u0105 podstaw\u0105. Nawet niedrogie torby papierowe mog\u0105 zapewni\u0107 lekki luksus, odpowiedni na prezenty \u015bwi\u0105teczne i wysokiej klasy \u015bwiece.<\/li>\n<\/ul>\n<h2 id=\"2-environmentally-friendly-materials-and-certification-\">2.\u00a0<strong>Materia\u0142y i certyfikaty przyjazne dla \u015brodowiska<\/strong><\/h2>\n<ul>\n<li><strong>Papier z certyfikatem FSC<\/strong>: Wybierz trudnopalny papier siarczanowy certyfikowany przez lasy FSC, a surowce pochodz\u0105 z las\u00f3w zarz\u0105dzanych w spos\u00f3b zr\u00f3wnowa\u017cony, aby zapewni\u0107, \u017ce proces produkcji spe\u0142nia normy ochrony \u015brodowiska i odpowiedzialno\u015bci spo\u0142ecznej.<\/li>\n<li><strong>Gwarancja systemu zarz\u0105dzania ISO<\/strong>: Fabryka przesz\u0142a certyfikacj\u0119 ISO 9001 (zarz\u0105dzanie jako\u015bci\u0105) i ISO 14001 (zarz\u0105dzanie \u015brodowiskowe), a ca\u0142y \u0142a\u0144cuch od zakupu surowc\u00f3w do produkcji jest identyfikowalny, aby zapewni\u0107 bezpiecze\u0144stwo produktu i ochron\u0119 \u015brodowiska.<\/li>\n<\/ul>\n<h2 id=\"3-ergonomic-handle-design-\">3.\u00a0<strong>Ergonomiczna konstrukcja uchwytu<\/strong><\/h2>\n<ul>\n<li><strong>Wygodny uchwyt<\/strong>: Szeroko\u015b\u0107 uchwytu zosta\u0142a zoptymalizowana do 2,5 cm, a wewn\u0119trzna, pogrubiona warstwa z w\u0142\u00f3kna kompozytowego dopasowuje si\u0119 do krzywizny d\u0142oni. Nie ma uczucia szczypania, gdy obci\u0105\u017cenie osi\u0105ga 5 kg.<\/li>\n<li><strong>Wzmocniona struktura<\/strong>: Po\u0142\u0105czenie mi\u0119dzy uchwytem a korpusem torby jest wykonane w procesie laminowania dwuwarstwowego, kt\u00f3ry przeszed\u0142 2000 test\u00f3w obci\u0105\u017ceniowych, aby zapewni\u0107, \u017ce nie b\u0119dzie \u0142atwo go z\u0142ama\u0107 podczas transportu.<\/li>\n<\/ul>\n<h2 id=\"4-three-dimensional-decoration-and-practical-functions-\">4.\u00a0<strong>Tr\u00f3jwymiarowa dekoracja i praktyczne funkcje<\/strong><\/h2>\n<ul>\n<li><strong>Akcesoria do wst\u0105\u017cek<\/strong>: Dwukolorowa wst\u0105\u017cka w kolorze matowej czerni\/szampa\u0144skiego z\u0142ota mo\u017ce by\u0107 owini\u0119ta wok\u00f3\u0142 r\u0105czki lub zawieszona na wylocie torby, aby podkre\u015bli\u0107 tr\u00f3jwymiarowo\u015b\u0107 i \u015bwi\u0105teczn\u0105 atmosfer\u0119, odpowiedni\u0105 na wesela, Halloween i inne okazje.<\/li>\n<li><strong>Sk\u0142adana, p\u0142aska konstrukcja<\/strong>: Grubo\u015b\u0107 papierowej torby wynosi tylko 1,5 cm po z\u0142o\u017ceniu, a obj\u0119to\u015b\u0107 za\u0142adunkowa 1000 sztuk \/ pude\u0142ko zmniejsza 40% przestrzeni w por\u00f3wnaniu z tradycyjnym opakowaniem, zmniejszaj\u0105c koszty transportu.<\/li>\n<\/ul>\n<h2 id=\"5-application-scenarios-and-advantages-\">5\u00a0<strong>Scenariusze zastosowa\u0144 i zalety<\/strong><\/h2>\n<ul>\n<li><strong>Obowi\u0105zuj\u0105ce scenariusze<\/strong>: \u015awi\u0105teczne pude\u0142ka na \u015bwiece, wysokiej klasy opakowania detaliczne, pami\u0105tki \u015blubne, markowe ekspozytory sklepowe.<\/li>\n<li><strong>Podstawowe zalety<\/strong>:<\/li>\n<li><strong>Premia \u015brodowiskowa<\/strong>: Certyfikacja FSC i zatwierdzenie systemu ISO, zgodnie z trendami konsumpcji ESG (\u015brodowisko, spo\u0142ecze\u0144stwo, \u0142ad korporacyjny), wzmacniaj\u0105 ekologiczny wizerunek marki.<\/li>\n<li><strong>Optymalizacja koszt\u00f3w<\/strong>: P\u0142askie opakowanie redukuje koszty logistyczne, ta\u015bma i procesy drukowania wspieraj\u0105 personalizacj\u0119 i spe\u0142niaj\u0105 potrzeby ma\u0142ych zam\u00f3wie\u0144 seryjnych.<\/li>\n<\/ul>\n<h2 id=\"-fourth-technical-parameters-and-ordering-information-\"><strong>Po czwarte, parametry techniczne i informacje dotycz\u0105ce zamawiania<\/strong><\/h2>\n<table>\n<thead>\n<tr>\n<th>Projekt<\/th>\n<th>Szczeg\u00f3\u0142y parametr\u00f3w<\/th>\n<\/tr>\n<\/thead>\n<tbody>\n<tr>\n<td>Rozmiar<\/td>\n<td>Personalizacja<\/td>\n<\/tr>\n<tr>\n<td>No\u015bno\u015b\u0107<\/td>\n<td>\u22645kg<\/td>\n<\/tr>\n<tr>\n<td>Minimalna ilo\u015b\u0107 zam\u00f3wienia<\/td>\n<td>500 (obs\u0142uguje mieszane kolory i style)<\/td>\n<\/tr>\n<tr>\n<td>Cykl dostawy<\/td>\n<td>7-15 dni (dostosowane do wymaga\u0144 klienta)<\/td>\n<\/tr>\n<\/tbody>\n<\/table>","protected":false},"excerpt":{"rendered":"<p>Produkt ten opiera si\u0119 na podstawowej koncepcji \"\u0142\u0105czenia estetyki \u015brodowiskowej z pragmatyzmem\" i jest przeznaczony dla wysokiej klasy marek \u015bwiec, prezent\u00f3w \u015bwi\u0105tecznych i lekkich luksusowych scenariuszy detalicznych. Dzi\u0119ki czarno-z\u0142otemu dopasowaniu kolor\u00f3w i przyjaznemu dla \u015brodowiska rzemios\u0142u, tworzy rozwi\u0105zanie opakowaniowe, kt\u00f3re \u0142\u0105czy w sobie wizualn\u0105 premi\u0119 i funkcjonalno\u015b\u0107.<\/p>","protected":false},"featured_media":959,"template":"","meta":{"_kad_post_transparent":"default","_kad_post_title":"","_kad_post_layout":"default","_kad_post_sidebar_id":"","_kad_post_content_style":"default","_kad_post_vertical_padding":"default","_kad_post_feature":"","_kad_post_feature_position":"","_kad_post_header":false,"_kad_post_footer":false,"_kad_post_classname":""},"product_brand":[],"product_cat":[15,17],"product_tag":[365,364,363],"class_list":{"0":"post-958","1":"product","2":"type-product","3":"status-publish","4":"has-post-thumbnail","6":"product_cat-red-light-therapy","7":"product_cat-services","8":"product_tag-custom-candle-paper-bags-wholesale","9":"product_tag-eco-friendly-shopping-bags","10":"product_tag-paper-shopping-bags-with-candle","12":"first","13":"instock","14":"shipping-taxable","15":"product-type-simple","16":"entry","17":"content-bg","18":"loop-entry"},"_links":{"self":[{"href":"https:\/\/red-lighttherapy.com\/pl\/wp-json\/wp\/v2\/product\/958","targetHints":{"allow":["GET"]}}],"collection":[{"href":"https:\/\/red-lighttherapy.com\/pl\/wp-json\/wp\/v2\/product"}],"about":[{"href":"https:\/\/red-lighttherapy.com\/pl\/wp-json\/wp\/v2\/types\/product"}],"wp:featuredmedia":[{"embeddable":true,"href":"https:\/\/red-lighttherapy.com\/pl\/wp-json\/wp\/v2\/media\/959"}],"wp:attachment":[{"href":"https:\/\/red-lighttherapy.com\/pl\/wp-json\/wp\/v2\/media?parent=958"}],"wp:term":[{"taxonomy":"product_brand","embeddable":true,"href":"https:\/\/red-lighttherapy.com\/pl\/wp-json\/wp\/v2\/product_brand?post=958"},{"taxonomy":"product_cat","embeddable":true,"href":"https:\/\/red-lighttherapy.com\/pl\/wp-json\/wp\/v2\/product_cat?post=958"},{"taxonomy":"product_tag","embeddable":true,"href":"https:\/\/red-lighttherapy.com\/pl\/wp-json\/wp\/v2\/product_tag?post=958"}],"curies":[{"name":"wp","href":"https:\/\/api.w.org\/{rel}","templated":true}]}}