{"id":952,"date":"2025-04-15T11:34:00","date_gmt":"2025-04-15T11:34:00","guid":{"rendered":"https:\/\/red-lighttherapy.com\/?post_type=product&#038;p=952"},"modified":"2025-04-15T12:24:59","modified_gmt":"2025-04-15T12:24:59","slug":"dealers-custom-luxury-paper-shopping-gift-bags-for-clothing","status":"publish","type":"product","link":"https:\/\/red-lighttherapy.com\/pl\/dealers-custom-luxury-paper-shopping-gift-bags-for-clothing\/","title":{"rendered":"Dealerzy Niestandardowe luksusowe papierowe torby na zakupy na odzie\u017c"},"content":{"rendered":"<h2>Dealerzy Niestandardowe luksusowe papierowe torby na zakupy na odzie\u017c<\/h2>\n<h2 id=\"1-color-and-visual-presentation-\">1.\u00a0<strong>Kolor i prezentacja wizualna<\/strong><\/h2>\n<ul>\n<li>G\u0142\u00f3wnym kolorem jest\u00a0<strong>Karta kolor\u00f3w Pantone dostosowana do mi\u0119kkiego r\u00f3\u017cu<\/strong>\u00a0(obs\u0142uguje kalibracj\u0119 kolor\u00f3w dodatkowych CMYK\/Pantone) i\u00a0<strong>Czterokolorowy druk offsetowy<\/strong>\u00a0Osi\u0105ga jednolite przej\u015bcie kolor\u00f3w, prezentuj\u0105c \u015bwie\u017cy i elegancki efekt wizualny.<\/li>\n<li>Powierzchnia mo\u017ce by\u0107\u00a0<strong>Pow\u0142oka matowa\/b\u0142yszcz\u0105ca<\/strong>\u00a0w celu zwi\u0119kszenia odporno\u015bci papieru na zu\u017cycie przy jednoczesnym zachowaniu delikatnego dotyku.<\/li>\n<\/ul>\n<h2 id=\"2-light-luxury-craft-details-\">2.\u00a0<strong>Lekkie, luksusowe detale rzemie\u015blnicze<\/strong><\/h2>\n<ul>\n<li><strong>Precyzyjne t\u0142oczenie na gor\u0105co z\u0142otych linii na kraw\u0119dzi<\/strong>: U\u017cywaj\u0105c importowanej folii do t\u0142oczenia na gor\u0105co z Niemiec, b\u0142\u0105d linii jest kontrolowany w granicach 0,5 mm, aby poprawi\u0107 mikro-luksusow\u0105 tekstur\u0119.<\/li>\n<li><strong>Tr\u00f3jwymiarowa kokarda ze wst\u0105\u017cki<\/strong>: Tr\u00f3jwymiarowy zarys \u0142uku jest kszta\u0142towany przez\u00a0<strong>Proces wyt\u0142aczania 3D<\/strong>W celu zwi\u0119kszenia kontrastu po\u0142ysku mo\u017cna wybra\u0107 matow\u0105 pow\u0142ok\u0119 lub lokalny proces UV, kt\u00f3ry jest bardziej zaawansowany w po\u0142\u0105czeniu z r\u0119cznie wykonanymi sznurowad\u0142ami.<\/li>\n<\/ul>\n<h2 id=\"3-humanized-functional-design-\">3.\u00a0<strong>Humanizowana konstrukcja funkcjonalna<\/strong><\/h2>\n<ul>\n<li><strong>Antypo\u015blizgowy uchwyt w kszta\u0142cie fali<\/strong>: Lina jest wykonana z\u00a0<strong>gruby nylonowy rdze\u0144 + antypo\u015blizgowa warstwa pleciona z bawe\u0142nianej prz\u0119dzy<\/strong>a obszar chwytania jest wst\u0119pnie ustawiony z falistym rowkiem, aby rozproszy\u0107 nacisk podnoszenia, a no\u015bno\u015b\u0107 mo\u017ce osi\u0105gn\u0105\u0107 8 kg.<\/li>\n<li><strong>Dolna struktura wzmacniaj\u0105ca<\/strong>: Pi\u0119\u0107 warstw tektury kompozytowej (grubo\u015b\u0107 0,4-0,6 mm) z\u00a0<strong>dwuwarstwowa linia klej\u0105ca<\/strong>\u00a0aby zapewni\u0107 stabilno\u015b\u0107 ci\u0119\u017ckich przedmiot\u00f3w.<\/li>\n<\/ul>\n<h2 id=\"4-multiple-printing-processes-\">4.\u00a0<strong>Wiele proces\u00f3w drukowania<\/strong><\/h2>\n<ul>\n<li><strong>T\u0142oczenie UV<\/strong>: Lokalne wypuk\u0142e obrazy i teksty s\u0105 dotykowe i nadaj\u0105 si\u0119 do wzmocnienia LOGO marki.<\/li>\n<li><strong>Proces mikroperforacji<\/strong>: Tworzy oddychaj\u0105cy efekt pustej przestrzeni, odpowiedni do pakowania lekkiej, luksusowej odzie\u017cy na lato.<\/li>\n<li><strong>Technologia t\u0142oczenia na zimno<\/strong>: Metalowe wzory tekstur mo\u017cna uzyska\u0107 bez wysokiej temperatury, s\u0105 przyjazne dla \u015brodowiska i kompatybilne ze specjalnym papierem.<\/li>\n<\/ul>\n<h2 id=\"5-suitable-for-multi-scene-design-\">5.\u00a0<strong>Nadaje si\u0119 do projektowania wielu scen<\/strong><\/h2>\n<ul>\n<li><strong>Pami\u0105tki biznesowe<\/strong>: Mo\u017ce drukowa\u0107 slogany firmowe i numery t\u0142oczone na gor\u0105co, wy\u0142o\u017cone jedwabiem lub flanel\u0105, aby wzmocni\u0107 poczucie ceremonii.<\/li>\n<li><strong>Seria \u015blubna<\/strong>: Integruje wyt\u0142aczanie koronki, per\u0142ow\u0105 b\u0142yszcz\u0105c\u0105 pow\u0142ok\u0119 i inne elementy, obs\u0142uguje t\u0142oczenie na gor\u0105co imion nowo\u017ce\u0144c\u00f3w.<\/li>\n<\/ul>\n<h2 id=\"6-material-and-production-standards-\">6.\u00a0<strong>Standardy materia\u0142owe i produkcyjne<\/strong><\/h2>\n<ul>\n<li><strong>Wyb\u00f3r materia\u0142u bazowego<\/strong>Zalecany jest bia\u0142y karton o gramaturze 250-300 g (grubo\u015b\u0107 0,31-0,4 mm), zapewniaj\u0105cy wysok\u0105 reprodukcj\u0119 kolor\u00f3w; lub przyjazny dla \u015brodowiska bia\u0142y papier pakowy (120-200 g), odpowiedni dla marek w stylu naturalnym.<\/li>\n<li><strong>Standardy kontroli jako\u015bci<\/strong>b\u0142\u0105d \u22641 mm, r\u00f3\u017cnica kolor\u00f3w druku \u0394E\u22643,0, przeszed\u0142 certyfikacj\u0119 systemu zarz\u0105dzania kolorami ISO 12647-2.<\/li>\n<li><strong>Cykl produkcyjny<\/strong>7-14 dni (w tym 3 potwierdzenia projektu), obs\u0142uga przyspieszonej personalizacji.<\/li>\n<\/ul>","protected":false},"excerpt":{"rendered":"<p>Ta wysokiej klasy papierowa torba na zakupy jest przeznaczona dla lekkich luksusowych marek, wysokiej klasy handlu detalicznego i pami\u0105tek biznesowych. Wykorzystuje\u00a0<strong>delikatny r\u00f3\u017c kwiatu wi\u015bni<\/strong>\u00a0jako kolor g\u0142\u00f3wny, w po\u0142\u0105czeniu z\u00a0<strong>linie do t\u0142oczenia z\u0142ota<\/strong>\u00a0oraz\u00a0<strong>tr\u00f3jwymiarowa kokarda ze wst\u0105\u017cki<\/strong>\u00a0rzemios\u0142a, aby stworzy\u0107 rozwi\u0105zanie opakowaniowe, kt\u00f3re jest zar\u00f3wno artystyczne, jak i praktyczne. Obs\u0142uguje w pe\u0142ni spersonalizowane us\u0142ugi i nadaje si\u0119 na wesela, markowe sklepy pop-up, luksusowe lady i inne scenariusze.<\/p>","protected":false},"featured_media":957,"template":"","meta":{"_kad_post_transparent":"default","_kad_post_title":"","_kad_post_layout":"default","_kad_post_sidebar_id":"","_kad_post_content_style":"default","_kad_post_vertical_padding":"default","_kad_post_feature":"","_kad_post_feature_position":"","_kad_post_header":false,"_kad_post_footer":false,"_kad_post_classname":""},"product_brand":[],"product_cat":[15,30,17],"product_tag":[361,362,360],"class_list":{"0":"post-952","1":"product","2":"type-product","3":"status-publish","4":"has-post-thumbnail","6":"product_cat-red-light-therapy","7":"product_cat-dropshipping","8":"product_cat-services","9":"product_tag-custom-clothing-gift-bags","10":"product_tag-dealers-shopping-gift-bags","11":"product_tag-paper-shopping-bags-for-clothing","13":"first","14":"instock","15":"shipping-taxable","16":"product-type-simple","17":"entry","18":"content-bg","19":"loop-entry"},"_links":{"self":[{"href":"https:\/\/red-lighttherapy.com\/pl\/wp-json\/wp\/v2\/product\/952","targetHints":{"allow":["GET"]}}],"collection":[{"href":"https:\/\/red-lighttherapy.com\/pl\/wp-json\/wp\/v2\/product"}],"about":[{"href":"https:\/\/red-lighttherapy.com\/pl\/wp-json\/wp\/v2\/types\/product"}],"wp:featuredmedia":[{"embeddable":true,"href":"https:\/\/red-lighttherapy.com\/pl\/wp-json\/wp\/v2\/media\/957"}],"wp:attachment":[{"href":"https:\/\/red-lighttherapy.com\/pl\/wp-json\/wp\/v2\/media?parent=952"}],"wp:term":[{"taxonomy":"product_brand","embeddable":true,"href":"https:\/\/red-lighttherapy.com\/pl\/wp-json\/wp\/v2\/product_brand?post=952"},{"taxonomy":"product_cat","embeddable":true,"href":"https:\/\/red-lighttherapy.com\/pl\/wp-json\/wp\/v2\/product_cat?post=952"},{"taxonomy":"product_tag","embeddable":true,"href":"https:\/\/red-lighttherapy.com\/pl\/wp-json\/wp\/v2\/product_tag?post=952"}],"curies":[{"name":"wp","href":"https:\/\/api.w.org\/{rel}","templated":true}]}}