{"id":946,"date":"2025-04-15T11:22:29","date_gmt":"2025-04-15T11:22:29","guid":{"rendered":"https:\/\/red-lighttherapy.com\/?post_type=product&#038;p=946"},"modified":"2025-04-15T11:33:47","modified_gmt":"2025-04-15T11:33:47","slug":"maker-lotion-eyebrow-pencil-lipstick-perfume-folding-carton","status":"publish","type":"product","link":"https:\/\/red-lighttherapy.com\/pl\/maker-lotion-eyebrow-pencil-lipstick-perfume-folding-carton\/","title":{"rendered":"Balsam do brwi, kredka do brwi, szminka, perfumy, sk\u0142adany kartonik"},"content":{"rendered":"<h2 id=\"folding-carton-product-description-customized-packaging-solution-for-lotion-eyebrow-pencil-lipstick-and-perfume\">Sk\u0142adany karton - opis produktu: Niestandardowe rozwi\u0105zanie opakowaniowe dla balsamu, o\u0142\u00f3wka do brwi, szminki i perfum<\/h2>\n<h2 id=\"-1-card-box-design-specially-optimized-for-tubular-hand-cream-to-prevent-shaking-during-transportation-\"><strong>1. Konstrukcja pude\u0142ka kartonowego: specjalnie zoptymalizowana pod k\u0105tem krem\u00f3w do r\u0105k w tubkach, aby zapobiec wstrz\u0105som podczas transportu.<\/strong><\/h2>\n<p>Przyj\u0119cie\u00a0<strong>Jednocz\u0119\u015bciowa konstrukcja pude\u0142ka na karty<\/strong>Dzi\u0119ki precyzyjnym przegrodom zaprojektowanym wewn\u0105trz, idealnie dopasowuje si\u0119 do r\u00f3\u017cnych form produkt\u00f3w, takich jak krem do r\u0105k w tubce, kredka do brwi, szminka itp., aby zapewni\u0107 brak wstrz\u0105s\u00f3w podczas transportu i unikn\u0105\u0107 uszkodze\u0144 spowodowanych kolizj\u0105.\u00a0<strong>Gniazdo kart magnetycznych<\/strong>\u00a0jest u\u017cywany na kraw\u0119dzi korpusu pude\u0142ka do mocowania cylindrycznych przedmiot\u00f3w, takich jak butelki perfum, w celu poprawy stabilno\u015bci.<\/p>\n<h2 id=\"-2-high-strength-material-350g-white-cardboard-compression-resistant-structure-\"><strong>2. Materia\u0142 o wysokiej wytrzyma\u0142o\u015bci: 350g bia\u0142ej tektury + struktura odporna na \u015bciskanie<\/strong><\/h2>\n<p>Korpus skrzynki wykonany jest z\u00a0<strong>350 g bia\u0142ego kartonu<\/strong>i jest wzmacniany przez\u00a0<strong>poprzecznie uszczelnione dno + dwuwarstwowe panele boczne<\/strong>o no\u015bno\u015bci ponad 50 kg, spe\u0142niaj\u0105ce wymagania dotycz\u0105ce ci\u015bnienia sk\u0142adowania.\u00a0<strong>Test wytrzyma\u0142o\u015bci na \u015bciskanie<\/strong>\u00a0test, mo\u017ce wytrzyma\u0107 10-warstwowe \u015brodowisko przechowywania w stosie, aby zapewni\u0107, \u017ce korpus pude\u0142ka nie ulegnie deformacji.<\/p>\n<h2 id=\"-3-surface-lamination-process-moisture-proof-and-anti-fouling-in-line-with-hygiene-standards-\"><strong>3. Proces laminowania powierzchni: odporny na wilgo\u0107 i przeciwporostowy, zgodny z normami higieny<\/strong><\/h2>\n<p>Powierzchnia przyjmuje\u00a0<strong>Przyjazny dla \u015brodowiska proces laminowania matowego<\/strong>\u00a0aby zmniejszy\u0107 ryzyko wch\u0142aniania wilgoci przez tektur\u0119, a jednocze\u015bnie przechodzi test biokompatybilno\u015bci ISO 10993, spe\u0142niaj\u0105c standardy higieny dla opakowa\u0144 kosmetycznych.\u00a0<strong>Podk\u0142adka silikonowa do kontaktu z \u017cywno\u015bci\u0105<\/strong>\u00a0jest dodawana do warstwy wewn\u0119trznej, aby zapobiec bezpo\u015bredniemu kontaktowi kosmetyk\u00f3w z kartonem, podw\u00f3jnie zapewniaj\u0105c bezpiecze\u0144stwo produktu.<\/p>\n<h2 id=\"-4-brand-logo-process-hot-stamping-logo-precision-printing-\"><strong>4. Proces logo marki: t\u0142oczenie na gor\u0105co LOGO + precyzyjne drukowanie<\/strong><\/h2>\n<p>LOGO przyjmuje\u00a0<strong>Tr\u00f3jwymiarowy proces t\u0142oczenia na gor\u0105co<\/strong>i uzyskuje metaliczn\u0105 tekstur\u0119 o wysokim po\u0142ysku dzi\u0119ki precyzyjnemu grawerowaniu silikonowej p\u0142ytki (b\u0142\u0105d \u22640,1 mm), umo\u017cliwiaj\u0105c dostosowanie wielu kolor\u00f3w, takich jak z\u0142oto, srebro i r\u00f3\u017cowe z\u0142oto. Warstwa drukuj\u0105ca jest poddawana obr\u00f3bce\u00a0<strong>Pow\u0142oka nano UV<\/strong>kt\u00f3ra jest odporna na zu\u017cycie i zarysowania oraz nie blaknie po d\u0142ugotrwa\u0142ym przechowywaniu, podkre\u015blaj\u0105c wysokiej klasy wizerunek marki.<\/p>\n<h2 id=\"-5-high-degree-of-customization-flexible-adaptation-to-multiple-categories-of-needs-\"><strong>5. Wysoki stopie\u0144 dostosowania: elastyczne dostosowanie do wielu kategorii potrzeb<\/strong><\/h2>\n<ul>\n<li><strong>Dostosowanie rozmiaru<\/strong>Obs\u0142uguje regulacj\u0119 d\u0142ugo\u015bci w zakresie 5-30 cm i mo\u017ce pomie\u015bci\u0107 produkty o r\u00f3\u017cnych specyfikacjach, takie jak butelki perfum o pojemno\u015bci 30 ml i o\u0142\u00f3wki do brwi o d\u0142ugo\u015bci 15 cm.<\/li>\n<li><strong>Rozszerzenie funkcji<\/strong>: Opcjonalne warstwowanie typu szufladowego, przezroczyste okienko, uszczelnienie wst\u0105\u017ck\u0105 i inne projekty mog\u0105 zaspokoi\u0107 potrzeby kosmetyk\u00f3w, pude\u0142ek na perfumy i innych scenariuszy.<\/li>\n<li><strong>Projekt wzoru<\/strong>: Zapewnienie kompleksowych us\u0142ug w zakresie projektowania obud\u00f3w, od struktury pude\u0142ka po wz\u00f3r t\u0142oczenia na gor\u0105co, kompleksowe dopasowanie j\u0119zyka wizualnego marki.<\/li>\n<\/ul>\n<h2 id=\"-6-source-factory-support-16-years-of-experience-small-batch-flexible-production-\"><strong>6. Wsparcie fabryczne: 16 lat do\u015bwiadczenia, elastyczna produkcja ma\u0142oseryjna<\/strong><\/h2>\n<p>Polegaj\u0105c na\u00a0<strong>16-letnia fabryka opakowa\u0144<\/strong>\u00a0w Guangdong w Chinach, przyjmuje w pe\u0142ni automatyczn\u0105 maszyn\u0119 do sztancowania + lini\u0119 produkcyjn\u0105 do t\u0142oczenia na gor\u0105co, obs\u0142uguje\u00a0<strong>Minimalne zam\u00f3wienie 500 sztuk<\/strong>i dostarcza w ci\u0105gu 7-15 dni. Zapewni\u0107\u00a0<strong>Bezp\u0142atna us\u0142uga proofingu<\/strong>\u00a0aby zapewni\u0107 dok\u0142adne dopasowanie szczeg\u00f3\u0142\u00f3w przed masow\u0105 produkcj\u0105.<\/p>","protected":false},"excerpt":{"rendered":"<p>Pude\u0142ko kartonowe jest wykonane z bia\u0142ego kartonu o gramaturze 350 g. Pow\u0142oka powierzchniowa mo\u017ce zmniejszy\u0107 ryzyko wch\u0142aniania wilgoci przez karton. Spe\u0142nia standardy higieniczne opakowa\u0144 kosmetycznych i mo\u017ce idealnie dopasowa\u0107 si\u0119 do kszta\u0142tu tubki kremu do r\u0105k, aby unikn\u0105\u0107 wstrz\u0105s\u00f3w podczas transportu.<\/p>","protected":false},"featured_media":947,"template":"","meta":{"_kad_post_transparent":"default","_kad_post_title":"","_kad_post_layout":"default","_kad_post_sidebar_id":"","_kad_post_content_style":"default","_kad_post_vertical_padding":"default","_kad_post_feature":"","_kad_post_feature_position":"","_kad_post_header":false,"_kad_post_footer":false,"_kad_post_classname":""},"product_brand":[],"product_cat":[15,28,24,17],"product_tag":[357,358,359],"class_list":{"0":"post-946","1":"product","2":"type-product","3":"status-publish","4":"has-post-thumbnail","6":"product_cat-red-light-therapy","7":"product_cat-customize","8":"product_cat-red-light-therapy-bed","9":"product_cat-services","10":"product_tag-eyebrow-pencil-folding-carton","11":"product_tag-lipstick-folding-carton","12":"product_tag-perfume-packaging-boxes","14":"first","15":"instock","16":"shipping-taxable","17":"product-type-simple","18":"entry","19":"content-bg","20":"loop-entry"},"_links":{"self":[{"href":"https:\/\/red-lighttherapy.com\/pl\/wp-json\/wp\/v2\/product\/946","targetHints":{"allow":["GET"]}}],"collection":[{"href":"https:\/\/red-lighttherapy.com\/pl\/wp-json\/wp\/v2\/product"}],"about":[{"href":"https:\/\/red-lighttherapy.com\/pl\/wp-json\/wp\/v2\/types\/product"}],"wp:featuredmedia":[{"embeddable":true,"href":"https:\/\/red-lighttherapy.com\/pl\/wp-json\/wp\/v2\/media\/947"}],"wp:attachment":[{"href":"https:\/\/red-lighttherapy.com\/pl\/wp-json\/wp\/v2\/media?parent=946"}],"wp:term":[{"taxonomy":"product_brand","embeddable":true,"href":"https:\/\/red-lighttherapy.com\/pl\/wp-json\/wp\/v2\/product_brand?post=946"},{"taxonomy":"product_cat","embeddable":true,"href":"https:\/\/red-lighttherapy.com\/pl\/wp-json\/wp\/v2\/product_cat?post=946"},{"taxonomy":"product_tag","embeddable":true,"href":"https:\/\/red-lighttherapy.com\/pl\/wp-json\/wp\/v2\/product_tag?post=946"}],"curies":[{"name":"wp","href":"https:\/\/api.w.org\/{rel}","templated":true}]}}