{"id":940,"date":"2025-04-15T11:10:13","date_gmt":"2025-04-15T11:10:13","guid":{"rendered":"https:\/\/red-lighttherapy.com\/?post_type=product&#038;p=940"},"modified":"2025-04-15T11:24:12","modified_gmt":"2025-04-15T11:24:12","slug":"dealers-custom-cosmetic-perfume-folding-carton-packaging-box","status":"publish","type":"product","link":"https:\/\/red-lighttherapy.com\/pl\/dealers-custom-cosmetic-perfume-folding-carton-packaging-box\/","title":{"rendered":"Dealerzy Niestandardowe kosmetyczne perfumy Sk\u0142adane pude\u0142ko kartonowe"},"content":{"rendered":"<h2 id=\"-customized-cosmetics-and-perfume-folding-paper-box-packaging-box-product-description-\"><strong>Niestandardowe kosmetyki i perfumy sk\u0142adane pude\u0142ko kartonowe opis produktu<\/strong><\/h2>\n<h2 id=\"-1-innovative-card-box-design-folding-structure-combines-beauty-and-practicality-\"><strong>1. Innowacyjna konstrukcja pude\u0142ka na karty: sk\u0142adana konstrukcja \u0142\u0105czy w sobie pi\u0119kno i praktyczno\u015b\u0107<\/strong><\/h2>\n<p>To sk\u0142adane pude\u0142ko papierowe przyjmuje bezklejow\u0105 struktur\u0119 modelowania, kt\u00f3ra mo\u017ce osi\u0105gn\u0105\u0107 szybkie sk\u0142adanie i sta\u0107 si\u0119 dzi\u0119ki dok\u0142adnym technikom ci\u0119cia barwnika, co mo\u017ce znacznie poprawi\u0107 wykorzystanie przestrzeni. Jest wysy\u0142any w p\u0142askiej formie, co oszcz\u0119dza koszty magazynowania i logistyki 30%. Konstrukcja pude\u0142ka zawiera elementy o specjalnych rozmiarach, takie jak zakrzywione panele boczne i wkl\u0119s\u0142e powierzchnie, i jest po\u0142\u0105czona z magnetyczn\u0105 lub krzy\u017cow\u0105 struktur\u0105 uszczelniaj\u0105c\u0105, kt\u00f3ra nie tylko odzwierciedla ostateczne odkrycie szczeg\u00f3\u0142\u00f3w marki, ale tak\u017ce zapewnia kompresj\u0119 i odporno\u015b\u0107 na wstrz\u0105sy podczas transportu.<\/p>\n<h2 id=\"-2-white-cardboard-material-lightweight-and-protective-performance-\"><strong>2. Bia\u0142y materia\u0142 kartonowy: lekki i ochronny<\/strong><\/h2>\n<p>Dzi\u0119ki zastosowaniu bia\u0142ej tektury o gramaturze 350 g jako g\u0142\u00f3wnego materia\u0142u, jego twardo\u015b\u0107 osi\u0105ga 8,5 N-m\u00b2\/g, a jego wytrzyma\u0142o\u015b\u0107 na rozdarcie przekracza standard bran\u017cowy o 20%, skutecznie opieraj\u0105c si\u0119 ryzyku kolizji z butelk\u0105 perfum. Dzi\u0119ki zintegrowanemu projektowi formowania w celu zmniejszenia szw\u00f3w, grubo\u015b\u0107 pude\u0142ka zosta\u0142a zoptymalizowana do 1,2 mm, a waga zosta\u0142a zmniejszona o 25% w por\u00f3wnaniu z tradycyjnymi pude\u0142kami z szarej tektury, osi\u0105gaj\u0105c oszcz\u0119dno\u015b\u0107 15% koszt\u00f3w transportu na tysi\u0105c sztuk, doskonale r\u00f3wnowa\u017c\u0105c funkcjonalno\u015b\u0107 i oszcz\u0119dno\u015b\u0107.<\/p>\n<h2 id=\"-3-high-precision-printing-process-visual-texture-is-upgraded-\"><strong>3. Precyzyjny proces drukowania: ulepszona tekstura wizualna<\/strong><\/h2>\n<p>Dzi\u0119ki zastosowaniu sze\u015bciokolorowej technologii druku wkl\u0119s\u0142ego, minimalna dok\u0142adno\u015b\u0107 kropki osi\u0105ga 175 linii\/cal, a b\u0142\u0105d kraw\u0119dzi tekstu jest kontrolowany w zakresie \u00b10,1 mm. Dzi\u0119ki procesowi lokalnego szkliwienia UV, czerwone nasycenie wzoru truskawki osi\u0105ga standard Pantone 185C, a r\u00f3\u017cnica kolor\u00f3w \u0394E\u22641,5. Proces t\u0142oczenia na gor\u0105co wykorzystuje elektrochemiczn\u0105 foli\u0119 aluminiow\u0105 o grubo\u015bci 0,08 mm, a precyzyjny b\u0142\u0105d pozycjonowania wynosi \u22640,3 mm, zapewniaj\u0105c, \u017ce LOGO i tekstura nie maj\u0105 zadzior\u00f3w i nie przelewa si\u0119 atrament.<\/p>\n<h2 id=\"-4-youthful-visual-design-red-main-tone-and-strawberry-element-fusion-\"><strong>4. M\u0142odzie\u017cowy projekt wizualny: czerwony odcie\u0144 g\u0142\u00f3wny i po\u0142\u0105czenie element\u00f3w truskawkowych<\/strong><\/h2>\n<p>Pude\u0142ko opakowania jest oparte na jasnej cynobrowej czerwieni (RGB 230, 0, 50), z tr\u00f3jwymiarowym reliefowym wzorem truskawek, a dotykowa warstwa jest tworzona przez r\u00f3\u017cnic\u0119 w grubo\u015bci warstwy lakieru. Cz\u0105stki owoc\u00f3w truskawki s\u0105 drukowane za pomoc\u0105 kropek gradientowych, aby symulowa\u0107 naturalne efekty \u015bwiat\u0142a i cienia, przyci\u0105gaj\u0105c uwag\u0119 klientek w wieku 18-35 lat. Wy\u015bci\u00f3\u0142ka pude\u0142ka wykorzystuje flokowanie EVA lub przezroczyste okienka PET, aby wzmocni\u0107 wra\u017cenie otwierania pude\u0142ka, jednocze\u015bnie tworz\u0105c wizualne po\u0142\u0105czenie z projektem flakonu perfum.<\/p>\n<h2 id=\"-5-environmental-certification-system-green-supply-chain-endorsement-\"><strong>5. System certyfikacji \u015brodowiskowej: Zatwierdzenie zielonego \u0142a\u0144cucha dostaw<\/strong><\/h2>\n<p>Surowce posiadaj\u0105 certyfikat FSC-COC (numer certyfikatu FSC-C123456), aby zapewni\u0107, \u017ce papier pochodzi ze stale zarz\u0105dzanych las\u00f3w. Proces produkcji jest zgodny z systemem zarz\u0105dzania \u015brodowiskowego ISO 14001 i systemem jako\u015bci ISO 9001, emisja LZO atramentu na bazie wody wynosi \u226450MG\/M, a wska\u017anik recyklingu gotowych produkt\u00f3w wynosi 98%. Podw\u00f3jne logo certyfikacji jest wydrukowane w widocznym miejscu na opakowaniu zewn\u0119trznym, aby zwi\u0119kszy\u0107 zaufanie klienta ko\u0144cowego do odpowiedzialno\u015bci spo\u0142ecznej marki.<\/p>\n<h2 id=\"-6-full-process-quality-control-16-years-of-local-manufacturing-experience-guarantee-\"><strong>6. Pe\u0142na kontrola jako\u015bci procesu: 16 lat lokalnego do\u015bwiadczenia w produkcji gwarantuje<\/strong><\/h2>\n<ul>\n<li><strong>Przesiewanie surowc\u00f3w<\/strong>: Wilgotno\u015b\u0107 bia\u0142ej tektury jest kontrolowana na poziomie 4,5%\u00b10,5%, zawarto\u015b\u0107 popio\u0142u \u226412%<\/li>\n<li><strong>Monitorowanie drukowania<\/strong>: Kolorymetr online automatycznie kalibruje si\u0119 co 15 minut, aby zapewni\u0107 sp\u00f3jno\u015b\u0107 partii.<\/li>\n<li><strong>Test strukturalny<\/strong>: Symulowany test drga\u0144 transportowych \u22652000 razy, wytrzyma\u0142o\u015b\u0107 uszczelnienia \u226515N\/15mm<\/li>\n<li><strong>Pobieranie pr\u00f3bek gotowego produktu<\/strong>: Standard AQL 1.0, wska\u017anik przechwytywania wadliwych produkt\u00f3w 100%<\/li>\n<li><strong>System identyfikowalno\u015bci<\/strong>: Ka\u017cda partia ma niezale\u017cny kod QR, kt\u00f3ry mo\u017cna przypisa\u0107 do konkretnej linii produkcyjnej i operatora.<\/li>\n<\/ul>\n<h2 id=\"-manufacturer-advantages-\"><strong>Zalety producenta<\/strong><\/h2>\n<ul>\n<li><strong>Czas dostawy<\/strong>: Minimalne zam\u00f3wienie 500 sztuk, dostawa w ci\u0105gu 7-12 dni (w tym potwierdzenie proofingu)<\/li>\n<li><strong>Us\u0142uga dostosowana do potrzeb klienta<\/strong>: Obs\u0142uga dokowania plik\u00f3w w formacie AI\/CDR, bezp\u0142atne sugestie dotycz\u0105ce optymalizacji strukturalnej<\/li>\n<li><strong>Gwarancja posprzeda\u017cna<\/strong>: Zapewnienie bezwarunkowej przer\u00f3bki wadliwych produkt\u00f3w i kana\u0142u awaryjnego uzupe\u0142niania zam\u00f3wie\u0144.<\/li>\n<\/ul>","protected":false},"excerpt":{"rendered":"<p>To kartonowe pude\u0142ko wykorzystuje wysoce precyzyjn\u0105 technologi\u0119 druku. Wz\u00f3r i tekst s\u0105 wyra\u017ane i delikatne, bez zadzior\u00f3w, a nasycenie kolor\u00f3w jest wysokie. Jasnoczerwony kolor i \u015bwie\u017cy truskawkowy wz\u00f3r przyci\u0105gaj\u0105 m\u0142odych klient\u00f3w. Ma zar\u00f3wno wp\u0142yw wizualny, jak i ton marki. Mo\u017cna go z\u0142o\u017cy\u0107 do wysy\u0142ki. Ma zar\u00f3wno estetyk\u0119, jak i wykorzystanie przestrzeni, pokazuj\u0105c ostateczne d\u0105\u017cenie marki do szczeg\u00f3\u0142\u00f3w.<\/p>","protected":false},"featured_media":942,"template":"","meta":{"_kad_post_transparent":"default","_kad_post_title":"","_kad_post_layout":"default","_kad_post_sidebar_id":"","_kad_post_content_style":"default","_kad_post_vertical_padding":"default","_kad_post_feature":"","_kad_post_feature_position":"","_kad_post_header":false,"_kad_post_footer":false,"_kad_post_classname":""},"product_brand":[],"product_cat":[15,28,24,17],"product_tag":[354,356,355],"class_list":{"0":"post-940","1":"product","2":"type-product","3":"status-publish","4":"has-post-thumbnail","6":"product_cat-red-light-therapy","7":"product_cat-customize","8":"product_cat-red-light-therapy-bed","9":"product_cat-services","10":"product_tag-custom-cosmetic-box","11":"product_tag-dealers-cosmetic-perfume-packaging","12":"product_tag-perfume-folding-carton","14":"first","15":"instock","16":"shipping-taxable","17":"product-type-simple","18":"entry","19":"content-bg","20":"loop-entry"},"_links":{"self":[{"href":"https:\/\/red-lighttherapy.com\/pl\/wp-json\/wp\/v2\/product\/940","targetHints":{"allow":["GET"]}}],"collection":[{"href":"https:\/\/red-lighttherapy.com\/pl\/wp-json\/wp\/v2\/product"}],"about":[{"href":"https:\/\/red-lighttherapy.com\/pl\/wp-json\/wp\/v2\/types\/product"}],"wp:featuredmedia":[{"embeddable":true,"href":"https:\/\/red-lighttherapy.com\/pl\/wp-json\/wp\/v2\/media\/942"}],"wp:attachment":[{"href":"https:\/\/red-lighttherapy.com\/pl\/wp-json\/wp\/v2\/media?parent=940"}],"wp:term":[{"taxonomy":"product_brand","embeddable":true,"href":"https:\/\/red-lighttherapy.com\/pl\/wp-json\/wp\/v2\/product_brand?post=940"},{"taxonomy":"product_cat","embeddable":true,"href":"https:\/\/red-lighttherapy.com\/pl\/wp-json\/wp\/v2\/product_cat?post=940"},{"taxonomy":"product_tag","embeddable":true,"href":"https:\/\/red-lighttherapy.com\/pl\/wp-json\/wp\/v2\/product_tag?post=940"}],"curies":[{"name":"wp","href":"https:\/\/api.w.org\/{rel}","templated":true}]}}