{"id":935,"date":"2025-04-15T10:55:33","date_gmt":"2025-04-15T10:55:33","guid":{"rendered":"https:\/\/red-lighttherapy.com\/?post_type=product&#038;p=935"},"modified":"2025-04-15T11:10:02","modified_gmt":"2025-04-15T11:10:02","slug":"custom-cosmetics-packaging-boxes-folding-carton-packaging","status":"publish","type":"product","link":"https:\/\/red-lighttherapy.com\/pl\/custom-cosmetics-packaging-boxes-folding-carton-packaging\/","title":{"rendered":"Niestandardowe opakowania na kosmetyki Sk\u0142adane opakowania kartonowe"},"content":{"rendered":"<h2 id=\"-product-description-of-foldable-cosmetic-packaging-box-\"><strong>Opis produktu sk\u0142adanego kartonowego opakowania kosmetycznego<\/strong><\/h2>\n<h2 id=\"-1-innovative-structural-design-perfect-fusion-of-folding-aesthetics-and-practicality-\"><strong>1. Innowacyjna konstrukcja: doskona\u0142e po\u0142\u0105czenie estetyki sk\u0142adania i praktyczno\u015bci.<\/strong><\/h2>\n<p>To kosmetyczne sk\u0142adane pude\u0142ko papierowe przyjmuje opatentowan\u0105 sk\u0142adan\u0105 struktur\u0119 monta\u017cow\u0105 w po\u0142\u0105czeniu z technologi\u0105 blokowania bocznego, aby osi\u0105gn\u0105\u0107 sk\u0142adanie jednym dotkni\u0119ciem bez kleju. Po roz\u0142o\u017ceniu prezentuje tr\u00f3jwymiarowy kszta\u0142t reliefu truskawkowego, a grubo\u015b\u0107 jest kompresowana do 1\/3 pierwotnej obj\u0119to\u015bci po zamkni\u0119ciu, co znacznie poprawia stopie\u0144 wykorzystania przestrzeni magazynowej i transportowej. Wbudowana konstrukcja klamry magnetycznej zapewnia, \u017ce nadal mo\u017cna j\u0105 dok\u0142adnie zresetowa\u0107 po wielokrotnym otwieraniu i zamykaniu, a szczeg\u00f3\u0142y pokazuj\u0105 ostateczne d\u0105\u017cenie marki do do\u015bwiadczenia u\u017cytkownika.<\/p>\n<h2 id=\"-2-environmentally-friendly-material-selection-white-cardboard-lightweight-technology-\"><strong>2. Wyb\u00f3r materia\u0142\u00f3w przyjaznych dla \u015brodowiska: lekka technologia bia\u0142ej tektury<\/strong><\/h2>\n<p>Jako materia\u0142 bazowy wybrano bia\u0142\u0105 tektur\u0119 o gramaturze 300 g z certyfikatem FSC, bior\u0105c pod uwag\u0119 ochron\u0119 zawarto\u015bci i optymalizacj\u0119 koszt\u00f3w transportu. W wy\u015bci\u00f3\u0142ce zastosowano wykrawane rowki pozycjonuj\u0105ce EVA klasy spo\u017cywczej, kt\u00f3re s\u0105 odpowiednie dla produkt\u00f3w o specjalnych kszta\u0142tach, takich jak szminki i ciastka w proszku, a odporno\u015b\u0107 na wstrz\u0105sy jest certyfikowana.<\/p>\n<h2 id=\"-iii-visual-communication-system-fusion-of-high-saturation-colors-and-youthful-ip-\"><strong>3. System komunikacji wizualnej: po\u0142\u0105czenie kolor\u00f3w o wysokim nasyceniu i m\u0142odzie\u0144czego IP<\/strong><\/h2>\n<ol>\n<li><strong>Proces drukowania<\/strong>: Przy zastosowaniu 8-kolorowego druku offsetowego UV + cz\u0119\u015bciowego procesu t\u0142oczenia na gor\u0105co, minimalna dok\u0142adno\u015b\u0107 kropki osi\u0105ga 175 linii \/ cal, a ostro\u015b\u0107 tekstu wynosi \u22640,1 mm b\u0142\u0119du. Wz\u00f3r truskawki jest oddzielony przez modelowanie 3D, aby uzyska\u0107 dok\u0142adne przywr\u00f3cenie z czerwonego Pantone 185C do numer\u00f3w kolor\u00f3w gradientowych, a r\u00f3\u017cnica kolor\u00f3w \u0394E &lt;1,5.<\/li>\n<li><strong>Projekt wzoru<\/strong>: G\u0142\u00f3wnym elementem wizualnym jest realistyczny owoc truskawki, pokryty pow\u0142ok\u0105 UV z efektem rosy, prezentuj\u0105cy dynamiczny tr\u00f3jwymiarowy wygl\u0105d pod \u017ar\u00f3d\u0142em \u015bwiat\u0142a. Ilustracja maskotki marki jest wszczepiona z boku pude\u0142ka, a emocjonalne po\u0142\u0105czenie klient\u00f3w z pokolenia Z jest wzmocnione dzi\u0119ki dwuwymiarowemu stylowi. Test eye trackera wykaza\u0142, \u017ce czas przebywania wzroku wzr\u00f3s\u0142 o 27%.<\/li>\n<\/ol>\n<h2 id=\"-iv-sustainable-development-commitment-dual-certified-green-supply-chain-\"><strong>4. Zaanga\u017cowanie w zr\u00f3wnowa\u017cony rozw\u00f3j: zielony \u0142a\u0144cuch dostaw z podw\u00f3jnym certyfikatem<\/strong><\/h2>\n<ol>\n<li><strong>Certyfikacja las\u00f3w FSC<\/strong>: 100% surowc\u00f3w papierniczych pochodzi z las\u00f3w zarz\u0105dzanych w spos\u00f3b zr\u00f3wnowa\u017cony, \u015blad w\u0119glowy procesu produkcyjnego zosta\u0142 zredukowany o 35%, a wska\u017anik recyklingu opakowa\u0144 wynosi 95%.<\/li>\n<li><strong>System ISO 14001<\/strong>: Dzi\u0119ki zastosowaniu atramentu na bazie wody z certyfikatem Sun Chemical EC 10\/2011 emisja lotnych zwi\u0105zk\u00f3w organicznych jest o 60% ni\u017csza ni\u017c limit normy krajowej. Odpady produkcyjne s\u0105 przetwarzane na papier biurowy po roztworzeniu, osi\u0105gaj\u0105c wska\u017anik recyklingu zasob\u00f3w na poziomie 92%.<\/li>\n<li><strong>Lekkie opakowanie<\/strong>: 30% l\u017cejsze ni\u017c tradycyjne kolorowe pude\u0142ka, \u0142adowno\u015b\u0107 pojedynczego kontenera jest zwi\u0119kszona do 5800 sztuk, a zu\u017cycie energii podczas transportu jest zmniejszone o 18%.<\/li>\n<\/ol>","protected":false},"excerpt":{"rendered":"<p>Konstrukcja sk\u0142adanego kartonu jest sk\u0142adana do wysy\u0142ki, \u0142\u0105cz\u0105c estetyk\u0119 z wykorzystaniem przestrzeni, pokazuj\u0105c najwy\u017csz\u0105 dba\u0142o\u015b\u0107 marki o szczeg\u00f3\u0142y. G\u0142\u00f3wnym materia\u0142em jest bia\u0142y karton, kt\u00f3ry skutecznie chroni zawarto\u015b\u0107. Jednocze\u015bnie lekka konstrukcja zmniejsza koszty transportu, odzwierciedlaj\u0105c r\u00f3wnowag\u0119 mi\u0119dzy funkcjonalno\u015bci\u0105 a oszcz\u0119dno\u015bci\u0105.<\/p>","protected":false},"featured_media":938,"template":"","meta":{"_kad_post_transparent":"default","_kad_post_title":"","_kad_post_layout":"default","_kad_post_sidebar_id":"","_kad_post_content_style":"default","_kad_post_vertical_padding":"default","_kad_post_feature":"","_kad_post_feature_position":"","_kad_post_header":false,"_kad_post_footer":false,"_kad_post_classname":""},"product_brand":[],"product_cat":[15,28,24,17],"product_tag":[352,89,353],"class_list":{"0":"post-935","1":"product","2":"type-product","3":"status-publish","4":"has-post-thumbnail","6":"product_cat-red-light-therapy","7":"product_cat-customize","8":"product_cat-red-light-therapy-bed","9":"product_cat-services","10":"product_tag-cosmetics-packaging-boxes","11":"product_tag-custom-cosmetics-packaging","12":"product_tag-folding-carton-for-cosmetics","14":"first","15":"instock","16":"shipping-taxable","17":"product-type-simple","18":"entry","19":"content-bg","20":"loop-entry"},"_links":{"self":[{"href":"https:\/\/red-lighttherapy.com\/pl\/wp-json\/wp\/v2\/product\/935","targetHints":{"allow":["GET"]}}],"collection":[{"href":"https:\/\/red-lighttherapy.com\/pl\/wp-json\/wp\/v2\/product"}],"about":[{"href":"https:\/\/red-lighttherapy.com\/pl\/wp-json\/wp\/v2\/types\/product"}],"wp:featuredmedia":[{"embeddable":true,"href":"https:\/\/red-lighttherapy.com\/pl\/wp-json\/wp\/v2\/media\/938"}],"wp:attachment":[{"href":"https:\/\/red-lighttherapy.com\/pl\/wp-json\/wp\/v2\/media?parent=935"}],"wp:term":[{"taxonomy":"product_brand","embeddable":true,"href":"https:\/\/red-lighttherapy.com\/pl\/wp-json\/wp\/v2\/product_brand?post=935"},{"taxonomy":"product_cat","embeddable":true,"href":"https:\/\/red-lighttherapy.com\/pl\/wp-json\/wp\/v2\/product_cat?post=935"},{"taxonomy":"product_tag","embeddable":true,"href":"https:\/\/red-lighttherapy.com\/pl\/wp-json\/wp\/v2\/product_tag?post=935"}],"curies":[{"name":"wp","href":"https:\/\/api.w.org\/{rel}","templated":true}]}}