{"id":929,"date":"2025-04-15T10:39:22","date_gmt":"2025-04-15T10:39:22","guid":{"rendered":"https:\/\/red-lighttherapy.com\/?post_type=product&#038;p=929"},"modified":"2025-04-15T10:55:24","modified_gmt":"2025-04-15T10:55:24","slug":"vendor-child-proof-empty-510-disposable-vape-pen-packaging","status":"publish","type":"product","link":"https:\/\/red-lighttherapy.com\/pl\/vendor-child-proof-empty-510-disposable-vape-pen-packaging\/","title":{"rendered":"Puste, jednorazowe opakowanie Vape Pen 510 zabezpieczone przed dzie\u0107mi"},"content":{"rendered":"<h2 id=\"child-proof-510-disposable-electronic-cigarette-pen-packaging-product-description\">Jednorazowe opakowanie na pi\u00f3ro vape 510 zabezpieczone przed dzie\u0107mi Opis produktu<\/h2>\n<h2 id=\"1-intelligent-drawer-style-child-proof-opening-and-closing-design-\">1.\u00a0<strong>Inteligentna szuflada z zabezpieczeniem przed otwarciem i zamkni\u0119ciem przez dzieci<\/strong><\/h2>\n<p>Dzi\u0119ki konstrukcji typu push-pull mo\u017cna j\u0105 \u0142atwo obs\u0142ugiwa\u0107 jedn\u0105 r\u0119k\u0105, a funkcja ochrony dzieci jest realizowana poprzez mechaniczne t\u0142umienie drga\u0144. Szyna szuflady jest wyposa\u017cona w mechanizm podw\u00f3jnej klamry, a podczas procesu pchania i ci\u0105gni\u0119cia nale\u017cy zastosowa\u0107 okre\u015blony k\u0105t i si\u0142\u0119, aby j\u0105 otworzy\u0107, co nie tylko zaspokaja potrzeby doros\u0142ych w zakresie wygodnego dost\u0119pu, ale tak\u017ce skutecznie zapobiega ryzyku przypadkowego otwarcia lub po\u015blizgni\u0119cia si\u0119 dzieci.<\/p>\n<h2 id=\"2-environmentally-friendly-and-durable-coated-paper-material-\">2.\u00a0<strong>Przyjazny dla \u015brodowiska i trwa\u0142y papier powlekany<\/strong><\/h2>\n<p>Korpus pude\u0142ka wykorzystuje powlekane pod\u0142o\u017ce papierowe z certyfikatem FSC, a powierzchnia jest pokryta odporn\u0105 na zu\u017cycie i zapobiegaj\u0105c\u0105 starzeniu pow\u0142ok\u0105. Mo\u017ce wytrzyma\u0107 cz\u0119ste otwieranie i zamykanie oraz zu\u017cycie podczas transportu, a tak\u017ce wielokrotne u\u017cytkowanie przez ponad 100 razy. Matowa obr\u00f3bka redukuje pozosta\u0142o\u015bci odcisk\u00f3w palc\u00f3w, w po\u0142\u0105czeniu z czystym czarnym wygl\u0105dem, odpowiednim dla wysokiej klasy scenariuszy, takich jak biznes i medycyna.<\/p>\n<h2 id=\"3-precision-mold-and-integrated-molding-process-\">3.\u00a0<strong>Precyzyjna forma i zintegrowany proces formowania<\/strong><\/h2>\n<p>Dzi\u0119ki wysoce precyzyjnej technologii ci\u0119cia formy \u00b10,01 mm, kraw\u0119dzie s\u0105 p\u0142askie i pozbawione zadzior\u00f3w, a struktura otwierania i zamykania jest p\u0142ynna. Zintegrowany proces formowania sk\u0142adanego bez u\u017cycia kleju eliminuje po\u0142\u0105czenia i s\u0142abo\u015bci klejenia tradycyjnych opakowa\u0144, zwi\u0119ksza og\u00f3ln\u0105 wytrzyma\u0142o\u015b\u0107 na \u015bciskanie o 40% i wyd\u0142u\u017ca \u017cywotno\u015b\u0107 do dwukrotno\u015bci standardu bran\u017cowego.<\/p>\n<h2 id=\"4-customized-eva-lining-and-shock-protection-\">4.\u00a0<strong>Indywidualna wy\u015bci\u00f3\u0142ka EVA i ochrona przed wstrz\u0105sami<\/strong><\/h2>\n<p>Bia\u0142a wy\u015bci\u00f3\u0142ka EVA jest rze\u017abiona CNC, aby utworzy\u0107 rowek pasuj\u0105cy do produktu typu pi\u00f3ro 510, z dok\u0142adno\u015bci\u0105 mocowania \u00b10,5 mm, aby zapobiec przemieszczaniu si\u0119 podczas transportu. Przegroda umo\u017cliwia spersonalizowan\u0105 regulacj\u0119 i jest kompatybilna z r\u00f3\u017cnymi specyfikacjami wk\u0142ad\u00f3w atramentowych lub dodatkowych akcesori\u00f3w (takich jak kable do \u0142adowania, instrukcje obs\u0142ugi), a wydajno\u015b\u0107 buforowania przesz\u0142a test upadku z wysoko\u015bci 1,5 metra.<\/p>\n<h2 id=\"5-modular-customization-and-global-compliance-\">5.\u00a0<strong>Modu\u0142owa personalizacja i globalna zgodno\u015b\u0107<\/strong><\/h2>\n<p>Opakowanie umo\u017cliwia elastyczne dostosowanie rozmiaru, pozycji otwarcia i przegrody wy\u015bcie\u0142aj\u0105cej, aby spe\u0142ni\u0107 wymagania klient\u00f3w w zakresie kompatybilno\u015bci produkt\u00f3w o wielu specyfikacjach. Materia\u0142 przeszed\u0142 certyfikacj\u0119 zr\u00f3wnowa\u017conego rozwoju las\u00f3w FSC i jest zgodny z globalnymi przepisami \u015brodowiskowymi, takimi jak EU REACH i US FDA, pomagaj\u0105c firmom osi\u0105gn\u0105\u0107 cele ekologicznego \u0142a\u0144cucha dostaw.<\/p>","protected":false},"excerpt":{"rendered":"<p>Papierowa szuflada z zabezpieczeniem przed otwarciem i zamkni\u0119ciem przez dzieci umo\u017cliwia \u0142atwe pchanie i ci\u0105gni\u0119cie przedmiot\u00f3w jedn\u0105 r\u0119k\u0105, jednocze\u015bnie zapobiegaj\u0105c przypadkowemu wy\u015blizgni\u0119ciu. Powlekany materia\u0142 papierowy jest odporny na zu\u017cycie i starzenie, nadaje si\u0119 do wielokrotnego u\u017cytku i jest zgodny z koncepcjami ochrony \u015brodowiska i ekonomii. Obs\u0142uguje spersonalizowan\u0105 regulacj\u0119 rozmiaru, pozycji otwarcia i przegrody wy\u015bcie\u0142aj\u0105cej, aby spe\u0142ni\u0107 potrzeby r\u00f3\u017cnych specyfikacji wk\u0142ad\u00f3w atramentowych lub specjalnych opakowa\u0144 produkt\u00f3w.<\/p>","protected":false},"featured_media":930,"template":"","meta":{"_kad_post_transparent":"default","_kad_post_title":"","_kad_post_layout":"default","_kad_post_sidebar_id":"","_kad_post_content_style":"default","_kad_post_vertical_padding":"default","_kad_post_feature":"","_kad_post_feature_position":"","_kad_post_header":false,"_kad_post_footer":false,"_kad_post_classname":""},"product_brand":[],"product_cat":[15,20,40,17],"product_tag":[351,169,350],"class_list":{"0":"post-929","1":"product","2":"type-product","3":"status-publish","4":"has-post-thumbnail","6":"product_cat-red-light-therapy","7":"product_cat-led-face-light-therapy","8":"product_cat-red-light-therapy-panel","9":"product_cat-services","10":"product_tag-empty-vape-cartridge-packaging","11":"product_tag-vape-cartridge-packaging","12":"product_tag-vape-cartridge-packaging-usa","14":"first","15":"instock","16":"shipping-taxable","17":"product-type-simple","18":"entry","19":"content-bg","20":"loop-entry"},"_links":{"self":[{"href":"https:\/\/red-lighttherapy.com\/pl\/wp-json\/wp\/v2\/product\/929","targetHints":{"allow":["GET"]}}],"collection":[{"href":"https:\/\/red-lighttherapy.com\/pl\/wp-json\/wp\/v2\/product"}],"about":[{"href":"https:\/\/red-lighttherapy.com\/pl\/wp-json\/wp\/v2\/types\/product"}],"wp:featuredmedia":[{"embeddable":true,"href":"https:\/\/red-lighttherapy.com\/pl\/wp-json\/wp\/v2\/media\/930"}],"wp:attachment":[{"href":"https:\/\/red-lighttherapy.com\/pl\/wp-json\/wp\/v2\/media?parent=929"}],"wp:term":[{"taxonomy":"product_brand","embeddable":true,"href":"https:\/\/red-lighttherapy.com\/pl\/wp-json\/wp\/v2\/product_brand?post=929"},{"taxonomy":"product_cat","embeddable":true,"href":"https:\/\/red-lighttherapy.com\/pl\/wp-json\/wp\/v2\/product_cat?post=929"},{"taxonomy":"product_tag","embeddable":true,"href":"https:\/\/red-lighttherapy.com\/pl\/wp-json\/wp\/v2\/product_tag?post=929"}],"curies":[{"name":"wp","href":"https:\/\/api.w.org\/{rel}","templated":true}]}}