{"id":923,"date":"2025-04-15T10:22:56","date_gmt":"2025-04-15T10:22:56","guid":{"rendered":"https:\/\/red-lighttherapy.com\/?post_type=product&#038;p=923"},"modified":"2025-04-16T16:38:08","modified_gmt":"2025-04-16T16:38:08","slug":"custom-clamshell-perfume-gift-boxes-packaging-supplies","status":"publish","type":"product","link":"https:\/\/red-lighttherapy.com\/pl\/custom-clamshell-perfume-gift-boxes-packaging-supplies\/","title":{"rendered":"Niestandardowe pude\u0142ka na perfumy z klapk\u0105 Materia\u0142y opakowaniowe"},"content":{"rendered":"<h3 id=\"1-full-dimensional-brand-customization-service-\">1.\u00a0<strong>Pe\u0142nowymiarowa us\u0142uga dostosowywania marki<\/strong><\/h3>\n<p>\u015awiadczymy us\u0142ugi dostosowywania pe\u0142nego procesu od projektu do produkcji i mo\u017cemy elastycznie dostosowywa\u0107 rozmiar, kunszt, dopasowanie kolor\u00f3w i struktur\u0119 opakowania zgodnie z pozycjonowaniem marki, charakterystyk\u0105 produktu i zapotrzebowaniem rynku. Niezale\u017cnie od tego, czy jest to prosty nowoczesny styl, orientalne elementy estetyczne, czy wysokiej klasy styl ilustracji artystycznych, mo\u017ce dok\u0142adnie pasowa\u0107 do tonu marki. Na przyk\u0142ad poprzez t\u0142oczenie na gor\u0105co, wyt\u0142aczanie, wyt\u0142aczanie i inne procesy w celu wzmocnienia warstw wizualnych lub zintegrowania ekskluzywnego LOGO marki i symboli kulturowych w celu stworzenia unikalnego rozwi\u0105zania opakowaniowego.<\/p>\n<h3 id=\"2-16-year-source-factory-quality-and-cost-double-guarantee-\">2.\u00a0<strong>16-letnia fabryka \u017ar\u00f3d\u0142owa, podw\u00f3jna gwarancja jako\u015bci i koszt\u00f3w<\/strong><\/h3>\n<p>Jako fabryka \u017ar\u00f3d\u0142owa z 16-letnim do\u015bwiadczeniem w bran\u017cy opakowa\u0144, posiadamy kompletny system \u0142a\u0144cucha dostaw, kt\u00f3ry jest w pe\u0142ni kontrolowany od zakupu surowc\u00f3w po produkcj\u0119 i przetwarzanie. Korzystamy z modelu produkcji na du\u017c\u0105 skal\u0119 w celu obni\u017cenia koszt\u00f3w i \u015bci\u015ble kontrolujemy szczeg\u00f3\u0142y, takie jak gramatura papieru i ochrona \u015brodowiska kleju, aby zapewni\u0107, \u017ce produkt ma zar\u00f3wno wysok\u0105 wydajno\u015b\u0107 kosztow\u0105, jak i trwa\u0142o\u015b\u0107. Nasi klienci wsp\u00f3\u0142pracuj\u0105cy obejmuj\u0105 mi\u0119dzynarodowe marki kosmetyczne i najnowocze\u015bniejsze firmy zapachowe, a jako\u015b\u0107 zosta\u0142a zweryfikowana przez rynek przez d\u0142ugi czas.<\/p>\n<h3 id=\"3-design-empowers-brand-value-enhancement-\">3.\u00a0<strong>Wzornictwo zwi\u0119ksza warto\u015b\u0107 marki<\/strong><\/h3>\n<p>Zesp\u00f3\u0142 projektant\u00f3w opakowa\u0144 jest dobrze zorientowany w logice luksusowych opakowa\u0144 i zwi\u0119ksza warto\u015b\u0107 dodan\u0105 produktu poprzez kontrast materia\u0142\u00f3w, psychologi\u0119 kolor\u00f3w i innowacje strukturalne. Na przyk\u0142ad po\u0142\u0105czenie szarej tektury i czarnego kartonu nie tylko podkre\u015bla spokojn\u0105 tekstur\u0119, ale tak\u017ce zapewnia p\u0142ynne dopasowanie podszewki do produktu dzi\u0119ki technologii sztancowania, przekazuj\u0105c profesjonalny wizerunek marki z najwy\u017cszej p\u00f3\u0142ki. Przypadki pokazuj\u0105, \u017ce niestandardowy projekt mo\u017ce zwi\u0119kszy\u0107 przychylno\u015b\u0107 konsument\u00f3w wobec marki o ponad 40%.<\/p>\n<h3 id=\"4-scientific-lining-protection-system-\">4.\u00a0<strong>Naukowy system ochrony ok\u0142adzin<\/strong><\/h3>\n<p>Wy\u015bci\u00f3\u0142ka wykorzystuje materia\u0142y o wysokiej amortyzacji, takie jak pianka EVA, flokowanie lub niestandardowa g\u0105bka, i dok\u0142adnie dopasowuje si\u0119 do konturu butelki perfum dzi\u0119ki precyzyjnej technologii wykrawania, aby unikn\u0105\u0107 wstrz\u0105s\u00f3w i kolizji podczas transportu. Wewn\u0119trzna warstwa szarej tektury (1200 GSM) zapewnia podstawowe wsparcie, a zewn\u0119trzna warstwa czarnej karty (120 GSM) zwi\u0119ksza odporno\u015b\u0107 na nacisk. Podw\u00f3jna ochrona zapewnia, \u017ce produkt jest nienaruszony.<\/p>\n<h3 id=\"5-environmentally-friendly-materials-stable-structure-\">5.\u00a0<strong>Materia\u0142y przyjazne dla \u015brodowiska, stabilna konstrukcja<\/strong><\/h3>\n<p>Podstawowymi materia\u0142ami s\u0105 szara tektura 1200 GSM i czarny karton 120 GSM, kt\u00f3re s\u0105 zgodne z dyrektyw\u0105 RoHS i charakteryzuj\u0105 si\u0119 zar\u00f3wno wysok\u0105 wytrzyma\u0142o\u015bci\u0105, jak i lekko\u015bci\u0105. Szara tektura jest poddawana obr\u00f3bce odpornej na wilgo\u0107, aby dostosowa\u0107 si\u0119 do r\u00f3\u017cnych \u015brodowisk temperatury i wilgotno\u015bci; czarny karton ma g\u0142adk\u0105 powierzchni\u0119 i siln\u0105 przyczepno\u015b\u0107 druku, kt\u00f3ra mo\u017ce prezentowa\u0107 z\u0142o\u017cone efekty, takie jak delikatne gradienty i t\u0142oczenie na gor\u0105co, spe\u0142niaj\u0105c rygorystyczne wymagania rynku high-end dotycz\u0105ce stabilno\u015bci opakowania.<\/p>\n<h3 id=\"6-flip-top-design-practical-and-aesthetic-balance-\">6.\u00a0<strong>Konstrukcja typu flip-top, praktyczna i estetyczna r\u00f3wnowaga<\/strong><\/h3>\n<p>Pude\u0142ko typu flip-top ma magnetyczn\u0105 lub klamrow\u0105 konstrukcj\u0119 zamkni\u0119cia, kt\u00f3r\u0105 mo\u017cna \u0142atwo otworzy\u0107 jedn\u0105 r\u0119k\u0105, a konstrukcja okna wy\u015bwietlacza pozwala zobaczy\u0107 produkt na pierwszy rzut oka. K\u0105ty otwierania i zamykania s\u0105 ergonomicznie zoptymalizowane, a dost\u0119p jest p\u0142ynny. W tym samym czasie, flip mo\u017ce by\u0107 u\u017cywany jako niezale\u017cny stojak ekspozycyjny, gdy jest postawiony, co nadaje si\u0119 do ekspozycji na ladzie lub scen wr\u0119czania prezent\u00f3w, \u0142\u0105cz\u0105c funkcjonalno\u015b\u0107 i rytua\u0142.<\/p>\n<h3 id=\"7-natural-color-matching-exquisite-style-\">7.\u00a0<strong>Naturalne dopasowanie kolor\u00f3w, wykwintny styl<\/strong><\/h3>\n<p>Og\u00f3lna zielona kolorystyka o niskim nasyceniu odzwierciedla koncepcj\u0119 ochrony \u015brodowiska, jednocze\u015bnie przekazuj\u0105c \u015bwie\u017cy i wysokiej klasy wizerunek marki. Proste linie w kszta\u0142cie pude\u0142ka z matow\u0105\/per\u0142ow\u0105 obr\u00f3bk\u0105 powierzchni pozwalaj\u0105 unikn\u0105\u0107 nadmiernej dekoracji i przekazuj\u0105 styl marki poprzez faktur\u0119 samego materia\u0142u. Rzeczywiste dane testowe pokazuj\u0105, \u017ce ten typ projektu mo\u017ce wyd\u0142u\u017cy\u0107 wizualny czas przebywania produktu na p\u00f3\u0142ce o 30%.<\/p>","protected":false},"excerpt":{"rendered":"<p>Od kreatywnego projektu po masow\u0105 produkcj\u0119 i dostaw\u0119, wspieramy si\u0119 16-letnim do\u015bwiadczeniem w bran\u017cy i pomagamy markom wyr\u00f3\u017cni\u0107 si\u0119 w ostrej konkurencji dzi\u0119ki niestandardowym rozwi\u0105zaniom. Niezale\u017cnie od tego, czy chodzi o prezenty \u015bwi\u0105teczne, ekskluzywne produkty e-commerce czy ekspozytory offline, mo\u017cemy zapewni\u0107 rozwi\u0105zania adaptacyjne, kt\u00f3re pomog\u0105 poprawi\u0107 mo\u017cliwo\u015bci premium produktu.<\/p>","protected":false},"featured_media":924,"template":"","meta":{"_kad_post_transparent":"default","_kad_post_title":"","_kad_post_layout":"default","_kad_post_sidebar_id":"","_kad_post_content_style":"default","_kad_post_vertical_padding":"default","_kad_post_feature":"","_kad_post_feature_position":"","_kad_post_header":false,"_kad_post_footer":false,"_kad_post_classname":""},"product_brand":[],"product_cat":[15,27,17],"product_tag":[348,347,349],"class_list":{"0":"post-923","1":"product","2":"type-product","3":"status-publish","4":"has-post-thumbnail","6":"product_cat-red-light-therapy","7":"product_cat-red-light-therapy-belt","8":"product_cat-services","9":"product_tag-custom-clamshell","10":"product_tag-custom-clamshell-boxes","11":"product_tag-gift-boxes-packaging-supplies","13":"first","14":"instock","15":"shipping-taxable","16":"product-type-simple","17":"entry","18":"content-bg","19":"loop-entry"},"_links":{"self":[{"href":"https:\/\/red-lighttherapy.com\/pl\/wp-json\/wp\/v2\/product\/923","targetHints":{"allow":["GET"]}}],"collection":[{"href":"https:\/\/red-lighttherapy.com\/pl\/wp-json\/wp\/v2\/product"}],"about":[{"href":"https:\/\/red-lighttherapy.com\/pl\/wp-json\/wp\/v2\/types\/product"}],"wp:featuredmedia":[{"embeddable":true,"href":"https:\/\/red-lighttherapy.com\/pl\/wp-json\/wp\/v2\/media\/924"}],"wp:attachment":[{"href":"https:\/\/red-lighttherapy.com\/pl\/wp-json\/wp\/v2\/media?parent=923"}],"wp:term":[{"taxonomy":"product_brand","embeddable":true,"href":"https:\/\/red-lighttherapy.com\/pl\/wp-json\/wp\/v2\/product_brand?post=923"},{"taxonomy":"product_cat","embeddable":true,"href":"https:\/\/red-lighttherapy.com\/pl\/wp-json\/wp\/v2\/product_cat?post=923"},{"taxonomy":"product_tag","embeddable":true,"href":"https:\/\/red-lighttherapy.com\/pl\/wp-json\/wp\/v2\/product_tag?post=923"}],"curies":[{"name":"wp","href":"https:\/\/api.w.org\/{rel}","templated":true}]}}