{"id":900,"date":"2025-04-15T09:58:54","date_gmt":"2025-04-15T09:58:54","guid":{"rendered":"https:\/\/red-lighttherapy.com\/?post_type=product&#038;p=900"},"modified":"2025-04-15T10:16:33","modified_gmt":"2025-04-15T10:16:33","slug":"private-label-child-resistant-drawer-box-for-vape-cartridge","status":"publish","type":"product","link":"https:\/\/red-lighttherapy.com\/pl\/private-label-child-resistant-drawer-box-for-vape-cartridge\/","title":{"rendered":"Szuflada z zabezpieczeniem przed dzie\u0107mi na kartrid\u017c Vape marki w\u0142asnej"},"content":{"rendered":"<h2 id=\"-child-safe-drawer-type-electronic-cigarette-cartridge-box-product-description-\"><strong>Szuflada z zabezpieczeniem przed dzie\u0107mi na kartrid\u017c Vape Opis produktu<\/strong><\/h2>\n<h2 id=\"1-child-lock-patent-technology-\">1.\u00a0<strong>Opatentowana technologia blokady przed dzie\u0107mi<\/strong><\/h2>\n<p>Zastosowano uznan\u0105 na ca\u0142ym \u015bwiecie mechaniczn\u0105 blokad\u0119 przed dzie\u0107mi. Wk\u0142ad musi zosta\u0107 pod\u0142\u0105czony i od\u0142\u0105czony trzy razy w ci\u0105gu 2 sekund, zanim b\u0119dzie mo\u017cna go odblokowa\u0107 (dzia\u0142anie odblokowuj\u0105ce odnosi si\u0119 do mi\u0119dzynarodowych wymaga\u0144 certyfikacyjnych ISO 8317), co skutecznie zapobiega trzymaniu dzieci z dala. Certyfikat patentowy obejmuje g\u0142\u00f3wne regulacje rynkowe, takie jak EU EN 14375 i US ASTM D3475-18, zapewniaj\u0105c, \u017ce produkt jest zgodny z \"Electronic Cigarette Mandatory National Standard\" i globalnymi przepisami bezpiecze\u0144stwa.<\/p>\n<h2 id=\"2-sealing-and-protection-integration-\">2.\u00a0<strong>Integracja uszczelnie\u0144 i zabezpiecze\u0144<\/strong><\/h2>\n<p>Pude\u0142ko z szuflad\u0105 ma konstrukcj\u0119 z podw\u00f3jn\u0105 klamr\u0105. Po zamkni\u0119ciu tworzy hermetyczn\u0105 barier\u0119 dzi\u0119ki silikonowemu pier\u015bcieniowi uszczelniaj\u0105cemu. Odporno\u015b\u0107 na wilgo\u0107 i utlenianie osi\u0105ga poziom IP54, jednocze\u015bnie zapobiegaj\u0105c przypadkowemu otwarciu spowodowanemu uderzeniem zewn\u0119trznym.<\/p>\n<h2 id=\"1-fsc-certified-environmentally-friendly-paper-\">3. <strong>Papier przyjazny dla \u015brodowiska z certyfikatem FSC<\/strong><\/h2>\n<p>Korpus pude\u0142ka wykorzystuje papier z certyfikatem FSC-C137354, surowce pochodz\u0105 z las\u00f3w zarz\u0105dzanych w spos\u00f3b zr\u00f3wnowa\u017cony, s\u0105 zgodne z unijnym rozporz\u0105dzeniem w sprawie drewna (EUTR) i p\u00f3\u0142nocnoameryka\u0144skimi normami \u015brodowiskowymi, a nadruk na opakowaniu wykorzystuje atrament na bazie wody, kt\u00f3ry jest nietoksyczny i degradowalny.<\/p>\n<h2 id=\"2-visual-identification-system-enhancement-\">4. <strong>Ulepszenie systemu identyfikacji wizualnej<\/strong><\/h2>\n<ul>\n<li><strong>Kolor g\u0142\u00f3wny<\/strong>: Czysta bia\u0142a podstawa, symbolizuj\u0105ca bezpiecze\u0144stwo i technologi\u0119.<\/li>\n<li><strong>Projekt wzoru<\/strong>: Wyt\u0142oczony wz\u00f3r chmury na powierzchni pude\u0142ka jest inspirowany tradycyjnym orientalnym wzorem pomy\u015blnej chmury i jest dopasowany do procesu t\u0142oczenia na gor\u0105co LOGO marki, aby zwi\u0119kszy\u0107 rozpoznawalno\u015b\u0107 i wysokiej jako\u015bci tekstur\u0119.<\/li>\n<\/ul>\n<h2 id=\"1-eva-customized-lining-protection-\">5. <strong>Indywidualna ochrona podszewki EVA<\/strong><\/h2>\n<p>W wy\u015bci\u00f3\u0142ce zastosowano piank\u0119 EVA o wysokiej g\u0119sto\u015bci (g\u0119sto\u015b\u0107 45P, grubo\u015b\u0107 7 mm), kt\u00f3ra zosta\u0142a przetestowana pod k\u0105tem wytrzyma\u0142o\u015bci na ci\u015bnienie statyczne 50 kg i uderzenie z wysoko\u015bci 1,2 metra. Wewn\u0119trzna wn\u0119ka jest wycinana laserowo zgodnie z kszta\u0142tem wk\u0142adu, odpowiednia dla r\u00f3\u017cnych specyfikacji, a odporno\u015b\u0107 na wstrz\u0105sy i buforowanie jest 30% lepsza ni\u017c standard bran\u017cowy.<\/p>\n<h2 id=\"2-fast-modular-design-system-\">6. <strong>Szybki modu\u0142owy system projektowania<\/strong><\/h2>\n<ul>\n<li><strong>Dostawa w ci\u0105gu 72 godzin<\/strong>: Obs\u0142uguje import rysunk\u00f3w CAD, inteligentnie generuje struktur\u0119 pude\u0142ka, rozwi\u0105zanie dzielonej formy i jest kompatybilne z dostosowywaniem okr\u0105g\u0142ych \/ owalnych wk\u0142ad\u00f3w (\u015brednica 20 mm lub wi\u0119cej).<\/li>\n<li><strong>Elastyczna rozbudowa<\/strong>: Szuflad\u0119 mo\u017cna rozszerzy\u0107 do struktury jedno- lub dwuwarstwowej, odpowiedniej dla jednorazowych papieros\u00f3w elektronicznych lub zestaw\u00f3w wielosmakowych z wymiennymi wk\u0142adami.<\/li>\n<\/ul>\n<h2 id=\"-fourth-compliance-certification-and-after-sales-service-\"><strong>7. Certyfikacja zgodno\u015bci i obs\u0142uga posprzeda\u017cna<\/strong><\/h2>\n<ul>\n<li><strong>Mi\u0119dzynarodowa certyfikacja<\/strong>: Przeszed\u0142 testy CE, RoHS, REACH i zeskanuj kod, aby zweryfikowa\u0107 parti\u0119 produkcyjn\u0105 i certyfikat zgodno\u015bci.<\/li>\n<li><strong>Zobowi\u0105zanie do zapewnienia jako\u015bci<\/strong>: Zapewnienie 12-miesi\u0119cznej gwarancji strukturalnej oraz wsparcie recyklingu i modernizacji starych skrzynek.<\/li>\n<\/ul>","protected":false},"excerpt":{"rendered":"<p>Produkt ten traktuje \"bezpiecze\u0144stwo, ochron\u0119 \u015brodowiska i wysok\u0105 wydajno\u015b\u0107\" jako podstaw\u0119, g\u0142\u0119boko integruje mechanizm zabezpieczaj\u0105cy przed dzie\u0107mi z estetyk\u0105 marki i spe\u0142nia r\u00f3\u017cnorodne potrzeby globalnych marek vape w zakresie zgodno\u015bci, do\u015bwiadczenia u\u017cytkownika i wydajno\u015bci \u0142a\u0144cucha dostaw.<\/p>","protected":false},"featured_media":913,"template":"","meta":{"_kad_post_transparent":"default","_kad_post_title":"","_kad_post_layout":"default","_kad_post_sidebar_id":"","_kad_post_content_style":"default","_kad_post_vertical_padding":"default","_kad_post_feature":"","_kad_post_feature_position":"","_kad_post_header":false,"_kad_post_footer":false,"_kad_post_classname":""},"product_brand":[],"product_cat":[15,20,40,17],"product_tag":[344,345,346],"class_list":{"0":"post-900","1":"product","2":"type-product","3":"status-publish","4":"has-post-thumbnail","6":"product_cat-red-light-therapy","7":"product_cat-led-face-light-therapy","8":"product_cat-red-light-therapy-panel","9":"product_cat-services","10":"product_tag-child-resistant-vape-packaging","11":"product_tag-drawer-box-for-vape-cartridge","12":"product_tag-private-label-vape-cartridge-box","14":"first","15":"instock","16":"shipping-taxable","17":"product-type-simple","18":"entry","19":"content-bg","20":"loop-entry"},"_links":{"self":[{"href":"https:\/\/red-lighttherapy.com\/pl\/wp-json\/wp\/v2\/product\/900","targetHints":{"allow":["GET"]}}],"collection":[{"href":"https:\/\/red-lighttherapy.com\/pl\/wp-json\/wp\/v2\/product"}],"about":[{"href":"https:\/\/red-lighttherapy.com\/pl\/wp-json\/wp\/v2\/types\/product"}],"wp:featuredmedia":[{"embeddable":true,"href":"https:\/\/red-lighttherapy.com\/pl\/wp-json\/wp\/v2\/media\/913"}],"wp:attachment":[{"href":"https:\/\/red-lighttherapy.com\/pl\/wp-json\/wp\/v2\/media?parent=900"}],"wp:term":[{"taxonomy":"product_brand","embeddable":true,"href":"https:\/\/red-lighttherapy.com\/pl\/wp-json\/wp\/v2\/product_brand?post=900"},{"taxonomy":"product_cat","embeddable":true,"href":"https:\/\/red-lighttherapy.com\/pl\/wp-json\/wp\/v2\/product_cat?post=900"},{"taxonomy":"product_tag","embeddable":true,"href":"https:\/\/red-lighttherapy.com\/pl\/wp-json\/wp\/v2\/product_tag?post=900"}],"curies":[{"name":"wp","href":"https:\/\/api.w.org\/{rel}","templated":true}]}}