{"id":894,"date":"2025-04-15T09:42:47","date_gmt":"2025-04-15T09:42:47","guid":{"rendered":"https:\/\/red-lighttherapy.com\/?post_type=product&#038;p=894"},"modified":"2025-04-16T16:37:17","modified_gmt":"2025-04-16T16:37:17","slug":"bespoke-clamshell-gift-box-for-1-gram-concentrate-live-resin","status":"publish","type":"product","link":"https:\/\/red-lighttherapy.com\/pl\/bespoke-clamshell-gift-box-for-1-gram-concentrate-live-resin\/","title":{"rendered":"Pude\u0142ko upominkowe z klapk\u0105 na zam\u00f3wienie na 1 gram koncentratu \u017cywej \u017cywicy"},"content":{"rendered":"<h2 id=\"-customized-flip-top-gift-box-1g-concentrated-active-resin-exclusive-protection-solution-\"><strong>Niestandardowe pude\u0142ko upominkowe z klapk\u0105 1 g skoncentrowanej aktywnej \u017cywicy, ekskluzywne rozwi\u0105zanie ochronne<\/strong><\/h2>\n<h2 id=\"-1-ergonomic-flip-top-design-one-handed-operation-without-burden-\"><strong>1. Ergonomiczna konstrukcja typu flip-top, obs\u0142uga jedn\u0105 r\u0119k\u0105 bez obci\u0105\u017cenia<\/strong><\/h2>\n<ul>\n<li>Dzi\u0119ki precyzyjnej konstrukcji zawias\u00f3w i podw\u00f3jnemu wspomaganiu klamr\u0105 magnetyczn\u0105, mo\u017cna je p\u0142ynnie otwiera\u0107 i zamyka\u0107 jedn\u0105 r\u0119k\u0105, unikaj\u0105c problem\u00f3w z tradycyjnymi sk\u0142adanymi pude\u0142kami, kt\u00f3re \u0142atwo si\u0119 zacinaj\u0105 lub poluzowuj\u0105.<\/li>\n<li>\u017bywotno\u015b\u0107 klapki zosta\u0142a przetestowana na 10 000 razy otwierania i zamykania, a trwa\u0142o\u015b\u0107 zosta\u0142a zwi\u0119kszona o 300%, spe\u0142niaj\u0105c potrzeby cz\u0119stego u\u017cytkowania.<\/li>\n<\/ul>\n<h2 id=\"-2-environmentally-friendly-coated-paper-material-taking-into-account-strength-and-sustainability-\"><strong>2. Przyjazny dla \u015brodowiska powlekany materia\u0142 papierowy, uwzgl\u0119dniaj\u0105cy wytrzyma\u0142o\u015b\u0107 i zr\u00f3wnowa\u017cony rozw\u00f3j<\/strong><\/h2>\n<ul>\n<li>Wybrany zag\u0119szczony papier powlekany z certyfikatem FSC (opcjonalnie folia matowa\/jasna), twardo\u015b\u0107 400 g\/m\u00b2, no\u015bno\u015b\u0107 ponad 500 g, mocno chroni\u0105cy 1 g produkt\u00f3w \u017cywicznych.<\/li>\n<li>Obs\u0142uga przyjaznego dla \u015brodowiska procesu drukowania atramentem i degradowalnego powlekania, zgodnie ze standardami dost\u0119pu do ochrony \u015brodowiska na rynku europejskim i ameryka\u0144skim.<\/li>\n<\/ul>\n<h2 id=\"-3-precision-die-cutting-process-millimeter-level-precision-adaptation-\"><strong>3. Precyzyjny proces wykrawania, dostosowanie precyzji na poziomie milimetra<\/strong><\/h2>\n<ul>\n<li>Technologia ci\u0119cia laserowego zapewnia brak zadzior\u00f3w na kraw\u0119dzi pude\u0142ka, tolerancja szwu wynosi \u22640,3 mm, dotyk jest delikatny i pozwala unikn\u0105\u0107 ryzyka zadrapa\u0144.<\/li>\n<li>G\u0142\u0119boko\u015b\u0107 wbudowanego okr\u0105g\u0142ego rowka jest dostosowana do g\u0142\u00f3wnego rozmiaru koncentratu o masie 1 grama w bran\u017cy (\u015brednica 20 mm \/ regulowana), a zastosowana warstwa buforowa EVA o jako\u015bci spo\u017cywczej jest odporna na wstrz\u0105sy i nacisk oraz nie przemieszcza si\u0119 podczas transportu.<\/li>\n<\/ul>\n<h2 id=\"-4-minimalist-blank-design-interpreting-high-end-tonality-\"><strong>4. Minimalistyczna, pusta konstrukcja, interpretuj\u0105ca tonacj\u0119 high-end<\/strong><\/h2>\n<ul>\n<li>Matowa podstawa w czystym kolorze jest dopasowana do pustego projektu bez LOGO, podkre\u015blaj\u0105c warto\u015b\u0107 tre\u015bci i obs\u0142uguje t\u0142oczenie na gor\u0105co, wyt\u0142aczanie, cz\u0119\u015bciow\u0105 jasn\u0105 powierzchni\u0119 UV i inne procesy dostosowywania.<\/li>\n<li>Opcjonalna magnetyczna aksamitna wy\u015bci\u00f3\u0142ka, metalowa tabliczka znamionowa lub niestandardowe miejsce na kart\u0119, aby zwi\u0119kszy\u0107 poczucie ceremonii rozpakowywania.<\/li>\n<\/ul>\n<h2 id=\"-customized-service-\"><strong>5. Us\u0142uga dostosowana do potrzeb klienta<\/strong><\/h2>\n<ul>\n<li><strong>Elastyczny rozmiar<\/strong>: Obs\u0142uguje regulacj\u0119 rowk\u00f3w o \u015brednicy 15-30 mm, dostosowuj\u0105c si\u0119 do puszek woskowych o specjalnym kszta\u0142cie lub potrzeb pakowania wielosiatkowego.<\/li>\n<li><strong>Modernizacja strukturalna<\/strong>: Mo\u017cna doda\u0107 plomby zapobiegaj\u0105ce podrabianiu, wysuwane tacki wewn\u0119trzne lub dwuwarstwowe konstrukcje do uk\u0142adania w stosy.<\/li>\n<li><strong>Rozwi\u0105zanie do drukowania<\/strong>: Dost\u0119pne s\u0105 kolory dodatkowe Pantone, kolory fluorescencyjne, druk wyt\u0142aczany i inne niszowe procesy, a ca\u0142a powierzchnia pude\u0142ka jest dostosowana wizualnie do marki.<\/li>\n<li><strong>Warto\u015b\u0107 dodana akcesori\u00f3w<\/strong>: Z niestandardowymi narz\u0119dziami (takimi jak mikro-szpatu\u0142ki), wk\u0142adkami z instrukcjami lub chipami elektronicznymi (identyfikowalno\u015b\u0107 NFC).<\/li>\n<\/ul>\n<h3 id=\"-application-scenarios-\"><strong>6. Scenariusze zastosowa\u0144<\/strong><\/h3>\n<ul>\n<li>Wysokiej klasy zestawy upominkowe ze skoncentrowan\u0105 \u017cywic\u0105<\/li>\n<li>Limitowane opakowania produkt\u00f3w pod wsp\u00f3ln\u0105 mark\u0105<\/li>\n<li>Szczelne przechowywanie sk\u0142adnik\u00f3w aktywnych klasy medycznej<\/li>\n<li>Ekskluzywne spersonalizowane pude\u0142ka upominkowe dla cz\u0142onk\u00f3w marki<\/li>\n<\/ul>","protected":false},"excerpt":{"rendered":"<p>Pude\u0142ko upominkowe z klapk\u0105 zaprojektowane specjalnie dla skoncentrowanej \u017cywicy o wysokiej warto\u015bci (Live Resin) \u0142\u0105czy minimalistyczn\u0105 estetyk\u0119 z funkcjonalnym designem i wykorzystuje precyzyjne rzemios\u0142o, aby osi\u0105gn\u0105\u0107 potr\u00f3jne ulepszenie w zakresie ochrony produktu, przeno\u015bno\u015bci i tekstury marki. Nadaje si\u0119 do wysokiej klasy prezent\u00f3w, limitowanych edycji lub niszowych potrzeb dostosowywania.<\/p>","protected":false},"featured_media":896,"template":"","meta":{"_kad_post_transparent":"default","_kad_post_title":"","_kad_post_layout":"default","_kad_post_sidebar_id":"","_kad_post_content_style":"default","_kad_post_vertical_padding":"default","_kad_post_feature":"","_kad_post_feature_position":"","_kad_post_header":false,"_kad_post_footer":false,"_kad_post_classname":""},"product_brand":[],"product_cat":[15,27,17],"product_tag":[339,340,338],"class_list":{"0":"post-894","1":"product","2":"type-product","3":"status-publish","4":"has-post-thumbnail","6":"product_cat-red-light-therapy","7":"product_cat-red-light-therapy-belt","8":"product_cat-services","9":"product_tag-bespoke-live-resin-gift-box","10":"product_tag-clamshell-gift-box-for-concentrate","11":"product_tag-gift-box-for-1-gram-concentrate","13":"first","14":"instock","15":"shipping-taxable","16":"product-type-simple","17":"entry","18":"content-bg","19":"loop-entry"},"_links":{"self":[{"href":"https:\/\/red-lighttherapy.com\/pl\/wp-json\/wp\/v2\/product\/894","targetHints":{"allow":["GET"]}}],"collection":[{"href":"https:\/\/red-lighttherapy.com\/pl\/wp-json\/wp\/v2\/product"}],"about":[{"href":"https:\/\/red-lighttherapy.com\/pl\/wp-json\/wp\/v2\/types\/product"}],"wp:featuredmedia":[{"embeddable":true,"href":"https:\/\/red-lighttherapy.com\/pl\/wp-json\/wp\/v2\/media\/896"}],"wp:attachment":[{"href":"https:\/\/red-lighttherapy.com\/pl\/wp-json\/wp\/v2\/media?parent=894"}],"wp:term":[{"taxonomy":"product_brand","embeddable":true,"href":"https:\/\/red-lighttherapy.com\/pl\/wp-json\/wp\/v2\/product_brand?post=894"},{"taxonomy":"product_cat","embeddable":true,"href":"https:\/\/red-lighttherapy.com\/pl\/wp-json\/wp\/v2\/product_cat?post=894"},{"taxonomy":"product_tag","embeddable":true,"href":"https:\/\/red-lighttherapy.com\/pl\/wp-json\/wp\/v2\/product_tag?post=894"}],"curies":[{"name":"wp","href":"https:\/\/api.w.org\/{rel}","templated":true}]}}