{"id":893,"date":"2025-04-15T09:26:53","date_gmt":"2025-04-15T09:26:53","guid":{"rendered":"https:\/\/red-lighttherapy.com\/?post_type=product&#038;p=893"},"modified":"2025-04-16T16:38:38","modified_gmt":"2025-04-16T16:38:38","slug":"customized-clamshell-magnetic-perfume-box-gift-box-sourcing","status":"publish","type":"product","link":"https:\/\/red-lighttherapy.com\/pl\/customized-clamshell-magnetic-perfume-box-gift-box-sourcing\/","title":{"rendered":"Dostosowane magnetyczne pude\u0142ko na perfumy Clamshell Sourcing pude\u0142ka na prezenty"},"content":{"rendered":"<h3 id=\"1-material-selection-the-golden-combination-of-coated-paper-and-cardboard-\">1.\u00a0<strong>Wyb\u00f3r materia\u0142u: z\u0142ota kombinacja powlekanego papieru i kartonu<\/strong><\/h3>\n<p>Pude\u0142ko upominkowe wykorzystuje\u00a0<strong>papier powlekany<\/strong>\u00a0jako papier powierzchniowy. Jego powierzchnia jest g\u0142adka i ch\u0142onna. Mo\u017ce dok\u0142adnie odtworzy\u0107 precyzyjne wzory i delikatne efekty gradientu. Jest szczeg\u00f3lnie odpowiedni do projekt\u00f3w, kt\u00f3re prezentuj\u0105 metaliczne tekstury lub poziomy \u015bwiat\u0142a i cienia.\u00a0<strong>Karton jednostronny 1200 g<\/strong>\u00a0jest u\u017cywany jako dno. Grubo\u015b\u0107 i no\u015bno\u015b\u0107 s\u0105 \u015bci\u015ble mierzone, aby zapewni\u0107, \u017ce korpus pude\u0142ka jest stabilny i nie\u0142atwy do odkszta\u0142cenia. Jednocze\u015bnie konstrukcja wewn\u0119trzna (taka jak tekturowa wy\u015bci\u00f3\u0142ka o strukturze plastra miodu) jest u\u017cywana w celu poprawy mocowania perfum, aby unikn\u0105\u0107 uszkodze\u0144 spowodowanych wstrz\u0105sami podczas transportu.<\/p>\n<h3 id=\"2-appearance-design-deep-purple-tone-and-four-color-spot-color-technology-fusion-\">2.\u00a0<strong>Wygl\u0105d: g\u0142\u0119boki odcie\u0144 fioletu i po\u0142\u0105czenie czterech kolor\u00f3w + kolor\u00f3w dodatkowych<\/strong><\/h3>\n<p>Kolor bazowy wykorzystuje\u00a0<strong>g\u0142\u0119boki fiolet<\/strong>kt\u00f3ry symbolizuje elegancj\u0119 i tajemniczo\u015b\u0107 oraz pasuje do wysokiej klasy pozycjonowania produkt\u00f3w perfumeryjnych.\u00a0<strong>Druk czterokolorowy (CMYK)<\/strong>\u00a0s\u0142u\u017cy do uzyskania podstawowego pokrycia kolorem, a\u00a0<strong>Druk w kolorze dodatkowym<\/strong>\u00a0(np. niestandardowy kolor karty Pantone) jest nak\u0142adany w celu podkre\u015blenia LOGO marki lub specjalnej tekstury, aby zapewni\u0107 nasycenie kolor\u00f3w i sp\u00f3jno\u015b\u0107. Na przyk\u0142ad cz\u0119\u015b\u0107 LOGO przyjmuje specjalny proces t\u0142oczenia na gor\u0105co, aby stworzy\u0107 wizualne skupienie na matowym tle, a og\u00f3lny styl jest prosty, ale luksusowy.<\/p>\n<h3 id=\"3-surface-treatment-matt-film-process-improves-practicality-and-protection-\">3.\u00a0<strong>Obr\u00f3bka powierzchni: Proces matowej folii zwi\u0119ksza praktyczno\u015b\u0107 i ochron\u0119<\/strong><\/h3>\n<p>Powierzchnia pude\u0142ka jest pokryta\u00a0<strong>folia matowa<\/strong>kt\u00f3ra charakteryzuje si\u0119 odporno\u015bci\u0105 na zabrudzenia, odciski palc\u00f3w i \u015bcieranie. Powierzchnia jest pokryta matow\u0105 foli\u0105, tworz\u0105c wysokiej jako\u015bci matow\u0105 powierzchni\u0119, kt\u00f3ra mo\u017ce unikn\u0105\u0107 interferencji odbicia, a jednocze\u015bnie zapobiega erozji wilgoci, oleju i alkoholu oraz wyd\u0142u\u017ca \u017cywotno\u015b\u0107 pude\u0142ka upominkowego.<\/p>\n<h3 id=\"4-structural-design-the-convenience-and-aesthetic-balance-of-the-top-and-bottom-box-flap-\">4.\u00a0<strong>Konstrukcja: wygoda i estetyczna r\u00f3wnowaga g\u00f3rnej i dolnej klapy skrzynki<\/strong><\/h3>\n<p>Przyj\u0119cie\u00a0<strong>Konstrukcja g\u00f3rnej i dolnej klapy skrzynki<\/strong>G\u00f3rne i dolne pude\u0142ko s\u0105 zamykane za pomoc\u0105 magnetycznej struktury ss\u0105cej, a k\u0105t otwierania i zamykania wynosi do 180\u00b0, co u\u0142atwia pobieranie i umieszczanie perfum. Stosunek pokrywy pude\u0142ka i korpusu pude\u0142ka zosta\u0142 ergonomicznie zoptymalizowany, dzi\u0119ki czemu mo\u017cna je otwiera\u0107 i zamyka\u0107 jedn\u0105 r\u0119k\u0105, co jest proste i szybkie, oszcz\u0119dzaj\u0105c czas.<\/p>\n<h3 id=\"5-personalized-customization-flexibly-adapt-to-brand-creative-needs-\">5.\u00a0<strong>Spersonalizowane dostosowanie: elastyczne dostosowanie do kreatywnych potrzeb marki<\/strong><\/h3>\n<p>Powierzchnia skrzynki obs\u0142uguje\u00a0<strong>Drukowanie na ca\u0142ej szeroko\u015bci<\/strong>i mo\u017ce dostosowywa\u0107 wzory, teksty i historie marki. Na przyk\u0142ad, technologia druku cyfrowego mo\u017ce by\u0107 wykorzystana do uzyskania ma\u0142ych partii o wysokiej precyzji, a procesy wyt\u0142aczania i t\u0142oczenia na gor\u0105co mog\u0105 by\u0107 \u0142\u0105czone w celu zwi\u0119kszenia poziomu dotyku. Klienci mog\u0105 dostarczy\u0107 projekty lub powierzy\u0107 profesjonalnym zespo\u0142om wykonanie kreatywnych projekt\u00f3w, aby zapewni\u0107, \u017ce pude\u0142ko upominkowe przekazuje warto\u015b\u0107 marki od wygl\u0105du po zawarto\u015b\u0107.<\/p>\n<h3 id=\"6-box-type-adaptation-flexibility-of-multi-scenario-applications-\">6.\u00a0<strong>Adaptacja typu Box: elastyczno\u015b\u0107 zastosowa\u0144 w wielu scenariuszach<\/strong><\/h3>\n<p>Opr\u00f3cz standardowych skrzynek g\u00f3rnych i dolnych,\u00a0<strong>Typ szuflady, typ sk\u0142adany, typ klamry magnetycznej<\/strong>\u00a0i inne zr\u00f3\u017cnicowane typy pude\u0142ek. Na przyk\u0142ad, linia high-end mo\u017ce wykorzystywa\u0107 dwuwarstwow\u0105 struktur\u0119 zagnie\u017cd\u017cania, aby zwi\u0119kszy\u0107 poczucie tajemniczo\u015bci, podczas gdy limitowana edycja mo\u017ce by\u0107 zintegrowana z od\u0142\u0105czan\u0105 wk\u0142adk\u0105 lub urz\u0105dzeniem do testowania zapach\u00f3w, aby zwi\u0119kszy\u0107 interaktywno\u015b\u0107. Wszystkie typy pude\u0142ek przesz\u0142y testy odporno\u015bci na upadek i ci\u015bnienie, aby zapewni\u0107 bezpiecze\u0144stwo transportu.<\/p>\n<h3 id=\"7-capacity-guarantee-full-process-quality-control-of-5320-workshop-\">7.\u00a0<strong>Gwarancja wydajno\u015bci: pe\u0142na kontrola jako\u015bci procesu w warsztacie 5320\u33a1<\/strong><\/h3>\n<p>Mamy w\u0142asne\u00a0<strong>5320 metr\u00f3w kwadratowych inteligentnej bazy produkcyjnej<\/strong>Wyposa\u017cony w zaawansowany sprz\u0119t, taki jak sze\u015bciokolorowe maszyny drukarskie Heidelberg i w pe\u0142ni automatyczne maszyny sztancuj\u0105ce, wspieraj\u0105ce pe\u0142n\u0105 kontrol\u0119 procesu od projektu do dostawy. \u015aci\u015ble przestrzegamy systemu zarz\u0105dzania jako\u015bci\u0105 ISO, z dzienn\u0105 zdolno\u015bci\u0105 produkcyjn\u0105 ponad 30 000 sztuk, a pilne zam\u00f3wienia mog\u0105 by\u0107 dostarczone w ci\u0105gu 7 dni. Cyfrowy system zarz\u0105dzania monitoruje temperatur\u0119, wilgotno\u015b\u0107, st\u0119\u017cenie atramentu i inne parametry w czasie rzeczywistym, aby zapewni\u0107 sp\u00f3jno\u015b\u0107 produktu.<\/p>","protected":false},"excerpt":{"rendered":"<p>To pude\u0142ko upominkowe to innowacja w zakresie materia\u0142\u00f3w, rzemios\u0142a i wzornictwa, uwzgl\u0119dniaj\u0105ca funkcjonalno\u015b\u0107, estetyk\u0119 i ton marki. Nadaje si\u0119 do wysokiej klasy perfum, \u015bwi\u0105tecznych pude\u0142ek upominkowych lub limitowanych wsp\u00f3lnych produkt\u00f3w. Dzi\u0119ki elastycznemu \u0142a\u0144cuchowi dostaw i \u015bcis\u0142ej kontroli jako\u015bci zapewnia klientom wydajne i niezawodne rozwi\u0105zania dostosowane do ich potrzeb.<\/p>","protected":false},"featured_media":920,"template":"","meta":{"_kad_post_transparent":"default","_kad_post_title":"","_kad_post_layout":"default","_kad_post_sidebar_id":"","_kad_post_content_style":"default","_kad_post_vertical_padding":"default","_kad_post_feature":"","_kad_post_feature_position":"","_kad_post_header":false,"_kad_post_footer":false,"_kad_post_classname":""},"product_brand":[],"product_cat":[15,27,17],"product_tag":[341,342,343],"class_list":{"0":"post-893","1":"product","2":"type-product","3":"status-publish","4":"has-post-thumbnail","6":"product_cat-red-light-therapy","7":"product_cat-red-light-therapy-belt","8":"product_cat-services","9":"product_tag-customized-clamshell-box","10":"product_tag-magnetic-perfume-box","11":"product_tag-perfume-gift-box-sourcing","13":"first","14":"instock","15":"shipping-taxable","16":"product-type-simple","17":"entry","18":"content-bg","19":"loop-entry"},"_links":{"self":[{"href":"https:\/\/red-lighttherapy.com\/pl\/wp-json\/wp\/v2\/product\/893","targetHints":{"allow":["GET"]}}],"collection":[{"href":"https:\/\/red-lighttherapy.com\/pl\/wp-json\/wp\/v2\/product"}],"about":[{"href":"https:\/\/red-lighttherapy.com\/pl\/wp-json\/wp\/v2\/types\/product"}],"wp:featuredmedia":[{"embeddable":true,"href":"https:\/\/red-lighttherapy.com\/pl\/wp-json\/wp\/v2\/media\/920"}],"wp:attachment":[{"href":"https:\/\/red-lighttherapy.com\/pl\/wp-json\/wp\/v2\/media?parent=893"}],"wp:term":[{"taxonomy":"product_brand","embeddable":true,"href":"https:\/\/red-lighttherapy.com\/pl\/wp-json\/wp\/v2\/product_brand?post=893"},{"taxonomy":"product_cat","embeddable":true,"href":"https:\/\/red-lighttherapy.com\/pl\/wp-json\/wp\/v2\/product_cat?post=893"},{"taxonomy":"product_tag","embeddable":true,"href":"https:\/\/red-lighttherapy.com\/pl\/wp-json\/wp\/v2\/product_tag?post=893"}],"curies":[{"name":"wp","href":"https:\/\/api.w.org\/{rel}","templated":true}]}}