{"id":871,"date":"2025-04-15T06:50:34","date_gmt":"2025-04-15T06:50:34","guid":{"rendered":"https:\/\/red-lighttherapy.com\/?post_type=product&#038;p=871"},"modified":"2025-04-15T07:42:52","modified_gmt":"2025-04-15T07:42:52","slug":"satin-lined-magnetic-closure-box-wigs-hair-extension-online","status":"publish","type":"product","link":"https:\/\/red-lighttherapy.com\/pl\/satin-lined-magnetic-closure-box-wigs-hair-extension-online\/","title":{"rendered":"Peruki z satynow\u0105 podszewk\u0105 i magnetycznym zamkni\u0119ciem Przed\u0142u\u017canie w\u0142os\u00f3w online"},"content":{"rendered":"<h2 id=\"-satin-magnetic-buckle-wig-hair-extension-magnetic-box-product-description-\"><strong>Satynowe magnetyczne zamkni\u0119cie Peruka Przed\u0142u\u017canie w\u0142os\u00f3w Magnetyczne pude\u0142ko Opis produktu<\/strong><\/h2>\n<h2 id=\"1-magnetic-box-design-quiet-and-convenient-\">1.\u00a0<strong>Konstrukcja z magnetycznym zamkni\u0119ciem, cicha i wygodna<\/strong><\/h2>\n<p>Innowacyjna technologia cichej klamry magnetycznej umo\u017cliwia \u0142atwe otwieranie i zamykanie jedn\u0105 r\u0119k\u0105, ca\u0142kowicie rozwi\u0105zuj\u0105c bol\u0105czki tradycyjnych klamer, kt\u00f3re s\u0105 \u0142atwe w noszeniu i uci\u0105\u017cliwe w obs\u0142udze. Struktura magnetyczna zosta\u0142a precyzyjnie przetestowana, aby zapewni\u0107 utrzymanie stabilnej si\u0142y adsorpcji przy wysokiej cz\u0119stotliwo\u015bci u\u017cytkowania i jest odpowiednia do codziennego u\u017cytku peruk i produkt\u00f3w do przed\u0142u\u017cania w\u0142os\u00f3w, znacznie poprawiaj\u0105c komfort u\u017cytkowania i wydajno\u015b\u0107 us\u0142ug marki.<\/p>\n<h2 id=\"2-hot-stamping-process-and-three-dimensional-pattern-\">2.\u00a0<strong>Proces t\u0142oczenia na gor\u0105co i tr\u00f3jwymiarowy wz\u00f3r<\/strong><\/h2>\n<p>Powierzchnia pude\u0142ka wykorzystuje wysoce precyzyjn\u0105 technologi\u0119 t\u0142oczenia na gor\u0105co, aby zaprezentowa\u0107 LOGO marki lub niestandardowy tr\u00f3jwymiarowy wz\u00f3r (taki jak kwiaty, wzory geometryczne itp.), tworz\u0105c delikatny kontrast po\u0142ysku na satynowym materiale, wzmacniaj\u0105c wizualne warstwy i wysokiej klasy tekstur\u0119.<\/p>\n<h2 id=\"3-pink-main-color-stimulates-purchasing-desire-\">3.\u00a0<strong>R\u00f3\u017cowy kolor g\u0142\u00f3wny stymuluje ch\u0119\u0107 zakupu<\/strong><\/h2>\n<p>Korpus pude\u0142ka jest g\u0142\u00f3wnie w kolorze delikatnego r\u00f3\u017cu, w po\u0142\u0105czeniu z matow\u0105 satyn\u0105 w dotyku, przekazuj\u0105c elegancj\u0119 i dziewcz\u0119co\u015b\u0107, dok\u0142adnie dopasowuj\u0105c si\u0119 do preferencji estetycznych konsumentek i stymuluj\u0105c zakupy pod wp\u0142ywem impulsu.<\/p>\n<h2 id=\"4-replaceable-ribbon-accessory-design-\">4.\u00a0<strong>Konstrukcja akcesori\u00f3w z wymienn\u0105 ta\u015bm\u0105<\/strong><\/h2>\n<p>Standardowe satynowe wst\u0105\u017cki w tym samym kolorze umo\u017cliwiaj\u0105 wymian\u0119 sezonowych akcesori\u00f3w tematycznych (takich jak \u015bwi\u0105teczne haftowane wst\u0105\u017cki, odpinane zawieszki), bez konieczno\u015bci wymiany ca\u0142ego opakowania, co znacznie obni\u017ca koszty iteracji. Klienci mog\u0105 elastycznie dostosowywa\u0107 tekst wst\u0105\u017cki i dopasowanie kolor\u00f3w, aby spe\u0142ni\u0107 potrzeby dzia\u0142a\u0144 marketingowych.<\/p>\n<h2 id=\"5-eva-impact-resistant-lining-protection-\">5.\u00a0<strong>Odporna na uderzenia wy\u015bci\u00f3\u0142ka EVA<\/strong><\/h2>\n<p>Wbudowana warstwa buforowa EVA o wysokiej g\u0119sto\u015bci, struktura plastra miodu poch\u0142ania uderzenia podczas transportu lub upadku, aby unikn\u0105\u0107 deformacji peruki lub uszkodzenia akcesori\u00f3w. Podszewk\u0119 mo\u017cna wyj\u0105\u0107 i wyczy\u015bci\u0107, aby przed\u0142u\u017cy\u0107 \u017cywotno\u015b\u0107 opakowania.<\/p>\n<h2 id=\"6-customized-service-and-supply-chain-advantages-\">6.\u00a0<strong>Dostosowane us\u0142ugi i zalety \u0142a\u0144cucha dostaw<\/strong><\/h2>\n<ul>\n<li><strong>Elastyczna regulacja parametr\u00f3w<\/strong>: Obs\u0142uga dostosowywania rozmiaru online (dostosowanie do kr\u00f3tkich w\u0142os\u00f3w do zestaw\u00f3w d\u0142ugich w\u0142os\u00f3w), struktury pude\u0142ka (siatka \/ pojedyncza warstwa), materia\u0142u (przyjazna dla \u015brodowiska sk\u00f3ra z recyklingu \/ twarda podstawa papierowa) w celu zaspokojenia r\u00f3\u017cnorodnych potrzeb.<\/li>\n<li><strong>Niska minimalna ilo\u015b\u0107 zam\u00f3wienia<\/strong>: MOQ ju\u017c od 500 sztuk, ma\u0142e zam\u00f3wienia seryjne mog\u0105 by\u0107 r\u00f3wnie\u017c produkowane w celu zmniejszenia presji na zapasy klienta.<\/li>\n<li><strong>Szybka dostawa<\/strong>: Opieraj\u0105c si\u0119 na inteligentnych liniach produkcyjnych, od produkcji pr\u00f3bek do produkcji masowej zajmuje 7-15 dni i wsp\u00f3\u0142pracuje z globaln\u0105 sieci\u0105 logistyczn\u0105, aby zapewni\u0107 sprawn\u0105 dostaw\u0119.<\/li>\n<\/ul>\n<h2 id=\"7-applicable-scenarios-and-brand-value-\">7.\u00a0<strong>Odpowiednie scenariusze i warto\u015b\u0107 marki<\/strong><\/h2>\n<ul>\n<li><strong>Koniec konsumenta<\/strong>: Nadaje si\u0119 do osobistego przechowywania peruk i scenariuszy wr\u0119czania prezent\u00f3w, zwi\u0119kszaj\u0105c poczucie ceremonii rozpakowywania produktu;<\/li>\n<li><strong>Koniec dzia\u0142alno\u015bci<\/strong>: Salony kosmetyczne i sieci sklep\u00f3w z perukami mog\u0105 wzmocni\u0107 sw\u00f3j wysokiej klasy wizerunek dzi\u0119ki ujednoliconym opakowaniom;<\/li>\n<li><strong>Koncepcja ochrony \u015brodowiska<\/strong>: Materia\u0142 posiada certyfikat FSC, a wst\u0105\u017cka i podszewka mog\u0105 by\u0107 ponownie wykorzystane, co stanowi odpowied\u017a na trend zr\u00f3wnowa\u017conej konsumpcji.<\/li>\n<\/ul>","protected":false},"excerpt":{"rendered":"<p>Magnetyczna klamra magnetyczna typu Silent zapewnia wygod\u0119 otwierania i zamykania jedn\u0105 r\u0119k\u0105, unikaj\u0105c b\u00f3lu zwi\u0105zanego z \u0142atwym noszeniem tradycyjnych klamer. Nadaje si\u0119 do otwierania i zamykania peruk i w\u0142os\u00f3w z du\u017c\u0105 cz\u0119stotliwo\u015bci\u0105, poprawiaj\u0105c komfort u\u017cytkowania i wydajno\u015b\u0107 obs\u0142ugi marki.<\/p>","protected":false},"featured_media":872,"template":"","meta":{"_kad_post_transparent":"default","_kad_post_title":"","_kad_post_layout":"default","_kad_post_sidebar_id":"","_kad_post_content_style":"default","_kad_post_vertical_padding":"default","_kad_post_feature":"","_kad_post_feature_position":"","_kad_post_header":false,"_kad_post_footer":false,"_kad_post_classname":""},"product_brand":[],"product_cat":[15,27,17],"product_tag":[330,322,331],"class_list":{"0":"post-871","1":"product","2":"type-product","3":"status-publish","4":"has-post-thumbnail","6":"product_cat-red-light-therapy","7":"product_cat-red-light-therapy-belt","8":"product_cat-services","9":"product_tag-hair-extension-box","10":"product_tag-magnetic-closure-box-for-wigs","11":"product_tag-wigs-hair-extension-rigid-box-online","13":"first","14":"instock","15":"shipping-taxable","16":"product-type-simple","17":"entry","18":"content-bg","19":"loop-entry"},"_links":{"self":[{"href":"https:\/\/red-lighttherapy.com\/pl\/wp-json\/wp\/v2\/product\/871","targetHints":{"allow":["GET"]}}],"collection":[{"href":"https:\/\/red-lighttherapy.com\/pl\/wp-json\/wp\/v2\/product"}],"about":[{"href":"https:\/\/red-lighttherapy.com\/pl\/wp-json\/wp\/v2\/types\/product"}],"wp:featuredmedia":[{"embeddable":true,"href":"https:\/\/red-lighttherapy.com\/pl\/wp-json\/wp\/v2\/media\/872"}],"wp:attachment":[{"href":"https:\/\/red-lighttherapy.com\/pl\/wp-json\/wp\/v2\/media?parent=871"}],"wp:term":[{"taxonomy":"product_brand","embeddable":true,"href":"https:\/\/red-lighttherapy.com\/pl\/wp-json\/wp\/v2\/product_brand?post=871"},{"taxonomy":"product_cat","embeddable":true,"href":"https:\/\/red-lighttherapy.com\/pl\/wp-json\/wp\/v2\/product_cat?post=871"},{"taxonomy":"product_tag","embeddable":true,"href":"https:\/\/red-lighttherapy.com\/pl\/wp-json\/wp\/v2\/product_tag?post=871"}],"curies":[{"name":"wp","href":"https:\/\/api.w.org\/{rel}","templated":true}]}}