{"id":865,"date":"2025-04-15T06:34:05","date_gmt":"2025-04-15T06:34:05","guid":{"rendered":"https:\/\/red-lighttherapy.com\/?post_type=product&#038;p=865"},"modified":"2025-04-15T07:43:08","modified_gmt":"2025-04-15T07:43:08","slug":"custom-commercial-clamshell-gift-cannabis-packaging-boxes","status":"publish","type":"product","link":"https:\/\/red-lighttherapy.com\/pl\/custom-commercial-clamshell-gift-cannabis-packaging-boxes\/","title":{"rendered":"Niestandardowe komercyjne pude\u0142ka z klapk\u0105 na prezenty z konopi indyjskich"},"content":{"rendered":"<h2 id=\"customized-product-description-for-commercial-clamshell-gift-box-cannabis-gift-box-\">Indywidualny opis produktu dla komercyjnego pude\u0142ka prezentowego z klapk\u0105 na konopie indyjskie:<\/h2>\n<h2 id=\"1-magnetic-clamshell-gift-box-system-\">1.\u00a0<strong>Magnetyczny system pude\u0142ek prezentowych z klapk\u0105<\/strong><\/h2>\n<p>Zastosowano w nim precyzyjn\u0105 konstrukcj\u0119 zatrzasku magnetycznego o k\u0105cie otwarcia i zamkni\u0119cia 120\u00b0, wyposa\u017con\u0105 w zawias z blachy ocynowanej o grubo\u015bci 0,8 mm i zachowuj\u0105c\u0105 stabilno\u015b\u0107 magnetyczn\u0105 98% po 10 000 test\u00f3w zm\u0119czeniowych. Linie korpusu skrzynki wykorzystuj\u0105 wojskow\u0105 technologi\u0119 ci\u0119cia form, z b\u0142\u0119dem kraw\u0119dzi \u22640,1 mm, a wytrzyma\u0142y wygl\u0105d uzyskuje si\u0119 dzi\u0119ki precyzyjnej technologii rze\u017abienia CNC. Do otwarcia i zamkni\u0119cia jedn\u0105 r\u0119k\u0105 wystarczy si\u0142a 1,2 N, co zapewnia szybki dost\u0119p w sytuacjach biznesowych.<\/p>\n<h2 id=\"2-modular-lining-configuration-\">2.\u00a0<strong>Modu\u0142owa konfiguracja ok\u0142adzin<\/strong><\/h2>\n<p>Wyk\u0142adzina przyjmuje g\u0105bk\u0119 EVA o jako\u015bci spo\u017cywczej, o g\u0119sto\u015bci 45 \u00b1 5 kg \/ m\u00b3, dok\u0142adno\u015bci otworu \u00b1 0,5 mm i obs\u0142uguje 12 kszta\u0142t\u00f3w pojemnik\u00f3w, takich jak cylindryczne i kwadratowe. Forma wy\u015bcie\u0142aj\u0105ca mo\u017ce by\u0107 wymieniana zgodnie z wymaganiami zam\u00f3wienia, a czas wymiany pojedynczej formy wynosi \u226430 minut. Nadaje si\u0119 do wst\u0119pnie nape\u0142nionych \u017celk\u00f3w z konopi indyjskich, papieros\u00f3w, butelek olejk\u00f3w eterycznych i innych produkt\u00f3w wieloformatowych.<\/p>\n<h2 id=\"3-color-and-pattern-technology-\">3.\u00a0<strong>Technologia kolor\u00f3w i wzor\u00f3w<\/strong><\/h2>\n<p>G\u0142\u00f3wnym kolorem jest jasny \u017c\u00f3\u0142ty o wysokim nasyceniu ze specjalnej biblioteki kolor\u00f3w Pantone PANTONE 109C. Matowa pow\u0142oka jest nak\u0142adana przez 6-kolorow\u0105 maszyn\u0119 offsetow\u0105, a powierzchnia w dotyku osi\u0105ga wsp\u00f3\u0142czynnik tarcia papieru \u015bciernego 400-600 mesh. Czarny r\u0119cznie malowany wz\u00f3r wykorzystuje technologi\u0119 wyt\u0142aczania UV, wysoko\u015b\u0107 linii wynosi 0,3 mm, a obszar rozpoznawania Braille'a jest dodatkowo pokryty nanot\u0142oczeniem, co zwi\u0119ksza rozpoznawalno\u015b\u0107 dotykow\u0105 o 60%.<\/p>\n<h2 id=\"4-process-combination-solution-\">4.\u00a0<strong>Rozwi\u0105zanie \u0142\u0105cz\u0105ce procesy<\/strong><\/h2>\n<p>Obs\u0142uguje grawerowanie laserowe (regulowana g\u0142\u0119boko\u015b\u0107 0,1-0,5 mm), t\u0142oczenie na zimno (z\u0142oto\/srebro\/folia laserowa), tr\u00f3jwymiarowe wyt\u0142aczanie (dok\u0142adno\u015b\u0107 wyt\u0142aczania 3D 0,02 mm) i inne kombinacje proces\u00f3w. Obszar LOGO pokrywy pude\u0142ka rezerwuje obszar dostosowywania 2 \u00d7 3 cm, kt\u00f3ry mo\u017ce jednocze\u015bnie realizowa\u0107 grawerowanie laserowe kodu QR i tekst t\u0142oczony na gor\u0105co, spe\u0142niaj\u0105c podw\u00f3jne potrzeby przeciwdzia\u0142ania podrabianiu i wy\u015bwietlania marki.<\/p>\n<h2 id=\"5-printing-and-production-capacity-guarantee-\">5.\u00a0<strong>Gwarancja wydajno\u015bci druku i produkcji<\/strong><\/h2>\n<p>Przyj\u0119cie prasy offsetowej Heidelberg XL106-8 + L, obs\u0142uga jednoczesnego drukowania CMYK + 3 kolor\u00f3w dodatkowych, kontrola r\u00f3\u017cnicy kolor\u00f3w \u0394E \u2264 1,5. Fabryka jest wyposa\u017cona w 18 w pe\u0142ni zautomatyzowanych linii produkcyjnych, o dziennej zdolno\u015bci produkcyjnej wynosz\u0105cej 1 milion sztuk, a 72 godziny ci\u0105g\u0142ej produkcji mog\u0105 zrealizowa\u0107 500 000 pilnych zam\u00f3wie\u0144. Proces proofingu integruje modelowanie 3D i ci\u0119cie CNC, a fizyczne pude\u0142ka z pr\u00f3bkami s\u0105 dostarczane w ci\u0105gu 24 godzin od potwierdzenia projektu.<\/p>\n<h2 id=\"6-customized-service-terms-\">6.\u00a0<strong>Indywidualne warunki \u015bwiadczenia us\u0142ug<\/strong><\/h2>\n<p>Minimalna ilo\u015b\u0107 zam\u00f3wienia wynosi 500 sztuk i obs\u0142ugiwane s\u0105 partie mieszane SKU. Standardowy cykl dostawy wynosi 7 dni, a zam\u00f3wienie przyspieszone mo\u017cna skompresowa\u0107 do 3 dni. Zapewniamy przyjazny dla \u015brodowiska papier z certyfikatem FSC i degradowalne podszewki PLA, kt\u00f3re spe\u0142niaj\u0105 standardy dost\u0119pu do rynku Ameryki P\u00f3\u0142nocnej i Unii Europejskiej.<\/p>\n<h2 id=\"-technical-parameters-\"><strong>Parametry techniczne<\/strong><\/h2>\n<table>\n<thead>\n<tr>\n<th>Projekt<\/th>\n<th>Parametry<\/th>\n<\/tr>\n<\/thead>\n<tbody>\n<tr>\n<td>Rozmiar pude\u0142ka<\/td>\n<td>Mo\u017cliwo\u015b\u0107 dostosowania<\/td>\n<\/tr>\n<tr>\n<td>Grubo\u015b\u0107 materia\u0142u<\/td>\n<td>Blacha 0,25 mm + ok\u0142adzina 2 mm EVA<\/td>\n<\/tr>\n<tr>\n<td>Przyci\u0105ganie magnetyczne<\/td>\n<td>800-1200 Gauss<\/td>\n<\/tr>\n<tr>\n<td>No\u015bno\u015b\u0107<\/td>\n<td>Obci\u0105\u017cenie statyczne \u22655kg\/dynamiczna odporno\u015b\u0107 na upadek 1,2m<\/td>\n<\/tr>\n<\/tbody>\n<\/table>","protected":false},"excerpt":{"rendered":"<p>Konstrukcja pude\u0142ka z klapk\u0105 \u0142\u0105czy w sobie stabilno\u015b\u0107 i wykorzystanie przestrzeni. Pude\u0142ko ma ostre i czyste linie. Magnetyczna konstrukcja otwierania i zamykania pozwala na \u0142atw\u0105 obs\u0142ug\u0119 jedn\u0105 r\u0119k\u0105. \u017bywotno\u015b\u0107 otwierania i zamykania wynosi ponad tysi\u0105c razy. G\u0142\u00f3wnym kolorem jest \u017c\u00f3\u0142ty, z r\u0119cznie malowanymi czarnymi wzorami. Pude\u0142ko jest silnie rozpoznawalne dotykiem, dzi\u0119ki czemu produkty z konopi indyjskich przyci\u0105gn\u0105 uwag\u0119 konsument\u00f3w na p\u00f3\u0142ce ekspozycyjnej.<\/p>","protected":false},"featured_media":866,"template":"","meta":{"_kad_post_transparent":"default","_kad_post_title":"","_kad_post_layout":"default","_kad_post_sidebar_id":"","_kad_post_content_style":"default","_kad_post_vertical_padding":"default","_kad_post_feature":"","_kad_post_feature_position":"","_kad_post_header":false,"_kad_post_footer":false,"_kad_post_classname":""},"product_brand":[],"product_cat":[15,27,17],"product_tag":[327,329,328],"class_list":{"0":"post-865","1":"product","2":"type-product","3":"status-publish","4":"has-post-thumbnail","6":"product_cat-red-light-therapy","7":"product_cat-red-light-therapy-belt","8":"product_cat-services","9":"product_tag-clamshell-gift-boxes","10":"product_tag-commercial-cannabis-packaging","11":"product_tag-custom-cannabis-packaging","13":"first","14":"instock","15":"shipping-taxable","16":"product-type-simple","17":"entry","18":"content-bg","19":"loop-entry"},"_links":{"self":[{"href":"https:\/\/red-lighttherapy.com\/pl\/wp-json\/wp\/v2\/product\/865","targetHints":{"allow":["GET"]}}],"collection":[{"href":"https:\/\/red-lighttherapy.com\/pl\/wp-json\/wp\/v2\/product"}],"about":[{"href":"https:\/\/red-lighttherapy.com\/pl\/wp-json\/wp\/v2\/types\/product"}],"wp:featuredmedia":[{"embeddable":true,"href":"https:\/\/red-lighttherapy.com\/pl\/wp-json\/wp\/v2\/media\/866"}],"wp:attachment":[{"href":"https:\/\/red-lighttherapy.com\/pl\/wp-json\/wp\/v2\/media?parent=865"}],"wp:term":[{"taxonomy":"product_brand","embeddable":true,"href":"https:\/\/red-lighttherapy.com\/pl\/wp-json\/wp\/v2\/product_brand?post=865"},{"taxonomy":"product_cat","embeddable":true,"href":"https:\/\/red-lighttherapy.com\/pl\/wp-json\/wp\/v2\/product_cat?post=865"},{"taxonomy":"product_tag","embeddable":true,"href":"https:\/\/red-lighttherapy.com\/pl\/wp-json\/wp\/v2\/product_tag?post=865"}],"curies":[{"name":"wp","href":"https:\/\/api.w.org\/{rel}","templated":true}]}}