{"id":859,"date":"2025-04-15T06:21:33","date_gmt":"2025-04-15T06:21:33","guid":{"rendered":"https:\/\/red-lighttherapy.com\/?post_type=product&#038;p=859"},"modified":"2025-04-15T07:43:45","modified_gmt":"2025-04-15T07:43:45","slug":"distribute-magnetic-lid-rigid-box-for-lipstick-mini-perfume","status":"publish","type":"product","link":"https:\/\/red-lighttherapy.com\/pl\/distribute-magnetic-lid-rigid-box-for-lipstick-mini-perfume\/","title":{"rendered":"Sztywne pude\u0142ko z magnetyczn\u0105 pokrywk\u0105 na szmink\u0119 i mini perfumy"},"content":{"rendered":"<h2 id=\"-product-description-of-magnetic-lid-lipstick-mini-perfume-hard-box-\"><strong>Opis produktu Sztywne pude\u0142ko z magnetyczn\u0105 pokrywk\u0105 na szmink\u0119 i perfumy<\/strong><\/h2>\n<h2 id=\"-1-magnetic-lid-design-easy-and-stable-opening-and-closing-\"><strong>1. Magnetyczna konstrukcja pokrywy, \u0142atwe i stabilne otwieranie i zamykanie<\/strong><\/h2>\n<p>Dzi\u0119ki zastosowaniu magnetycznej struktury o wysokiej wytrzyma\u0142o\u015bci, pokrywa i korpus pude\u0142ka s\u0105 p\u0142ynnie po\u0142\u0105czone za pomoc\u0105 precyzyjnych element\u00f3w magnetycznych, otwieraj\u0105c si\u0119 i zamykaj\u0105c p\u0142ynnie i mocno zaadsorbowane po zamkni\u0119ciu, i pozostaje \u015bci\u015ble dopasowane nawet po wielokrotnym u\u017cyciu bez ryzyka poluzowania. Si\u0142\u0119 magnesu mo\u017cna dostosowa\u0107 do wymaga\u0144 marki, aby dostosowa\u0107 si\u0119 do zawarto\u015bci o r\u00f3\u017cnych rozmiarach i wadze, aby zapewni\u0107 bezpiecze\u0144stwo podczas transportu i codziennego u\u017cytkowania.<\/p>\n<h2 id=\"-2-modern-and-simple-box-shape-with-neat-lines-\"><strong>2. Nowoczesny i prosty kszta\u0142t pude\u0142ka o zgrabnych liniach<\/strong><\/h2>\n<p>Korpus pude\u0142ka opiera si\u0119 na geometrycznym tr\u00f3jwymiarowym kszta\u0142cie i prezentuje nowoczesn\u0105 estetyk\u0119 przemys\u0142ow\u0105 dzi\u0119ki minimalistycznym liniom i sk\u0142adanej pod k\u0105tem prostym powierzchni. Powlekany materia\u0142 papierowy sprawia, \u017ce obudowa jest lekka, a jednocze\u015bnie ma doskona\u0142\u0105 no\u015bno\u015b\u0107, bior\u0105c pod uwag\u0119 ochron\u0119 \u015brodowiska i praktyczno\u015b\u0107.<\/p>\n<h2 id=\"-3-high-precision-craftsmanship-details-highlight-quality-\"><strong>3. Precyzyjne wykonanie, detale podkre\u015blaj\u0105ce jako\u015b\u0107<\/strong><\/h2>\n<p>W obudowie zastosowano technologi\u0119 laserowego wycinania i wci\u0119\u0107, szwy s\u0105 p\u0142askie i pozbawione zadzior\u00f3w, a rogi s\u0105 ostre i nieodkszta\u0142cone, dzi\u0119ki czemu kszta\u0142t pude\u0142ka jest prosty i stabilny. Wy\u015bci\u00f3\u0142ka to czarna, przyjazna dla \u015brodowiska g\u0105bka o wysokiej g\u0119sto\u015bci, kt\u00f3ra jest precyzyjnie rowkowana zgodnie z kszta\u0142tem szminki lub pr\u00f3bki perfum, szczelnie mocuje zawarto\u015b\u0107, amortyzuje i jest odporna na wstrz\u0105sy oraz zapobiega uszkodzeniom spowodowanym wstrz\u0105sami podczas transportu.<\/p>\n<h2 id=\"-4-two-color-collision-design-to-enhance-brand-recognition-\"><strong>4. Dwukolorowa konstrukcja kolizyjna zwi\u0119kszaj\u0105ca rozpoznawalno\u015b\u0107 marki<\/strong><\/h2>\n<ul>\n<li><strong>Konstrukcja zewn\u0119trzna<\/strong>: Pokrywa pude\u0142ka jest pokryta czarn\u0105, matow\u0105 pow\u0142ok\u0105 UV, kt\u00f3ra jest delikatna w dotyku i zapobiega pozostawianiu odcisk\u00f3w palc\u00f3w, prezentuj\u0105c luksusow\u0105 tekstur\u0119.<\/li>\n<li><strong>Najwa\u017cniejsze elementy wn\u0119trza i nadwozia<\/strong>: Boki i wn\u0119trze obudowy pude\u0142ka s\u0105 pokryte jasnozielon\u0105 pow\u0142ok\u0105 o wysokim po\u0142ysku, o nasyceniu wi\u0119kszym ni\u017c 95%, tworz\u0105c silny wizualny kontrast z matow\u0105 czerni\u0105, podkre\u015blaj\u0105c g\u0142\u00f3wny kolor marki i wzmacniaj\u0105c punkty pami\u0119ci konsument\u00f3w.<\/li>\n<\/ul>\n<h2 id=\"-5-flexible-customization-to-meet-brand-needs-\"><strong>5. Elastyczne dostosowanie do potrzeb marki<\/strong><\/h2>\n<ul>\n<li><strong>Rozmiar i struktura<\/strong>: Obs\u0142uguje dostosowywanie r\u00f3\u017cnych specyfikacji, takich jak mini szminka (\u015brednica 1,5-2 cm) lub pr\u00f3bki perfum (wysoko\u015b\u0107 5-8 cm), a korpus pude\u0142ka mo\u017ce by\u0107 zaprojektowany jako jednowarstwowa lub wielowarstwowa struktura przegrody.<\/li>\n<li><strong>Aktualizacja technologii<\/strong>: Opcjonalne t\u0142oczenie logo, z\u0142ote\/srebrne t\u0142oczenie na gor\u0105co lub lokalny wz\u00f3r UV w celu zwi\u0119kszenia ekskluzywno\u015bci marki.<\/li>\n<li><strong>Certyfikacja \u015brodowiskowa<\/strong>: Powlekany materia\u0142 papierowy jest zgodny z certyfikatem gospodarki le\u015bnej FSC, a matowa pow\u0142oka przesz\u0142a test ochrony \u015brodowiska REACH, kt\u00f3ry jest nietoksyczny i nieszkodliwy.<\/li>\n<\/ul>\n<h2 id=\"-applicable-scenarios-\"><strong>Obowi\u0105zuj\u0105ce scenariusze<\/strong><\/h2>\n<p>Zaprojektowany dla lekkich produkt\u00f3w luksusowych, takich jak wysokiej klasy kosmetyki, pr\u00f3bki perfum, akcesoria jubilerskie itp., odpowiedni do licznik\u00f3w offline marki, zestaw\u00f3w upominkowych e-commerce i opakowa\u0144 produkt\u00f3w z limitowanej edycji, \u0142\u0105cz\u0105c pi\u0119kno ekspozycji i praktyczn\u0105 ochron\u0119<\/p>","protected":false},"excerpt":{"rendered":"<p>Dzi\u0119ki wygodnemu magnetycznemu zamkni\u0119ciu, przyjaznym dla \u015brodowiska materia\u0142om i efektowi wizualnemu, wyr\u00f3\u017cnienie marki jest tworzone poprzez detale rzemie\u015blnicze i kontrast kolor\u00f3w, przy jednoczesnym uwzgl\u0119dnieniu koncepcji ochrony i zr\u00f3wnowa\u017conego rozwoju, pomagaj\u0105c produktom wyr\u00f3\u017cni\u0107 si\u0119 na rynku terminali.<\/p>","protected":false},"featured_media":860,"template":"","meta":{"_kad_post_transparent":"default","_kad_post_title":"","_kad_post_layout":"default","_kad_post_sidebar_id":"","_kad_post_content_style":"default","_kad_post_vertical_padding":"default","_kad_post_feature":"","_kad_post_feature_position":"","_kad_post_header":false,"_kad_post_footer":false,"_kad_post_classname":""},"product_brand":[],"product_cat":[15,28,27,17],"product_tag":[326,324,325],"class_list":{"0":"post-859","1":"product","2":"type-product","3":"status-publish","4":"has-post-thumbnail","6":"product_cat-red-light-therapy","7":"product_cat-customize","8":"product_cat-red-light-therapy-belt","9":"product_cat-services","10":"product_tag-distribute-custom-lipstick-mini-perfume-boxes","11":"product_tag-magnetic-lid-lipstick-box","12":"product_tag-rigid-box-for-perfume","14":"first","15":"instock","16":"shipping-taxable","17":"product-type-simple","18":"entry","19":"content-bg","20":"loop-entry"},"_links":{"self":[{"href":"https:\/\/red-lighttherapy.com\/pl\/wp-json\/wp\/v2\/product\/859","targetHints":{"allow":["GET"]}}],"collection":[{"href":"https:\/\/red-lighttherapy.com\/pl\/wp-json\/wp\/v2\/product"}],"about":[{"href":"https:\/\/red-lighttherapy.com\/pl\/wp-json\/wp\/v2\/types\/product"}],"wp:featuredmedia":[{"embeddable":true,"href":"https:\/\/red-lighttherapy.com\/pl\/wp-json\/wp\/v2\/media\/860"}],"wp:attachment":[{"href":"https:\/\/red-lighttherapy.com\/pl\/wp-json\/wp\/v2\/media?parent=859"}],"wp:term":[{"taxonomy":"product_brand","embeddable":true,"href":"https:\/\/red-lighttherapy.com\/pl\/wp-json\/wp\/v2\/product_brand?post=859"},{"taxonomy":"product_cat","embeddable":true,"href":"https:\/\/red-lighttherapy.com\/pl\/wp-json\/wp\/v2\/product_cat?post=859"},{"taxonomy":"product_tag","embeddable":true,"href":"https:\/\/red-lighttherapy.com\/pl\/wp-json\/wp\/v2\/product_tag?post=859"}],"curies":[{"name":"wp","href":"https:\/\/api.w.org\/{rel}","templated":true}]}}