{"id":853,"date":"2025-04-15T06:10:00","date_gmt":"2025-04-15T06:10:00","guid":{"rendered":"https:\/\/red-lighttherapy.com\/?post_type=product&#038;p=853"},"modified":"2025-04-15T07:44:04","modified_gmt":"2025-04-15T07:44:04","slug":"luxury-brand-manufacturer-magnetic-closure-box-for-hair-wigs","status":"publish","type":"product","link":"https:\/\/red-lighttherapy.com\/pl\/luxury-brand-manufacturer-magnetic-closure-box-for-hair-wigs\/","title":{"rendered":"Luksusowy producent marki Magnetic Closure Box do peruk do w\u0142os\u00f3w"},"content":{"rendered":"<h2 id=\"-magnetic-luxury-wig-storage-box-product-description-\"><strong>Luksusowe pude\u0142ko na peruk\u0119 z magnetycznym zamkni\u0119ciem Opis produktu<\/strong><\/h2>\n<h2 id=\"-i-innovative-magnetic-opening-and-closing-system-guarding-exquisite-art-\"><strong>1. Innowacyjny magnetyczny system otwierania i zamykania, chroni\u0105cy wyj\u0105tkow\u0105 sztuk\u0119<\/strong><\/h2>\n<p>Przyj\u0119cie\u00a0<strong>Konstrukcja skrzynki magnetycznej<\/strong>Wysokowytrzyma\u0142e elementy magnetyczne s\u0105 u\u017cywane do otwierania i zamykania jedn\u0105 r\u0119k\u0105, co jest \u0142atwe w obs\u0142udze i zapewnia doskona\u0142e uszczelnienie. Powierzchnia styku mi\u0119dzy pokryw\u0105 pude\u0142ka a korpusem pude\u0142ka jest precyzyjnie dopasowana, skutecznie izoluj\u0105c kurz, wilgo\u0107 i ci\u015bnienie zewn\u0119trzne, zapewniaj\u0105c sta\u0142\u0105 temperatur\u0119 i wilgotno\u015b\u0107 \u015brodowiska przechowywania peruk oraz wyd\u0142u\u017caj\u0105c \u017cywotno\u015b\u0107. Wbudowana py\u0142oszczelna warstwa flaneli i elektrostatyczna folia ekranuj\u0105ca dodatkowo zapobiegaj\u0105 uszkodzeniom spowodowanym tarciem w\u0142\u00f3kien i zapewniaj\u0105, \u017ce kszta\u0142t peruki jest tak dobry jak wcze\u015bniej.<\/p>\n<h2 id=\"-ii-visual-language-that-emphasizes-both-aesthetics-and-function-\"><strong>2. J\u0119zyk wizualny, kt\u00f3ry podkre\u015bla zar\u00f3wno estetyk\u0119, jak i funkcjonalno\u015b\u0107<\/strong><\/h2>\n<ul>\n<li>Z\u00a0<strong>wy\u015brodkowana symetryczna kompozycja<\/strong>\u00a0Jako rdze\u0144, korpus pude\u0142ka rozwija si\u0119 z jednolit\u0105 pr\u0119dko\u015bci\u0105 wzd\u0142u\u017c osi centralnej podczas otwierania pude\u0142ka, nadaj\u0105c pude\u0142ku poczucie rytua\u0142u i ekskluzywnych punkt\u00f3w pami\u0119ci marki. K\u0105t otwarcia pokrywy pude\u0142ka jest precyzyjnie kontrolowany pod k\u0105tem 90 \u00b0, co jest odpowiednie do ekspozycji na p\u00f3\u0142ce i scen wr\u0119czania prezent\u00f3w oraz zwi\u0119ksza wizualne napi\u0119cie ekspozycji produktu.<\/li>\n<li>Korpus skrzynki przyjmuje\u00a0<strong>zgrabna technologia ci\u0119cia geometrycznego<\/strong>Nie ma zb\u0119dnych dekoracji na powierzchni i p\u0142ynne przej\u015bcie mi\u0119dzy kraw\u0119dziami i p\u0142aszczyznami pod k\u0105tem prostym, co pasuje do nowoczesnego, luksusowego j\u0119zyka projektowania. Modu\u0142owa struktura uk\u0142adania w stosy pozwala zaoszcz\u0119dzi\u0107 40% przestrzeni magazynowej i zmniejszy\u0107 straty w transporcie.<\/li>\n<\/ul>\n<h2 id=\"-three-sustainable-materials-and-process-innovation-\"><strong>3. Zr\u00f3wnowa\u017cone materia\u0142y i innowacje procesowe<\/strong><\/h2>\n<ul>\n<li>G\u0142\u00f3wnym materia\u0142em jest\u00a0<strong>Papier powlekany z certyfikatem FSC<\/strong>Pi\u0119ciowarstwowa technologia wyt\u0142aczania kompozytowego zwi\u0119ksza wytrzyma\u0142o\u015b\u0107 na \u015bciskanie o 300%, a no\u015bno\u015b\u0107 wynosi do 5 kg bez deformacji. Lekka konstrukcja typu sandwich o strukturze plastra miodu uwzgl\u0119dnia przeno\u015bno\u015b\u0107, a waga pojedynczego pude\u0142ka wynosi zaledwie 280 g.<\/li>\n<li>Logo marki przyjmuje\u00a0<strong>nanopoziomowa technologia tr\u00f3jwymiarowego t\u0142oczenia na gor\u0105co<\/strong>B\u0142\u0105d dok\u0142adno\u015bci kraw\u0119dzi wynosi \u22640,1 mm, a za\u0142amanie \u015bwiat\u0142a wykazuje delikatny metaliczny po\u0142ysk. Matowy, czysto czarny kolor jest spokojny i pow\u015bci\u0105gliwy, a tak\u017ce pasuje do\u00a0<strong>jasno\u017c\u00f3\u0142ta satynowa wst\u0105\u017cka<\/strong>\u00a0kt\u00f3ry biegnie przez obudow\u0119 pude\u0142ka, tworz\u0105c silny kontrast wizualny i poprawiaj\u0105c rozpoznawalno\u015b\u0107 p\u00f3\u0142ki przez 70%.<\/li>\n<\/ul>\n<h2 id=\"-four-humanized-lining-system-\"><strong>4. Humanizowany system ok\u0142adzin<\/strong><\/h2>\n<ul>\n<li><strong>Wewn\u0119trzny wspornik z wyci\u0119tym rowkiem<\/strong>\u00a0jest dostosowany do \u0142uku peruki, a w\u0142osy s\u0105 mocowane za pomoc\u0105 pianki z pami\u0119ci\u0105 EVA i ramy podtrzymuj\u0105cej \u0142uk, aby unikn\u0105\u0107 wyciskania i deformacji. Powierzchnia rowka jest pokryta oddychaj\u0105c\u0105 jedwabn\u0105 podszewk\u0105, aby zachowa\u0107 naturalny puszysty stan peruki i mo\u017cna j\u0105 nosi\u0107 po wyj\u0119ciu z pude\u0142ka.<\/li>\n<\/ul>\n<h2 id=\"-v-environmental-commitment-and-brand-value-\"><strong>5. Zaanga\u017cowanie w ochron\u0119 \u015brodowiska i warto\u015b\u0107 marki<\/strong><\/h2>\n<ul>\n<li>Ca\u0142y proces od surowc\u00f3w do produkcji wdra\u017ca\u00a0<strong>Standard zielonego \u0142a\u0144cucha dostaw<\/strong>. Atrament opakowaniowy wykorzystuje formu\u0142\u0119 na bazie wody pochodzenia ro\u015blinnego o biodegradowalno\u015bci 98%. Z ka\u017cdego sprzedanego produktu 1% dochodu zostanie przekazane na projekt ochrony las\u00f3w tropikalnych, podkre\u015blaj\u0105c spo\u0142eczn\u0105 odpowiedzialno\u015b\u0107 marki.<\/li>\n<\/ul>\n<h2 id=\"-product-parameters-\"><strong>Parametry produktu<\/strong><\/h2>\n<table>\n<thead>\n<tr>\n<th>Projekt<\/th>\n<th>Specyfikacje<\/th>\n<\/tr>\n<\/thead>\n<tbody>\n<tr>\n<td>Materia\u0142<\/td>\n<td>Papier powlekany z certyfikatem FSC<\/td>\n<\/tr>\n<tr>\n<td>Podszewka<\/td>\n<td>Indywidualnie zakrzywiona EVA + jedwabna podszewka<\/td>\n<\/tr>\n<tr>\n<td>Magnetyczny element ss\u0105cy<\/td>\n<td>Silny magnes<\/td>\n<\/tr>\n<tr>\n<td>Rozmiar<\/td>\n<td>Mo\u017cliwo\u015b\u0107 dostosowania<\/td>\n<\/tr>\n<\/tbody>\n<\/table>","protected":false},"excerpt":{"rendered":"<p>Magnetyczne zamkni\u0119cie pozwala na \u0142atwe otwieranie i zamykanie jedn\u0105 r\u0119k\u0105. Jest \u0142atwe w obs\u0142udze i ma silne w\u0142a\u015bciwo\u015bci uszczelniaj\u0105ce, chroni\u0105c peruk\u0119 przed kurzem i wilgoci\u0105. Wy\u015brodkowana symetryczna kompozycja podkre\u015bla bry\u0142\u0119 produktu i wzmacnia poczucie ceremonii podczas otwierania pude\u0142ka. Nadaje si\u0119 do ekspozycji na p\u00f3\u0142ce lub jako prezent.<\/p>","protected":false},"featured_media":854,"template":"","meta":{"_kad_post_transparent":"default","_kad_post_title":"","_kad_post_layout":"default","_kad_post_sidebar_id":"","_kad_post_content_style":"default","_kad_post_vertical_padding":"default","_kad_post_feature":"","_kad_post_feature_position":"","_kad_post_header":false,"_kad_post_footer":false,"_kad_post_classname":""},"product_brand":[],"product_cat":[15,27,17],"product_tag":[323,321,322],"class_list":{"0":"post-853","1":"product","2":"type-product","3":"status-publish","4":"has-post-thumbnail","6":"product_cat-red-light-therapy","7":"product_cat-red-light-therapy-belt","8":"product_cat-services","9":"product_tag-brand-manufacturer-hair-wigs-box","10":"product_tag-luxury-box-for-hair","11":"product_tag-magnetic-closure-box-for-wigs","13":"first","14":"instock","15":"shipping-taxable","16":"product-type-simple","17":"entry","18":"content-bg","19":"loop-entry"},"_links":{"self":[{"href":"https:\/\/red-lighttherapy.com\/pl\/wp-json\/wp\/v2\/product\/853","targetHints":{"allow":["GET"]}}],"collection":[{"href":"https:\/\/red-lighttherapy.com\/pl\/wp-json\/wp\/v2\/product"}],"about":[{"href":"https:\/\/red-lighttherapy.com\/pl\/wp-json\/wp\/v2\/types\/product"}],"wp:featuredmedia":[{"embeddable":true,"href":"https:\/\/red-lighttherapy.com\/pl\/wp-json\/wp\/v2\/media\/854"}],"wp:attachment":[{"href":"https:\/\/red-lighttherapy.com\/pl\/wp-json\/wp\/v2\/media?parent=853"}],"wp:term":[{"taxonomy":"product_brand","embeddable":true,"href":"https:\/\/red-lighttherapy.com\/pl\/wp-json\/wp\/v2\/product_brand?post=853"},{"taxonomy":"product_cat","embeddable":true,"href":"https:\/\/red-lighttherapy.com\/pl\/wp-json\/wp\/v2\/product_cat?post=853"},{"taxonomy":"product_tag","embeddable":true,"href":"https:\/\/red-lighttherapy.com\/pl\/wp-json\/wp\/v2\/product_tag?post=853"}],"curies":[{"name":"wp","href":"https:\/\/api.w.org\/{rel}","templated":true}]}}