{"id":847,"date":"2025-04-15T05:57:09","date_gmt":"2025-04-15T05:57:09","guid":{"rendered":"https:\/\/red-lighttherapy.com\/?post_type=product&#038;p=847"},"modified":"2025-04-15T07:44:32","modified_gmt":"2025-04-15T07:44:32","slug":"fabrication-hair-wigs-extension-magnetic-lid-boxes-packaging","status":"publish","type":"product","link":"https:\/\/red-lighttherapy.com\/pl\/fabrication-hair-wigs-extension-magnetic-lid-boxes-packaging\/","title":{"rendered":"Produkcja peruk do w\u0142os\u00f3w Magnetyczne pude\u0142ka z pokrywk\u0105 Opakowania"},"content":{"rendered":"<h2 id=\"-wig-and-hair-extension-magnetic-cover-box-packaging-product-description-\"><strong>Magnetyczne pude\u0142ko na peruk\u0119 i przed\u0142u\u017canie w\u0142os\u00f3w Opis produktu<\/strong><\/h2>\n<h2 id=\"1-three-dimensional-structure-design-stability-and-space-efficiency-coexist\">1. Tr\u00f3jwymiarowy projekt struktury: stabilno\u015b\u0107 i wydajno\u015b\u0107 przestrzenna wsp\u00f3\u0142istniej\u0105 ze sob\u0105<\/h2>\n<p>To magnetyczne pude\u0142ko przyjmuje\u00a0<strong>Tr\u00f3jwymiarowa sk\u0142adana struktura<\/strong>W oparciu o ergonomiczn\u0105 optymalizacj\u0119 uk\u0142adu przestrzeni wewn\u0119trznej, kt\u00f3ra mo\u017ce pomie\u015bci\u0107 1-2 peruki lub produkty do przed\u0142u\u017cania w\u0142os\u00f3w, a jednocze\u015bnie poprawia og\u00f3ln\u0105 stabilno\u015b\u0107 dzi\u0119ki precyzyjnemu zamkowi i konstrukcji \u017cebra podtrzymuj\u0105cego. Konstrukcja\u00a0<strong>Proces wzmacniania tektury dwuwarstwowej<\/strong>\u00a0w naro\u017cnikach obudowy, w po\u0142\u0105czeniu z zaokr\u0105glonymi kraw\u0119dziami, aby ca\u0142kowicie wyeliminowa\u0107 ryzyko zadrapa\u0144, zapewniaj\u0105c bezpiecze\u0144stwo i trwa\u0142o\u015b\u0107 podczas transportu i u\u017cytkowania.<\/p>\n<h2 id=\"2-magnetic-opening-and-closing-system-convenience-and-sealing-double-guarantee\">2. Magnetyczny system otwierania i zamykania: wygoda i podw\u00f3jna gwarancja szczelno\u015bci<\/h2>\n<p>Wyposa\u017cony w\u00a0<strong>Precyzyjny modu\u0142 magnetyczny<\/strong>Umo\u017cliwia otwieranie i zamykanie jedn\u0105 r\u0119k\u0105, a tak\u017ce automatyczne poch\u0142anianie i zamykanie, gdy k\u0105t otwarcia i zamkni\u0119cia osi\u0105gnie 120\u00b0. Cicha konstrukcja szyny \u015blizgowej sprawia, \u017ce proces otwierania i zamykania odbywa si\u0119 bez ha\u0142asu mechanicznego i tworzy\u00a0<strong>w pe\u0142ni zapakowana, uszczelniona konstrukcja<\/strong>\u00a0po zamkni\u0119ciu, co skutecznie zapobiega przedostawaniu si\u0119 kurzu i przypadkowemu otwarciu podczas transportu. Zosta\u0142a przetestowana pod k\u0105tem wytrzyma\u0142o\u015bci na nacisk pionowy 3 kg bez deformacji.<\/p>\n<h2 id=\"3-environmentally-friendly-materials-and-crafts-fsc-certification-leads-the-green-trend\">3. Materia\u0142y i rzemios\u0142o przyjazne dla \u015brodowiska: Certyfikacja FSC przewodzi zielonemu trendowi<\/h2>\n<p>Korpus skrzynki wykonany jest z\u00a0<strong>Papier powlekany z certyfikatem FSC<\/strong>Powierzchnia jest pokryta matowym tuszem przyjaznym dla \u015brodowiska, a materia\u0142 100% nadaje si\u0119 do recyklingu i degradacji. Podszewka wykorzystuje bawe\u0142n\u0119 amortyzuj\u0105c\u0105 EVA i od\u0142\u0105czane przegrody, kt\u00f3re nie tylko chroni\u0105 produkt, ale tak\u017ce wspieraj\u0105 spersonalizowan\u0105 reorganizacj\u0119 przestrzeni i zmniejszaj\u0105 ilo\u015b\u0107 odpad\u00f3w opakowaniowych. Ca\u0142y proces produkcji przeszed\u0142 certyfikacj\u0119 systemu zarz\u0105dzania \u015brodowiskowego ISO14001, a \u015blad w\u0119glowy jest o 40% ni\u017cszy ni\u017c w przypadku tradycyjnych opakowa\u0144.<\/p>\n<h2 id=\"4-visual-aesthetics-and-brand-extension\">4. Estetyka wizualna i rozszerzenie marki<\/h2>\n<ol>\n<li><strong>G\u0142\u00f3wny kolor serii lawendowej<\/strong>: Zainspirowany systemem kolor\u00f3w, lawendowy o niskim nasyceniu prezentuje wysokiej jako\u015bci tekstur\u0119 i jest dopasowany do procesu powlekania per\u0142owego. Prezentuje gradientowy efekt po\u0142ysku w naturalnym i jasnym \u015bwietle, co zwi\u0119ksza atrakcyjno\u015b\u0107 ekspozycji na p\u00f3\u0142ce.<\/li>\n<li><strong>Elementy wizualne marki w tym samym kolorze<\/strong>:<\/li>\n<li>R\u0119czna ta\u015bma wykonana jest z poliestru pochodz\u0105cego z recyklingu, o szeroko\u015bci 2,5 cm i no\u015bno\u015bci 8 kg, kt\u00f3ra jest p\u0142ynnie po\u0142\u0105czona z kolorem korpusu pude\u0142ka.<\/li>\n<li>\u015arodek pokrywy pude\u0142ka jest inkrustowany motywem\u00a0<strong>satynowy magnetyczny pasek dekoracyjny<\/strong>a LOGO marki jest drukowane i t\u0142oczone, tworz\u0105c wizualn\u0105 ci\u0105g\u0142o\u015b\u0107 od opakowania do logo marki.<\/li>\n<\/ol>\n<h2 id=\"5-professional-manufacturing-and-fast-delivery\">5. Profesjonalna produkcja i szybka dostawa<\/h2>\n<p>Poleganie na\u00a0<strong>16 lat do\u015bwiadczenia w produkcji opakowa\u0144<\/strong>Fabryka jest wyposa\u017cona w inteligentny system zarz\u0105dzania ERP w celu osi\u0105gni\u0119cia cyfrowej kontroli ca\u0142ego procesu, od projektowania i sprawdzania do masowej produkcji. Obs\u0142uguje minimalne zam\u00f3wienie 500 sztuk, ko\u0144czy produkcj\u0119 i dostaw\u0119 w ci\u0105gu 7 dni, ze \u015bredni\u0105 dzienn\u0105 zdolno\u015bci\u0105 produkcyjn\u0105 1 miliona sztuk i stabilnym wska\u017anikiem wydajno\u015bci ponad 99,8%.<\/p>\n<h2 id=\"-technical-parameters-\"><strong>Parametry techniczne<\/strong><\/h2>\n<table>\n<thead>\n<tr>\n<th>Projekt<\/th>\n<th>Specyfikacje<\/th>\n<\/tr>\n<\/thead>\n<tbody>\n<tr>\n<td>Rozmiar opakowania zewn\u0119trznego<\/td>\n<td>Mo\u017cliwo\u015b\u0107 dostosowania<\/td>\n<\/tr>\n<tr>\n<td>Wytrzyma\u0142o\u015b\u0107 magnetyczna<\/td>\n<td>\u2265800GS<\/td>\n<\/tr>\n<tr>\n<td>Certyfikacja \u015brodowiskowa<\/td>\n<td>FSC, RoHS, REACH<\/td>\n<\/tr>\n<tr>\n<td>Cykl dostawy<\/td>\n<td>7 dni (w tym potwierdzenie proofingu)<\/td>\n<\/tr>\n<\/tbody>\n<\/table>","protected":false},"excerpt":{"rendered":"<p>Magnetyczne pude\u0142ko zamykaj\u0105ce umo\u017cliwia wygodn\u0105 obs\u0142ug\u0119 jedn\u0105 r\u0119k\u0105, a proces otwierania i zamykania jest cichy i p\u0142ynny. Nadaje si\u0119 do wysokiej klasy marek peruk, zestaw\u00f3w upominkowych do salon\u00f3w fryzjerskich, transgranicznych produkt\u00f3w do przed\u0142u\u017cania w\u0142os\u00f3w w handlu elektronicznym i innych scenariuszy, a tak\u017ce obs\u0142uguje niestandardowe us\u0142ugi, takie jak t\u0142oczenie na gor\u0105co \/ druk UV LOGO i laserowe zapobieganie podrabianiu.<\/p>","protected":false},"featured_media":848,"template":"","meta":{"_kad_post_transparent":"default","_kad_post_title":"","_kad_post_layout":"default","_kad_post_sidebar_id":"","_kad_post_content_style":"default","_kad_post_vertical_padding":"default","_kad_post_feature":"","_kad_post_feature_position":"","_kad_post_header":false,"_kad_post_footer":false,"_kad_post_classname":""},"product_brand":[],"product_cat":[15,27,17],"product_tag":[319,320,318],"class_list":{"0":"post-847","1":"product","2":"type-product","3":"status-publish","4":"has-post-thumbnail","6":"product_cat-red-light-therapy","7":"product_cat-red-light-therapy-belt","8":"product_cat-services","9":"product_tag-custom-wig-packaging-boxes-wholesale","10":"product_tag-notable-wig-packaging","11":"product_tag-wig-boxes","13":"first","14":"instock","15":"shipping-taxable","16":"product-type-simple","17":"entry","18":"content-bg","19":"loop-entry"},"_links":{"self":[{"href":"https:\/\/red-lighttherapy.com\/pl\/wp-json\/wp\/v2\/product\/847","targetHints":{"allow":["GET"]}}],"collection":[{"href":"https:\/\/red-lighttherapy.com\/pl\/wp-json\/wp\/v2\/product"}],"about":[{"href":"https:\/\/red-lighttherapy.com\/pl\/wp-json\/wp\/v2\/types\/product"}],"wp:featuredmedia":[{"embeddable":true,"href":"https:\/\/red-lighttherapy.com\/pl\/wp-json\/wp\/v2\/media\/848"}],"wp:attachment":[{"href":"https:\/\/red-lighttherapy.com\/pl\/wp-json\/wp\/v2\/media?parent=847"}],"wp:term":[{"taxonomy":"product_brand","embeddable":true,"href":"https:\/\/red-lighttherapy.com\/pl\/wp-json\/wp\/v2\/product_brand?post=847"},{"taxonomy":"product_cat","embeddable":true,"href":"https:\/\/red-lighttherapy.com\/pl\/wp-json\/wp\/v2\/product_cat?post=847"},{"taxonomy":"product_tag","embeddable":true,"href":"https:\/\/red-lighttherapy.com\/pl\/wp-json\/wp\/v2\/product_tag?post=847"}],"curies":[{"name":"wp","href":"https:\/\/api.w.org\/{rel}","templated":true}]}}