{"id":836,"date":"2025-04-15T03:39:51","date_gmt":"2025-04-15T03:39:51","guid":{"rendered":"https:\/\/red-lighttherapy.com\/?post_type=product&#038;p=836"},"modified":"2025-04-15T04:18:39","modified_gmt":"2025-04-15T04:18:39","slug":"magnetic-closure-scissors-boxes-packaging-solution-with-eva","status":"publish","type":"product","link":"https:\/\/red-lighttherapy.com\/pl\/magnetic-closure-scissors-boxes-packaging-solution-with-eva\/","title":{"rendered":"No\u017cyczki z magnetycznym zamkni\u0119ciem Pude\u0142ka Rozwi\u0105zanie do pakowania z Eva"},"content":{"rendered":"<h2 id=\"-eva-magnetic-sealing-scissors-box-packaging-solution-\">No\u017cyczki z magnetycznym zamkni\u0119ciem Pude\u0142ka Rozwi\u0105zanie do pakowania z Eva<\/h2>\n<h2 id=\"1-magnetic-flip-cover-structure-one-hand-operation-ultimate-sealing-\">1.\u00a0<strong>Magnetyczna konstrukcja pokrywy zamykaj\u0105cej: obs\u0142uga jedn\u0105 r\u0119k\u0105, doskona\u0142e uszczelnienie<\/strong><\/h2>\n<p>Zastosowano magnetyczn\u0105 pokryw\u0119 zamykaj\u0105c\u0105. Po zamkni\u0119ciu zesp\u00f3\u0142 magnesu N52 i metalowa blacha s\u0105 precyzyjnie dopasowane, aby uzyska\u0107 p\u0142ynne uszczelnienie, kt\u00f3re mo\u017cna \u0142atwo otwiera\u0107 i zamyka\u0107 jedn\u0105 r\u0119k\u0105. Si\u0142a ssania magnetycznego zosta\u0142a zweryfikowana przez 5000 test\u00f3w otwierania i zamykania, i nadal utrzymuje stabilne ssanie (si\u0142a magnetyczna wynosi ponad 14 kg\/cm\u00b2), znacznie przekraczaj\u0105c standardy bran\u017cowe. Kraw\u0119d\u017a pokrywy pude\u0142ka zosta\u0142a wykonana w procesie przej\u015bcia \u0142ukowego, aby poprawi\u0107 p\u0142ynno\u015b\u0107 otwierania i zamykania oraz unikn\u0105\u0107 ryzyka przytrza\u015bni\u0119cia r\u0105k.<\/p>\n<h2 id=\"2-stepped-eva-sponge-lining-precise-shockproof-suitable-for-high-end-scissors-\">2.\u00a0<strong>Podszewka z g\u0105bki EVA: precyzyjna, odporna na wstrz\u0105sy, odpowiednia dla wysokiej klasy no\u017cyczek<\/strong><\/h2>\n<p>Ok\u0142adzina wykonana jest z materia\u0142u EVA o wysokiej g\u0119sto\u015bci (przyjaznego dla \u015brodowiska i doskona\u0142ej odporno\u015bci na uderzenia), kt\u00f3ry jest precyzyjnie wycinany w procesie stopniowego otwierania formy, aby idealnie dopasowa\u0107 si\u0119 do konturu no\u017cyczek. Wn\u0119trze jest podzielone na trzy warstwy: g\u00f3rny sta\u0142y uchwyt, \u015brodkowe ostrze buforowe i dolne wzmocnione podparcie, aby zapewni\u0107 ochron\u0119 antysejsmiczn\u0105 360 \u00b0, a wytrzyma\u0142o\u015b\u0107 na \u015bciskanie podczas transportu wynosi ponad 50 kg.<\/p>\n<h2 id=\"3-golden-section-box-design-balanced-aesthetics-of-visual-and-function-\">3.\u00a0<strong>Golden Section Box Design: Zr\u00f3wnowa\u017cona estetyka wizualna i funkcjonalna<\/strong><\/h2>\n<p>Stosunek d\u0142ugo\u015bci, szeroko\u015bci i wysoko\u015bci opakowania jest \u015bci\u015ble zgodny ze z\u0142otym przekrojem 1:0,618, w po\u0142\u0105czeniu z g\u0142\u00f3wnym czarnym kolorem i matow\u0105 tekstur\u0105, podkre\u015blaj\u0105c luksus z najwy\u017cszej p\u00f3\u0142ki. Kraw\u0119d\u017a korpusu pude\u0142ka ma zaokr\u0105glone rogi o grubo\u015bci 5 mm, aby zwi\u0119kszy\u0107 komfort trzymania, jednocze\u015bnie odzwierciedlaj\u0105c logik\u0119 geometrycznej estetyki. K\u0105t otwarcia pokrywy pude\u0142ka wynosi 110\u00b0, co jest ergonomiczne i zapewnia eleganck\u0105 postaw\u0119 podczas otwierania i zamykania.<\/p>\n<h2 id=\"4-customized-surface-technology-in-depth-transmission-of-brand-value-\">4.\u00a0<strong>Dostosowana technologia powierzchni: Dog\u0142\u0119bne przekazywanie warto\u015bci marki<\/strong><\/h2>\n<ul>\n<li><strong>Grawerowanie laserowe<\/strong>: Technologia grawerowania laserowego UV jest u\u017cywana w centralnym obszarze pokrywy pude\u0142ka, kt\u00f3ra mo\u017ce prezentowa\u0107 LOGO marki lub tekstur\u0119 z dok\u0142adno\u015bci\u0105 do 0,1 mm i obs\u0142uguje efekt kontrastu tekstury metalu i matu.<\/li>\n<li><strong>Proces t\u0142oczenia na gor\u0105co<\/strong>: Lokalne t\u0142oczenie na gor\u0105co w kolorze z\u0142otym\/srebrnym podnosi poziom wizualny, na przyk\u0142ad dekoracja liniowa lub tekst sloganu na kraw\u0119dzi pokrywy pude\u0142ka.<\/li>\n<li><strong>Pow\u0142oka UV<\/strong>: Powierzchnia jest pokryta matowym tuszem UV, kt\u00f3ry jest delikatny i odporny na zu\u017cycie, aby unikn\u0105\u0107 pozostawiania odcisk\u00f3w palc\u00f3w.<\/li>\n<\/ul>\n<h2 id=\"5-efficient-production-and-verification-system-48-hour-ultra-fast-proofing-\">5.\u00a0<strong>Wydajny system produkcji i weryfikacji: 48-godzinny ultraszybki proofing<\/strong><\/h2>\n<p>Opieraj\u0105c si\u0119 na inteligentnej bibliotece pude\u0142ek i zautomatyzowanej linii produkcyjnej, wspiera szybk\u0105 reakcj\u0119 na ca\u0142y proces od projektu do pr\u00f3bki:<\/p>\n<ul>\n<li><strong>Weryfikacja strukturalna<\/strong>: Modelowanie 3D generuje animacje sk\u0142adania i symuluje efekty otwierania i zamykania w czasie rzeczywistym.<\/li>\n<li><strong>Dopasowanie materia\u0142u<\/strong>: Dost\u0119pnych jest 10 g\u0119sto\u015bci EVA (20-60 kg\/m\u00b3) i 5 specyfikacji magnes\u00f3w (\u015brednica 5-20 mm).<\/li>\n<li><strong>Wydruk pr\u00f3bny<\/strong>: Przyj\u0119cie druku cyfrowego + tryb produkcji pr\u00f3bnej w ma\u0142ych partiach, pr\u00f3bki fizyczne z weryfikacj\u0105 procesu s\u0105 dostarczane w ci\u0105gu 48 godzin.<\/li>\n<\/ul>\n<h2 id=\"-technical-parameters-and-applicable-scenarios-\"><strong>Parametry techniczne i odpowiednie scenariusze<\/strong><\/h2>\n<table>\n<thead>\n<tr>\n<th><strong>Projekt<\/strong><\/th>\n<th><strong>Specyfikacje<\/strong><\/th>\n<\/tr>\n<\/thead>\n<tbody>\n<tr>\n<td>Materia\u0142<\/td>\n<td>Pude\u0142ko zewn\u0119trzne: 450g czarny karton + wy\u015bci\u00f3\u0142ka EVA (grubo\u015b\u0107 10mm)<\/td>\n<\/tr>\n<tr>\n<td>Konfiguracja magnesu<\/td>\n<td>Magnes N52 NdFeB \u00d7 2 (\u015brednica 12 mm, grubo\u015b\u0107 3 mm)<\/td>\n<\/tr>\n<tr>\n<td>Proces powierzchniowy<\/td>\n<td>Matowy UV + t\u0142oczenie na gor\u0105co\/grawerowanie laserowe (opcjonalna kombinacja)<\/td>\n<\/tr>\n<tr>\n<td>Odpowiedni rozmiar no\u017cyczek<\/td>\n<td>D\u0142ugo\u015b\u0107 150-250 mm (obs\u0142uguje niestandardow\u0105 podszewk\u0119 siatki)<\/td>\n<\/tr>\n<tr>\n<td>Poziom ochrony<\/td>\n<td>Wysoko\u015b\u0107 zapobiegaj\u0105ca upadkowi 1,5 m, no\u015bno\u015b\u0107 50 kg bez deformacji<\/td>\n<\/tr>\n<\/tbody>\n<\/table>\n<p><strong>Obowi\u0105zuj\u0105ce pola<\/strong>Wysokiej klasy no\u017cyczki domowe, profesjonalne narz\u0119dzia fryzjerskie, medyczne narz\u0119dzia chirurgiczne i inne precyzyjne opakowania narz\u0119dzi.<\/p>\n<h2 id=\"-value-proposition-\"><strong>Propozycja warto\u015bci<\/strong><\/h2>\n<ul>\n<li><strong>Marka premium<\/strong>: Czarny minimalistyczny design jest po\u0142\u0105czony z magnetyczn\u0105 interakcj\u0105, aby stworzy\u0107 wysokiej klasy do\u015bwiadczenie \"otwierania pude\u0142ka jest poczuciem ceremonii\".<\/li>\n<li><strong>Optymalizacja koszt\u00f3w<\/strong>: Zintegrowany proces formowania podszewki EVA redukuje etapy monta\u017cu, a koszt masowej produkcji jest o 15% ni\u017cszy ni\u017c w przypadku tradycyjnego rozwi\u0105zania piankowego.<\/li>\n<li><strong>Zaanga\u017cowanie w ochron\u0119 \u015brodowiska<\/strong>: Materia\u0142y EVA nadaj\u0105 si\u0119 do recyklingu i degradacji oraz s\u0105 zgodne z unijnymi normami RoHS.<\/li>\n<\/ul>","protected":false},"excerpt":{"rendered":"<p>Zastosowano magnetyczn\u0105 struktur\u0119 zamkni\u0119cia, kt\u00f3ra jest szczelnie zamkni\u0119ta bez \u017cadnych szczelin i mo\u017ce by\u0107 \u0142atwo obs\u0142ugiwana jedn\u0105 r\u0119k\u0105. Wewn\u0119trzna wy\u015bci\u00f3\u0142ka z g\u0105bki schodkowej jest precyzyjnie uformowana, aby spe\u0142ni\u0107 wymagania dotycz\u0105ce odporno\u015bci na wstrz\u0105sy opakowa\u0144 no\u017cycowych.<\/p>","protected":false},"featured_media":837,"template":"","meta":{"_kad_post_transparent":"default","_kad_post_title":"","_kad_post_layout":"default","_kad_post_sidebar_id":"","_kad_post_content_style":"default","_kad_post_vertical_padding":"default","_kad_post_feature":"","_kad_post_feature_position":"","_kad_post_header":false,"_kad_post_footer":false,"_kad_post_classname":""},"product_brand":[],"product_cat":[15,17],"product_tag":[315,316,317],"class_list":{"0":"post-836","1":"product","2":"type-product","3":"status-publish","4":"has-post-thumbnail","6":"product_cat-red-light-therapy","7":"product_cat-services","8":"product_tag-magnetic-closure-boxes-for-scissors","9":"product_tag-scissors-boxes-packaging-solution","10":"product_tag-scissors-packaging-with-eva","12":"first","13":"instock","14":"shipping-taxable","15":"product-type-simple","16":"entry","17":"content-bg","18":"loop-entry"},"_links":{"self":[{"href":"https:\/\/red-lighttherapy.com\/pl\/wp-json\/wp\/v2\/product\/836","targetHints":{"allow":["GET"]}}],"collection":[{"href":"https:\/\/red-lighttherapy.com\/pl\/wp-json\/wp\/v2\/product"}],"about":[{"href":"https:\/\/red-lighttherapy.com\/pl\/wp-json\/wp\/v2\/types\/product"}],"wp:featuredmedia":[{"embeddable":true,"href":"https:\/\/red-lighttherapy.com\/pl\/wp-json\/wp\/v2\/media\/837"}],"wp:attachment":[{"href":"https:\/\/red-lighttherapy.com\/pl\/wp-json\/wp\/v2\/media?parent=836"}],"wp:term":[{"taxonomy":"product_brand","embeddable":true,"href":"https:\/\/red-lighttherapy.com\/pl\/wp-json\/wp\/v2\/product_brand?post=836"},{"taxonomy":"product_cat","embeddable":true,"href":"https:\/\/red-lighttherapy.com\/pl\/wp-json\/wp\/v2\/product_cat?post=836"},{"taxonomy":"product_tag","embeddable":true,"href":"https:\/\/red-lighttherapy.com\/pl\/wp-json\/wp\/v2\/product_tag?post=836"}],"curies":[{"name":"wp","href":"https:\/\/api.w.org\/{rel}","templated":true}]}}