{"id":830,"date":"2025-04-15T03:26:39","date_gmt":"2025-04-15T03:26:39","guid":{"rendered":"https:\/\/red-lighttherapy.com\/?post_type=product&#038;p=830"},"modified":"2025-04-15T03:39:42","modified_gmt":"2025-04-15T03:39:42","slug":"maker-holographic-paper-lid-lift-off-box-for-candle-perfume","status":"publish","type":"product","link":"https:\/\/red-lighttherapy.com\/pl\/maker-holographic-paper-lid-lift-off-box-for-candle-perfume\/","title":{"rendered":"Maker Holographic Paper Lid Lift-Off Box na \u015bwiec\u0119 i perfumy"},"content":{"rendered":"<h2 id=\"-maker-candle-perfume-holographic-paper-lid-box-product-description-\"><strong>Maker Candle Perfume Holographic Paper Lid and Base Box Opis produktu<\/strong><\/h2>\n<h2 id=\"-1-classic-top-and-bottom-lid-box-design-both-stable-and-aesthetic-\"><strong>1. Klasyczna konstrukcja g\u00f3rnej i dolnej pokrywy, zar\u00f3wno stabilna, jak i estetyczna<\/strong><\/h2>\n<p>Przyjmuj\u0105c klasyczn\u0105 konstrukcj\u0119 g\u00f3rnej i dolnej pokrywy, pokrywa i dno pude\u0142ka s\u0105 formowane za pomoc\u0105 precyzyjnych form, aby osi\u0105gn\u0105\u0107 milimetrow\u0105 precyzj\u0119 dopasowania. Korpus pude\u0142ka \u0142\u0105czy w sobie koncepcj\u0119 dwuwarstwowej ochrony, a niestandardowy rowek wewn\u0105trz szczelnie otacza \u015bwiec\u0119. W\u0142a\u015bciwo\u015bci antysejsmiczne i antykompresyjne s\u0105 lepsze ni\u017c w przypadku zwyk\u0142ych materia\u0142\u00f3w g\u0105bkowych, zapewniaj\u0105c brak uszkodze\u0144 podczas transportu na du\u017ce odleg\u0142o\u015bci. Wylot pude\u0142ka jest zapinany na klamr\u0119 magnetyczn\u0105 lub zatrzaskow\u0105, kt\u00f3ra jest g\u0142adka w otwieraniu i zamykaniu oraz ma silne uszczelnienie, skutecznie zapobiegaj\u0105c przypadkowemu otwarciu podczas transportu i daj\u0105c poczucie ceremonii rozpakowywania.<\/p>\n<h2 id=\"-2-humanized-interactive-experience-efficient-adaptation-to-retail-scenarios-\"><strong>2. Humanizowane interaktywne do\u015bwiadczenie, skuteczna adaptacja do scenariuszy detalicznych<\/strong><\/h2>\n<p>Wygodna konstrukcja, kt\u00f3r\u0105 mo\u017cna otworzy\u0107 jednym dotkni\u0119ciem r\u0119ki, nie wymaga skomplikowanych czynno\u015bci, aby zaspokoi\u0107 potrzeby konsument\u00f3w w handlu detalicznym w zakresie szybkiego przegl\u0105dania produkt\u00f3w. Korpus pude\u0142ka ma sztywne linie i przyjmuje proces kompozytowy o wysokiej wytrzyma\u0142o\u015bci przyjaznej dla \u015brodowiska tektury i warstwy w\u0142\u00f3kna bambusowego. Nie jest \u0142atwo go zdeformowa\u0107 podczas ekspozycji i nadaje si\u0119 do wielu scenariuszy, takich jak p\u00f3\u0142ki, zestawy upominkowe i wystawy sztuki. Podszewka wspiera konstrukcj\u0119 przegr\u00f3dek, kt\u00f3re mog\u0105 elastycznie pomie\u015bci\u0107 perfumy, akcesoria lub instrukcje, zwi\u0119kszaj\u0105c funkcjonalno\u015b\u0107 i praktyczno\u015b\u0107.<\/p>\n<h2 id=\"-3-environmentally-friendly-materials-and-holographic-vision-create-advanced-sensory-memory-\"><strong>3. Przyjazne dla \u015brodowiska materia\u0142y i holograficzna wizja tworz\u0105 zaawansowan\u0105 pami\u0119\u0107 sensoryczn\u0105<\/strong><\/h2>\n<p>Korpus pude\u0142ka wykorzystuje przyjazny dla \u015brodowiska papier holograficzny o gramaturze 183 g, w po\u0142\u0105czeniu z degradowalnym procesem laminowania, a jedwabisty dotyk i efekt laserowej fantazji kolorystycznej tworz\u0105 podw\u00f3jny wizualny i dotykowy punkt pami\u0119ci. Srebrna podstawa stanowi podstaw\u0119 dla poczucia technologii i przysz\u0142o\u015bci, a laserowy kolor skoku wprowadza witalno\u015b\u0107 poprzez dynamiczne zmiany \u015bwiat\u0142a i cienia, precyzyjnie docieraj\u0105c do emocjonalnego rezonansu kobiet i m\u0142odych klient\u00f3w. Proces laminowania ma zar\u00f3wno w\u0142a\u015bciwo\u015bci przeciwporostowe, jak i odporne na zu\u017cycie, aby zapewni\u0107 d\u0142ugotrwa\u0142y i nowy po\u0142ysk podczas wy\u015bwietlania.<\/p>\n<h2 id=\"-4-customized-accessories-empower-brand-premium-\"><strong>4. Niestandardowe akcesoria wzmacniaj\u0105 mark\u0119 premium<\/strong><\/h2>\n<p>Obs\u0142uguje instalacj\u0119 akcesori\u00f3w, takich jak klamry magnetyczne, wst\u0105\u017cki i logo t\u0142oczone na gor\u0105co, kt\u00f3re s\u0105 odpowiednie dla produkt\u00f3w o wysokiej warto\u015bci dodanej, takich jak \u015bwi\u0105teczne pude\u0142ka na prezenty, limitowane edycje i modele pod wsp\u00f3ln\u0105 mark\u0105. Podszewka mo\u017ce by\u0107 ulepszona do flokowanego lub nadaj\u0105cego si\u0119 do recyklingu materia\u0142u EVA, a konstrukcja przedzia\u0142u mo\u017ce pomie\u015bci\u0107 r\u00f3\u017cne zapachy, aby spe\u0142ni\u0107 scenariusze marketingowe, takie jak \"zestawy zapachowe\" i \"sezonowe limitowane\". Z boku opakowania mo\u017cna umie\u015bci\u0107 okienko zapachowe, dzi\u0119ki czemu konsumenci mog\u0105 poczu\u0107 poziom zapachu przed rozpakowaniem, co zwi\u0119ksza wra\u017cenia z u\u017cytkowania.<\/p>\n<h2 id=\"-5-strengthening-sustainable-concept-and-brand-recognition-\"><strong>5. Wzmocnienie zr\u00f3wnowa\u017conej koncepcji i rozpoznawalno\u015bci marki<\/strong><\/h2>\n<p>Ca\u0142y proces wykorzystuje przyjazn\u0105 dla \u015brodowiska technologi\u0119, a warstwa w\u0142\u00f3kna bambusowego i degradowalne materia\u0142y pow\u0142okowe spe\u0142niaj\u0105 standardy certyfikacji FSC, bior\u0105c pod uwag\u0119 zar\u00f3wno estetyk\u0119, jak i zr\u00f3wnowa\u017cone koncepcje. Efekt lasera w po\u0142\u0105czeniu z ekskluzywnym systemem kolor\u00f3w marki tworzy siln\u0105 rozpoznawalno\u015b\u0107 wizualn\u0105 i ma atrybut tematyczny \"plamki laserowej\" w komunikacji w mediach spo\u0142eczno\u015bciowych, pomagaj\u0105c marce prze\u0142ama\u0107 kr\u0105g. Pude\u0142ko opakowaniowe mo\u017cna przekszta\u0142ci\u0107 w domowe miejsce do przechowywania lub ozdoby artystyczne, aby przed\u0142u\u017cy\u0107 cykl \u017cycia i pog\u0142\u0119bi\u0107 wizerunek ochrony \u015brodowiska.<\/p>\n<h2 id=\"-application-scenario-example-\"><strong>6. Przyk\u0142adowy scenariusz aplikacji<\/strong><\/h2>\n<ul>\n<li><strong>Wy\u015bwietlacz detaliczny<\/strong>: Sztywne pude\u0142ko nadaje si\u0119 na p\u00f3\u0142ki supermarket\u00f3w i sklep\u00f3w kosmetycznych, a laserowy po\u0142ysk przyci\u0105ga uwag\u0119.<\/li>\n<li><strong>Zestaw upominkowy<\/strong>: Dodaj wst\u0105\u017cki i z\u0142ocone kartki okoliczno\u015bciowe, aby stworzy\u0107 atmosfer\u0119 \u015bwi\u0105tecznej ceremonii wr\u0119czania prezent\u00f3w.<\/li>\n<li><strong>Wsp\u00f3\u0142tworzenie marki<\/strong>: Dzi\u0119ki konstrukcji podszewki przegr\u00f3dki i magnetycznej klamrze, mo\u017cna zintegrowa\u0107 produkty wielu marek, aby zwi\u0119kszy\u0107 przestrze\u0144 premium.<\/li>\n<\/ul>\n<h2 id=\"-technical-parameters-\"><strong>7. Parametry techniczne<\/strong><\/h2>\n<ul>\n<li>Materia\u0142: 183g Papier holograficzny + warstwa kompozytowa z w\u0142\u00f3kna bambusowego<\/li>\n<li>Proces: niskotemperaturowe laminowanie woskiem sojowym, precyzyjne wycinanie laserowe<\/li>\n<li>Rozmiar: obs\u0142uga dostosowywania (wersja standardowa jest odpowiednia dla \u015bwiec o \u015brednicy 8 cm)<\/li>\n<li>Certyfikacja \u015brodowiskowa: FSC, etykieta degradowalna<\/li>\n<\/ul>","protected":false},"excerpt":{"rendered":"<p>Holograficzne pude\u0142ko Maker z pokrywk\u0105 i podstaw\u0105 przyjmuje za sw\u00f3j rdze\u0144 \"futurystyczny rytua\u0142\". Poprzez zderzenie technologicznego srebra i laserowego koloru, r\u00f3wnowa\u017cy racjonaln\u0105 estetyk\u0119 i emocjonalne do\u015bwiadczenie, staj\u0105c si\u0119 cichym medium dla marki, aby przekaza\u0107 jej warto\u015bci.<\/p>","protected":false},"featured_media":832,"template":"","meta":{"_kad_post_transparent":"default","_kad_post_title":"","_kad_post_layout":"default","_kad_post_sidebar_id":"","_kad_post_content_style":"default","_kad_post_vertical_padding":"default","_kad_post_feature":"","_kad_post_feature_position":"","_kad_post_header":false,"_kad_post_footer":false,"_kad_post_classname":""},"product_brand":[],"product_cat":[15,19,17],"product_tag":[312,313,314],"class_list":{"0":"post-830","1":"product","2":"type-product","3":"status-publish","4":"has-post-thumbnail","6":"product_cat-red-light-therapy","7":"product_cat-red-light-therapy-stand","8":"product_cat-services","9":"product_tag-holographic-paper-candle-box","10":"product_tag-lid-lift-off-box-for-perfume","11":"product_tag-maker-box-for-candle-perfume","13":"first","14":"instock","15":"shipping-taxable","16":"product-type-simple","17":"entry","18":"content-bg","19":"loop-entry"},"_links":{"self":[{"href":"https:\/\/red-lighttherapy.com\/pl\/wp-json\/wp\/v2\/product\/830","targetHints":{"allow":["GET"]}}],"collection":[{"href":"https:\/\/red-lighttherapy.com\/pl\/wp-json\/wp\/v2\/product"}],"about":[{"href":"https:\/\/red-lighttherapy.com\/pl\/wp-json\/wp\/v2\/types\/product"}],"wp:featuredmedia":[{"embeddable":true,"href":"https:\/\/red-lighttherapy.com\/pl\/wp-json\/wp\/v2\/media\/832"}],"wp:attachment":[{"href":"https:\/\/red-lighttherapy.com\/pl\/wp-json\/wp\/v2\/media?parent=830"}],"wp:term":[{"taxonomy":"product_brand","embeddable":true,"href":"https:\/\/red-lighttherapy.com\/pl\/wp-json\/wp\/v2\/product_brand?post=830"},{"taxonomy":"product_cat","embeddable":true,"href":"https:\/\/red-lighttherapy.com\/pl\/wp-json\/wp\/v2\/product_cat?post=830"},{"taxonomy":"product_tag","embeddable":true,"href":"https:\/\/red-lighttherapy.com\/pl\/wp-json\/wp\/v2\/product_tag?post=830"}],"curies":[{"name":"wp","href":"https:\/\/api.w.org\/{rel}","templated":true}]}}