{"id":824,"date":"2025-04-15T03:12:20","date_gmt":"2025-04-15T03:12:20","guid":{"rendered":"https:\/\/red-lighttherapy.com\/?post_type=product&#038;p=824"},"modified":"2025-04-15T03:26:31","modified_gmt":"2025-04-15T03:26:31","slug":"custom-luxury-sliding-drawer-wigs-packaging-boxes-bulk","status":"publish","type":"product","link":"https:\/\/red-lighttherapy.com\/pl\/custom-luxury-sliding-drawer-wigs-packaging-boxes-bulk\/","title":{"rendered":"Niestandardowe luksusowe pude\u0142ka do pakowania peruk z wysuwan\u0105 szuflad\u0105"},"content":{"rendered":"<h2 id=\"customized-luxury-sliding-drawer-style-wig-packaging-box-product-description\">Niestandardowe luksusowe pude\u0142ka do pakowania peruk z szufladami luzem Opis produktu<\/h2>\n<h2><strong>1. Innowacyjno\u015b\u0107<\/strong>wysuwana szuflada <strong>projekt otwarcia<\/strong><\/h2>\n<p>Dzi\u0119ki zastosowaniu precyzyjnej konstrukcji szyny \u015blizgowej, mo\u017cna j\u0105 p\u0142ynnie otwiera\u0107 i zamyka\u0107 za pomoc\u0105 jednego naci\u015bni\u0119cia, bior\u0105c pod uwag\u0119\u00a0<strong>zmys\u0142 rytualny i wygoda<\/strong>. Konstrukcja szuflady jest inspirowana wysokiej klasy pude\u0142kami na peruki. Wewn\u0119trzna prowadnica zosta\u0142a wielokrotnie przetestowana i zoptymalizowana, aby zapewni\u0107 p\u0142ynne dzia\u0142anie bez zacinania si\u0119. Jednocze\u015bnie magnetyczna klamra s\u0142u\u017cy do uzyskania stabilno\u015bci zamkni\u0119cia, aby unikn\u0105\u0107 przypadkowego po\u015blizgu.<\/p>\n<h2 id=\"-2-scientific-lining-support-system-\"><strong>2. Naukowy system wsparcia ok\u0142adzin<\/strong><\/h2>\n<p>Wy\u015bci\u00f3\u0142ka wykonana jest z materia\u0142u kompozytowego z g\u0105bki EVA o wysokiej g\u0119sto\u015bci i tkaniny flokowanej. Przez\u00a0<strong>Modelowanie 3D w celu symulacji kszta\u0142tu peruki<\/strong>Dostarczany jest niestandardowy projekt partycji:<\/p>\n<ul>\n<li><strong>Stabilno\u015b\u0107<\/strong>: Precyzyjnie dopasowane do rozmiaru peruki, dopasowuj\u0105 si\u0119 do krzywizny w\u0142os\u00f3w i zapobiegaj\u0105 wstrz\u0105som i zu\u017cyciu podczas transportu;<\/li>\n<li><strong>Ochronny<\/strong>: Flokowana powierzchnia zmniejsza adsorpcj\u0119 \u0142adunk\u00f3w elektrostatycznych i wyd\u0142u\u017ca \u017cywotno\u015b\u0107 peruki.<\/li>\n<\/ul>\n<h2 id=\"-three-laser-precision-and-detail-processing-\"><strong>3. Laserowa precyzja i obr\u00f3bka detali<\/strong><\/h2>\n<ul>\n<li><strong>Zero b\u0142\u0119d\u00f3w ci\u0119cia<\/strong>: U\u017cywaj\u0105c niemieckiego sprz\u0119tu laserowego TRUMPF, b\u0142\u0105d jest kontrolowany w zakresie \u00b10,1 mm, aby zapewni\u0107 p\u0142ynne dokowanie korpusu pude\u0142ka;<\/li>\n<li><strong>Humanizowany dotyk<\/strong>: Kraw\u0119d\u017a jest przetwarzana w procesie szlifowania k\u0105towego R, dotyk jest delikatny i pozbawiony zadzior\u00f3w oraz zapewnia ergonomiczny chwyt.<\/li>\n<\/ul>\n<h2 id=\"-four-soothing-visual-aesthetic-design-\"><strong>4. Koj\u0105ca estetyka wizualna<\/strong><\/h2>\n<ul>\n<li><strong>Kolor g\u0142\u00f3wny<\/strong>: Oparty na zieleni, matowy proces powlekania UV jest stosowany, a kolor o niskim nasyceniu mo\u017ce zmniejszy\u0107 nacisk wizualny, co pasuje do tonacji wysokiej klasy marek peruk;<\/li>\n<li><strong>Elementy dekoracyjne<\/strong>: Dzi\u0119ki czarnej satynowej wst\u0105\u017cce, dok\u0142adne pozycjonowanie otwarcia pude\u0142ka jest osi\u0105gane dzi\u0119ki wst\u0119pnie ustawionym rowkom prowadz\u0105cym, aby zwi\u0119kszy\u0107 poczucie ceremonii rozpakowywania.<\/li>\n<\/ul>\n<h2 id=\"-v-multi-dimensional-free-customization-solution-\"><strong>5. Wielowymiarowe rozwi\u0105zanie do bezp\u0142atnego dostosowywania<\/strong><\/h2>\n<p>Obs\u0142uguje elastyczne po\u0142\u0105czenie\u00a0<strong>rozmiar, struktura i funkcja<\/strong>\u00a0modu\u0142y:<\/p>\n<ol>\n<li><strong>Dostosowanie rozmiaru<\/strong>: 15-60 cm d\u0142ugo\u015bci, 3-15 cm wysoko\u015bci, kompatybilny z kr\u00f3tkimi fryzurami i pe\u0142nymi nakryciami g\u0142owy;<\/li>\n<li><strong>Rozszerzenie funkcji<\/strong>: Opcjonalne gniazda kart odporne na wilgo\u0107, warstwa lustrzana LED, gniazdo kart marki itp;<\/li>\n<li><strong>Modernizacja strukturalna<\/strong>: Zapewnia formy pochodne, takie jak g\u00f3rne i dolne pokrywy, podw\u00f3jne drzwi i sk\u0142adane style.<\/li>\n<\/ol>\n<h2 id=\"-sixth-flexible-supply-chain-service-\"><strong>6. Elastyczna obs\u0142uga \u0142a\u0144cucha dostaw<\/strong><\/h2>\n<ul>\n<li><strong>Szybka reakcja<\/strong>: Kompletny proofing w ci\u0105gu 72 godzin, obs\u0142uga jednoczesnego potwierdzania rendering\u00f3w 3D i obiekt\u00f3w fizycznych;<\/li>\n<li><strong>Elastyczne minimalne zam\u00f3wienie<\/strong>: 500 sztuk do produkcji seryjnej, 10 specyfikacji mo\u017cna miesza\u0107 w jednej partii, aby zmniejszy\u0107 presj\u0119 na zapasy;<\/li>\n<li><strong>Us\u0142uga o warto\u015bci dodanej<\/strong>: Bezp\u0142atny projekt fuzji marki VI, transgraniczne rozwi\u0105zania logistyczne i gwarancja posprzeda\u017cna.<\/li>\n<\/ul>\n<h2 id=\"-vii-environmental-protection-and-quality-commitment-\"><strong>7. Ochrona \u015brodowiska i zaanga\u017cowanie w jako\u015b\u0107<\/strong><\/h2>\n<ul>\n<li><strong>Certyfikacja materia\u0142\u00f3w<\/strong>: Korpus pude\u0142ka wykorzystuje bia\u0142\u0105 tektur\u0119 z certyfikatem FSC i przyjazny dla \u015brodowiska klej na bazie wody oraz przeszed\u0142 testy SGS na obecno\u015b\u0107 metali ci\u0119\u017ckich;<\/li>\n<li><strong>Gwarancja wydajno\u015bci<\/strong>: W\u0142asna fabryka jest wyposa\u017cona w pe\u0142ni automatyczne maszyny sztancuj\u0105ce i linie produkcyjne do druku offsetowego, o \u015bredniej dziennej zdolno\u015bci produkcyjnej ponad 10 000 000 sztuk.<\/li>\n<\/ul>","protected":false},"excerpt":{"rendered":"<p>Konstrukcja otwierania papierowej szuflady pozwala na p\u0142ynn\u0105 obs\u0142ug\u0119 jedn\u0105 r\u0119k\u0105, \u0142\u0105cz\u0105c poczucie ceremonii z wygod\u0105. Podszewka zosta\u0142a precyzyjnie obliczona, aby stabilnie wspiera\u0107 peruki o r\u00f3\u017cnych rozmiarach, aby unikn\u0105\u0107 wstrz\u0105s\u00f3w i zu\u017cycia.<\/p>","protected":false},"featured_media":825,"template":"","meta":{"_kad_post_transparent":"default","_kad_post_title":"","_kad_post_layout":"default","_kad_post_sidebar_id":"","_kad_post_content_style":"default","_kad_post_vertical_padding":"default","_kad_post_feature":"","_kad_post_feature_position":"","_kad_post_header":false,"_kad_post_footer":false,"_kad_post_classname":""},"product_brand":[],"product_cat":[15,20,17],"product_tag":[311,309,310],"class_list":{"0":"post-824","1":"product","2":"type-product","3":"status-publish","4":"has-post-thumbnail","6":"product_cat-red-light-therapy","7":"product_cat-led-face-light-therapy","8":"product_cat-services","9":"product_tag-bulk-wigs-boxes","10":"product_tag-custom-wigs-packaging-boxes","11":"product_tag-luxury-sliding-wigs-boxes","13":"first","14":"instock","15":"shipping-taxable","16":"product-type-simple","17":"entry","18":"content-bg","19":"loop-entry"},"_links":{"self":[{"href":"https:\/\/red-lighttherapy.com\/pl\/wp-json\/wp\/v2\/product\/824","targetHints":{"allow":["GET"]}}],"collection":[{"href":"https:\/\/red-lighttherapy.com\/pl\/wp-json\/wp\/v2\/product"}],"about":[{"href":"https:\/\/red-lighttherapy.com\/pl\/wp-json\/wp\/v2\/types\/product"}],"wp:featuredmedia":[{"embeddable":true,"href":"https:\/\/red-lighttherapy.com\/pl\/wp-json\/wp\/v2\/media\/825"}],"wp:attachment":[{"href":"https:\/\/red-lighttherapy.com\/pl\/wp-json\/wp\/v2\/media?parent=824"}],"wp:term":[{"taxonomy":"product_brand","embeddable":true,"href":"https:\/\/red-lighttherapy.com\/pl\/wp-json\/wp\/v2\/product_brand?post=824"},{"taxonomy":"product_cat","embeddable":true,"href":"https:\/\/red-lighttherapy.com\/pl\/wp-json\/wp\/v2\/product_cat?post=824"},{"taxonomy":"product_tag","embeddable":true,"href":"https:\/\/red-lighttherapy.com\/pl\/wp-json\/wp\/v2\/product_tag?post=824"}],"curies":[{"name":"wp","href":"https:\/\/api.w.org\/{rel}","templated":true}]}}