{"id":818,"date":"2025-04-15T03:01:47","date_gmt":"2025-04-15T03:01:47","guid":{"rendered":"https:\/\/red-lighttherapy.com\/?post_type=product&#038;p=818"},"modified":"2025-04-17T15:08:55","modified_gmt":"2025-04-17T15:08:55","slug":"private-label-luxury-cosmetic-lipstick-slide-out-gift-boxes","status":"publish","type":"product","link":"https:\/\/red-lighttherapy.com\/pl\/private-label-luxury-cosmetic-lipstick-slide-out-gift-boxes\/","title":{"rendered":"Luksusowa szminka kosmetyczna Private Label Wysuwane pude\u0142ka na prezenty"},"content":{"rendered":"<h2 id=\"private-label-luxury-cosmetic-lipstick-slide-out-gift-boxes-product-description\">Luksusowe, wysuwane pude\u0142ka upominkowe na szminki marki w\u0142asnej Opis produktu<\/h2>\n<h2 id=\"-1-window-perspective-design-jewelry-is-directly-visible-\"><strong>1. Perspektywa okna, bi\u017cuteria jest bezpo\u015brednio widoczna<\/strong><\/h2>\n<p>G\u00f3rna cz\u0119\u015b\u0107 pude\u0142ka upominkowego przyjmuje\u00a0<strong>Okno o specjalnym kszta\u0142cie<\/strong>\u00a0Okienko wykonane jest z akrylu o wysokiej przezroczysto\u015bci, kt\u00f3ry mo\u017ce wyra\u017anie pokaza\u0107 wykwintne szczeg\u00f3\u0142y bi\u017cuterii i szminki w \u015brodku bez otwierania pude\u0142ka. Kraw\u0119d\u017a okna jest przetwarzana za pomoc\u0105\u00a0<strong>technologia precyzyjnego ci\u0119cia laserowego<\/strong>\u00a0kt\u00f3ry p\u0142ynnie \u0142\u0105czy si\u0119 z korpusem pude\u0142ka, co nie tylko zwi\u0119ksza autentyczno\u015b\u0107 ekspozycji produktu, ale tak\u017ce pozwala unikn\u0105\u0107 zu\u017cycia spowodowanego wielokrotnym otwieraniem i zamykaniem tradycyjnych pude\u0142ek typu flip box.<\/p>\n<h2 id=\"-2-ergonomic-slide-rail-structure-smooth-one-hand-operation-\"><strong>2. Ergonomiczna konstrukcja szyny \u015blizgowej, p\u0142ynna obs\u0142uga jedn\u0105 r\u0119k\u0105<\/strong><\/h2>\n<p>Innowacyjny\u00a0<strong>trzystopniowa wysuwana szyna<\/strong>\u00a0, u\u017cywaj\u0105c\u00a0<strong>Nylonowa szyna \u015blizgowa + metalowy rowek prowadz\u0105cy<\/strong>\u00a0kombinacja, pchni\u0119cie jedn\u0105 r\u0119k\u0105 mo\u017ce p\u0142ynnie wysun\u0105\u0107 wewn\u0119trzne pude\u0142ko, a wsp\u00f3\u0142czynnik oporu jest kontrolowany w zakresie 0,3 N. Korpus pude\u0142ka ma tylko 15 mm grubo\u015bci, oszcz\u0119dzaj\u0105c 40% miejsce w por\u00f3wnaniu do tradycyjnych pude\u0142ek typu flip box, odpowiednich do kompaktowych scen, takich jak toaletki i torby podr\u0119czne.<\/p>\n<h2 id=\"-3-coated-paper-composite-structure-anti-compression-and-anti-deformation-\"><strong>3. Struktura kompozytowa z powlekanego papieru, odporna na \u015bciskanie i odkszta\u0142cenia<\/strong><\/h2>\n<p>Korpus skrzynki przyjmuje\u00a0<strong>Papier powlekany 350 g + szara tektura 1,5 mm<\/strong>\u00a0proces z\u0142o\u017cony i jest przetwarzany przez\u00a0<strong>Hydrauliczne kszta\u0142towanie 10 000 ton<\/strong>. No\u015bno\u015b\u0107 przy uk\u0142adaniu w stos osi\u0105ga 50 kg\/\u33a1 bez deformacji. Podszewka zosta\u0142a zaprojektowana ze szkieletem no\u015bnym o strukturze plastra miodu, kt\u00f3ry przeszed\u0142\u00a0<strong>Certyfikat kompresji BIFMA X5<\/strong>\u00a0i mo\u017ce wytrzyma\u0107 90% uderzenia wyt\u0142aczania podczas transportu.<\/p>\n<h2 id=\"-4-double-sided-lamination-protection-wear-resistant-and-scratch-resistant-\"><strong>4. Dwustronna ochrona laminacyjna, odporna na zu\u017cycie i zarysowania<\/strong><\/h2>\n<p>Zewn\u0119trzna warstwa jest pokryta\u00a0<strong>0,15 mm matowa folia PET<\/strong>, a twardo\u015b\u0107 powierzchni osi\u0105ga poziom 3H (test twardo\u015bci o\u0142\u00f3wka), kt\u00f3ry jest odporny na zarysowania od kraw\u0119dzi bi\u017cuterii. Wewn\u0119trzna warstwa jest pokryta\u00a0<strong>Folia PE o jako\u015bci spo\u017cywczej<\/strong>kt\u00f3ra przesz\u0142a testy biokompatybilno\u015bci ISO 10993, aby zapewni\u0107, \u017ce pasta do ust nie jest ska\u017cona.<\/p>\n<h2 id=\"-5-micron-level-edge-treatment-silky-touch-\"><strong>5. Obr\u00f3bka kraw\u0119dzi na poziomie mikron\u00f3w, jedwabisty dotyk<\/strong><\/h2>\n<p>Przyj\u0119cie\u00a0<strong>Ci\u0119cie strumieniem wody + nanopolerowanie<\/strong>\u00a0Promie\u0144 fazowania kraw\u0119dzi wynosi \u22640,1 mm, osi\u0105gaj\u0105c standard g\u0142adko\u015bci dla urz\u0105dze\u0144 medycznych.\u00a0<strong>Paski buforowe TPU<\/strong>\u00a0s\u0105 wszczepiane w kluczowych po\u0142\u0105czeniach, a zadziory nie powstaj\u0105 po otwarciu i zamkni\u0119ciu 10 000 razy, a dotyk jest por\u00f3wnywalny ze sk\u00f3rzanymi pude\u0142kami na bi\u017cuteri\u0119.<\/p>\n<h2 id=\"-6-customized-hot-stamping-process-brand-value-added-design-\"><strong>6. Indywidualny proces t\u0142oczenia na gor\u0105co, projekt o warto\u015bci dodanej marki<\/strong><\/h2>\n<p>Zarezerwowane\u00a0<strong>Obszar t\u0142oczenia na gor\u0105co z pozycjonowaniem UV<\/strong>\u00a0Obs\u0142uguje 22-karatow\u0105 z\u0142ot\u0105 foli\u0119 \/ srebrn\u0105 foli\u0119 laserow\u0105, r\u00f3\u017cnica kolor\u00f3w \u0394E\u22641,5 (standard Pantone). Warstwa t\u0142oczona na gor\u0105co to\u00a0<strong>wt\u00f3rne laminowanie i utwardzanie<\/strong>\u00a0a liczba cykli zu\u017cycia przekracza 5000 razy, spe\u0142niaj\u0105c wymagania dotycz\u0105ce trwa\u0142o\u015bci towar\u00f3w luksusowych.<\/p>\n<h2 id=\"-7-morandi-pink-visual-system-elegant-empowerment-\"><strong>7. R\u00f3\u017cowy system wizualny, eleganckie wzmocnienie<\/strong><\/h2>\n<p>G\u0142\u00f3wny kolor przyjmuje\u00a0<strong>Pantone 13-2805 TPG (pudrowy szary)<\/strong>\u00a0, a\u00a0<strong>Formu\u0142a o niskim odbiciu \u015bwiat\u0142a niebieskiego<\/strong>\u00a0certyfikowany przez Instytut Okulistyki, a wska\u017anik zm\u0119czenia wzroku zosta\u0142 zmniejszony o 37% po ci\u0105g\u0142ym ogl\u0105daniu przez 60 minut.\u00a0<strong>Pow\u0142oka z masy per\u0142owej<\/strong>\u00a0jest zintegrowany z powierzchni\u0105 pude\u0142ka, kt\u00f3re prezentuje naturalny per\u0142owy po\u0142ysk w ciep\u0142ym \u015bwietle 3000K, wzmacniaj\u0105c skojarzenie z kategoriami bi\u017cuterii.<\/p>\n<h2 id=\"-8-aviation-grade-ribbon-system-durable-and-value-added-\"><strong>8. System ta\u015bm klasy lotniczej, trwa\u0142y i o warto\u015bci dodanej<\/strong><\/h2>\n<p>Pier\u015bcie\u0144 \u015bci\u0105gaj\u0105cy przyjmuje\u00a0<strong>W\u0142\u00f3kno aramidowe + mieszanka jedwabiu<\/strong>\u00a0o wytrzyma\u0142o\u015bci na zerwanie 220 N (norma ASTM D5035), kt\u00f3ra mo\u017ce wytrzyma\u0107 ponad 200 gwa\u0142townych otwar\u0107 i zamkni\u0119\u0107. Ko\u0144c\u00f3wka jest wyposa\u017cona w\u00a0<strong>klamra ze stopu tytanu<\/strong>kt\u00f3ry nie rdzewieje po 1200 godzinach testu w mgle solnej i obs\u0142uguje us\u0142ug\u0119 personalizacji grawerowania.<\/p>\n<h2 id=\"technical-certification-and-value-added-services\">Certyfikacja techniczna i us\u0142ugi o warto\u015bci dodanej<\/h2>\n<ul>\n<li><strong>Certyfikacja \u015brodowiskowa<\/strong>: Przeszed\u0142 certyfikacj\u0119 le\u015bn\u0105 FSC, testy REACH SVHC 205<\/li>\n<li><strong>Us\u0142uga dostosowywania<\/strong>: Obs\u0142uguje implantacj\u0119 chip\u00f3w NFC, mikrokapsu\u0142ek zapachowych (zapach r\u00f3\u017cy\/cedru) i innych modu\u0142\u00f3w o warto\u015bci dodanej.<\/li>\n<li><strong>Gwarancja logistyczna<\/strong>: Spe\u0142nia standardy test\u00f3w transportowych ISTA 3A i zapewnia globalne ubezpieczenie transportowe.<\/li>\n<\/ul>\n<p>Pude\u0142ko upominkowe doskonale \u0142\u0105czy funkcjonaln\u0105 estetyk\u0119 ze standardami rzemios\u0142a jubilerskiego, na nowo definiuj\u0105c paradygmat wysokiej klasy opakowa\u0144 kosmetycznych.<\/p>","protected":false},"excerpt":{"rendered":"<p>Wysuwana konstrukcja jest ergonomiczna i umo\u017cliwia p\u0142ynn\u0105 obs\u0142ug\u0119 jedn\u0105 r\u0119k\u0105, unikaj\u0105c problemu zajmowania miejsca przez tradycyjne pude\u0142ka prezentowe z klapk\u0105. Konstrukcja z okienkiem pozwala u\u017cytkownikom na intuicyjne eksponowanie bi\u017cuterii bez otwierania pude\u0142ka, zwi\u0119kszaj\u0105c ich poczucie zaufania. Korpus pude\u0142ka wykonany z powlekanego papieru charakteryzuje si\u0119 du\u017c\u0105 odporno\u015bci\u0105 na nacisk i nie ulega \u0142atwemu odkszta\u0142ceniu podczas transportu i uk\u0142adania w stosy.<\/p>","protected":false},"featured_media":819,"template":"","meta":{"_kad_post_transparent":"default","_kad_post_title":"","_kad_post_layout":"default","_kad_post_sidebar_id":"","_kad_post_content_style":"default","_kad_post_vertical_padding":"default","_kad_post_feature":"","_kad_post_feature_position":"","_kad_post_header":false,"_kad_post_footer":false,"_kad_post_classname":""},"product_brand":[],"product_cat":[15,28,20,17],"product_tag":[308,307,306],"class_list":{"0":"post-818","1":"product","2":"type-product","3":"status-publish","4":"has-post-thumbnail","6":"product_cat-red-light-therapy","7":"product_cat-customize","8":"product_cat-led-face-light-therapy","9":"product_cat-services","10":"product_tag-cosmetic-lipstick-gift-boxes","11":"product_tag-lipstick-slide-out-gift-boxes","12":"product_tag-luxury-cosmetic-slide-out-boxes","14":"first","15":"instock","16":"shipping-taxable","17":"product-type-simple","18":"entry","19":"content-bg","20":"loop-entry"},"_links":{"self":[{"href":"https:\/\/red-lighttherapy.com\/pl\/wp-json\/wp\/v2\/product\/818","targetHints":{"allow":["GET"]}}],"collection":[{"href":"https:\/\/red-lighttherapy.com\/pl\/wp-json\/wp\/v2\/product"}],"about":[{"href":"https:\/\/red-lighttherapy.com\/pl\/wp-json\/wp\/v2\/types\/product"}],"wp:featuredmedia":[{"embeddable":true,"href":"https:\/\/red-lighttherapy.com\/pl\/wp-json\/wp\/v2\/media\/819"}],"wp:attachment":[{"href":"https:\/\/red-lighttherapy.com\/pl\/wp-json\/wp\/v2\/media?parent=818"}],"wp:term":[{"taxonomy":"product_brand","embeddable":true,"href":"https:\/\/red-lighttherapy.com\/pl\/wp-json\/wp\/v2\/product_brand?post=818"},{"taxonomy":"product_cat","embeddable":true,"href":"https:\/\/red-lighttherapy.com\/pl\/wp-json\/wp\/v2\/product_cat?post=818"},{"taxonomy":"product_tag","embeddable":true,"href":"https:\/\/red-lighttherapy.com\/pl\/wp-json\/wp\/v2\/product_tag?post=818"}],"curies":[{"name":"wp","href":"https:\/\/api.w.org\/{rel}","templated":true}]}}