{"id":812,"date":"2025-04-15T02:51:47","date_gmt":"2025-04-15T02:51:47","guid":{"rendered":"https:\/\/red-lighttherapy.com\/?post_type=product&#038;p=812"},"modified":"2025-04-15T03:01:39","modified_gmt":"2025-04-15T03:01:39","slug":"bespoke-soft-touch-lamination-match-style-necklaces-box","status":"publish","type":"product","link":"https:\/\/red-lighttherapy.com\/pl\/bespoke-soft-touch-lamination-match-style-necklaces-box\/","title":{"rendered":"Pude\u0142ko na naszyjniki na zam\u00f3wienie z mi\u0119kkim laminowaniem dopasowanym do stylu"},"content":{"rendered":"<h2 id=\"customized-soft-touch-coating-matching-style-necklace-box-product-description\">Pude\u0142ko na naszyjnik z mi\u0119kk\u0105 w dotyku pow\u0142ok\u0105 dopasowan\u0105 do stylu opis produktu<\/h2>\n<h2 id=\"1-cuboid-drawer-structure-\">1. Papier<strong> Konstrukcja szuflady<\/strong><\/h2>\n<ul>\n<li>Przyjmuj\u0105c precyzyjnie obliczony prostok\u0105tny kszta\u0142t pude\u0142ka, wsp\u00f3\u0142czynnik wykorzystania przestrzeni wewn\u0119trznej zosta\u0142 zwi\u0119kszony o 30%, co nadaje si\u0119 do ekspozycji bi\u017cuterii w sklepie jubilerskim i do przechowywania w domowej toaletce. Warstwowa konstrukcja szuflady umo\u017cliwia przechowywanie r\u00f3\u017cnych rodzaj\u00f3w bi\u017cuterii, takich jak naszyjniki, pier\u015bcionki, kolczyki itp. w kategoriach, aby unikn\u0105\u0107 spl\u0105tania i zu\u017cycia.<\/li>\n<li>Korpus pude\u0142ka zosta\u0142\u00a0<strong>zoptymalizowany geometrycznie<\/strong>Kraw\u0119dzie s\u0105 zaokr\u0105glone o 0,5 mm, co nie tylko zachowuje tr\u00f3jwymiarowo\u015b\u0107, ale tak\u017ce poprawia stabilno\u015b\u0107 uk\u0142adania. Mo\u017ce wytrzyma\u0107 5 warstw na\u0142o\u017conego nacisku podczas transportu i wsp\u00f3\u0142pracuje z antykolizyjnymi materia\u0142ami buforowymi (takimi jak bawe\u0142na per\u0142owa EPE), aby zapewni\u0107 pe\u0142ne bezpiecze\u0144stwo transportu.<\/li>\n<\/ul>\n<h2 id=\"2-slide-rail-pull-out-one-hand-operation-\">2.\u00a0<strong>Wysuwana szyna \u015blizgowa obs\u0142ugiwana jedn\u0105 r\u0119k\u0105<\/strong><\/h2>\n<ul>\n<li>Wyposa\u017cony w\u00a0<strong>Szyna \u015blizgowa z cichym t\u0142umieniem<\/strong>Wytrzyma\u0142o\u015b\u0107 na otwieranie i zamykanie wynosi \u22641,5 N, a urz\u0105dzenie mo\u017cna p\u0142ynnie otworzy\u0107 jednym naci\u015bni\u0119ciem r\u0119ki, co jest o 40% bardziej wydajne ni\u017c tradycyjna obs\u0142uga klapki. Test \u017cywotno\u015bci szyny \u015blizgowej wynosi ponad 100 000 razy, co jest odpowiednie dla scenariuszy u\u017cytkowania o wysokiej cz\u0119stotliwo\u015bci.<\/li>\n<li>Szuflada jest wyposa\u017cona w\u00a0<strong>magnetyczny system pozycjonowania<\/strong>\u00a0kt\u00f3ry automatycznie wyr\u00f3wnuje si\u0119 po zamkni\u0119ciu, aby unikn\u0105\u0107 przypadkowego po\u015blizgu spowodowanego wibracjami.<\/li>\n<\/ul>\n<h2 id=\"-second-surface-technology-and-visual-presentation-\"><strong>3. Technologia powierzchni i prezentacja wizualna<\/strong><\/h2>\n<ol>\n<li><strong>Mi\u0119kka w dotyku pow\u0142oka i tr\u00f3jwymiarowa tekstura<\/strong><\/li>\n<li>Korpus skrzynki przyjmuje\u00a0<strong>Technologia powlekania PU<\/strong>\u00a0Powierzchnia jest delikatna jak aksamit, a tak\u017ce ma w\u0142a\u015bciwo\u015bci zapobiegaj\u0105ce zarysowaniom i odciskom palc\u00f3w. Przez\u00a0<strong>Technologia wyt\u0142aczania 3D<\/strong>\u00a0Tr\u00f3jwymiarowa tekstura wzoru diamentu\/rokodyla jest tworzona w celu zwi\u0119kszenia wizualnej warstwowo\u015bci i rozpoznawalno\u015bci marki.<\/li>\n<\/ol>\n<h2 id=\"4-dark-blue-main-color-and-hot-stamping-luxury-\">4.\u00a0<strong>Ciemnoniebieski kolor g\u0142\u00f3wny i luksusowe t\u0142oczenie na gor\u0105co<\/strong><\/h2>\n<ul>\n<li>Korpus skrzynki znajduje si\u0119 g\u0142\u00f3wnie w\u00a0<strong>Pantone 19-4052 klasyczny ciemnoniebieski<\/strong>\u00a0kt\u00f3ry symbolizuje zaufanie i wieczno\u015b\u0107 oraz jest wysoce sp\u00f3jny z wizualnym j\u0119zykiem d\u00f3br luksusowych. Z\u00a0<strong>Technologia cz\u0119\u015bciowego t\u0142oczenia na gor\u0105co<\/strong>\u00a0Zastosowano 24-karatow\u0105 z\u0142ot\u0105 foli\u0119 i technologi\u0119 pozycjonowania laserowego, po\u0142ysk metalu \u0394E\u22641,5, a dok\u0142adno\u015b\u0107 kraw\u0119dzi tekstu \/ logo si\u0119ga \u00b10,1 mm, podkre\u015blaj\u0105c szlachetn\u0105 tekstur\u0119.<\/li>\n<\/ul>\n<h2 id=\"5-eva-velvet-composite-inner-support-\">5.\u00a0<strong>Wewn\u0119trzne wsparcie z kompozytu EVA + aksamit<\/strong><\/h2>\n<ul>\n<li>Wewn\u0119trzna podszewka przyjmuje\u00a0<strong>G\u0105bka EVA o wysokiej g\u0119sto\u015bci<\/strong>\u00a0(twardo\u015b\u0107 40\u00b15 Shore C) i\u00a0<strong>Aksamit 600D<\/strong>\u00a0Kompozytowa struktura, kt\u00f3ra jest mi\u0119kka w dotyku i ma du\u017c\u0105 odporno\u015b\u0107 na nacisk, chroni\u0105c bi\u017cuteri\u0119 przed uderzeniami.<\/li>\n<li><strong>Modu\u0142owa konstrukcja gniazda karty<\/strong>:<\/li>\n<li><strong>Otw\u00f3r na naszyjnik<\/strong>: Rowek w kszta\u0142cie litery U o g\u0142\u0119boko\u015bci 15 mm, odpowiedni do naszyjnik\u00f3w z \u0142a\u0144cuszkiem o d\u0142ugo\u015bci 40-70 cm;<\/li>\n<li><strong>Uchwyt na pier\u015bcie\u0144<\/strong>: Regulowana pozycja mocowania pier\u015bcienia silikonowego, kompatybilna z pier\u015bcieniami 4-20;<\/li>\n<li><strong>Gniazdo na bi\u017cuteri\u0119 douszn\u0105<\/strong>Otw\u00f3r na ko\u0142ek o \u015brednicy 2 mm i magnetyczny otw\u00f3r do przechowywania zatyczek do uszu.<\/li>\n<\/ul>\n<h2 id=\"6-highly-customized-solutions-\">6.\u00a0<strong>Wysoce spersonalizowane rozwi\u0105zania<\/strong><\/h2>\n<ul>\n<li><strong>Dostosowanie rozmiaru<\/strong>: Obs\u0142uguje regulacj\u0119 rozmiaru pude\u0142ka od 5 cm \u00d7 5 cm do 30 cm \u00d7 30 cm, odpowiednie do zestaw\u00f3w \u015blubnych, pude\u0142ek na prezenty jednoelementowe i innych scenariuszy;<\/li>\n<li><strong>Integracja element\u00f3w marki<\/strong>: Mo\u017ce osadza\u0107 chipy RFID, grawerowa\u0107 laserowo logo marki lub dostosowywa\u0107 wyt\u0142aczane wzory i pozycje t\u0142oczenia na gor\u0105co w po\u0142\u0105czeniu z systemami VI klienta;<\/li>\n<li><strong>Masowa produkcja i pakowanie<\/strong>: Obs\u0142uguje minimalne zam\u00f3wienie 500 sztuk i zapewnia zintegrowane rozwi\u0105zania opakowaniowe, takie jak worki na kurz, pude\u0142ka upominkowe i palety transportowe.<\/li>\n<\/ul>\n<h2 id=\"7-technical-parameters-and-environmental-standards-\">7.\u00a0<strong>Parametry techniczne i normy \u015brodowiskowe<\/strong><\/h2>\n<ul>\n<li><strong>Materia\u0142<\/strong>: Pod\u0142o\u017ce z tworzywa ABS klasy spo\u017cywczej + przyjazna dla \u015brodowiska pow\u0142oka PU (certyfikat REACH\/SVHC);<\/li>\n<li><strong>Standardy procesowe<\/strong>: System zarz\u0105dzania jako\u015bci\u0105 ISO 9001, b\u0142\u0105d dok\u0142adno\u015bci t\u0142oczenia na gor\u0105co \u22640,2 mm;<\/li>\n<li><strong>Obowi\u0105zuj\u0105ce scenariusze<\/strong>: Flagowe sklepy marek jubilerskich, wysokiej klasy personalizacja prezent\u00f3w, pakowanie bi\u017cuterii dom\u00f3w aukcyjnych.<\/li>\n<\/ul>","protected":false},"excerpt":{"rendered":"<p>Stw\u00f3rz rozwi\u0105zanie szuflady na papier jubilerski, kt\u00f3re jest zar\u00f3wno praktyczne, jak i artystyczne, spe\u0142niaj\u0105c potrzeby wysokiej klasy marek jubilerskich w zakresie wyrafinowanych, funkcjonalnych i niestandardowych opakowa\u0144.<\/p>","protected":false},"featured_media":813,"template":"","meta":{"_kad_post_transparent":"default","_kad_post_title":"","_kad_post_layout":"default","_kad_post_sidebar_id":"","_kad_post_content_style":"default","_kad_post_vertical_padding":"default","_kad_post_feature":"","_kad_post_feature_position":"","_kad_post_header":false,"_kad_post_footer":false,"_kad_post_classname":""},"product_brand":[],"product_cat":[15,20,17],"product_tag":[303,305,304],"class_list":{"0":"post-812","1":"product","2":"type-product","3":"status-publish","4":"has-post-thumbnail","6":"product_cat-red-light-therapy","7":"product_cat-led-face-light-therapy","8":"product_cat-services","9":"product_tag-bespoke-necklaces-box","10":"product_tag-match-style-necklaces-box","11":"product_tag-soft-touch-lamination-necklaces-box","13":"first","14":"instock","15":"shipping-taxable","16":"product-type-simple","17":"entry","18":"content-bg","19":"loop-entry"},"_links":{"self":[{"href":"https:\/\/red-lighttherapy.com\/pl\/wp-json\/wp\/v2\/product\/812","targetHints":{"allow":["GET"]}}],"collection":[{"href":"https:\/\/red-lighttherapy.com\/pl\/wp-json\/wp\/v2\/product"}],"about":[{"href":"https:\/\/red-lighttherapy.com\/pl\/wp-json\/wp\/v2\/types\/product"}],"wp:featuredmedia":[{"embeddable":true,"href":"https:\/\/red-lighttherapy.com\/pl\/wp-json\/wp\/v2\/media\/813"}],"wp:attachment":[{"href":"https:\/\/red-lighttherapy.com\/pl\/wp-json\/wp\/v2\/media?parent=812"}],"wp:term":[{"taxonomy":"product_brand","embeddable":true,"href":"https:\/\/red-lighttherapy.com\/pl\/wp-json\/wp\/v2\/product_brand?post=812"},{"taxonomy":"product_cat","embeddable":true,"href":"https:\/\/red-lighttherapy.com\/pl\/wp-json\/wp\/v2\/product_cat?post=812"},{"taxonomy":"product_tag","embeddable":true,"href":"https:\/\/red-lighttherapy.com\/pl\/wp-json\/wp\/v2\/product_tag?post=812"}],"curies":[{"name":"wp","href":"https:\/\/api.w.org\/{rel}","templated":true}]}}