{"id":806,"date":"2025-04-15T02:36:36","date_gmt":"2025-04-15T02:36:36","guid":{"rendered":"https:\/\/red-lighttherapy.com\/?post_type=product&#038;p=806"},"modified":"2025-04-15T02:51:40","modified_gmt":"2025-04-15T02:51:40","slug":"oem-odm-rigid-slide-drawer-style-jewelry-earring-gift-boxes","status":"publish","type":"product","link":"https:\/\/red-lighttherapy.com\/pl\/oem-odm-rigid-slide-drawer-style-jewelry-earring-gift-boxes\/","title":{"rendered":"OEM ODM Sztywna szuflada w stylu bi\u017cuterii Kolczyki Pude\u0142ka na prezenty"},"content":{"rendered":"<h2><strong>Sztywna szuflada przesuwna OEM ODM <\/strong><strong>Pude\u0142ko na kolczyki z bi\u017cuteri\u0105 Opis produktu<\/strong><\/h2>\n<h2 id=\"1-classic-box-type-and-slide-rail-nesting-design-\">1.\u00a0<strong>Klasyczny typ skrzynki i konstrukcja gniazda szyny \u015blizgowej<\/strong><\/h2>\n<ul>\n<li>The\u00a0<strong>typ pude\u0142ka z pokryw\u0105 doln\u0105 i doln\u0105<\/strong>\u00a0Korpus pude\u0142ka ma proste i wytrzyma\u0142e linie, kt\u00f3re pasuj\u0105 do wysokiej klasy produkt\u00f3w jubilerskich. Pokrywa i korpus pude\u0142ka s\u0105 zagnie\u017cd\u017cone przez\u00a0<strong>Precyzyjny system szyn \u015blizgowych<\/strong>Prowadnice mog\u0105 si\u0119 p\u0142ynnie przesuwa\u0107 podczas otwierania i zamykania za pomoc\u0105 lekkiego poci\u0105gni\u0119cia, oszcz\u0119dzaj\u0105c miejsce i daj\u0105c poczucie rytua\u0142u podczas otwierania pude\u0142ka. Szyna \u015blizgowa ma konstrukcj\u0119 zapobiegaj\u0105c\u0105 upadkowi i nie poluzowa\u0142a si\u0119 po 5000 testach wyci\u0105gania.<\/li>\n<\/ul>\n<h2 id=\"2-scientific-partition-and-protective-inner-box-\">2.\u00a0<strong>Przegroda naukowa i ochronne pude\u0142ko wewn\u0119trzne<\/strong><\/h2>\n<ul>\n<li>Wewn\u0119trzna obudowa wykonana jest z jasnoszarego materia\u0142u EVA o wysokiej g\u0119sto\u015bci. Konstrukcja przegrody obejmuje\u00a0<strong>otwory do mocowania kolczyk\u00f3w, obszar do zawieszania naszyjnika i p\u0142aska warstwa bransoletki<\/strong>co skutecznie zapobiega uszkodzeniu bi\u017cuterii przez tarcie. Wewn\u0119trzna powierzchnia wy\u015bci\u00f3\u0142ki jest pokryta warstw\u0105 flokowan\u0105 o grubo\u015bci 0,8 mm, kt\u00f3ra pe\u0142ni zar\u00f3wno funkcj\u0119 buforuj\u0105c\u0105, jak i antystatyczn\u0105, i jest odpowiednia dla \u0142atwo utleniaj\u0105cych si\u0119 materia\u0142\u00f3w, takich jak srebrna bi\u017cuteria i kamienie szlachetne.<\/li>\n<\/ul>\n<h2 id=\"3-material-and-surface-technology-\">3.\u00a0<strong>Technologia materia\u0142\u00f3w i powierzchni<\/strong><\/h2>\n<ul>\n<li>Korpus skrzynki wykonany jest z\u00a0<strong>papier powlekany o wysokiej g\u0119sto\u015bci<\/strong>z wysok\u0105 wytrzyma\u0142o\u015bci\u0105 na \u015bciskanie i certyfikatami bezpiecze\u0144stwa UE REACH i RoHS. Powierzchnia jest pokryta\u00a0<strong>Pow\u0142oka nano odporna na zu\u017cycie<\/strong>kt\u00f3ry w dotyku jest delikatny jak aksamit, odporny na zadrapania i odciski palc\u00f3w, z wierno\u015bci\u0105 odwzorowania kolor\u00f3w wi\u0119ksz\u0105 ni\u017c 95% Pantone.<\/li>\n<li>Opcjonalnie\u00a0<strong>t\u0142oczenie na gor\u0105co \/ wyt\u0142aczanie \/ grawerowanie laserowe<\/strong>\u00a0Technologia: t\u0142oczenie na gor\u0105co wykorzystuje 24-karatow\u0105 z\u0142ot\u0105 foli\u0119, g\u0142\u0119boko\u015b\u0107 t\u0142oczenia wynosi 0,2 mm, a dok\u0142adno\u015b\u0107 grawerowania laserowego wynosi 0,015 mm, wspieraj\u0105c spersonalizowane dostosowywanie, takie jak logo marki i wzory.<\/li>\n<\/ul>\n<h2 id=\"4-ergonomics-and-aesthetic-design-\">4.\u00a0<strong>Ergonomia i estetyczny wygl\u0105d<\/strong><\/h2>\n<ul>\n<li><strong>G\u0142\u00f3wny kolor br\u0105zowy i r\u00f3\u017cowy jest inspirowany estetyk\u0105 nagich kolor\u00f3w, a matowa tekstura zapewnia ciep\u0142e i luksusowe uczucie. Uchwyt przyjmuje\u00a0<\/strong>Okr\u0105g\u0142a rurka w kszta\u0142cie litery C**, o szeroko\u015bci \uff1e20 cm, odpowiednia dla doros\u0142ych do trzymania czterema palcami, z r\u00f3wnomiern\u0105 si\u0142\u0105 i oszcz\u0119dno\u015bci\u0105 pracy, a komfort otwierania i zamykania jest zwi\u0119kszony przez 40%. Naro\u017cniki s\u0105 poddane obr\u00f3bce R, zaokr\u0105glone i pozbawione zadzior\u00f3w, spe\u0142niaj\u0105c standardy kontroli jako\u015bci ISO 9001.<\/li>\n<\/ul>\n<h2 id=\"5-flexible-production-and-quality-control-process-\">5.\u00a0<strong>Elastyczny proces produkcji i kontroli jako\u015bci<\/strong><\/h2>\n<ul>\n<li>Wsparcie\u00a0<strong>Minimalne zam\u00f3wienie 500 sztuk<\/strong>cykl 8-15 dni (w tym 4-7 dni na proofing). Proces produkcji obejmuje ponad 20 proces\u00f3w, takich jak t\u0142oczenie form, ci\u0119cie laserowe, formowanie CNC itp:<\/li>\n<li><strong>Trzy r\u0119czne kontrole jako\u015bci<\/strong>: Kontrola SGS surowc\u00f3w, weryfikacja struktury p\u00f3\u0142produkt\u00f3w i kontrola integralno\u015bci powierzchni gotowego produktu;<\/li>\n<li><strong>Natryskiwanie pow\u0142ok odpornych na zu\u017cycie<\/strong>: Polimerowa pow\u0142oka kompozytowa, test mg\u0142y solnej &gt; 72 godziny bez odpadania;<\/li>\n<li><strong>Precyzyjne szlifowanie kraw\u0119dzi i naro\u017cnik\u00f3w<\/strong>: B\u0142\u0105d k\u0105ta R \u2264 0,1 mm, dzi\u0119ki wykrywaniu 3D projektora.<\/li>\n<\/ul>\n<h2 id=\"6-environmental-protection-and-compliance-\">6.\u00a0<strong>Ochrona \u015brodowiska i zgodno\u015b\u0107 z przepisami<\/strong><\/h2>\n<ul>\n<li>Materia\u0142 przeszed\u0142 certyfikacj\u0119 le\u015bn\u0105 FSC, proces laminowania wykorzystuje kleje na bazie wody, a emisja LZO jest o 50% ni\u017csza ni\u017c limit UE.<\/li>\n<\/ul>\n<h2 id=\"-application-scenarios-and-customized-services-\"><strong>Scenariusze zastosowa\u0144 i niestandardowe us\u0142ugi<\/strong><\/h2>\n<ul>\n<li><strong>Obowi\u0105zuj\u0105ce scenariusze<\/strong>sprzeda\u017c detaliczna wysokiej klasy bi\u017cuterii, prezenty markowe, luksusowe sp\u00f3\u0142ki joint venture, personalizacja \u015blub\u00f3w itp;<\/li>\n<li><strong>Us\u0142ugi o warto\u015bci dodanej<\/strong>Zapewniamy szczelne torby przeciwutleniaj\u0105ce, bezpieczne rozwi\u0105zania adaptacyjne o sta\u0142ej wilgotno\u015bci oraz laserowe etykiety AR zapobiegaj\u0105ce podrabianiu;<\/li>\n<li><strong>Standardy dostawy<\/strong>Ka\u017cdej partii towarzyszy raport z test\u00f3w materia\u0142owych, wspieraj\u0105cy globalne us\u0142ugi logistyczne DDP.<\/li>\n<\/ul>\n<h2 id=\"-technical-parameters-\"><strong>Parametry techniczne<\/strong><\/h2>\n<table>\n<thead>\n<tr>\n<th>Projekt<\/th>\n<th>Parametry<\/th>\n<\/tr>\n<\/thead>\n<tbody>\n<tr>\n<td>Materia\u0142<\/td>\n<td>Papier powlekany 450g + podszewka EVA<\/td>\n<\/tr>\n<tr>\n<td>Rozmiar pude\u0142ka<\/td>\n<td>240\u00d7160\u00d760mm<\/td>\n<\/tr>\n<tr>\n<td>No\u015bno\u015b\u0107<\/td>\n<td>Statyczny 5kg\/dynamiczny 2kg<\/td>\n<\/tr>\n<tr>\n<td>Twardo\u015b\u0107 powierzchni<\/td>\n<td>Twardo\u015b\u0107 o\u0142\u00f3wka 3H<\/td>\n<\/tr>\n<tr>\n<td>Minimalna ilo\u015b\u0107 zam\u00f3wienia<\/td>\n<td>500 sztuk<\/td>\n<\/tr>\n<tr>\n<td>Cykl dostawy<\/td>\n<td>15 dni dla zwyk\u0142ych modeli<\/td>\n<\/tr>\n<\/tbody>\n<\/table>\n<p><strong>Wnioski<\/strong>\u00a0Ten produkt wymaga\u00a0<strong>\"Estetyka wizualna + funkcjonalna ochrona\"<\/strong>\u00a0i zapewnia markom kompleksowe rozwi\u0105zania, od opakowa\u0144 po wra\u017cenia u\u017cytkownika, dzi\u0119ki precyzyjnej technologii i elastycznemu systemowi produkcji. Niezale\u017cnie od tego, czy jest to klasyczne t\u0142oczenie na gor\u0105co, czy niestandardowe wyt\u0142aczanie, mo\u017ce sta\u0107 si\u0119 cichym medium przekazuj\u0105cym warto\u015b\u0107 marki.<\/p>","protected":false},"excerpt":{"rendered":"<p>Pude\u0142ko na kolczyki w stylu papierowej szuflady zosta\u0142o zaprojektowane specjalnie dla marek bi\u017cuterii z najwy\u017cszej p\u00f3\u0142ki. \u0141\u0105czy w sobie klasyczn\u0105 estetyk\u0119 z nowoczesnym rzemios\u0142em. W oparciu o typ pude\u0142ka z g\u00f3rn\u0105 i doln\u0105 pokryw\u0105, tworzy rozwi\u0105zanie do przechowywania, kt\u00f3re jest zar\u00f3wno uroczyste, jak i praktyczne dzi\u0119ki schludnym geometrycznym liniom i precyzyjnej strukturze. Produkt przeszed\u0142 osiem proces\u00f3w kontroli jako\u015bci i zosta\u0142 po\u0142\u0105czony z unijnymi standardami bezpiecze\u0144stwa opakowa\u0144, aby uzyska\u0107 pe\u0142n\u0105 gwarancj\u0119 jako\u015bci od materia\u0142\u00f3w po gotowe produkty. Nadaje si\u0119 do niestandardowych potrzeb w dziedzinie bi\u017cuterii, zegark\u00f3w, towar\u00f3w luksusowych itp.<\/p>","protected":false},"featured_media":810,"template":"","meta":{"_kad_post_transparent":"default","_kad_post_title":"","_kad_post_layout":"default","_kad_post_sidebar_id":"","_kad_post_content_style":"default","_kad_post_vertical_padding":"default","_kad_post_feature":"","_kad_post_feature_position":"","_kad_post_header":false,"_kad_post_footer":false,"_kad_post_classname":""},"product_brand":[],"product_cat":[15,20,17],"product_tag":[301,300,302],"class_list":{"0":"post-806","1":"product","2":"type-product","3":"status-publish","4":"has-post-thumbnail","6":"product_cat-red-light-therapy","7":"product_cat-led-face-light-therapy","8":"product_cat-services","9":"product_tag-earring-drawer-style-boxes","10":"product_tag-jewelry-gift-boxes","11":"product_tag-oem-odm-rigid-boxes","13":"first","14":"instock","15":"shipping-taxable","16":"product-type-simple","17":"entry","18":"content-bg","19":"loop-entry"},"_links":{"self":[{"href":"https:\/\/red-lighttherapy.com\/pl\/wp-json\/wp\/v2\/product\/806","targetHints":{"allow":["GET"]}}],"collection":[{"href":"https:\/\/red-lighttherapy.com\/pl\/wp-json\/wp\/v2\/product"}],"about":[{"href":"https:\/\/red-lighttherapy.com\/pl\/wp-json\/wp\/v2\/types\/product"}],"wp:featuredmedia":[{"embeddable":true,"href":"https:\/\/red-lighttherapy.com\/pl\/wp-json\/wp\/v2\/media\/810"}],"wp:attachment":[{"href":"https:\/\/red-lighttherapy.com\/pl\/wp-json\/wp\/v2\/media?parent=806"}],"wp:term":[{"taxonomy":"product_brand","embeddable":true,"href":"https:\/\/red-lighttherapy.com\/pl\/wp-json\/wp\/v2\/product_brand?post=806"},{"taxonomy":"product_cat","embeddable":true,"href":"https:\/\/red-lighttherapy.com\/pl\/wp-json\/wp\/v2\/product_cat?post=806"},{"taxonomy":"product_tag","embeddable":true,"href":"https:\/\/red-lighttherapy.com\/pl\/wp-json\/wp\/v2\/product_tag?post=806"}],"curies":[{"name":"wp","href":"https:\/\/api.w.org\/{rel}","templated":true}]}}