{"id":795,"date":"2025-04-14T16:43:08","date_gmt":"2025-04-14T16:43:08","guid":{"rendered":"https:\/\/red-lighttherapy.com\/?post_type=product&#038;p=795"},"modified":"2025-04-15T02:12:49","modified_gmt":"2025-04-15T02:12:49","slug":"customized-child-resistant-rigid-paperboard-slider-box-supplier","status":"publish","type":"product","link":"https:\/\/red-lighttherapy.com\/pl\/customized-child-resistant-rigid-paperboard-slider-box-supplier\/","title":{"rendered":"Dostawca niestandardowych sztywnych pude\u0142ek kartonowych odpornych na dzieci"},"content":{"rendered":"<h3 id=\"1-cannabis-e-cigarette-style-design-childproof-buckle-both-safe-and-fashionable-\">1.\u00a0<strong>Styl e-papierosa z konopi indyjskich \u00d7 klamra zabezpieczaj\u0105ca przed dzie\u0107mi, zar\u00f3wno bezpieczna, jak i modna<\/strong><\/h3>\n<p>Przesuwane pude\u0142ko przyjmuje klasyczny j\u0119zyk projektowania e-papieros\u00f3w z konopi indyjskich (e-papieros\u00f3w CBD), z minimalistycznymi liniami i technologicznym kszta\u0142tem jako rdzeniem, i jest wyposa\u017cone w klamr\u0119 zabezpieczaj\u0105c\u0105 przed dzie\u0107mi, kt\u00f3ra nie tylko spe\u0142nia potrzeby ochrony dzieci, ale tak\u017ce przekazuje wysokiej klasy i awangardowy ton marki. Konstrukcja klamry zabezpieczaj\u0105cej przed dzie\u0107mi jest zgodna z mi\u0119dzynarodowymi normami bezpiecze\u0144stwa (takimi jak EN 71-3). Dzi\u0119ki fizycznym klamrom i ukrytym strukturom odblokowuj\u0105cym skutecznie zapobiega przypadkowemu dotkni\u0119ciu przez dzieci, zachowuj\u0105c jednocze\u015bnie g\u0142adki wygl\u0105d. Og\u00f3lna kolorystyka jest zdominowana przez biel i le\u015bn\u0105 ziele\u0144, symuluj\u0105c \u015bwie\u017c\u0105 atmosfer\u0119 pierwotnego lasu, przekazuj\u0105c naturalne i spokojne wra\u017cenia wizualne oraz zgodnie z trendem zdrowej konsumpcji.<\/p>\n<h3 id=\"2-material-technology-350g-cardboard-1000g-cardboard-enhanced-pull-out-experience-\">2.\u00a0<strong>Technologia materia\u0142owa: karton 350g \u00d7 karton 1000g, lepsze wra\u017cenia przy wyci\u0105ganiu<\/strong><\/h3>\n<p>Zewn\u0119trzne pude\u0142ko wykonane jest z kartonu o wysokiej gramaturze 350 g z matow\u0105 foli\u0105 na powierzchni, kt\u00f3ra jest zar\u00f3wno odporna na zu\u017cycie, jak i delikatna; wewn\u0119trzne pude\u0142ko wykonane jest z pogrubionego kartonu o gramaturze 1000 g, kt\u00f3ry jest p\u0142ynnie \u0142\u0105czony za pomoc\u0105 precyzyjnej technologii sztancowania, a op\u00f3r podczas procesu wyci\u0105gania jest jednolity. Konstrukcja bufora t\u0142umi\u0105cego zapewnia wysokiej klasy wra\u017cenia z u\u017cytkowania, takie jak \"lekkie naci\u015bni\u0119cie w celu uruchomienia, stabilne zatrzymanie bez wstrz\u0105s\u00f3w\". Kontrast mi\u0119dzy materia\u0142ami wewn\u0119trznymi i zewn\u0119trznymi tworzy poczucie hierarchii i zwi\u0119ksza warto\u015b\u0107 dodan\u0105 produktu.<\/p>\n<h3 id=\"3-primitive-forest-theme-visual-design-3d-green-leaf-uv-technology-\">3.\u00a0<strong>Prymitywny le\u015bny motyw wizualny, technologia 3D zielonych li\u015bci UV<\/strong><\/h3>\n<p>Elementy zielonych li\u015bci prezentuj\u0105 tr\u00f3jwymiarowy efekt reliefu dzi\u0119ki lokalnej technologii druku UV, tworz\u0105c gradientowy po\u0142ysk w \u015bwietle i cieniu, symuluj\u0105c tekstur\u0119 i dotyk prawdziwych li\u015bci. W kluczowych miejscach pude\u0142ka (takich jak obszar zamka i obszar logo marki) zastosowano technologi\u0119 t\u0142oczenia na gor\u0105co w kolorze z\u0142otym \/ srebrnym, w po\u0142\u0105czeniu z precyzyjnym wykrawaniem, aby zapewni\u0107, \u017ce wz\u00f3r jest wyra\u017any i odporny na zu\u017cycie. Logo marki jest zintegrowane z wzorem \u017cy\u0142y li\u015bcia, aby wzmocni\u0107 wizerunek integracji natury i technologii oraz zwi\u0119kszy\u0107 rozpoznawalno\u015b\u0107.<\/p>\n<h3 id=\"4-flexible-mold-development-capabilities-quick-response-to-customization-needs-\">4.\u00a0<strong>Elastyczne mo\u017cliwo\u015bci opracowywania form, szybka reakcja na potrzeby dostosowywania<\/strong><\/h3>\n<p>Dostawca jest wyposa\u017cony w pe\u0142noprocesowy system opracowywania form, kt\u00f3ry obs\u0142uguje szybk\u0105 konwersj\u0119 z rysunk\u00f3w 2D do modelowania 3D i mo\u017ce dostosowa\u0107 formy matrycowe o specjalnym kszta\u0142cie (takie jak zakrzywione wysuwane \u015bcie\u017cki, wielowarstwowe struktury zagnie\u017cd\u017cone), przy minimalnej ilo\u015bci zam\u00f3wienia wynosz\u0105cej zaledwie 500 sztuk. Dzi\u0119ki modu\u0142owej konstrukcji, rozmiar pude\u0142ka prezentowego, pozycja zamka i zawarto\u015b\u0107 nadruku mog\u0105 by\u0107 elastycznie dostosowywane, a cykl dostawy jest skr\u00f3cony do 12-15 dni, spe\u0142niaj\u0105c pilne potrzeby marek e-papieros\u00f3w w zakresie r\u00f3\u017cnicowania opakowa\u0144.<\/p>\n<h3 id=\"5-industry-technology-frontier-exploration-continuous-innovation-and-upgrading-\">5.\u00a0<strong>Eksploracja pionierskich technologii przemys\u0142owych, ci\u0105g\u0142e innowacje i modernizacja<\/strong><\/h3>\n<p>Aktywnie uczestniczymy w mi\u0119dzynarodowych wystawach e-papieros\u00f3w, takich jak niemieckie EVO NXT i w\u0142oskie InterTabac, por\u00f3wnujemy technologie z wiod\u0105cymi firmami, takimi jak British American Tobacco i Philip Morris International, oraz wprowadzamy innowacyjne technologie, takie jak algorytmy dopasowywania kolor\u00f3w AI i degradowalne pow\u0142oki biologiczne. Wprowadzone w 2024 r. rozwi\u0105zanie \"zero rozpuszczalnik\u00f3w UV\" przesz\u0142o unijn\u0105 certyfikacj\u0119 REACH, zmniejszaj\u0105c emisj\u0119 LZO o 90% i promuj\u0105c ekologiczn\u0105 transformacj\u0119 bran\u017cy.<\/p>\n<h3 id=\"6-full-link-environmentally-friendly-production-system-\">6.\u00a0<strong>W pe\u0142ni przyjazny dla \u015brodowiska system produkcji<\/strong><\/h3>\n<p>Fabryka wykorzystuje sprz\u0119t do powlekania folii na bazie wody importowany z Niemiec, aby zast\u0105pi\u0107 tradycyjne procesy oparte na rozpuszczalnikach, zmniejszaj\u0105c 90% szkodliwych substancji lotnych; ustanawia system oczyszczania \u015bciek\u00f3w w obiegu zamkni\u0119tym, aby osi\u0105gn\u0105\u0107 95% ponownego wykorzystania zasob\u00f3w wodnych. 100% materia\u0142\u00f3w opakowaniowych wykorzystuje mas\u0119 celulozow\u0105 z certyfikatem FSC, a 30% w\u0142\u00f3kien pochodz\u0105cych z recyklingu jest dodawanych do wewn\u0119trznego pude\u0142ka, kt\u00f3re jest zgodne z systemem zarz\u0105dzania \u015brodowiskowego ISO 14001. Firma przesz\u0142a certyfikacj\u0119 \u015bladu w\u0119glowego w 2024 r., a emisja dwutlenku w\u0119gla na opakowanie jest o 40% ni\u017csza ni\u017c \u015brednia w bran\u017cy.<\/p>\n<h3 id=\"7-compliance-and-sustainable-development-dual-drive-\">7.\u00a0<strong>Zgodno\u015b\u0107 z przepisami i zr\u00f3wnowa\u017cony rozw\u00f3j<\/strong><\/h3>\n<p>\u015aci\u015ble przestrzegaj \"\u015arodk\u00f3w zarz\u0105dzania elektronicznymi papierosami\" i dyrektywy UE TPD, a wszystkie produkty przechodz\u0105 testy bezpiecze\u0144stwa mechanicznego EN 71-1 i certyfikacj\u0119 systemu jako\u015bci ISO 9001.<\/p>","protected":false},"excerpt":{"rendered":"<p>Integruj\u0105c estetyk\u0119 wzornictwa przemys\u0142owego, wysokie standardy bezpiecze\u0144stwa i koncepcje gospodarki o obiegu zamkni\u0119tym, zapewniamy markom papieros\u00f3w elektronicznych rozwi\u0105zania produktowe, kt\u00f3re s\u0105 zar\u00f3wno konkurencyjne na rynku, jak i odpowiedzialne spo\u0142ecznie, szczeg\u00f3lnie w przypadku firm produkuj\u0105cych papierosy elektroniczne CBD, kt\u00f3re s\u0105 pozycjonowane na wysokim poziomie i koncentruj\u0105 si\u0119 na wizerunku ESG.<\/p>","protected":false},"featured_media":800,"template":"","meta":{"_kad_post_transparent":"default","_kad_post_title":"","_kad_post_layout":"default","_kad_post_sidebar_id":"","_kad_post_content_style":"default","_kad_post_vertical_padding":"default","_kad_post_feature":"","_kad_post_feature_position":"","_kad_post_header":false,"_kad_post_footer":false,"_kad_post_classname":""},"product_brand":[],"product_cat":[15,20,40,17],"product_tag":[295,294,296],"class_list":{"0":"post-795","1":"product","2":"type-product","3":"status-publish","4":"has-post-thumbnail","6":"product_cat-red-light-therapy","7":"product_cat-led-face-light-therapy","8":"product_cat-red-light-therapy-panel","9":"product_cat-services","10":"product_tag-child-resistant-box","11":"product_tag-customized-paperboard-box","12":"product_tag-slider-box-supplier","14":"first","15":"instock","16":"shipping-taxable","17":"product-type-simple","18":"entry","19":"content-bg","20":"loop-entry"},"_links":{"self":[{"href":"https:\/\/red-lighttherapy.com\/pl\/wp-json\/wp\/v2\/product\/795","targetHints":{"allow":["GET"]}}],"collection":[{"href":"https:\/\/red-lighttherapy.com\/pl\/wp-json\/wp\/v2\/product"}],"about":[{"href":"https:\/\/red-lighttherapy.com\/pl\/wp-json\/wp\/v2\/types\/product"}],"wp:featuredmedia":[{"embeddable":true,"href":"https:\/\/red-lighttherapy.com\/pl\/wp-json\/wp\/v2\/media\/800"}],"wp:attachment":[{"href":"https:\/\/red-lighttherapy.com\/pl\/wp-json\/wp\/v2\/media?parent=795"}],"wp:term":[{"taxonomy":"product_brand","embeddable":true,"href":"https:\/\/red-lighttherapy.com\/pl\/wp-json\/wp\/v2\/product_brand?post=795"},{"taxonomy":"product_cat","embeddable":true,"href":"https:\/\/red-lighttherapy.com\/pl\/wp-json\/wp\/v2\/product_cat?post=795"},{"taxonomy":"product_tag","embeddable":true,"href":"https:\/\/red-lighttherapy.com\/pl\/wp-json\/wp\/v2\/product_tag?post=795"}],"curies":[{"name":"wp","href":"https:\/\/api.w.org\/{rel}","templated":true}]}}