{"id":788,"date":"2025-04-14T16:24:13","date_gmt":"2025-04-14T16:24:13","guid":{"rendered":"https:\/\/red-lighttherapy.com\/?post_type=product&#038;p=788"},"modified":"2025-04-15T02:13:05","modified_gmt":"2025-04-15T02:13:05","slug":"custom-child-resistant-boxes-drawer-rigid-box-manufacturer","status":"publish","type":"product","link":"https:\/\/red-lighttherapy.com\/pl\/custom-child-resistant-boxes-drawer-rigid-box-manufacturer\/","title":{"rendered":"Niestandardowe pude\u0142ka zabezpieczone przed dzie\u0107mi Szuflada Sztywne pude\u0142ko Producent"},"content":{"rendered":"<h3 id=\"1-selected-high-quality-coated-paper-printing-touch-film-enhances-texture-\">1.\u00a0<strong>Wyselekcjonowany, wysokiej jako\u015bci papier powlekany, folia dotykowa poprawiaj\u0105ca tekstur\u0119<\/strong><\/h3>\n<p>Producent wykorzystuje wysokiej jako\u015bci papier powlekany jako materia\u0142 bazowy, w po\u0142\u0105czeniu z procesem folii dotykowej, aby powierzchnia pude\u0142ka prezentowego by\u0142a delikatna i g\u0142adka, mi\u0119kka w dotyku i odporna na zarysowania. Papier powlekany wykorzystuje druk offsetowy, druk UV i inne technologie, aby uzyska\u0107 precyzyjn\u0105 prezentacj\u0119 wzoru, podczas gdy folia dotykowa mo\u017ce poprawi\u0107 wizualn\u0105 warstw\u0119, nadaj\u0105c pude\u0142ku prezentowemu wysokiej jako\u015bci tekstur\u0119 i naturaln\u0105 atmosfer\u0119.<\/p>\n<h3 id=\"2-traditional-and-modern-elements-are-integrated-and-the-cultural-charm-is-unique-\">2.\u00a0<strong>Tradycyjne i nowoczesne elementy s\u0105 zintegrowane, a urok kulturowy jest wyj\u0105tkowy<\/strong><\/h3>\n<p>Zesp\u00f3\u0142 projektant\u00f3w \u0142\u0105czy tradycyjne wzory (takie jak pomy\u015blne chmury i lotos) z nowoczesnymi geometrycznymi liniami i zachowuje kulturowy urok poprzez abstrakcyjne uproszczenie. Kolorystyka wykorzystuje tradycyjne kolory, takie jak chi\u0144ska czerwie\u0144, b\u0142\u0119kit i bia\u0142y b\u0142\u0119kit, a tak\u017ce \u0142\u0105czy popularne trendy, takie jak gradient i kontrastuj\u0105ce kolory, tworz\u0105c wizualn\u0105 ekspresj\u0119, kt\u00f3ra \u0142\u0105czy klasyczny urok i mod\u0119.<\/p>\n<h3 id=\"3-drawer-type-box-structure-both-protection-and-fun-\">3.\u00a0<strong>Szufladowa struktura pude\u0142ka, zar\u00f3wno ochrona, jak i zabawa<\/strong><\/h3>\n<p>Przyj\u0119cie dwuwarstwowej lub ukrytej konstrukcji szuflady, wewn\u0119trzna przegroda szuflady mo\u017ce by\u0107 dostosowana do prezent\u00f3w o r\u00f3\u017cnych rozmiarach, a naprzemienne otwieranie i zamykanie zwi\u0119ksza zabaw\u0119, na przyk\u0142ad wyzwalaj\u0105c efekt stopniowego pojawiania si\u0119 \u015bwiat\u0142a lub wzoru po otwarciu szuflady.<\/p>\n<h3 id=\"4-opening-and-closing-ritual-design-\">4.\u00a0<strong>Projekt rytua\u0142u otwarcia i zamkni\u0119cia<\/strong><\/h3>\n<p>Zoptymalizuj prowadnic\u0119 szuflady i system amortyzacji, aby zapewni\u0107 lekkie i p\u0142ynne otwieranie i zamykanie. Niekt\u00f3re modele s\u0105 wyposa\u017cone w magnetyczne klamry lub urz\u0105dzenia spr\u0119\u017cynowe, kt\u00f3rym towarzyszy d\u017awi\u0119k \"klikni\u0119cia\" lub efekt spowolnienia podczas otwierania, aby zwi\u0119kszy\u0107 poczucie rytua\u0142u rozpakowywania. Niekt\u00f3re modele z wy\u017cszej p\u00f3\u0142ki mo\u017cna po\u0142\u0105czy\u0107 z paskami \u015bwietlnymi LED, aby wy\u015bwietla\u0107 logo marki lub dynamiczne \u015bwiat\u0142o i cienie w momencie otwierania pude\u0142ka.<\/p>\n<h3 id=\"5-partial-uv-printing-strengthens-brand-logo-\">5.\u00a0<strong>Cz\u0119\u015bciowy nadruk UV wzmacnia logo marki<\/strong><\/h3>\n<p>U\u017cyj lokalnej technologii UV w kluczowych miejscach, takich jak pokrywa pude\u0142ka i kraw\u0119d\u017a szuflady, aby podkre\u015bli\u0107 LOGO marki, maskotk\u0119 lub symbol kulturowy dzi\u0119ki tr\u00f3jwymiarowej pow\u0142oce o wysokim po\u0142ysku. Atrament UV ma w\u0142a\u015bciwo\u015bci odporne na zu\u017cycie i zarysowania, zapewniaj\u0105c d\u0142ugotrwa\u0142\u0105 wyrazisto\u015b\u0107 wzoru, jednocze\u015bnie tworz\u0105c kontrast tekstury z matowym pod\u0142o\u017cem, aby zwi\u0119kszy\u0107 efekt wizualny.<\/p>\n<h3 id=\"6-industry-experience-and-quality-assurance-\">6.\u00a0<strong>Do\u015bwiadczenie bran\u017cowe i zapewnienie jako\u015bci<\/strong><\/h3>\n<p>Producent ma ponad 16-letnie do\u015bwiadczenie w dostosowywaniu opakowa\u0144, przeszed\u0142 certyfikacj\u0119 systemu zarz\u0105dzania jako\u015bci\u0105 ISO 9001 i obs\u0142ugiwa\u0142 marki w wielu dziedzinach, takich jak opieka nad matk\u0105 i dzieckiem, uroda i elektroniczne waporyzatory. Spe\u0142nia normy bezpiecze\u0144stwa, takie jak CE i RoHS, aby zapewni\u0107, \u017ce produkty spe\u0142niaj\u0105 mi\u0119dzynarodowe wymagania eksportowe.<\/p>\n<h3 id=\"7-intelligent-production-and-after-sales-service-\">7.\u00a0<strong>Inteligentna produkcja i obs\u0142uga posprzeda\u017cna<\/strong><\/h3>\n<p>Wdro\u017cenie system\u00f3w ERP i MES umo\u017cliwia cyfrowe zarz\u0105dzanie ca\u0142ym procesem zam\u00f3wienia, skracaj\u0105c cykl od projektu i proofingu do masowej produkcji o 30%. Zapewnienie niestandardowych us\u0142ug posprzeda\u017cowych, w tym sugestii dotycz\u0105cych optymalizacji struktury opakowa\u0144, wymiany uszkodzonych produkt\u00f3w i przyspieszonego przetwarzania zam\u00f3wie\u0144 awaryjnych, a tak\u017ce wsparcie globalnego \u015bledzenia logistycznego.<\/p>\n<p>&nbsp;<\/p>","protected":false},"excerpt":{"rendered":"<p>Tworzymy funkcjonalne, artystyczne i bezpieczne pude\u0142ka na prezenty dla dzieci poprzez innowacje materia\u0142owe, wzmocnienie pozycji kulturowej i inteligentn\u0105 produkcj\u0119, aby zaspokoi\u0107 potrzeby marki w zakresie zr\u00f3\u017cnicowanych opakowa\u0144 i ulepsze\u0144 do\u015bwiadcze\u0144 u\u017cytkownik\u00f3w.<\/p>","protected":false},"featured_media":794,"template":"","meta":{"_kad_post_transparent":"default","_kad_post_title":"","_kad_post_layout":"default","_kad_post_sidebar_id":"","_kad_post_content_style":"default","_kad_post_vertical_padding":"default","_kad_post_feature":"","_kad_post_feature_position":"","_kad_post_header":false,"_kad_post_footer":false,"_kad_post_classname":""},"product_brand":[],"product_cat":[15,20,40,17],"product_tag":[292,291,293],"class_list":{"0":"post-788","1":"product","2":"type-product","3":"status-publish","4":"has-post-thumbnail","6":"product_cat-red-light-therapy","7":"product_cat-led-face-light-therapy","8":"product_cat-red-light-therapy-panel","9":"product_cat-services","10":"product_tag-child-resistant-boxes","11":"product_tag-custom-boxes","12":"product_tag-drawer-box-manufacturer","14":"first","15":"instock","16":"shipping-taxable","17":"product-type-simple","18":"entry","19":"content-bg","20":"loop-entry"},"_links":{"self":[{"href":"https:\/\/red-lighttherapy.com\/pl\/wp-json\/wp\/v2\/product\/788","targetHints":{"allow":["GET"]}}],"collection":[{"href":"https:\/\/red-lighttherapy.com\/pl\/wp-json\/wp\/v2\/product"}],"about":[{"href":"https:\/\/red-lighttherapy.com\/pl\/wp-json\/wp\/v2\/types\/product"}],"wp:featuredmedia":[{"embeddable":true,"href":"https:\/\/red-lighttherapy.com\/pl\/wp-json\/wp\/v2\/media\/794"}],"wp:attachment":[{"href":"https:\/\/red-lighttherapy.com\/pl\/wp-json\/wp\/v2\/media?parent=788"}],"wp:term":[{"taxonomy":"product_brand","embeddable":true,"href":"https:\/\/red-lighttherapy.com\/pl\/wp-json\/wp\/v2\/product_brand?post=788"},{"taxonomy":"product_cat","embeddable":true,"href":"https:\/\/red-lighttherapy.com\/pl\/wp-json\/wp\/v2\/product_cat?post=788"},{"taxonomy":"product_tag","embeddable":true,"href":"https:\/\/red-lighttherapy.com\/pl\/wp-json\/wp\/v2\/product_tag?post=788"}],"curies":[{"name":"wp","href":"https:\/\/api.w.org\/{rel}","templated":true}]}}