{"id":782,"date":"2025-04-14T13:27:51","date_gmt":"2025-04-14T13:27:51","guid":{"rendered":"https:\/\/red-lighttherapy.com\/?post_type=product&#038;p=782"},"modified":"2025-04-15T02:36:25","modified_gmt":"2025-04-15T02:36:25","slug":"leatherette-paper-jewelry-earrings-slider-rigid-box-dealer","status":"publish","type":"product","link":"https:\/\/red-lighttherapy.com\/pl\/leatherette-paper-jewelry-earrings-slider-rigid-box-dealer\/","title":{"rendered":"Sk\u00f3rzane papierowe kolczyki z bi\u017cuteri\u0105 Suwak Sztywne pude\u0142ko Dealer"},"content":{"rendered":"<h2 id=\"-artificial-leather-paper-jewelry-earrings-slide-cover-hard-box-high-end-customized-packaging-solutions-\"><strong>Sztuczna sk\u00f3ra papierowa bi\u017cuteria kolczyki suwak ok\u0142adka twarde pude\u0142ko | Wysokiej klasy niestandardowe rozwi\u0105zania opakowaniowe<\/strong><\/h2>\n<h2 id=\"-1-seiko-drawer-style-box-design-zero-error-and-anti-slip-rail-\"><strong>1. Konstrukcja szuflady na papier Seiko, zero b\u0142\u0119d\u00f3w i szyna antypo\u015blizgowa<\/strong><\/h2>\n<ul>\n<li>Struktura otwierania i zamykania szuflady na papier wykonana w technologii precyzyjnego formowania, w po\u0142\u0105czeniu z precyzyjnym systemem szyn, zapewnia p\u0142ynne pchanie i ci\u0105gni\u0119cie, gwarantuj\u0105c brak zaci\u0119\u0107 i zero b\u0142\u0119d\u00f3w podczas otwierania i zamykania.<\/li>\n<li>Wbudowany ogranicznik skutecznie zapobiega przypadkowemu po\u015blizgowi lub nadmiernemu poci\u0105gni\u0119ciu, zapewniaj\u0105c ca\u0142kowite bezpiecze\u0144stwo bi\u017cuterii podczas przenoszenia lub eksponowania.<\/li>\n<\/ul>\n<h2 id=\"-2-humanized-corner-processing-safety-and-toughness-coexist-\"><strong>2. Humanizowane przetwarzanie naro\u017cnik\u00f3w, bezpiecze\u0144stwo i wytrzyma\u0142o\u015b\u0107 wsp\u00f3\u0142istniej\u0105<\/strong><\/h2>\n<ul>\n<li>Naro\u017cniki korpusu skrzynki przyjmuj\u0105\u00a0<strong>Technologia fazowania mikro\u0142ukowego<\/strong>kt\u00f3ra maksymalizuje tward\u0105 estetyk\u0119 pod k\u0105tem prostym, jednocze\u015bnie eliminuj\u0105c ukryte niebezpiecze\u0144stwo skaleczenia d\u0142oni ostrymi naro\u017cnikami i poprawiaj\u0105c komfort trzymania.<\/li>\n<li>Ca\u0142y korpus pude\u0142ka jest pokryty matow\u0105 powierzchni\u0105 ze sztucznej sk\u00f3ry, kt\u00f3ra jest delikatna, odporna na zu\u017cycie i plamy, bior\u0105c pod uwag\u0119 wysokiej jako\u015bci tekstur\u0119 i praktyczne do\u015bwiadczenie.<\/li>\n<\/ul>\n<h2 id=\"-3-environmentally-certified-special-paper-substrate-delivering-sustainable-value-\"><strong>3. Specjalne pod\u0142o\u017ce papierowe z certyfikatem \u015brodowiskowym, zapewniaj\u0105ce zr\u00f3wnowa\u017con\u0105 warto\u015b\u0107<\/strong><\/h2>\n<ul>\n<li>G\u0142\u00f3wnym materia\u0142em jest\u00a0<strong>Specjalny papier ze sztucznej sk\u00f3ry z certyfikatem FSC<\/strong>Surowce pochodz\u0105 z las\u00f3w zarz\u0105dzanych w spos\u00f3b zr\u00f3wnowa\u017cony i spe\u0142niaj\u0105 globalne standardy \u015brodowiskowe.<\/li>\n<li>Dzi\u0119ki przyjaznym dla \u015brodowiska procesom produkcyjnym zmniejsza si\u0119 emisja dwutlenku w\u0119gla, pomagaj\u0105c markom stworzy\u0107 ekologiczny wizerunek, dok\u0142adnie dopasowany do preferencji zr\u00f3wnowa\u017conej konsumpcji pokolenia Z i zamo\u017cnych os\u00f3b.<\/li>\n<\/ul>\n<h2 id=\"-4-luxurious-hot-stamping-technology-visual-texture-upgraded-\"><strong>4. Luksusowa technologia t\u0142oczenia na gor\u0105co, ulepszona tekstura wizualna<\/strong><\/h2>\n<ul>\n<li>Powierzchni\u0119 pude\u0142ka mo\u017cna dostosowa\u0107<strong>\u00a0technologia t\u0142oczenia na gor\u0105co\/srebro\/kolor z\u0142oty<\/strong>Umo\u017cliwia precyzyjn\u0105 prezentacj\u0119 logo marki, wzor\u00f3w lub tekst\u00f3w artystycznych, tworz\u0105c tr\u00f3jwymiarowy efekt reliefu.<\/li>\n<li>Po\u0142\u0105czenie matowej powierzchni papieru z metalicznym po\u0142yskiem tworzy silnie kontrastuj\u0105c\u0105 hierarchi\u0119 wizualn\u0105, nadaj\u0105c opakowaniu wysokiej klasy atrybuty upominkowe i rozpoznawalno\u015b\u0107 marki.<\/li>\n<\/ul>\n<h2 id=\"-5-embedded-eva-anti-seismic-lining-all-round-protection-of-jewelry-\"><strong>5. Wbudowana podszewka antysejsmiczna EVA, wszechstronna ochrona bi\u017cuterii<\/strong><\/h2>\n<ul>\n<li>Wbudowany precyzyjnie formowany\u00a0<strong>Zintegrowana wy\u015bci\u00f3\u0142ka EVA<\/strong>\u00a0Dopasowuje si\u0119 do kontur\u00f3w bi\u017cuterii o specjalnych kszta\u0142tach, takich jak kolczyki i bransoletki, aby zapobiec wstrz\u0105som, tarciu i wyciskaniu podczas transportu.<\/li>\n<li>Grubo\u015b\u0107 podszewki jest opcjonalna (2 mm-5 mm) i obs\u0142uguje podzielon\u0105 i warstwow\u0105 konstrukcj\u0119, kt\u00f3ra jest odpowiednia do przechowywania wielu kategorii kombinacji bi\u017cuterii, zapewniaj\u0105c, \u017ce produkty s\u0105 dostarczane do klient\u00f3w w stanie nienaruszonym.<\/li>\n<\/ul>\n<h2 id=\"-6-full-dimensional-customized-services-to-meet-brand-differentiation-needs-\"><strong>6. W pe\u0142ni spersonalizowane us\u0142ugi spe\u0142niaj\u0105ce potrzeby w zakresie r\u00f3\u017cnicowania marki<\/strong><\/h2>\n<ul>\n<li><strong>Elastyczna konstrukcja obudowy<\/strong>: Obs\u0142uguje wiele metod otwierania i zamykania, takich jak szuflada, klapka, ssanie magnetyczne itp., a rozmiar mo\u017cna dostosowa\u0107 (minimum 5 cm\u00b3, maksimum 30 cm\u00b3).<\/li>\n<li><strong>Spersonalizowane dopasowanie rzemios\u0142a<\/strong>: Opcjonalne procesy powierzchniowe, takie jak wyt\u0142aczanie, druk UV, sitodruk, grawerowanie laserowe itp., a jednocze\u015bnie zapewniaj\u0105 rozwi\u0105zania oparte na papierze, metalu, tkaninie i innych materia\u0142ach.<\/li>\n<li><strong>Wy\u0142\u0105czny nadruk marki<\/strong>: Pocz\u0105wszy od zewn\u0119trznego nadruku na korpusie pude\u0142ka, a sko\u0144czywszy na etykiecie na wst\u0105\u017cce, w ca\u0142ym procesie wspierana jest g\u0142\u0119boka implantacja element\u00f3w marki VI w celu stworzenia zintegrowanego wizerunku marki.<\/li>\n<\/ul>\n<h2 id=\"-application-scenarios-and-customer-value-\"><strong>Scenariusze zastosowa\u0144 i warto\u015b\u0107 dla klienta<\/strong><\/h2>\n<p>\ud83d\udd38\u00a0<strong>Marki bi\u017cuterii<\/strong>--Zwi\u0119kszenie warto\u015bci dodanej produktu i wzmocnienie pozycji rynkowej wysokiej klasy; \ud83d\udd38\u00a0<strong>Firmy zajmuj\u0105ce si\u0119 personalizacj\u0105 prezent\u00f3w<\/strong>--Przyci\u0105gni\u0119cie klient\u00f3w obdarowuj\u0105cych prezentami dzi\u0119ki zr\u00f3\u017cnicowanym opakowaniom i zwi\u0119kszenie ceny jednostkowej; \ud83d\udd38\u00a0<strong>Kana\u0142y handlu elektronicznego<\/strong>--Optymalizacja wydajno\u015bci ochrony logistycznej i zmniejszenie wska\u017anika strat posprzeda\u017cowych; \ud83d\udd38\u00a0<strong>Marki przyjazne dla \u015brodowiska<\/strong>--U\u017cywaj opakowa\u0144 z certyfikatem FSC, aby przekazywa\u0107 zr\u00f3wnowa\u017cone koncepcje i zwi\u0119ksza\u0107 rozpoznawalno\u015b\u0107 w\u015br\u00f3d u\u017cytkownik\u00f3w.<\/p>","protected":false},"excerpt":{"rendered":"<p>To papierowe pude\u0142ko na bi\u017cuteri\u0119 ze sztucznej sk\u00f3ry zosta\u0142o zaprojektowane specjalnie z my\u015bl\u0105 o wykwintnej bi\u017cuterii, takiej jak kolczyki, bransoletki i pier\u015bcionki. \u0141\u0105czy w sobie kunszt i koncepcje ochrony \u015brodowiska, aby stworzy\u0107 rozwi\u0105zanie opakowaniowe, kt\u00f3re \u0142\u0105czy w sobie ochron\u0119 bezpiecze\u0144stwa, luksusow\u0105 estetyk\u0119 i wysok\u0105 personalizacj\u0119. Nadaje si\u0119 do sprzeda\u017cy detalicznej marki, wysokiej klasy prezent\u00f3w i prywatnych scenariuszy dostosowywania, zapewniaj\u0105c produktom jubilerskim gwarancj\u0119 jako\u015bci i napi\u0119cie wizualne od wewn\u0105trz.<\/p>","protected":false},"featured_media":804,"template":"","meta":{"_kad_post_transparent":"default","_kad_post_title":"","_kad_post_layout":"default","_kad_post_sidebar_id":"","_kad_post_content_style":"default","_kad_post_vertical_padding":"default","_kad_post_feature":"","_kad_post_feature_position":"","_kad_post_header":false,"_kad_post_footer":false,"_kad_post_classname":""},"product_brand":[],"product_cat":[15,20,17],"product_tag":[298,299,297],"class_list":{"0":"post-782","1":"product","2":"type-product","3":"status-publish","4":"has-post-thumbnail","6":"product_cat-red-light-therapy","7":"product_cat-led-face-light-therapy","8":"product_cat-services","9":"product_tag-earrings-slider-rigid-box","10":"product_tag-jewelry-earrings-rigid-box-dealer","11":"product_tag-leatherette-paper-jewelry-box","13":"first","14":"instock","15":"shipping-taxable","16":"product-type-simple","17":"entry","18":"content-bg","19":"loop-entry"},"_links":{"self":[{"href":"https:\/\/red-lighttherapy.com\/pl\/wp-json\/wp\/v2\/product\/782","targetHints":{"allow":["GET"]}}],"collection":[{"href":"https:\/\/red-lighttherapy.com\/pl\/wp-json\/wp\/v2\/product"}],"about":[{"href":"https:\/\/red-lighttherapy.com\/pl\/wp-json\/wp\/v2\/types\/product"}],"wp:featuredmedia":[{"embeddable":true,"href":"https:\/\/red-lighttherapy.com\/pl\/wp-json\/wp\/v2\/media\/804"}],"wp:attachment":[{"href":"https:\/\/red-lighttherapy.com\/pl\/wp-json\/wp\/v2\/media?parent=782"}],"wp:term":[{"taxonomy":"product_brand","embeddable":true,"href":"https:\/\/red-lighttherapy.com\/pl\/wp-json\/wp\/v2\/product_brand?post=782"},{"taxonomy":"product_cat","embeddable":true,"href":"https:\/\/red-lighttherapy.com\/pl\/wp-json\/wp\/v2\/product_cat?post=782"},{"taxonomy":"product_tag","embeddable":true,"href":"https:\/\/red-lighttherapy.com\/pl\/wp-json\/wp\/v2\/product_tag?post=782"}],"curies":[{"name":"wp","href":"https:\/\/api.w.org\/{rel}","templated":true}]}}