{"id":776,"date":"2025-04-14T12:26:14","date_gmt":"2025-04-14T12:26:14","guid":{"rendered":"https:\/\/red-lighttherapy.com\/?post_type=product&#038;p=776"},"modified":"2025-04-14T12:50:33","modified_gmt":"2025-04-14T12:50:33","slug":"china-kraft-paper-folding-carton-for-lip-balm-gloss-eyeliner","status":"publish","type":"product","link":"https:\/\/red-lighttherapy.com\/pl\/china-kraft-paper-folding-carton-for-lip-balm-gloss-eyeliner\/","title":{"rendered":"Chiny Sk\u0142adany karton papierowy Kraft do b\u0142yszczyka do ust Balsam do ust Eyeliner"},"content":{"rendered":"<h2 id=\"-product-description-of-chinese-kraft-paper-folding-carton-\"><strong>Opis produktu China Kraft Paper Sk\u0142adany karton na balsam do ust B\u0142yszczyk Eyeliner<\/strong><\/h2>\n<h2 id=\"-1-natural-materials-and-environmental-certification-\"><strong>1. Naturalne materia\u0142y i certyfikacja \u015brodowiskowa<\/strong><\/h2>\n<p>Ten produkt jest wykonany z naturalnej masy celulozowej, a surowce s\u0105 pozyskiwane ze sta\u0142ych zasob\u00f3w le\u015bnych. Proces produkcji jest \u015bci\u015ble zgodny ze standardami certyfikacji FSC, kt\u00f3re zapewniaj\u0105 identyfikowalno\u015b\u0107 \u015brodowiskow\u0105 ca\u0142ego asortymentu, od surowc\u00f3w po gotowe produkty. Papier jest wytrzyma\u0142y i naturalnie matowy, dzi\u0119ki czemu nie tylko zachowuje oryginaln\u0105 tekstur\u0119 papieru siarczanowego, ale tak\u017ce spe\u0142nia wymogi UE dotycz\u0105ce mo\u017cliwo\u015bci recyklingu i braku pozosta\u0142o\u015bci metali ci\u0119\u017ckich w materia\u0142ach opakowaniowych.<\/p>\n<h2 id=\"-2-hot-stamping-process-and-visual-presentation-\"><strong>2. Proces t\u0142oczenia na gor\u0105co i prezentacja wizualna<\/strong><\/h2>\n<p>W celu zwi\u0119kszenia\u00a0<strong>Luksus i rozpoznawalno\u015b\u0107 marki<\/strong>\u00a0opakowania, u\u017cywamy\u00a0<strong>Niestandardowy proces t\u0142oczenia na gor\u0105co<\/strong>. Dzi\u0119ki precyzyjnej technologii t\u0142oczenia na gor\u0105co folii metalowej, logo marki, wz\u00f3r lub tekst mog\u0105 by\u0107 prezentowane na powierzchni pude\u0142ka, nadaj\u0105c produktowi wysokiej jako\u015bci efekt wizualny. Cz\u0119\u015b\u0107 t\u0142oczona na gor\u0105co jest wysoce odporna na zu\u017cycie, a dzi\u0119ki naturalnej fakturze papieru siarczanowego tworzy stonowany i elegancki efekt kontrastu.<\/p>\n<h2 id=\"-3-moisture-proof-performance-and-surface-treatment-\"><strong>3. Odporno\u015b\u0107 na wilgo\u0107 i obr\u00f3bka powierzchni<\/strong><\/h2>\n<p>Powierzchnia opakowania przyjmuje\u00a0<strong>Przyjazna dla \u015brodowiska technologia laminowania<\/strong>\u00a0tworz\u0105c przezroczyst\u0105 warstw\u0119 ochronn\u0105, kt\u00f3ra skutecznie izoluje wnikanie wilgoci i zapewnia, \u017ce korpus pude\u0142ka mo\u017ce pozosta\u0107 prosty i nie odkszta\u0142ca si\u0119 w wilgotnym \u015brodowisku (takim jak \u0142azienka, przechowywanie w wysokiej temperaturze). Materia\u0142 laminuj\u0105cy spe\u0142nia standardy bezpiecze\u0144stwa \u017cywno\u015bci, jest nietoksyczny i nieszkodliwy oraz zwi\u0119ksza odporno\u015b\u0107 powierzchni pude\u0142ka na zarysowania.<\/p>\n<h2 id=\"-4-flexible-size-customization-service-\"><strong>4. Elastyczna us\u0142uga dostosowywania rozmiaru<\/strong><\/h2>\n<p>Wspieramy\u00a0<strong>Pe\u0142nowymiarowa personalizacja<\/strong>i mo\u017ce dostosowa\u0107 wewn\u0119trzn\u0105 \u015brednic\u0119 i wysoko\u015b\u0107 opakowania zgodnie ze specyfikacj\u0105 szminki lub eyelinera (tak\u0105 jak \u015brednica, d\u0142ugo\u015b\u0107) dostarczon\u0105 przez klienta. Na przyk\u0142ad:<\/p>\n<ul>\n<li><strong>Pude\u0142ko na szmink\u0119<\/strong>: Wsp\u00f3lny zakres rozmiar\u00f3w 15<em>15<\/em>80 mm do 25<em>25<\/em>120 mm;<\/li>\n<li><strong>Pude\u0142ko eyelinera<\/strong>: Odpowiedni dla smuk\u0142ych produkt\u00f3w, zalecany rozmiar 12<em>12<\/em>130 mm do 18<em>18<\/em>150 mm.<\/li>\n<\/ul>\n<h2 id=\"-5-diversified-box-type-selection-\"><strong>5. Zr\u00f3\u017cnicowany wyb\u00f3r typu pude\u0142ka<\/strong><\/h2>\n<p>Opr\u00f3cz podstawowego sk\u0142adanego pude\u0142ka oferujemy nast\u0119puj\u0105ce produkty\u00a0<strong>Wysokiej klasy rozwi\u0105zania typu box<\/strong>\u00a0aby zaspokoi\u0107 potrzeby r\u00f3\u017cnego pozycjonowania marki:<\/p>\n<ul>\n<li><strong>Pokrywa i podstawa<\/strong>: G\u00f3rna i dolna dzielona konstrukcja ma silne poczucie ceremonii otwarcia i zamkni\u0119cia, nadaje si\u0119 do wysokiej klasy opakowa\u0144 na prezenty;<\/li>\n<li><strong>Szuflada<\/strong>: Konstrukcja typu szufladowego ma wbudowane gniazdo na kart\u0119 do mocowania produktu, co jest zar\u00f3wno praktyczne, jak i interesuj\u0105ce;<\/li>\n<li><strong>Pude\u0142ko z magnetycznym zamkni\u0119ciem<\/strong>: Pokrywa pude\u0142ka ma wbudowany magnes, kt\u00f3ry mocno si\u0119 zamyka i jest \u0142atwy do otwierania i zamykania, odpowiedni do cz\u0119stych scenariuszy sprzeda\u017cy detalicznej. Inne opcjonalne typy pude\u0142ek obejmuj\u0105 pude\u0142ka z podw\u00f3jn\u0105 wk\u0142adk\u0105, pude\u0142ka w kszta\u0142cie ksi\u0105\u017cki itp., kt\u00f3re umo\u017cliwiaj\u0105 projektowanie specjalnych struktur otwierania i zamykania w zale\u017cno\u015bci od potrzeb.<\/li>\n<\/ul>\n<h2 id=\"-6-comprehensive-advantages-and-applicable-scenarios-\"><strong>6. Kompleksowe korzy\u015bci i mo\u017cliwe do zastosowania scenariusze<\/strong><\/h2>\n<ul>\n<li><strong>Ochrona \u015brodowiska<\/strong>: Materia\u0142y biodegradowalne 100%, zgodnie z wymogami transgranicznych platform handlu elektronicznego (takich jak Amazon i AliExpress) w zakresie zr\u00f3wnowa\u017conych opakowa\u0144;<\/li>\n<li><strong>Wzmocnienie pozycji marki<\/strong>: Obs\u0142uguje drukowanie LOGO, dopasowywanie kolor\u00f3w Pantone i lokaln\u0105 technologi\u0119 UV w celu zwi\u0119kszenia wizualnej jedno\u015bci marki;<\/li>\n<li><strong>Szerokie zastosowanie<\/strong>: Nadaje si\u0119 do stoisk kosmetycznych, sprzeda\u017cy detalicznej w handlu elektronicznym, pude\u0142ek na prezenty \u015bwi\u0105teczne i opakowa\u0144 produkt\u00f3w z limitowanej edycji.<\/li>\n<\/ul>","protected":false},"excerpt":{"rendered":"<p>Pude\u0142ko na szmink\u0119 i eyeliner z papieru pakowego posiada pow\u0142ok\u0119 powierzchniow\u0105, kt\u00f3ra sprawia, \u017ce produkt jest odporny na wilgo\u0107 i nie odkszta\u0142ca si\u0119 w wilgotnym \u015brodowisku. Proces t\u0142oczenia na gor\u0105co nadaje opakowaniu luksusow\u0105 i wysokiej jako\u015bci prezentacj\u0119 wizualn\u0105.<\/p>","protected":false},"featured_media":780,"template":"","meta":{"_kad_post_transparent":"default","_kad_post_title":"","_kad_post_layout":"default","_kad_post_sidebar_id":"","_kad_post_content_style":"default","_kad_post_vertical_padding":"default","_kad_post_feature":"","_kad_post_feature_position":"","_kad_post_header":false,"_kad_post_footer":false,"_kad_post_classname":""},"product_brand":[],"product_cat":[15,28,24,17],"product_tag":[288,290,289],"class_list":{"0":"post-776","1":"product","2":"type-product","3":"status-publish","4":"has-post-thumbnail","6":"product_cat-red-light-therapy","7":"product_cat-customize","8":"product_cat-red-light-therapy-bed","9":"product_cat-services","10":"product_tag-cosmetic-packaging-solution","11":"product_tag-custom-lip-gloss-boxes","12":"product_tag-lip-gloss-boxes-bespoke","14":"first","15":"instock","16":"shipping-taxable","17":"product-type-simple","18":"entry","19":"content-bg","20":"loop-entry"},"_links":{"self":[{"href":"https:\/\/red-lighttherapy.com\/pl\/wp-json\/wp\/v2\/product\/776","targetHints":{"allow":["GET"]}}],"collection":[{"href":"https:\/\/red-lighttherapy.com\/pl\/wp-json\/wp\/v2\/product"}],"about":[{"href":"https:\/\/red-lighttherapy.com\/pl\/wp-json\/wp\/v2\/types\/product"}],"wp:featuredmedia":[{"embeddable":true,"href":"https:\/\/red-lighttherapy.com\/pl\/wp-json\/wp\/v2\/media\/780"}],"wp:attachment":[{"href":"https:\/\/red-lighttherapy.com\/pl\/wp-json\/wp\/v2\/media?parent=776"}],"wp:term":[{"taxonomy":"product_brand","embeddable":true,"href":"https:\/\/red-lighttherapy.com\/pl\/wp-json\/wp\/v2\/product_brand?post=776"},{"taxonomy":"product_cat","embeddable":true,"href":"https:\/\/red-lighttherapy.com\/pl\/wp-json\/wp\/v2\/product_cat?post=776"},{"taxonomy":"product_tag","embeddable":true,"href":"https:\/\/red-lighttherapy.com\/pl\/wp-json\/wp\/v2\/product_tag?post=776"}],"curies":[{"name":"wp","href":"https:\/\/api.w.org\/{rel}","templated":true}]}}