{"id":770,"date":"2025-04-14T11:10:04","date_gmt":"2025-04-14T11:10:04","guid":{"rendered":"https:\/\/red-lighttherapy.com\/?post_type=product&#038;p=770"},"modified":"2025-04-14T12:25:23","modified_gmt":"2025-04-14T12:25:23","slug":"vendor-folding-carton-for-bluetooth-earphone-electronics","status":"publish","type":"product","link":"https:\/\/red-lighttherapy.com\/pl\/vendor-folding-carton-for-bluetooth-earphone-electronics\/","title":{"rendered":"Sk\u0142adany karton dla elektroniki do s\u0142uchawek Bluetooth"},"content":{"rendered":"<h2 id=\"-1-double-card-box-design-imported-heidelberg-printing-process-\"><strong>1. Projekt podw\u00f3jnego pude\u0142ka na karty i importowany proces drukowania Heidelberg<\/strong><\/h2>\n<p>Innowacyjna struktura podw\u00f3jnego pude\u0142ka na karty jest po\u0142\u0105czona z wysoce precyzyjn\u0105 technologi\u0105 drukowania importowanej z Niemiec maszyny drukarskiej Heidelberg, aby zapewni\u0107, \u017ce wz\u00f3r jest jasny i \u017cywy z wysokim odwzorowaniem kolor\u00f3w. Maszyna drukarska Heidelberg jest znana z cyfrowego sterowania, wyra\u017anych kropek i precyzyjnej obj\u0119to\u015bci atramentu, co mo\u017ce spe\u0142ni\u0107 surowe wymagania marki dotycz\u0105ce efekt\u00f3w wizualnych opakowa\u0144 i znacznie poprawi\u0107 styl i rozpoznawalno\u015b\u0107 produktu.<\/p>\n<h2 id=\"-2-window-film-display-function-\"><strong>2. Funkcja wy\u015bwietlania folii okiennej<\/strong><\/h2>\n<p>Korpus pude\u0142ka ma struktur\u0119 okienn\u0105, a przezroczysta folia o wysokiej rozdzielczo\u015bci (taka jak PVC lub PET) jest przymocowana, aby intuicyjnie wy\u015bwietla\u0107 wygl\u0105d zestawu s\u0142uchawkowego i zwi\u0119ksza\u0107 pierwsz\u0105 atrakcyjno\u015b\u0107 wizualn\u0105 dla konsumenta. Folia jest \u015bci\u015ble po\u0142\u0105czona z bia\u0142ym kartonem i ma zar\u00f3wno odporno\u015b\u0107 na zarysowania, jak i przepuszczalno\u015b\u0107 \u015bwiat\u0142a. Nadaje si\u0119 do wy\u015bwietlania w handlu elektronicznym i detalicznym offline, aby poprawi\u0107 wra\u017cenia u\u017cytkownika.<\/p>\n<h2 id=\"-3-350g-white-cardboard-material-process-details-\"><strong>3. 350g bia\u0142y karton materia\u0142 i szczeg\u00f3\u0142y procesu<\/strong><\/h2>\n<p>Korpus pude\u0142ka wykonany jest z bia\u0142ego kartonu o gramaturze 350 g, kt\u00f3ry ma doskona\u0142\u0105 sztywno\u015b\u0107 i du\u017c\u0105 odporno\u015b\u0107 na nacisk, skutecznie chroni\u0105c produkty wewn\u0119trzne. Powierzchnia bia\u0142ego kartonu jest bardzo g\u0142adka, a w po\u0142\u0105czeniu z procesem druku offsetowego prasy drukarskiej Heidelberg, mo\u017ce osi\u0105gn\u0105\u0107 delikatne gradientowe kolory i efekty t\u0142oczenia na gor\u0105co \/ srebra LOGO marki. Podszewka przyjmuje niestandardow\u0105 struktur\u0119 sk\u0142adania, bior\u0105c pod uwag\u0119 zar\u00f3wno ochron\u0119, jak i wykorzystanie przestrzeni.<\/p>\n<h2 id=\"-4-card-box-flat-design-cost-optimization-\"><strong>4. P\u0142aski projekt pude\u0142ka kartonowego i optymalizacja koszt\u00f3w<\/strong><\/h2>\n<p>Konstrukcja sk\u0142adanego pude\u0142ka kartonowego obs\u0142uguje p\u0142ask\u0105 wysy\u0142k\u0119, a stopie\u0144 kompresji obj\u0119to\u015bci transportowej osi\u0105ga ponad 70%, co znacznie obni\u017ca koszty logistyczne. Zintegrowany proces formowania skraca proces monta\u017cu, a dzi\u0119ki zautomatyzowanej linii produkcyjnej (takiej jak druk offsetowy, sztancowanie i zintegrowany sprz\u0119t do klejenia pude\u0142ek) dzienna zdolno\u015b\u0107 produkcyjna mo\u017ce osi\u0105gn\u0105\u0107 ponad 10 000 sztuk, co pozwala na redukcj\u0119 koszt\u00f3w na du\u017c\u0105 skal\u0119.<\/p>\n<h2 id=\"-5-supply-chain-and-quality-assurance-\"><strong>5. \u0141a\u0144cuch dostaw i zapewnienie jako\u015bci<\/strong><\/h2>\n<p>Dzi\u0119ki 16-letniemu do\u015bwiadczeniu w fabrykach \u017ar\u00f3d\u0142owych i dojrza\u0142emu systemowi \u0142a\u0144cucha dostaw, ca\u0142y proces od zakupu papieru do pakowania gotowego produktu jest kontrolowany. Fabryka przesz\u0142a certyfikacj\u0119 ISO i \u015bci\u015ble kontroluje surowce bia\u0142ej tektury (takie jak szara bia\u0142a tektura lub importowany papier z pulpy drzewnej) oraz b\u0142\u0119dy drukowania (\u00b10,01 mm), aby zapewni\u0107 sp\u00f3jno\u015b\u0107 partii. Obs\u0142uga dostosowywania ma\u0142ych partii i elastyczne reagowanie na potrzeby klient\u00f3w.<\/p>\n<h2 id=\"-6-foreign-trade-services-and-one-stop-support-\"><strong>6. Us\u0142ugi handlu zagranicznego i kompleksowe wsparcie<\/strong><\/h2>\n<p>Profesjonalny zesp\u00f3\u0142 handlu zagranicznego zapewnia wieloj\u0119zyczne us\u0142ugi (angielski, hiszpa\u0144ski itp.), obejmuj\u0105ce g\u0142\u00f3wne rynki, takie jak Europa, Ameryka i Azja Po\u0142udniowo-Wschodnia. Wspieranie transgranicznych kwalifikacji eksportowych i certyfikacji zgodno\u015bci platformy (takich jak wymagania dotycz\u0105ce opakowa\u0144 Amazon i eBay) oraz \u015bwiadczenie us\u0142ug pe\u0142nego procesu, takich jak sprawdzanie projektu, logistyka zg\u0142osze\u0144 celnych i rekompensata posprzeda\u017cowa w celu zmniejszenia z\u0142o\u017cono\u015bci obs\u0142ugi klienta.<\/p>\n<h2><strong>7. Us\u0142ugi o warto\u015bci dodanej i referencje<\/strong><\/h2>\n<ul>\n<li><strong>Wsparcie projektowe<\/strong>: Mo\u017ce zapewni\u0107 proste rozwi\u0105zania estetyczne (takie jak bia\u0142e matowe pude\u0142ko teksturowane, magnetyczna struktura otwierania i zamykania) lub elementy technologiczne (takie jak p\u00f3\u0142przezroczyste lampki kontrolne);<\/li>\n<li><strong>Opcje ochrony \u015brodowiska<\/strong>: Zapewniamy papier z certyfikatem FSC i druk atramentem na bazie wody, zgodnie z normami ochrony \u015brodowiska UE;<\/li>\n<li><strong>Wsp\u00f3\u0142praca w zakresie magazynowania<\/strong>: Obs\u0142uga zarz\u0105dzanych zapas\u00f3w i trybu VMI, skracaj\u0105ca cykl dostawy do 7-10 dni.<\/li>\n<\/ul>","protected":false},"excerpt":{"rendered":"<p>Ten projekt to pude\u0142ko na karty z podw\u00f3jn\u0105 wk\u0142adk\u0105. Ca\u0142e pude\u0142ko jest wykonane z bia\u0142ej karty o gramaturze 350 g, kt\u00f3ra jest sztywna i ma dobry efekt drukowania. Okienko i folia lepiej eksponuj\u0105 produkt.<\/p>","protected":false},"featured_media":771,"template":"","meta":{"_kad_post_transparent":"default","_kad_post_title":"","_kad_post_layout":"default","_kad_post_sidebar_id":"","_kad_post_content_style":"default","_kad_post_vertical_padding":"default","_kad_post_feature":"","_kad_post_feature_position":"","_kad_post_header":false,"_kad_post_footer":false,"_kad_post_classname":""},"product_brand":[],"product_cat":[15,24,17],"product_tag":[285,286,287],"class_list":{"0":"post-770","1":"product","2":"type-product","3":"status-publish","4":"has-post-thumbnail","6":"product_cat-red-light-therapy","7":"product_cat-red-light-therapy-bed","8":"product_cat-services","9":"product_tag-folding-carton-for-bluetooth","10":"product_tag-folding-carton-for-earphone","11":"product_tag-vendor-folding-carton","13":"first","14":"instock","15":"shipping-taxable","16":"product-type-simple","17":"entry","18":"content-bg","19":"loop-entry"},"_links":{"self":[{"href":"https:\/\/red-lighttherapy.com\/pl\/wp-json\/wp\/v2\/product\/770","targetHints":{"allow":["GET"]}}],"collection":[{"href":"https:\/\/red-lighttherapy.com\/pl\/wp-json\/wp\/v2\/product"}],"about":[{"href":"https:\/\/red-lighttherapy.com\/pl\/wp-json\/wp\/v2\/types\/product"}],"wp:featuredmedia":[{"embeddable":true,"href":"https:\/\/red-lighttherapy.com\/pl\/wp-json\/wp\/v2\/media\/771"}],"wp:attachment":[{"href":"https:\/\/red-lighttherapy.com\/pl\/wp-json\/wp\/v2\/media?parent=770"}],"wp:term":[{"taxonomy":"product_brand","embeddable":true,"href":"https:\/\/red-lighttherapy.com\/pl\/wp-json\/wp\/v2\/product_brand?post=770"},{"taxonomy":"product_cat","embeddable":true,"href":"https:\/\/red-lighttherapy.com\/pl\/wp-json\/wp\/v2\/product_cat?post=770"},{"taxonomy":"product_tag","embeddable":true,"href":"https:\/\/red-lighttherapy.com\/pl\/wp-json\/wp\/v2\/product_tag?post=770"}],"curies":[{"name":"wp","href":"https:\/\/api.w.org\/{rel}","templated":true}]}}