{"id":761,"date":"2025-04-14T09:46:32","date_gmt":"2025-04-14T09:46:32","guid":{"rendered":"https:\/\/red-lighttherapy.com\/?post_type=product&#038;p=761"},"modified":"2025-04-14T12:26:03","modified_gmt":"2025-04-14T12:26:03","slug":"china-custom-printing-folding-cartons-for-candle-products","status":"publish","type":"product","link":"https:\/\/red-lighttherapy.com\/pl\/china-custom-printing-folding-cartons-for-candle-products\/","title":{"rendered":"Chiny Niestandardowe drukowanie sk\u0142adanych karton\u00f3w na produkty \u015bwiecowe"},"content":{"rendered":"<h2 id=\"-1-materials-and-technology-environmentally-friendly-white-cardboard-creates-lightweight-and-high-stiffness-packaging-\"><strong>1. Materia\u0142y i technologia: Przyjazna dla \u015brodowiska bia\u0142a tektura tworzy lekkie opakowania o wysokiej sztywno\u015bci<\/strong><\/h2>\n<ol>\n<li><strong>Materia\u0142 rdzenia<\/strong>: Zastosowano bia\u0142y karton z pierwotnej pulpy drzewnej (o regularnej gramaturze 250g-400g), kt\u00f3ry jest zar\u00f3wno lekki, jak i bardzo sztywny. Powierzchnia bia\u0142ego kartonu jest g\u0142adka i delikatna, nadaje si\u0119 do druku offsetowego, druku UV, t\u0142oczenia na gor\u0105co, wyt\u0142aczania i innych proces\u00f3w, zapewniaj\u0105c wysokie nasycenie kolor\u00f3w i siln\u0105 przyczepno\u015b\u0107 wzoru.<\/li>\n<li><strong>Rozwi\u0105zanie zwi\u0119kszaj\u0105ce grubo\u015b\u0107<\/strong>: Je\u015bli wymagany jest grubszy dotyk, \"proces monta\u017cu\" jest u\u017cywany do uk\u0142adania wielu warstw tektury, co nie tylko zachowuje przyjazne dla \u015brodowiska i nadaj\u0105ce si\u0119 do recyklingu w\u0142a\u015bciwo\u015bci, ale tak\u017ce zwi\u0119ksza tr\u00f3jwymiarowo\u015b\u0107 i odporno\u015b\u0107 pude\u0142ka na nacisk.<\/li>\n<li><strong>Certyfikacja \u015brodowiskowa<\/strong>: Fabryka posiada mi\u0119dzynarodowy certyfikat bezpiecze\u0144stwa \u017cywno\u015bci ISEGA i krajowe kwalifikacje w zakresie ochrony \u015brodowiska. Materia\u0142 nie zawiera fluorescencyjnych rozja\u015bniaczy i jest zgodny z unijn\u0105 norm\u0105 REACH. Mo\u017ce zaspokoi\u0107 potrzeby ochrony \u015brodowiska w wielu bran\u017cach, takich jak \u017cywno\u015b\u0107, opieka nad matk\u0105 i dzieckiem oraz upominki.<\/li>\n<\/ol>\n<h2 id=\"-ii-design-aesthetics-warm-color-vision-and-humanized-structure-\"><strong>2. Estetyka projektu: ciep\u0142a kolorystyka i humanizowana struktura<\/strong><\/h2>\n<ol>\n<li><strong>Strategia kolor\u00f3w<\/strong>: Ciep\u0142e kolory (takie jak pomara\u0144czowo-czerwony, bursztynowe z\u0142oto i delikatny r\u00f3\u017c) s\u0105 u\u017cywane jako g\u0142\u00f3wny ton, w po\u0142\u0105czeniu z lokalnym lakierem UV i per\u0142ow\u0105 technologi\u0105 t\u0142oczenia na gor\u0105co, aby wzmocni\u0107 wizualne nak\u0142adanie warstw i przekaza\u0107 ciep\u0142\u0105 i romantyczn\u0105 atmosfer\u0119 marki.<\/li>\n<li><strong>Innowacja typu box<\/strong>: Obs\u0142uguje poziome i pionowe dwukierunkowe otwieranie i zamykanie, prze\u0142amuj\u0105c tradycyjne ograniczenia kierunku otwierania pude\u0142ka, dzi\u0119ki czemu konsumenci mog\u0105 wygodnie wy\u015bwietla\u0107 produkty \u015bwiecowe pod r\u00f3\u017cnymi k\u0105tami i \u0142atwo z nich korzysta\u0107. Na przyk\u0142ad, struktura przesuwna w stylu szuflady lub typ g\u00f3rnej i dolnej pokrywy mo\u017ce elastycznie dostosowywa\u0107 si\u0119 do r\u00f3\u017cnych rozmiar\u00f3w \u015bwiec.<\/li>\n<li><strong>Wewn\u0119trzna ochrona podszewki<\/strong>: Pude\u0142ko jest wyposa\u017cone w wykrawan\u0105 papierow\u0105 podszewk\u0119, kt\u00f3ra dok\u0142adnie mocuje s\u0142oik \u015bwiecy, aby zapobiec wibracjom podczas transportu; na podszewce mo\u017cna wydrukowa\u0107 LOGO marki lub opis zapachu, \u0142\u0105cz\u0105c funkcjonalno\u015b\u0107 i warto\u015b\u0107 komunikacji marki.<\/li>\n<\/ol>\n<h2 id=\"-iii-production-guarantee-high-end-equipment-and-craftsmanship-\"><strong>3. Gwarancja produkcji: wysokiej klasy sprz\u0119t i rzemios\u0142o<\/strong><\/h2>\n<ol>\n<li><strong>Dok\u0142adno\u015b\u0107 drukowania<\/strong>: Przyj\u0119cie niemieckiej sze\u015bciokolorowej drukarki UV Heidelberg Speedmaster i japo\u0144skiej czterokolorowej drukarki Mitsubishi, obs\u0142uga dopasowywania kolor\u00f3w dodatkowych Pantone, wska\u017anik odchylenia kolor\u00f3w jest mniejszy ni\u017c 1%, zapewniaj\u0105c wysokie przywr\u00f3cenie logo marki i wzoru.<\/li>\n<li><strong>Szczeg\u00f3\u0142y procesu<\/strong>: Starsi mistrzowie drukarstwa nadzoruj\u0105 ca\u0142y proces, poprzez laminowanie (folia lekka \/ folia matowa), wyt\u0142aczanie, t\u0142oczenie na gor\u0105co \/ srebro i inne przetwarzanie ko\u0144cowe, nadaj\u0105c opakowaniu dotykow\u0105 tekstur\u0119 i wizualny luksus.<\/li>\n<li><strong>Elastyczno\u015b\u0107 dostosowywania<\/strong>: Rozmiar obs\u0142uguje pe\u0142ne dostosowanie parametr\u00f3w (d\u0142ugo\u015b\u0107 \u00d7 szeroko\u015b\u0107 \u00d7 wysoko\u015b\u0107 jest nieograniczona), co jest kompatybilne z cylindrycznymi, kwadratowymi i specjalnymi pojemnikami na \u015bwiece; minimalna ilo\u015b\u0107 zam\u00f3wienia wynosi 1000 sztuk i obs\u0142uguje przetwarzanie z rysunkami lub oryginalnym projektem.<\/li>\n<\/ol>\n<h2 id=\"-iv-application-scenarios-and-cases-\"><strong>4. Scenariusze i przypadki zastosowa\u0144<\/strong><\/h2>\n<ul>\n<li><strong>Rynek upomink\u00f3w z wy\u017cszej p\u00f3\u0142ki<\/strong>: Nadaje si\u0119 do pude\u0142ek na prezenty \u015blubne i \u015bwi\u0105teczne, ze wst\u0105\u017ckami, przezroczystymi okienkami PET i innymi elementami, aby wzmocni\u0107 poczucie ceremonii rozpakowywania.<\/li>\n<li><strong>Zalety ekspozycji detalicznej<\/strong>: Konstrukcja okna wystawowego (taka jak pokrycie okna matow\u0105 foli\u0105) mo\u017ce bezpo\u015brednio prezentowa\u0107 naturalny materia\u0142 i dekoracyjne detale \u015bwiec, przyci\u0105gaj\u0105c konsument\u00f3w offline do zatrzymania si\u0119.<\/li>\n<li><strong>Przyjazny dla handlu elektronicznego<\/strong>: Zintegrowana konstrukcja pude\u0142ek wysy\u0142kowych z tektury falistej uwzgl\u0119dnia zar\u00f3wno ochron\u0119 podczas transportu, jak i podczas rozpakowywania, zmniejszaj\u0105c ilo\u015b\u0107 odpad\u00f3w z opakowa\u0144 wt\u00f3rnych.<\/li>\n<\/ul>","protected":false},"excerpt":{"rendered":"<p>Ten karton zosta\u0142 zaprojektowany z bia\u0142ego kartonu, kt\u00f3ry jest lekki i sztywny. Nadaje si\u0119 do r\u00f3\u017cnych metod drukowania. Ciep\u0142a kolorystyka sprawia, \u017ce odczucia s\u0105 cieplejsze i bardziej zgodne z tonem marki. Przyci\u0105ga uwag\u0119.<\/p>","protected":false},"featured_media":766,"template":"","meta":{"_kad_post_transparent":"default","_kad_post_title":"","_kad_post_layout":"default","_kad_post_sidebar_id":"","_kad_post_content_style":"default","_kad_post_vertical_padding":"default","_kad_post_feature":"","_kad_post_feature_position":"","_kad_post_header":false,"_kad_post_footer":false,"_kad_post_classname":""},"product_brand":[],"product_cat":[15,24,17],"product_tag":[284,282,283],"class_list":{"0":"post-761","1":"product","2":"type-product","3":"status-publish","4":"has-post-thumbnail","6":"product_cat-red-light-therapy","7":"product_cat-red-light-therapy-bed","8":"product_cat-services","9":"product_tag-china-candle-products-packaging","10":"product_tag-custom-candle-folding-cartons","11":"product_tag-folding-cartons-for-candle","13":"first","14":"instock","15":"shipping-taxable","16":"product-type-simple","17":"entry","18":"content-bg","19":"loop-entry"},"_links":{"self":[{"href":"https:\/\/red-lighttherapy.com\/pl\/wp-json\/wp\/v2\/product\/761","targetHints":{"allow":["GET"]}}],"collection":[{"href":"https:\/\/red-lighttherapy.com\/pl\/wp-json\/wp\/v2\/product"}],"about":[{"href":"https:\/\/red-lighttherapy.com\/pl\/wp-json\/wp\/v2\/types\/product"}],"wp:featuredmedia":[{"embeddable":true,"href":"https:\/\/red-lighttherapy.com\/pl\/wp-json\/wp\/v2\/media\/766"}],"wp:attachment":[{"href":"https:\/\/red-lighttherapy.com\/pl\/wp-json\/wp\/v2\/media?parent=761"}],"wp:term":[{"taxonomy":"product_brand","embeddable":true,"href":"https:\/\/red-lighttherapy.com\/pl\/wp-json\/wp\/v2\/product_brand?post=761"},{"taxonomy":"product_cat","embeddable":true,"href":"https:\/\/red-lighttherapy.com\/pl\/wp-json\/wp\/v2\/product_cat?post=761"},{"taxonomy":"product_tag","embeddable":true,"href":"https:\/\/red-lighttherapy.com\/pl\/wp-json\/wp\/v2\/product_tag?post=761"}],"curies":[{"name":"wp","href":"https:\/\/api.w.org\/{rel}","templated":true}]}}