{"id":750,"date":"2025-04-14T09:34:38","date_gmt":"2025-04-14T09:34:38","guid":{"rendered":"https:\/\/red-lighttherapy.com\/?post_type=product&#038;p=750"},"modified":"2025-04-14T09:46:20","modified_gmt":"2025-04-14T09:46:20","slug":"custom-recycled-kraft-paper-candle-cardboard-boxes-wholesale","status":"publish","type":"product","link":"https:\/\/red-lighttherapy.com\/pl\/custom-recycled-kraft-paper-candle-cardboard-boxes-wholesale\/","title":{"rendered":"Niestandardowe pude\u0142ka kartonowe na \u015bwiece z papieru pakowego z recyklingu hurtowo"},"content":{"rendered":"<h2 id=\"customized-recycled-kraft-paper-candle-packaging-box-products\">Niestandardowe produkty do pakowania \u015bwiec z papieru pakowego z recyklingu<\/h2>\n<h2 id=\"-1-full-link-eco-friendly-material-degradable-recycled-kraft-paper-card-box-\"><strong>1. W pe\u0142ni ekologiczny materia\u0142: degradowalne pude\u0142ko z papieru pakowego z recyklingu<\/strong><\/h2>\n<p>Korzystanie z\u00a0<strong>Papier pakowy z recyklingu z certyfikatem FSC<\/strong>\u00a0Jako materia\u0142 bazowy, surowce pochodz\u0105 z zasob\u00f3w le\u015bnych zarz\u0105dzanych w spos\u00f3b zr\u00f3wnowa\u017cony, a zakres gramatur papieru wynosi 250-450 g i mo\u017cna go dostosowa\u0107, bior\u0105c pod uwag\u0119 zar\u00f3wno wytrzyma\u0142o\u015b\u0107, jak i w\u0142a\u015bciwo\u015bci ochrony \u015brodowiska.\u00a0<strong>Przyjazny dla \u015brodowiska druk atramentowy na bazie wody<\/strong>\u00a0jest stosowany w procesie produkcji, bez pozosta\u0142o\u015bci metali ci\u0119\u017ckich, zgodnie z przepisami UE REACH i normami US FDA. Produkt mo\u017ce by\u0107 ca\u0142kowicie zdegradowany w\u00a0<strong>6-12 miesi\u0119cy<\/strong>\u00a0w \u015brodowisku naturalnym, ze wska\u017anikiem recyklingu przekraczaj\u0105cym 90%, spe\u0142niaj\u0105c wymagania gospodarki o obiegu zamkni\u0119tym.<\/p>\n<h2 id=\"-2-innovative-window-design-balancing-the-sense-of-ritual-and-trust-\"><strong>2. Innowacyjny projekt okna: r\u00f3wnowa\u017cenie poczucia rytua\u0142u i zaufania<\/strong><\/h2>\n<ul>\n<li><strong>Okno wizualne<\/strong>: Wykorzystanie technologii dr\u0105\u017cenia laserowego do stworzenia okna o specjalnym kszta\u0142cie (opcjonalnie okr\u0105g\u0142y \/ p\u0142atkowy), pokrytego\u00a0<strong>degradowalna przezroczysta folia PE<\/strong>Pozwala to nie tylko zachowa\u0107 wra\u017cenie zaskoczenia podczas otwierania pude\u0142ka, ale tak\u017ce umo\u017cliwia konsumentom bezpo\u015bredni\u0105 obserwacj\u0119 tekstury \u015bwiecy i integralno\u015bci wosku.<\/li>\n<\/ul>\n<h2 id=\"-3-natural-aesthetics-presentation-petal-color-jump-process-\"><strong>3. Naturalna prezentacja estetyczna: proces skoku koloru p\u0142atk\u00f3w<\/strong><\/h2>\n<ul>\n<li><strong>Obr\u00f3bka powierzchni<\/strong>: Przez\u00a0<strong>Miejscowe oszklenie UV + proces t\u0142oczenia na gor\u0105co<\/strong>,\u00a0<strong>Kolorowy wz\u00f3r p\u0142atk\u00f3w Morandi<\/strong>\u00a0jest nak\u0142adany na naturalny kolor papieru siarczanowego, aby symulowa\u0107 naturaln\u0105 tekstur\u0119 ro\u015blin. Obszar przeskok\u00f3w kolor\u00f3w jest drukowany sitodrukiem za pomoc\u0105 atramentu sojowego, a warto\u015b\u0107 r\u00f3\u017cnicy kolor\u00f3w \u0394E\u22641,5, co wzmacnia naturalny obraz, jednocze\u015bnie unikaj\u0105c zm\u0119czenia wzroku.<\/li>\n<li><strong>Ulepszenie dotykowe<\/strong>: Obszar p\u0142atk\u00f3w dodaje\u00a0<strong>obr\u00f3bka mikrot\u0142oczeniem<\/strong>a dotyk symuluje tekstur\u0119 prawdziwych p\u0142atk\u00f3w, aby zwi\u0119kszy\u0107 warto\u015b\u0107 sensoryczn\u0105 opakowania.<\/li>\n<\/ul>\n<h2 id=\"-4-functional-extension-design-empty-box-transformation-guide-\"><strong>4. Projekt rozszerzenia funkcjonalnego: Przewodnik transformacji pustego pude\u0142ka<\/strong><\/h2>\n<p>Zapewni\u0107\u00a0<strong>Instrukcje transformacji DIY<\/strong>\u00a0aby poprowadzi\u0107 konsument\u00f3w do przekszta\u0142cenia pustych pude\u0142ek:<\/p>\n<ul>\n<li><strong>Schowek<\/strong>: Pude\u0142ko jest wst\u0119pnie wyposa\u017cone w od\u0142\u0105czan\u0105 przegrod\u0119 (materia\u0142 jest taki sam jak korpus pude\u0142ka), odpowiedni\u0105 do przechowywania ma\u0142ych przedmiot\u00f3w, takich jak bi\u017cuteria i artyku\u0142y papiernicze;<\/li>\n<li><strong>Pojemnik do sadzenia<\/strong>: Dno pude\u0142ka jest wst\u0119pnie ustawione za pomoc\u0105 linii do wycinania otwor\u00f3w drena\u017cowych i jest po\u0142\u0105czone z pude\u0142kiem za\u015blepiaj\u0105cym nasiona, aby da\u0107 drugie \u017cycie opakowaniu. Plan transformacji jest powi\u0105zany z interaktywn\u0105 platform\u0105 marki w mediach spo\u0142eczno\u015bciowych za po\u015brednictwem\u00a0<strong>Kod QR<\/strong>\u00a0aby zwi\u0119kszy\u0107 udzia\u0142 u\u017cytkownik\u00f3w.<\/li>\n<\/ul>\n<h2 id=\"-5-compliance-label-system-meet-the-requirements-of-the-european-and-american-markets-\"><strong>5. System etykiet zgodno\u015bci: spe\u0142nia wymagania rynku europejskiego i ameryka\u0144skiego<\/strong><\/h2>\n<ul>\n<li><strong>Etykieta informacyjna<\/strong>: Nadruk na pude\u0142ku obejmuje\u00a0<strong>Znak CE, znak recyklingu (\u267b), ikona certyfikatu FSC<\/strong>i list\u0119 sk\u0142adnik\u00f3w (w tym baz\u0119 wosku, zapach, czas palenia itp.);<\/li>\n<li><strong>R\u0119cznie wykonane atrybuty niestandardowe<\/strong>:\u00a0<strong>Kodowanie partii uszczelnienia farb\u0105<\/strong>\u00a0+ Ka\u017cdy produkt jest oznaczony niezale\u017cnym numerem (np. HN-XXXXX-CR), aby wzmocni\u0107 wra\u017cenie r\u0119cznego wykonania;<\/li>\n<li><strong>Wieloj\u0119zyczne instrukcje<\/strong>: Ostrze\u017cenia dotycz\u0105ce bezpiecze\u0144stwa i instrukcje u\u017cytkowania s\u0105 oznaczone w j\u0119zyku angielskim\/hiszpa\u0144skim\/francuskim, zgodnie z dyrektyw\u0105 UE w sprawie opakowa\u0144 i odpad\u00f3w opakowaniowych oraz wymaganiami ameryka\u0144skiego CPSC.<\/li>\n<\/ul>\n<h2 id=\"-6-efficient-production-and-cost-advantages-\"><strong>6. Wydajna produkcja i korzy\u015bci kosztowe<\/strong><\/h2>\n<ul>\n<li><strong>Konstrukcja pude\u0142ka<\/strong>: Adopcja\u00a0<strong>Jednocz\u0119\u015bciowa konstrukcja pude\u0142ka na karty<\/strong>P\u0142yta wykrawaj\u0105ca nadaje si\u0119 do szybkiej automatycznej sklejarki do folder\u00f3w, o dziennej zdolno\u015bci produkcyjnej 5 milion\u00f3w sztuk i minimalnej ilo\u015bci zam\u00f3wienia 500 sztuk;<\/li>\n<li><strong>Przewaga ceny jednostkowej<\/strong>: Cena jednostkowa zam\u00f3wie\u0144 wielkoseryjnych (ponad 1 milion sztuk) mo\u017ce by\u0107 tak niska jak\u00a0<strong>US$0.1\/szt.<\/strong>\u00a0(w oparciu o standardowe pude\u0142ko z papieru pakowego 350 g), obs\u0142uguj\u0105ce t\u0142oczenie na gor\u0105co LOGO, otwieranie okien i inne niestandardowe potrzeby bez dop\u0142aty;<\/li>\n<li><strong>Optymalizacja logistyki<\/strong>: Grubo\u015b\u0107 korpusu pude\u0142ka w stanie roz\u0142o\u017conym wynosi \u22643 mm, co pozwala zaoszcz\u0119dzi\u0107 60% przestrzeni magazynowej w por\u00f3wnaniu z tradycyjnym opakowaniem i nadaje si\u0119 do bezpo\u015bredniej dostawy ma\u0142ych paczek w transgranicznym handlu elektronicznym.<\/li>\n<\/ul>","protected":false},"excerpt":{"rendered":"<p>Pude\u0142ko kartonowe jest wykonane z degradowalnego papieru typu kraft, kt\u00f3ry jest \u0142atwy w recyklingu i w pe\u0142ni przyjazny dla \u015brodowiska. Konstrukcja okienka zachowuje poczucie zaskoczenia podczas otwierania pude\u0142ka, jednocze\u015bnie rozwi\u0105zuj\u0105c bol\u0105czk\u0119 konsumenta, jak\u0105 jest \"wizualne zaufanie\".<\/p>","protected":false},"featured_media":757,"template":"","meta":{"_kad_post_transparent":"default","_kad_post_title":"","_kad_post_layout":"default","_kad_post_sidebar_id":"","_kad_post_content_style":"default","_kad_post_vertical_padding":"default","_kad_post_feature":"","_kad_post_feature_position":"","_kad_post_header":false,"_kad_post_footer":false,"_kad_post_classname":""},"product_brand":[],"product_cat":[15,24,17],"product_tag":[280,279,281],"class_list":{"0":"post-750","1":"product","2":"type-product","3":"status-publish","4":"has-post-thumbnail","6":"product_cat-red-light-therapy","7":"product_cat-red-light-therapy-bed","8":"product_cat-services","9":"product_tag-candle-cardboard-boxes","10":"product_tag-custom-candle-boxes-wholesale","11":"product_tag-custom-candle-cardboard-boxes","13":"first","14":"instock","15":"shipping-taxable","16":"product-type-simple","17":"entry","18":"content-bg","19":"loop-entry"},"_links":{"self":[{"href":"https:\/\/red-lighttherapy.com\/pl\/wp-json\/wp\/v2\/product\/750","targetHints":{"allow":["GET"]}}],"collection":[{"href":"https:\/\/red-lighttherapy.com\/pl\/wp-json\/wp\/v2\/product"}],"about":[{"href":"https:\/\/red-lighttherapy.com\/pl\/wp-json\/wp\/v2\/types\/product"}],"wp:featuredmedia":[{"embeddable":true,"href":"https:\/\/red-lighttherapy.com\/pl\/wp-json\/wp\/v2\/media\/757"}],"wp:attachment":[{"href":"https:\/\/red-lighttherapy.com\/pl\/wp-json\/wp\/v2\/media?parent=750"}],"wp:term":[{"taxonomy":"product_brand","embeddable":true,"href":"https:\/\/red-lighttherapy.com\/pl\/wp-json\/wp\/v2\/product_brand?post=750"},{"taxonomy":"product_cat","embeddable":true,"href":"https:\/\/red-lighttherapy.com\/pl\/wp-json\/wp\/v2\/product_cat?post=750"},{"taxonomy":"product_tag","embeddable":true,"href":"https:\/\/red-lighttherapy.com\/pl\/wp-json\/wp\/v2\/product_tag?post=750"}],"curies":[{"name":"wp","href":"https:\/\/api.w.org\/{rel}","templated":true}]}}