{"id":744,"date":"2025-04-14T09:22:01","date_gmt":"2025-04-14T09:22:01","guid":{"rendered":"https:\/\/red-lighttherapy.com\/?post_type=product&#038;p=744"},"modified":"2025-04-14T09:34:22","modified_gmt":"2025-04-14T09:34:22","slug":"wholesale-custom-packaging-box-for-cuticle-oil-pen-lip-gloss","status":"publish","type":"product","link":"https:\/\/red-lighttherapy.com\/pl\/wholesale-custom-packaging-box-for-cuticle-oil-pen-lip-gloss\/","title":{"rendered":"Hurtowe niestandardowe opakowanie na b\u0142yszczyk do sk\u00f3rek"},"content":{"rendered":"<h2 id=\"-wholesale-custom-packaging-box-products-for-nail-polish-pens-and-lip-gloss-\"><strong>Hurtownia niestandardowych opakowa\u0144 na d\u0142ugopisy do paznokci i b\u0142yszczyki do ust<\/strong><\/h2>\n<h2 id=\"-1-innovative-folding-card-box-design-to-optimize-storage-and-logistics-efficiency-\"><strong>1. Innowacyjna konstrukcja sk\u0142adanego pude\u0142ka na karty optymalizuj\u0105ca wydajno\u015b\u0107 przechowywania i logistyki<\/strong><\/h2>\n<p>Konstrukcja sk\u0142adanego pude\u0142ka na karty mo\u017ce by\u0107 ca\u0142kowicie sp\u0142aszczona, gdy jest pusta, ze stopniem kompresji wi\u0119kszym ni\u017c 50%, co znacznie zmniejsza zajmowan\u0105 przestrze\u0144 magazynow\u0105. Pude\u0142ko jest transportowane w p\u0142askiej formie podczas wysy\u0142ki, a pojedyncza pojemno\u015b\u0107 logistyczna jest zwi\u0119kszona o 30%, co skutecznie obni\u017ca koszty transportu. Korpus pude\u0142ka optymalizuje dok\u0142adno\u015b\u0107 sk\u0142adania dzi\u0119ki procesowi \u0142\u0105czenia \"linii \u015bledzenia + linii no\u017ca\", aby zapewni\u0107 stabilno\u015b\u0107 struktury po formowaniu i dostosowa\u0107 si\u0119 do wymaga\u0144 szybkiego pakowania zautomatyzowanej linii produkcyjnej.<\/p>\n<h2 id=\"-2-pink-main-color-and-cherry-elements-convey-the-concept-of-sweet-care-\"><strong>2. R\u00f3\u017cowy kolor g\u0142\u00f3wny i elementy wi\u015bniowe przekazuj\u0105 koncepcj\u0119 s\u0142odkiej piel\u0119gnacji<\/strong><\/h2>\n<p>Korpus pude\u0142ka ma g\u0142\u00f3wnie r\u00f3\u017cowy gradient z r\u0119cznie malowanym wzorem wi\u015bni, a pe\u0142nia i s\u0142odycz owoc\u00f3w s\u0105 prezentowane za pomoc\u0105 akwarelowych technik rozmazywania. Wizualny obszar centralny przyjmuje\u00a0<strong>Konstrukcja o wysokim kontra\u015bcie<\/strong>Zderzenie wi\u015bniowej czerwieni i matowego pudrowego koloru bazowego tworzy emocjonalne skojarzenie \"s\u0142odkiej piel\u0119gnacji\" i wzmacnia punkt pami\u0119ci marki. Bok jest uzupe\u0142niony z\u0142oconym t\u0142oczeniem na gor\u0105co LOGO marki, aby wzmocni\u0107 wysokiej klasy tekstur\u0119.<\/p>\n<h2 id=\"-third-layered-information-layout-to-enhance-brand-recognition-\"><strong>3. Warstwowy uk\u0142ad informacji zwi\u0119kszaj\u0105cy rozpoznawalno\u015b\u0107 marki<\/strong><\/h2>\n<ul>\n<li><strong>Wizualna warstwa ostro\u015bci<\/strong>: G\u00f3rny obszar 20% koncentruje si\u0119 na wy\u015bwietlaniu nazwy marki i podstawowej skuteczno\u015bci produktu (takiej jak \"24-godzinna trwa\u0142o\u015b\u0107 koloru\" i \"esencja ro\u015blinna\"), wykorzystuj\u0105c tr\u00f3jwymiarow\u0105 technologi\u0119 druku wypuk\u0142ego, kt\u00f3ra przyci\u0105ga zar\u00f3wno dotyk, jak i wzrok;<\/li>\n<li><strong>Warstwa opisu funkcji<\/strong>: W \u015brodkowej cz\u0119\u015bci wykorzystano proste ikony i kr\u00f3tki tekst, aby przedstawi\u0107 bezpieczne i wodoodporne w\u0142a\u015bciwo\u015bci sk\u0142adnik\u00f3w, a czcionka wykorzystuje zaokr\u0105glon\u0105 czcionk\u0119 bezszeryfow\u0105, aby poprawi\u0107 czytelno\u015b\u0107;<\/li>\n<li><strong>Warstwa informacji regulacyjnych<\/strong>: Data produkcji, numer licencji itp. s\u0105 rozmieszczone ma\u0142ymi znakami na dole, co jest zgodne ze standardami bran\u017cowymi, a jednocze\u015bnie nie zak\u0142\u00f3ca g\u0142\u00f3wnego pola widzenia.<\/li>\n<\/ul>\n<h2 id=\"-fourth-matte-film-surface-treatment-taking-into-account-both-texture-and-practicality-\"><strong>4. Matowa obr\u00f3bka powierzchni folii, uwzgl\u0119dniaj\u0105ca zar\u00f3wno tekstur\u0119, jak i praktyczno\u015b\u0107<\/strong><\/h2>\n<p>Powierzchnia pude\u0142ka jest pokryta\u00a0<strong>Folia matowa BOPP<\/strong>kt\u00f3ry jest delikatny jak jedwab i posiada nast\u0119puj\u0105ce funkcje:<\/p>\n<ul>\n<li><strong>Wodoodporny i olejoodporny<\/strong>: Skutecznie chroni przed rozpryskami p\u0142yn\u00f3w kosmetycznych i mo\u017ce by\u0107 czyszczony przez wycieranie;<\/li>\n<li><strong>Odporno\u015b\u0107 na zarysowania i zu\u017cycie<\/strong>: Technologia powlekania UV zmniejsza straty zwi\u0105zane z tarciem podczas transportu i sprawia, \u017ce wz\u00f3r jest trwa\u0142y i jasny;<\/li>\n<li><strong>Certyfikacja \u015brodowiskowa<\/strong>: Przeszed\u0142 standardowe testy REACH, jest nietoksyczny i nieszkodliwy i mo\u017ce bezpo\u015brednio styka\u0107 si\u0119 z past\u0105.<\/li>\n<\/ul>\n<h2 id=\"-v-portable-structure-suitable-for-multiple-categories-of-cosmetics-\"><strong>5. Przeno\u015bna konstrukcja odpowiednia dla wielu kategorii kosmetyk\u00f3w<\/strong><\/h2>\n<p>Pude\u0142ko zosta\u0142o zaprojektowane z wyjmowanym\u00a0<strong>Podszewka z per\u0142owej bawe\u0142ny EPE<\/strong>kt\u00f3ry mo\u017ce dok\u0142adnie pozycjonowa\u0107 pisaki do paznokci, szkliwo do ust, olejek do piel\u0119gnacji sk\u00f3rek i inne produkty o r\u00f3\u017cnych specyfikacjach (obs\u0142uguj\u0105ce dostosowywanie wysoko\u015bci 5-15 cm). G\u00f3rna cz\u0119\u015b\u0107 jest zarezerwowana dla magnetycznej konstrukcji zatrzaskowej, kt\u00f3r\u0105 mo\u017cna otwiera\u0107 i zamyka\u0107 jedn\u0105 r\u0119k\u0105, odpowiedni\u0105 do przenoszenia makija\u017cu.\u00a0<strong>Wersja opakowania na ma\u0142e porcje<\/strong>\u00a0(np. 4-pak mini pude\u0142ko upominkowe), aby zaspokoi\u0107 potrzeby opakowa\u0144 pr\u00f3bnych w supermarketach.<\/p>\n<h2 id=\"-vi-highly-customized-service-empowering-brand-differentiation-\"><strong>6. Wysoce spersonalizowana us\u0142uga, wzmacniaj\u0105ca zr\u00f3\u017cnicowanie marki<\/strong><\/h2>\n<p>Opieraj\u0105c si\u0119 na 16-letnim do\u015bwiadczeniu w produkcji opakowa\u0144, zapewniamy wszechstronne wsparcie w zakresie dostosowywania:<\/p>\n<ul>\n<li><strong>Wyb\u00f3r materia\u0142u<\/strong>bambus, bia\u0142y karton, papier z trzciny cukrowej i inne przyjazne dla \u015brodowiska pod\u0142o\u017ca s\u0105 opcjonalne, o twardo\u015bci powy\u017cej 300G;<\/li>\n<li><strong>Aktualizacja procesu<\/strong>: Obs\u0142uguje ponad 20 technologii obr\u00f3bki powierzchni, takich jak t\u0142oczenie na gor\u0105co, sitodruk, wyt\u0142aczanie laserowe itp;<\/li>\n<li><strong>Rozszerzenie funkcji<\/strong>: Chipy RFID mog\u0105 by\u0107 wbudowane w celu uzyskania identyfikowalno\u015bci zapobiegaj\u0105cej podrabianiu lub mo\u017cna doda\u0107 pow\u0142oki wra\u017cliwe na temperatur\u0119, aby dostosowa\u0107 si\u0119 do transportu w \u0142a\u0144cuchu ch\u0142odniczym.<\/li>\n<\/ul>\n<h2 id=\"-seven-mature-supply-chain-guarantee-one-stop-delivery-without-worries-\"><strong>7. Gwarancja dojrza\u0142ego \u0142a\u0144cucha dostaw, kompleksowa dostawa bez zmartwie\u0144<\/strong><\/h2>\n<p>Jako profesjonalny producent z 16-letnim do\u015bwiadczeniem w bran\u017cy, obs\u0142u\u017cyli\u015bmy ponad 500 000 marek kosmetycznych, a nasze g\u0142\u00f3wne produkty obejmuj\u0105:<\/p>\n<ul>\n<li><strong>Klasyczny typ pude\u0142ka<\/strong>Pude\u0142ko prezentowe z g\u00f3rn\u0105 i doln\u0105 pokryw\u0105, pude\u0142ko cylindryczne, pude\u0142ko na karty z szuflad\u0105, torebka papierowa o specjalnym kszta\u0142cie;<\/li>\n<li><strong>Przewaga produktywno\u015bci<\/strong>: Uko\u0144czenie proofingu w ci\u0105gu 72 godzin i osi\u0105gni\u0119cie masowej produkcji 10 000 zam\u00f3wie\u0144 w ci\u0105gu 15 dni;<\/li>\n<li><strong>Wsparcie posprzeda\u017cowe<\/strong>: Zapewnienie pe\u0142nego cyklu us\u0142ug, takich jak wskaz\u00f3wki dotycz\u0105ce zarz\u0105dzania kolorami i rozwi\u0105zania zabezpieczaj\u0105ce przed wilgoci\u0105 w magazynach.<\/li>\n<\/ul>","protected":false},"excerpt":{"rendered":"<p>Sk\u0142adane pude\u0142ko kartonowe, p\u0142aska wysy\u0142ka, oszcz\u0119dno\u015b\u0107 miejsca i koszt\u00f3w wysy\u0142ki. G\u0142\u00f3wnym kolorem pude\u0142ka jest r\u00f3\u017cowy, z wi\u015bniowym wzorem, kt\u00f3ry tworzy emocjonalne skojarzenie ze \"s\u0142odk\u0105 piel\u0119gnacj\u0105\" i tworzy ostry kontrast wizualny. Przeno\u015bna konstrukcja nadaje si\u0119 do przenoszenia kosmetyk\u00f3w, szminki, olejku do sk\u00f3rek itp.<\/p>","protected":false},"featured_media":747,"template":"","meta":{"_kad_post_transparent":"default","_kad_post_title":"","_kad_post_layout":"default","_kad_post_sidebar_id":"","_kad_post_content_style":"default","_kad_post_vertical_padding":"default","_kad_post_feature":"","_kad_post_feature_position":"","_kad_post_header":false,"_kad_post_footer":false,"_kad_post_classname":""},"product_brand":[],"product_cat":[15,28,24,17],"product_tag":[278,276,277],"class_list":{"0":"post-744","1":"product","2":"type-product","3":"status-publish","4":"has-post-thumbnail","6":"product_cat-red-light-therapy","7":"product_cat-customize","8":"product_cat-red-light-therapy-bed","9":"product_cat-services","10":"product_tag-custom-cosmetic-packaging-wholesale","11":"product_tag-custom-cuticle-oil-pen-packaging-box","12":"product_tag-lip-gloss-packaging-box","14":"first","15":"instock","16":"shipping-taxable","17":"product-type-simple","18":"entry","19":"content-bg","20":"loop-entry"},"_links":{"self":[{"href":"https:\/\/red-lighttherapy.com\/pl\/wp-json\/wp\/v2\/product\/744","targetHints":{"allow":["GET"]}}],"collection":[{"href":"https:\/\/red-lighttherapy.com\/pl\/wp-json\/wp\/v2\/product"}],"about":[{"href":"https:\/\/red-lighttherapy.com\/pl\/wp-json\/wp\/v2\/types\/product"}],"wp:featuredmedia":[{"embeddable":true,"href":"https:\/\/red-lighttherapy.com\/pl\/wp-json\/wp\/v2\/media\/747"}],"wp:attachment":[{"href":"https:\/\/red-lighttherapy.com\/pl\/wp-json\/wp\/v2\/media?parent=744"}],"wp:term":[{"taxonomy":"product_brand","embeddable":true,"href":"https:\/\/red-lighttherapy.com\/pl\/wp-json\/wp\/v2\/product_brand?post=744"},{"taxonomy":"product_cat","embeddable":true,"href":"https:\/\/red-lighttherapy.com\/pl\/wp-json\/wp\/v2\/product_cat?post=744"},{"taxonomy":"product_tag","embeddable":true,"href":"https:\/\/red-lighttherapy.com\/pl\/wp-json\/wp\/v2\/product_tag?post=744"}],"curies":[{"name":"wp","href":"https:\/\/api.w.org\/{rel}","templated":true}]}}