{"id":738,"date":"2025-04-14T07:36:58","date_gmt":"2025-04-14T07:36:58","guid":{"rendered":"https:\/\/red-lighttherapy.com\/?post_type=product&#038;p=738"},"modified":"2025-04-14T08:09:56","modified_gmt":"2025-04-14T08:09:56","slug":"custom-hair-growth-essential-oil-cardboard-box-suppliers","status":"publish","type":"product","link":"https:\/\/red-lighttherapy.com\/pl\/custom-hair-growth-essential-oil-cardboard-box-suppliers\/","title":{"rendered":"Niestandardowi dostawcy kartonowych pude\u0142ek na olejki eteryczne na porost w\u0142os\u00f3w"},"content":{"rendered":"<h2 id=\"-customized-hair-growth-essential-oil-double-insert-card-box-a-perfect-fusion-of-environmental-aesthetics-and-practical-value-\"><strong>Dostosowany karton na olejki eteryczne na porost w\u0142os\u00f3w<\/strong><\/h2>\n<h2 id=\"-1-multifunctional-adaptation-interpreting-the-infinite-possibilities-of-packaging-\"><strong>1. Wielofunkcyjna adaptacja, interpretacja niesko\u0144czonych mo\u017cliwo\u015bci opakowa\u0144<\/strong><\/h2>\n<p>Nasza konstrukcja pude\u0142ka na karty z podw\u00f3jn\u0105 wk\u0142adk\u0105 opiera si\u0119 na elastyczno\u015bci i kompatybilno\u015bci i mo\u017ce by\u0107 dostosowana do r\u00f3\u017cnych rodzaj\u00f3w produkt\u00f3w, takich jak olejki eteryczne na porost w\u0142os\u00f3w, perfumy, kosmetyki i inne wysokiej jako\u015bci produkty kosmetyczne. Wewn\u0119trzna struktura pude\u0142ka na karty zosta\u0142a naukowo zoptymalizowana, a regulowana konstrukcja gniazda karty mo\u017ce z \u0142atwo\u015bci\u0105 mocowa\u0107 butelki lub produkty rurowe o r\u00f3\u017cnych specyfikacjach, zapewniaj\u0105c bezpiecze\u0144stwo transportu, zapewniaj\u0105c jednocze\u015bnie u\u017cytkownikom ko\u0144cowym wygodne otwieranie i zamykanie. Niezale\u017cnie od tego, czy jest to ekspozycja pojedynczego produktu, czy zestaw kombinowany, opakowanie to mo\u017cna dok\u0142adnie dopasowa\u0107, aby pom\u00f3c markom rozszerzy\u0107 ich zr\u00f3\u017cnicowane linie produkt\u00f3w.<\/p>\n<h2 id=\"-2-card-box-design-a-low-cost-and-high-efficiency-innovative-solution-\"><strong>2. Konstrukcja pude\u0142ka na karty: tanie i wydajne innowacyjne rozwi\u0105zanie<\/strong><\/h2>\n<p>P\u0142aska struktura pude\u0142ka kartonowego s\u0142u\u017cy do obalenia z\u0142o\u017conego procesu tradycyjnego pakowania. Korpus pude\u0142ka mo\u017cna ca\u0142kowicie przekszta\u0142ci\u0107 w p\u0142ask\u0105 form\u0119 podczas transportu, co mo\u017ce znacznie zmniejszy\u0107 ob\u0142o\u017cenie przestrzeni magazynowej i logistycznej, a koszty transportu mo\u017cna zmniejszy\u0107 o 40%. Proces monta\u017cu jest prosty i wydajny, a u\u017cytkownicy mog\u0105 uko\u0144czy\u0107 pakowanie gotowego produktu tylko w kilku etapach, co znacznie poprawia wydajno\u015b\u0107 \u0142a\u0144cucha dostaw. Ponadto, materia\u0142 kartonowego pude\u0142ka jest wybrany z przyjaznego dla \u015brodowiska lekkiego papieru, co zmniejsza ilo\u015b\u0107 odpad\u00f3w materia\u0142owych, zapewniaj\u0105c jednocze\u015bnie no\u015bno\u015b\u0107 i trwa\u0142o\u015b\u0107, i naprawd\u0119 realizuje \"redukcj\u0119 koszt\u00f3w poprzez projektowanie i popraw\u0119 wydajno\u015bci poprzez innowacje\".<\/p>\n<h2 id=\"-three-minimalist-aesthetic-design-conveying-brand-style-with-visual-rhythm-\"><strong>3. Minimalistyczna estetyka: przekazywanie stylu marki za pomoc\u0105 rytmu wizualnego<\/strong><\/h2>\n<p>Projekt pude\u0142ka jest zgodny z minimalistyczn\u0105 koncepcj\u0105 \"mniej znaczy wi\u0119cej\", z delikatnym r\u00f3\u017cowym kolorem bazowym jako motywem przewodnim i delikatn\u0105 bia\u0142\u0105 pionow\u0105 tekstur\u0105, tworz\u0105c\u0105 elegancki rytm wizualny. Element pionowego paska jest inspirowany kszta\u0142tem naturalnie rosn\u0105cych w\u0142os\u00f3w, odzwierciedlaj\u0105c g\u0142\u00f3wny urok \"zdrowej piel\u0119gnacji w\u0142os\u00f3w\" olejku eterycznego na porost w\u0142os\u00f3w, jednocze\u015bnie przekazuj\u0105c lekki i czysty ton marki. Proces obr\u00f3bki powierzchni o matowej teksturze nadaje opakowaniu stonowany i luksusowy charakter, pozwalaj\u0105c produktowi wyr\u00f3\u017cni\u0107 si\u0119 na p\u00f3\u0142ce i precyzyjnie dotrze\u0107 do grup konsument\u00f3w ze \u015bredniej i wy\u017cszej p\u00f3\u0142ki, kt\u00f3rzy d\u0105\u017c\u0105 do wyrafinowanego \u017cycia.<\/p>\n<h2 id=\"-four-deep-brand-customization-full-chain-empowerment-from-packaging-to-value-\"><strong>4. G\u0142\u0119boka personalizacja marki: pe\u0142ne wzmocnienie \u0142a\u0144cucha od opakowania do warto\u015bci<\/strong><\/h2>\n<p>Jeste\u015bmy nie tylko dostawc\u0105, ale tak\u017ce wsp\u00f3\u0142tw\u00f3rc\u0105 wizerunku marki. Opieraj\u0105c si\u0119 na elastycznych liniach produkcyjnych i cyfrowych systemach projektowania, mo\u017cemy zapewni\u0107 kompleksowe us\u0142ugi dostosowywania, od pude\u0142ek na karty, pude\u0142ek na prezenty po pe\u0142ne opakowania produkt\u00f3w:<\/p>\n<ul>\n<li><strong>Ekskluzywne symbole wizualne<\/strong>: Zintegruj LOGO marki, kolor i elementy naturalne (takie jak totemy ro\u015blinne i tekstury atramentu) z projektem pude\u0142ka, aby stworzy\u0107 zr\u00f3\u017cnicowany system symboli zdrowia i urody;<\/li>\n<li><strong>Elastyczna aktualizacja procesu<\/strong>: Obs\u0142uga ponad 20 kombinacji proces\u00f3w, takich jak t\u0142oczenie na gor\u0105co, wyt\u0142aczanie i puste okienka, aby spe\u0142ni\u0107 potrzeby zwi\u0105zane z limitowanymi edycjami, pude\u0142kami na prezenty \u015bwi\u0105teczne itp;<\/li>\n<li><strong>Zr\u00f3wnowa\u017cony wyb\u00f3r materia\u0142\u00f3w<\/strong>: Zapewnij przyjazne dla \u015brodowiska opcje, takie jak papier z certyfikatem FSC i degradowalny atrament, aby wzmocni\u0107 ekologiczny wizerunek marki.<\/li>\n<\/ul>\n<h2 id=\"-v-natural-inspiration-and-environmental-protection-concept-let-packaging-become-the-narrator-of-brand-stories-\"><strong>5. Naturalna inspiracja i koncepcja ochrony \u015brodowiska: Niech opakowanie stanie si\u0119 narratorem historii marki<\/strong><\/h2>\n<p>Dzi\u0119ki \"naturalnej symbiozie\" jako filozofii projektowania, tekstura i kolor pude\u0142ka s\u0105 wydobywane z naturalnych obraz\u00f3w, takich jak \u017cy\u0142y wzrostu ro\u015blin i po\u0142ysk porannej rosy, a kompletny symbol poznawczy zdrowia i urody jest konstruowany za pomoc\u0105 abstrakcyjnego j\u0119zyka projektowania. Je\u015bli chodzi o materia\u0142y, k\u0142adziemy nacisk na wykorzystanie zasob\u00f3w odnawialnych, aby zapewni\u0107, \u017ce opakowanie spe\u0142nia standardy recyklingu niskoemisyjnego od produkcji do utylizacji, co jest zgodne z koncepcj\u0105 ochrony \u015brodowiska \"naturalnych sk\u0142adnik\u00f3w\" i \"bezobci\u0105\u017ceniowej piel\u0119gnacji w\u0142os\u00f3w\" olejk\u00f3w eterycznych na porost w\u0142os\u00f3w, pomagaj\u0105c markom w przekazywaniu warto\u015bci odpowiedzialno\u015bci spo\u0142ecznej.<\/p>\n<h2 id=\"-why-choose-us-\"><strong>Dlaczego warto nas wybra\u0107?<\/strong><\/h2>\n<ul>\n<li><strong>Bogate do\u015bwiadczenie w bran\u017cy<\/strong>: 10 lat g\u0142\u0119bokiej kultywacji w dziedzinie opakowa\u0144 kosmetycznych i piel\u0119gnacyjnych, obs\u0142uguj\u0105cych ponad 50 000 marek na ca\u0142ym \u015bwiecie;<\/li>\n<li><strong>Us\u0142uga pe\u0142nego \u0142\u0105cza<\/strong>: Od analizy popytu, projektu konstrukcyjnego po masow\u0105 produkcj\u0119 i dostaw\u0119, profesjonalny, indywidualny nadz\u00f3r w trakcie ca\u0142ego procesu;<\/li>\n<li><strong>\u015acis\u0142a kontrola jako\u015bci<\/strong>: Przeszed\u0142 certyfikacj\u0119 systemu jako\u015bci ISO 9001, aby zapewni\u0107, \u017ce ka\u017cde pude\u0142ko spe\u0142nia najwy\u017csze standardy jako\u015bci.<\/li>\n<\/ul>","protected":false},"excerpt":{"rendered":"<p>W erze unowocze\u015bniania konsumpcji i \u015bwiadomo\u015bci ekologicznej opakowanie, kt\u00f3re \u0142\u0105czy w sobie walory estetyczne, praktyczne funkcje i zr\u00f3wnowa\u017cone koncepcje, stanie si\u0119 kluczowym punktem kontaktowym dla marek, aby dotrze\u0107 do umys\u0142\u00f3w u\u017cytkownik\u00f3w. Wybierz nasze rozwi\u0105zanie kartonowe z podw\u00f3jn\u0105 wk\u0142adk\u0105, aby uzyska\u0107 wy\u017csze premie przy ni\u017cszych kosztach, czyni\u0105c ka\u017cdy produkt no\u015bnikiem, kt\u00f3ry przekazuje ciep\u0142o marki.<\/p>","protected":false},"featured_media":739,"template":"","meta":{"_kad_post_transparent":"default","_kad_post_title":"","_kad_post_layout":"default","_kad_post_sidebar_id":"","_kad_post_content_style":"default","_kad_post_vertical_padding":"default","_kad_post_feature":"","_kad_post_feature_position":"","_kad_post_header":false,"_kad_post_footer":false,"_kad_post_classname":""},"product_brand":[],"product_cat":[15,28,24,17],"product_tag":[275,273,274],"class_list":{"0":"post-738","1":"product","2":"type-product","3":"status-publish","4":"has-post-thumbnail","6":"product_cat-red-light-therapy","7":"product_cat-customize","8":"product_cat-red-light-therapy-bed","9":"product_cat-services","10":"product_tag-custom-cosmetic-paper-boxes","11":"product_tag-custom-hair-oil-cardboard-box","12":"product_tag-growth-essential-oil-box-suppliers","14":"first","15":"instock","16":"shipping-taxable","17":"product-type-simple","18":"entry","19":"content-bg","20":"loop-entry"},"_links":{"self":[{"href":"https:\/\/red-lighttherapy.com\/pl\/wp-json\/wp\/v2\/product\/738","targetHints":{"allow":["GET"]}}],"collection":[{"href":"https:\/\/red-lighttherapy.com\/pl\/wp-json\/wp\/v2\/product"}],"about":[{"href":"https:\/\/red-lighttherapy.com\/pl\/wp-json\/wp\/v2\/types\/product"}],"wp:featuredmedia":[{"embeddable":true,"href":"https:\/\/red-lighttherapy.com\/pl\/wp-json\/wp\/v2\/media\/739"}],"wp:attachment":[{"href":"https:\/\/red-lighttherapy.com\/pl\/wp-json\/wp\/v2\/media?parent=738"}],"wp:term":[{"taxonomy":"product_brand","embeddable":true,"href":"https:\/\/red-lighttherapy.com\/pl\/wp-json\/wp\/v2\/product_brand?post=738"},{"taxonomy":"product_cat","embeddable":true,"href":"https:\/\/red-lighttherapy.com\/pl\/wp-json\/wp\/v2\/product_cat?post=738"},{"taxonomy":"product_tag","embeddable":true,"href":"https:\/\/red-lighttherapy.com\/pl\/wp-json\/wp\/v2\/product_tag?post=738"}],"curies":[{"name":"wp","href":"https:\/\/api.w.org\/{rel}","templated":true}]}}