{"id":732,"date":"2025-04-14T07:23:02","date_gmt":"2025-04-14T07:23:02","guid":{"rendered":"https:\/\/red-lighttherapy.com\/?post_type=product&#038;p=732"},"modified":"2025-04-14T07:35:30","modified_gmt":"2025-04-14T07:35:30","slug":"custom-makeup-beauty-blender-sponge-packaging-boxes-factory","status":"publish","type":"product","link":"https:\/\/red-lighttherapy.com\/pl\/custom-makeup-beauty-blender-sponge-packaging-boxes-factory\/","title":{"rendered":"Niestandardowe pude\u0142ka do pakowania g\u0105bek do makija\u017cu Fabryka"},"content":{"rendered":"<h2 id=\"customized-makeup-egg-sponge-packaging-box\">Niestandardowe opakowanie g\u0105bki do makija\u017cu<\/h2>\n<h2 id=\"1-high-quality-materials-and-transparent-display-design-\">1.\u00a0<strong>Wysokiej jako\u015bci materia\u0142y i przejrzysty wy\u015bwietlacz<\/strong><\/h2>\n<p>Ten produkt jest wykonany z bia\u0142ego kartonu o wysokiej gramaturze 350g. Papier jest gruby i wyra\u017any, odporny na nacisk i estetyczny. Prz\u00f3d pude\u0142ka jest innowacyjnie zaprojektowany z\u00a0<strong>Technologia folii do otwierania okien<\/strong>Zastosowano foli\u0119 PVC lub PET o wysokiej przezroczysto\u015bci, kt\u00f3ra mo\u017ce nie tylko wyra\u017anie wy\u015bwietla\u0107 kszta\u0142t i kolor wewn\u0119trznego jajka do makija\u017cu, ale tak\u017ce odgrywa\u0107 rol\u0119 w zapobieganiu kurzu i wilgoci. Kraw\u0119d\u017a obszaru okna przyjmuje precyzyjny proces ci\u0119cia, aby zapewni\u0107 \u015bcis\u0142e dopasowanie bez zadzior\u00f3w, zwi\u0119kszy\u0107 atrakcyjno\u015b\u0107 ekspozycji produktu i u\u0142atwi\u0107 klientom intuicyjny wyb\u00f3r.<\/p>\n<h2 id=\"2-high-end-printing-technology-empowers-brand-image-\">2.\u00a0<strong>Wysokiej klasy technologia druku wzmacnia wizerunek marki<\/strong><\/h2>\n<p>Drukowanie powierzchni pude\u0142ka przyjmuje\u00a0<strong>importowana maszyna drukarska Heidelberg<\/strong>Wyposa\u017cony w czterokolorowy, w pe\u0142ni automatyczny system zarz\u0105dzania kolorami, dok\u0142adnie przywraca LOGO marki, wz\u00f3r i kolor gradientu. Farba drukarska przesz\u0142a certyfikacj\u0119 ochrony \u015brodowiska SGS, z bogatym kolorem i bez dra\u017cni\u0105cego zapachu. Dzi\u0119ki procesowi lokalnego oszklenia UV, realizuje on po\u0142\u0105czenie lustrzanego po\u0142ysku i matowej tekstury, nadaj\u0105c opakowaniu wysoki poziom warstw wizualnych. Dok\u0142adno\u015b\u0107 kontroli r\u00f3\u017cnicy kolor\u00f3w osi\u0105ga \u0394E\u22641,5, zapewniaj\u0105c sp\u00f3jno\u015b\u0107 produkcji seryjnej i pomagaj\u0105c marce w pozycjonowaniu wysokiej klasy.<\/p>\n<h2 id=\"3-environmentally-friendly-lining-and-efficient-structural-design-\">3.\u00a0<strong>Przyjazna dla \u015brodowiska ok\u0142adzina i wydajna konstrukcja<\/strong><\/h2>\n<p>Podszewka przyjmuje\u00a0<strong>Przyjazna dla \u015brodowiska technologia sztancowania kart papierowych<\/strong>i tworzy struktur\u0119 no\u015bn\u0105 o strukturze plastra miodu poprzez precyzyjne sk\u0142adanie, kt\u00f3re szczelnie mocuje jajko kosmetyczne, aby unikn\u0105\u0107 wstrz\u0105s\u00f3w podczas transportu. Papierowa karta wykorzystuje tektur\u0119 z surowej masy celulozowej z certyfikatem FSC, kt\u00f3ra mo\u017ce by\u0107 ca\u0142kowicie poddana recyklingowi i degradacji, zast\u0119puj\u0105c tradycyjn\u0105 piankow\u0105 wy\u015bci\u00f3\u0142k\u0119 i jest zgodna z unijnymi normami ochrony \u015brodowiska REACH. Ca\u0142o\u015b\u0107\u00a0<strong>p\u0142askie pude\u0142ko na karty<\/strong>\u00a0kt\u00f3ry jest jednocz\u0119\u015bciow\u0105 sk\u0142adan\u0105 form\u0105, gdy nie jest zmontowany, znacznie zmniejszaj\u0105c zajmowan\u0105 przestrze\u0144 magazynow\u0105 i transportow\u0105 oraz zmniejszaj\u0105c koszty logistyczne o ponad 30%. Po otrzymaniu towar\u00f3w klienci mog\u0105 szybko z\u0142o\u017cy\u0107 je r\u0119cznie bez pomocy kleju, co jest wygodne w obs\u0142udze.<\/p>\n<h2 id=\"4-source-factory-guarantee-and-full-link-service-\">4.\u00a0<strong>\u0179r\u00f3d\u0142owa gwarancja fabryczna i pe\u0142na obs\u0142uga link\u00f3w<\/strong><\/h2>\n<p>Poleganie na\u00a0<strong>16 lat do\u015bwiadczenia w produkcji opakowa\u0144<\/strong>Fabryka jest wyposa\u017cona w pe\u0142ni automatyczne maszyny sztancuj\u0105ce, maszyny do klejenia pude\u0142ek i linie kontroli jako\u015bci, osi\u0105gaj\u0105c dzienn\u0105 zdolno\u015b\u0107 produkcyjn\u0105 ponad 100 000 standardowych pude\u0142ek, a cykl dostawy jest skr\u00f3cony do 7-10 dni roboczych. \u0141a\u0144cuch dostaw integruje zasoby wy\u017cszego szczebla, takie jak papier, folia i atrament, przy kosztach 15%-20% ni\u017cszych ni\u017c \u015brednia rynkowa i obs\u0142uguje elastyczn\u0105 produkcj\u0119 przy minimalnym zam\u00f3wieniu 1000 sztuk. Przeszed\u0142 certyfikacj\u0119 systemu zarz\u0105dzania jako\u015bci\u0105 ISO9001, ca\u0142a kontrola jako\u015bci obejmuje wej\u015bcie surowc\u00f3w do wysy\u0142ki gotowych produkt\u00f3w, a wska\u017anik defekt\u00f3w jest kontrolowany w granicach 0,3%.<\/p>\n<h2 id=\"5-integrated-foreign-trade-service-solution-\">5.\u00a0<strong>Zintegrowane rozwi\u0105zanie do obs\u0142ugi handlu zagranicznego<\/strong><\/h2>\n<p>Profesjonalny zesp\u00f3\u0142 handlu zagranicznego zapewnia\u00a0<strong>kompleksowe us\u0142ugi transgraniczne<\/strong>obejmuj\u0105ce sprawdzanie projektu, deklaracj\u0119 celn\u0105 eksportow\u0105, logistyk\u0119 mi\u0119dzynarodow\u0105 i wsparcie posprzeda\u017cowe. Obs\u0142uguje wieloj\u0119zyczne dokowanie biznesowe w j\u0119zyku angielskim, hiszpa\u0144skim, arabskim itp. i zna standardy dost\u0119pu do rynku w Europie, Stanach Zjednoczonych, na Bliskim Wschodzie i w Azji Po\u0142udniowo-Wschodniej (takie jak FDA, certyfikacja CE). Mo\u017ce pom\u00f3c klientom w uko\u0144czeniu implantacji marki VI, dostosowaniu etykiet zapobiegaj\u0105cych podrabianiu i optymalizacji opakowa\u0144 pod k\u0105tem zgodno\u015bci z transgraniczn\u0105 platform\u0105 handlu elektronicznego, pomagaj\u0105c w globalnym uk\u0142adzie marki.<\/p>\n<h2 id=\"-summary-of-core-advantages-\"><strong>Podsumowanie g\u0142\u00f3wnych zalet<\/strong><\/h2>\n<ul>\n<li><strong>Optymalizacja koszt\u00f3w<\/strong>: P\u0142aska struktura + bezpo\u015brednia dostawa ze \u017ar\u00f3d\u0142a, zmniejszaj\u0105ca og\u00f3lne koszty o 25%<\/li>\n<li><strong>Zgodno\u015b\u0107 z przepisami dotycz\u0105cymi ochrony \u015brodowiska<\/strong>: Biodegradowalne materia\u0142y w ca\u0142ym procesie, pozytywne wyniki audyt\u00f3w odpowiedzialno\u015bci spo\u0142ecznej BSCI i Sedex.<\/li>\n<li><strong>Zapewnienie jako\u015bci<\/strong>: Druk Heidelberg + zautomatyzowana linia produkcyjna, dok\u0142adno\u015b\u0107 kolor\u00f3w osi\u0105ga dopasowanie Pantone 99%<\/li>\n<li><strong>Zwinna obs\u0142uga<\/strong>: Projekty 3D s\u0105 dostarczane w ci\u0105gu 48 godzin, a proofing w ci\u0105gu 72 godzin.<\/li>\n<\/ul>","protected":false},"excerpt":{"rendered":"<p>Konstrukcja pude\u0142ka kartonowego wykorzystuje bia\u0142\u0105 kart\u0119 o gramaturze 350 g jako ca\u0142e pude\u0142ko, co mo\u017ce obni\u017cy\u0107 koszty, umo\u017cliwiaj\u0105c jednocze\u015bnie p\u0142askie przesy\u0142ki, znacznie zmniejszaj\u0105c koszty transportu. Okienko z foli\u0105 mo\u017ce lepiej eksponowa\u0107 produkt, a wewn\u0119trzna wy\u015bci\u00f3\u0142ka zosta\u0142a zaprojektowana z kart papieru, co jest wygodne do mocowania produktu i bardziej przyjazne dla \u015brodowiska.<\/p>","protected":false},"featured_media":733,"template":"","meta":{"_kad_post_transparent":"default","_kad_post_title":"","_kad_post_layout":"default","_kad_post_sidebar_id":"","_kad_post_content_style":"default","_kad_post_vertical_padding":"default","_kad_post_feature":"","_kad_post_feature_position":"","_kad_post_header":false,"_kad_post_footer":false,"_kad_post_classname":""},"product_brand":[],"product_cat":[15,28,24,17],"product_tag":[272,271,270],"class_list":{"0":"post-732","1":"product","2":"type-product","3":"status-publish","4":"has-post-thumbnail","6":"product_cat-red-light-therapy","7":"product_cat-customize","8":"product_cat-red-light-therapy-bed","9":"product_cat-services","10":"product_tag-custom-beauty-sponge-packaging-factory","11":"product_tag-custom-blender-packaging","12":"product_tag-makeup-beauty-packaging-boxes","14":"first","15":"instock","16":"shipping-taxable","17":"product-type-simple","18":"entry","19":"content-bg","20":"loop-entry"},"_links":{"self":[{"href":"https:\/\/red-lighttherapy.com\/pl\/wp-json\/wp\/v2\/product\/732","targetHints":{"allow":["GET"]}}],"collection":[{"href":"https:\/\/red-lighttherapy.com\/pl\/wp-json\/wp\/v2\/product"}],"about":[{"href":"https:\/\/red-lighttherapy.com\/pl\/wp-json\/wp\/v2\/types\/product"}],"wp:featuredmedia":[{"embeddable":true,"href":"https:\/\/red-lighttherapy.com\/pl\/wp-json\/wp\/v2\/media\/733"}],"wp:attachment":[{"href":"https:\/\/red-lighttherapy.com\/pl\/wp-json\/wp\/v2\/media?parent=732"}],"wp:term":[{"taxonomy":"product_brand","embeddable":true,"href":"https:\/\/red-lighttherapy.com\/pl\/wp-json\/wp\/v2\/product_brand?post=732"},{"taxonomy":"product_cat","embeddable":true,"href":"https:\/\/red-lighttherapy.com\/pl\/wp-json\/wp\/v2\/product_cat?post=732"},{"taxonomy":"product_tag","embeddable":true,"href":"https:\/\/red-lighttherapy.com\/pl\/wp-json\/wp\/v2\/product_tag?post=732"}],"curies":[{"name":"wp","href":"https:\/\/api.w.org\/{rel}","templated":true}]}}