{"id":725,"date":"2025-04-14T07:08:40","date_gmt":"2025-04-14T07:08:40","guid":{"rendered":"https:\/\/red-lighttherapy.com\/?post_type=product&#038;p=725"},"modified":"2025-04-14T07:22:23","modified_gmt":"2025-04-14T07:22:23","slug":"custom-skin-care-beauty-oil-folding-cartons-box-wholesale","status":"publish","type":"product","link":"https:\/\/red-lighttherapy.com\/pl\/custom-skin-care-beauty-oil-folding-cartons-box-wholesale\/","title":{"rendered":"Niestandardowy olejek do piel\u0119gnacji sk\u00f3ry Sk\u0142adane pude\u0142ka kartonowe Hurtownia"},"content":{"rendered":"<h2 id=\"customized-skin-care-beauty-oil-folding-carton-wholesale-product-description\">Indywidualny olej do piel\u0119gnacji sk\u00f3ry Sk\u0142adany karton hurtowy<\/h2>\n<h2 id=\"1-visual-aesthetics-platinum-minimalist-color-matching-strengthening-brand-tone-\">1.\u00a0<strong>Estetyka wizualna: Platynowe minimalistyczne dopasowanie kolor\u00f3w, wzmocnienie tonu marki<\/strong><\/h2>\n<ul>\n<li><strong>G\u0142\u00f3wny kolor<\/strong>: Korpus pude\u0142ka przyjmuje czysto bia\u0142e specjalne pod\u0142o\u017ce papierowe, z cz\u0119\u015bciow\u0105 technologi\u0105 t\u0142oczenia na gor\u0105co, poprzez kontrast metalicznego po\u0142ysku i matowej tekstury, przekazuje wysokiej klasy i czysty wizerunek marki. Elementy t\u0142oczone na gor\u0105co mog\u0105 by\u0107 stosowane do LOGO marki, linii geometrycznych lub abstrakcyjnych wzor\u00f3w w celu zwi\u0119kszenia hierarchii wizualnej i dotykowych punkt\u00f3w pami\u0119ci.<\/li>\n<li><strong>Wizualizacja okna<\/strong>: G\u00f3rna lub boczna cz\u0119\u015b\u0107 korpusu pude\u0142ka zosta\u0142a zaprojektowana z wydr\u0105\u017conym okienkiem, pokrytym przyjazn\u0105 dla \u015brodowiska przezroczyst\u0105 foli\u0105. U\u017cytkownicy mog\u0105 bezpo\u015brednio zobaczy\u0107 wewn\u0119trzn\u0105 butelk\u0119 olejku eterycznego lub zakraplacz bez otwierania pude\u0142ka, co zwi\u0119ksza atrakcyjno\u015b\u0107 ekspozycji na p\u00f3\u0142ce i spe\u0142nia wymagania konsument\u00f3w dotycz\u0105ce przejrzysto\u015bci produktu.<\/li>\n<\/ul>\n<h2 id=\"2-environmental-certification-fsc-sustainable-paper-practice-green-concept-\">2.\u00a0<strong>Certyfikacja \u015brodowiskowa: FSC Sustainable Paper, Practice Green Concept<\/strong><\/h2>\n<ul>\n<li>W pude\u0142ku zastosowano papier z certyfikatem FSC, aby zapewni\u0107, \u017ce surowce pochodz\u0105 z las\u00f3w zarz\u0105dzanych w spos\u00f3b zr\u00f3wnowa\u017cony, co spe\u0142nia normy \u015brodowiskowe UE i wymagania transgranicznych platform handlu elektronicznego dotycz\u0105ce ekologicznych opakowa\u0144.<\/li>\n<li>Wspieranie przyjaznego dla \u015brodowiska druku atramentowego i technologii lakierowania UV w celu zmniejszenia emisji LZO, co jest zgodne ze strategicznymi celami ESG marki.<\/li>\n<\/ul>\n<h2 id=\"3-technology-innovation-self-locking-folding-structure-efficient-cost-reduction-\">3.\u00a0<strong>Innowacja technologiczna: samoblokuj\u0105ca si\u0119 sk\u0142adana konstrukcja, wydajna redukcja koszt\u00f3w<\/strong><\/h2>\n<ul>\n<li><strong>Precyzyjna technologia wykrawania<\/strong>: Dzi\u0119ki wysoce precyzyjnemu projektowi linii bigowania (b\u0142\u0105d \u22641 mm), realizowana jest funkcja samoblokowania sk\u0142adanego korpusu pude\u0142ka. Dolna i g\u00f3rna pokrywa maj\u0105 konstrukcj\u0119 zatrzaskow\u0105, kt\u00f3r\u0105 mo\u017cna mocno uformowa\u0107 bez klejenia, zmniejszaj\u0105c koszty r\u0119cznego monta\u017cu i zanieczyszczenie klejem.<\/li>\n<li><strong>Mo\u017cliwo\u015b\u0107 szybkiego dostosowania prototyp\u00f3w<\/strong>: Obs\u0142uguje sk\u0142adanie wsadowe zautomatyzowanych linii produkcyjnych, z dzienn\u0105 wydajno\u015bci\u0105 do 50 000 000 sztuk, spe\u0142niaj\u0105c potrzeby szybkiej dostawy du\u017cych ilo\u015bci towar\u00f3w.<\/li>\n<\/ul>\n<h2 id=\"4-tactile-upgrade-combination-of-hot-stamping-technology-and-special-paper-\">4.\u00a0<strong>Ulepszenie dotykowe: Po\u0142\u0105czenie technologii t\u0142oczenia na gor\u0105co i specjalnego papieru<\/strong><\/h2>\n<ul>\n<li>Proces t\u0142oczenia na gor\u0105co powierzchni wykorzystuje elektrochemiczny materia\u0142 folii aluminiowej i tworzy efekt lustrzanego po\u0142ysku metalu poprzez wyt\u0142aczanie w wysokiej temperaturze, aby wzmocni\u0107 dotykowe warstwy opakowania. Lokalny proces wyt\u0142aczania UV lub wyt\u0142aczania mo\u017cna dostosowa\u0107, aby utworzy\u0107 matowy i jasny kontrast powierzchni z obszarem t\u0142oczenia na gor\u0105co, zwi\u0119kszaj\u0105c poczucie ceremonii podczas otwierania pude\u0142ka.<\/li>\n<\/ul>\n<h2 id=\"-production-and-customization-services-\"><strong>5. Us\u0142ugi produkcji i dostosowywania<\/strong><\/h2>\n<ul>\n<li><strong>Zalety fabryki \u017ar\u00f3de\u0142<\/strong>: 16 lat profesjonalnego do\u015bwiadczenia w produkcji opakowa\u0144, wyposa\u017conych w linie produkcyjne z pe\u0142nym \u0142a\u0144cuchem produkcyjnym, takie jak druk offsetowy, t\u0142oczenie na gor\u0105co, druk UV itp. Zapewniamy bezp\u0142atny proofing (konwencjonalna dostawa w ci\u0105gu 3 dni) i sugestie dotycz\u0105ce optymalizacji projektu, aby zapewni\u0107 wysok\u0105 zgodno\u015b\u0107 produktu z mark\u0105 VI.<\/li>\n<li><strong>Przewaga kosztowa<\/strong>: Zaopatrzenie na du\u017c\u0105 skal\u0119 w papier z certyfikatem FSC i zautomatyzowane procesy produkcyjne, przy minimalnej ilo\u015bci zam\u00f3wienia wynosz\u0105cej zaledwie 500 sztuk i cenie jednostkowej wynosz\u0105cej zaledwie $0,10 USD\/sztuk\u0119, co stanowi op\u0142acaln\u0105 opcj\u0119 dla ma\u0142ych i \u015brednich marek.<\/li>\n<li><strong>Us\u0142ugi o warto\u015bci dodanej<\/strong>: Obs\u0142uga transgranicznego eksportu dedykowanych dostaw, odporne na wilgo\u0107 i wstrz\u0105sy dostosowanie wewn\u0119trznej tacy (takiej jak taca na papier lub podszewka EVA) oraz drukowanie r\u0119czne w wielu j\u0119zykach.<\/li>\n<\/ul>\n<h2 id=\"-technical-parameters-\"><strong>6. Parametry techniczne<\/strong><\/h2>\n<table>\n<thead>\n<tr>\n<th>Projekt<\/th>\n<th>Specyfikacje<\/th>\n<\/tr>\n<\/thead>\n<tbody>\n<tr>\n<td>Materia\u0142<\/td>\n<td>Bia\u0142y karton z certyfikatem FSC\/podw\u00f3jny papier miedziany, szara tektura<\/td>\n<\/tr>\n<tr>\n<td>Proces<\/td>\n<td>T\u0142oczenie na gor\u0105co + druk UV + samoblokuj\u0105cy wykrojnik<\/td>\n<\/tr>\n<tr>\n<td>\u015arednica wewn\u0119trzna<\/td>\n<td>Mo\u017cliwo\u015b\u0107 dostosowania<\/td>\n<\/tr>\n<tr>\n<td>Cykl produkcyjny<\/td>\n<td>3 dni na proofing, 7-14 dni na wysy\u0142k\u0119 masow\u0105<\/td>\n<\/tr>\n<tr>\n<td>Minimalna ilo\u015b\u0107 zam\u00f3wienia<\/td>\n<td>500 sztuk (obs\u0142uga ma\u0142ych zam\u00f3wie\u0144 pr\u00f3bnych)<\/td>\n<\/tr>\n<tr>\n<td>Certyfikacja \u015brodowiskowa<\/td>\n<td>Podw\u00f3jna certyfikacja FSC-COC\/PEFC<\/td>\n<\/tr>\n<\/tbody>\n<\/table>\n<h2 id=\"-application-scenarios-\"><strong>Scenariusze zastosowa\u0144<\/strong><\/h2>\n<p>Ma zastosowanie do wysokiej klasy olejk\u00f3w eterycznych do piel\u0119gnacji sk\u00f3ry, perfum, esencji i innych kategorii, szeroko stosowanych w bezpo\u015bredniej dostawie e-commerce, ekspozycji offline i kombinacji zestaw\u00f3w upominkowych, pomagaj\u0105c markom kszta\u0142towa\u0107 lekki luksusowy wizerunek i przekazywa\u0107 propozycje warto\u015bci w zakresie ochrony \u015brodowiska.<\/p>","protected":false},"excerpt":{"rendered":"<p>To sk\u0142adane opakowanie kartonowe na olejek do piel\u0119gnacji sk\u00f3ry jest przeznaczone dla marek z wy\u017cszej p\u00f3\u0142ki. Wykorzystuje bia\u0142\u0105 podstaw\u0119 z minimalistyczn\u0105 kolorystyk\u0105 z\u0142otej folii, integruj\u0105c koncepcje ochrony \u015brodowiska i innowacyjn\u0105 technologi\u0119, aby stworzy\u0107 rozwi\u0105zanie opakowaniowe, kt\u00f3re \u0142\u0105czy luksusow\u0105 tekstur\u0119 i praktyczno\u015b\u0107. Wyprodukowany przez 16-letni\u0105 fabryk\u0119, opieraj\u0105c si\u0119 na dojrza\u0142ej technologii i zaletach produkcji na du\u017c\u0105 skal\u0119, zapewnia op\u0142acalne us\u0142ugi dostosowane do indywidualnych potrzeb, aby pom\u00f3c markom poprawi\u0107 ich konkurencyjno\u015b\u0107 na rynku.<\/p>","protected":false},"featured_media":727,"template":"","meta":{"_kad_post_transparent":"default","_kad_post_title":"","_kad_post_layout":"default","_kad_post_sidebar_id":"","_kad_post_content_style":"default","_kad_post_vertical_padding":"default","_kad_post_feature":"","_kad_post_feature_position":"","_kad_post_header":false,"_kad_post_footer":false,"_kad_post_classname":""},"product_brand":[],"product_cat":[15,28,24,17],"product_tag":[269,267,268],"class_list":{"0":"post-725","1":"product","2":"type-product","3":"status-publish","4":"has-post-thumbnail","6":"product_cat-red-light-therapy","7":"product_cat-customize","8":"product_cat-red-light-therapy-bed","9":"product_cat-services","10":"product_tag-custom-face-oil-boxes","11":"product_tag-custom-skin-care-cartons-box","12":"product_tag-custom-skincare-oil-boxes-wholesale","14":"first","15":"instock","16":"shipping-taxable","17":"product-type-simple","18":"entry","19":"content-bg","20":"loop-entry"},"_links":{"self":[{"href":"https:\/\/red-lighttherapy.com\/pl\/wp-json\/wp\/v2\/product\/725","targetHints":{"allow":["GET"]}}],"collection":[{"href":"https:\/\/red-lighttherapy.com\/pl\/wp-json\/wp\/v2\/product"}],"about":[{"href":"https:\/\/red-lighttherapy.com\/pl\/wp-json\/wp\/v2\/types\/product"}],"wp:featuredmedia":[{"embeddable":true,"href":"https:\/\/red-lighttherapy.com\/pl\/wp-json\/wp\/v2\/media\/727"}],"wp:attachment":[{"href":"https:\/\/red-lighttherapy.com\/pl\/wp-json\/wp\/v2\/media?parent=725"}],"wp:term":[{"taxonomy":"product_brand","embeddable":true,"href":"https:\/\/red-lighttherapy.com\/pl\/wp-json\/wp\/v2\/product_brand?post=725"},{"taxonomy":"product_cat","embeddable":true,"href":"https:\/\/red-lighttherapy.com\/pl\/wp-json\/wp\/v2\/product_cat?post=725"},{"taxonomy":"product_tag","embeddable":true,"href":"https:\/\/red-lighttherapy.com\/pl\/wp-json\/wp\/v2\/product_tag?post=725"}],"curies":[{"name":"wp","href":"https:\/\/api.w.org\/{rel}","templated":true}]}}