{"id":719,"date":"2025-04-14T06:56:26","date_gmt":"2025-04-14T06:56:26","guid":{"rendered":"https:\/\/red-lighttherapy.com\/?post_type=product&#038;p=719"},"modified":"2025-04-14T07:08:31","modified_gmt":"2025-04-14T07:08:31","slug":"luxury-custom-cosmetic-face-serum-cream-folding-mailer-box","status":"publish","type":"product","link":"https:\/\/red-lighttherapy.com\/pl\/luxury-custom-cosmetic-face-serum-cream-folding-mailer-box\/","title":{"rendered":"Luksusowe niestandardowe kosmetyczne serum do twarzy sk\u0142adane pude\u0142ko pocztowe"},"content":{"rendered":"<h2 id=\"product-description-of-luxury-customized-cosmetics-facial-essence-cream-folding-mailing-box\">Opis produktu Luksusowe, spersonalizowane kosmetyki do twarzy sk\u0142adane pude\u0142ko pocztowe<\/h2>\n<h2 id=\"-1-folding-airplane-box-structure-efficient-and-convenient-innovation-\"><strong>1. Sk\u0142adana struktura skrzynki pocztowej: wydajna i wygodna innowacja<\/strong><\/h2>\n<ol>\n<li><strong>Precyzyjny proces bigowania, szybki monta\u017c<\/strong> Pude\u0142ko do pakowania przyjmuje klasyczn\u0105 konstrukcj\u0119 sk\u0142adanego pude\u0142ka pocztowego, z wyra\u017anymi zagnieceniami wst\u0119pnie wyt\u0142oczonymi na kraw\u0119dzi, bez pomocy kleju lub narz\u0119dzi, i mo\u017ce zako\u0144czy\u0107 tr\u00f3jwymiarowe formowanie w ci\u0105gu 30 sekund. Unikalna konstrukcja typu lock zapewnia stabilno\u015b\u0107 korpusu pude\u0142ka, zapobiega przypadkowemu rozproszeniu podczas transportu i uwzgl\u0119dnia zar\u00f3wno ochron\u0119 \u015brodowiska, jak i wydajno\u015b\u0107.<\/li>\n<li><strong>Naukowy podzia\u0142 magazynu, elastyczna adaptacja<\/strong>\u00a0Przestrze\u0144 wewn\u0119trzn\u0105 mo\u017cna dostosowa\u0107 za pomoc\u0105 warstwowych przegr\u00f3d zgodnie z potrzebami klienta (takich jak niezale\u017cne otwory na butelki z kremem esencjonalnym, pude\u0142ka na rz\u0119sy lub p\u0119dzle do makija\u017cu), aby unikn\u0105\u0107 kolizji mi\u0119dzy produktami. Rozmiar obs\u0142uguje spersonalizowan\u0105 regulacj\u0119, minimum mo\u017cna dostosowa\u0107 do 10 cm \u00d7 5 cm (przeno\u015bny zestaw rz\u0119s), a maksimum mo\u017cna rozszerzy\u0107 do 30 cm \u00d7 20 cm (wielocz\u0119\u015bciowa kombinacja pude\u0142ek upominkowych), dostosowuj\u0105c si\u0119 do r\u00f3\u017cnych potrzeb sceny.<\/li>\n<\/ol>\n<h2 id=\"-second-luxurious-appearance-matte-black-and-gold-aesthetics-\"><strong>2. Luksusowy wygl\u0105d: matowa czer\u0144 i z\u0142ota estetyka<\/strong><\/h2>\n<ol>\n<li><strong>Teksturowana obr\u00f3bka powierzchni<\/strong>\u00a0W pude\u0142ku zastosowano czarny matowy karton o gramaturze 320 g, kt\u00f3ry jest delikatny jak aksamit i jest wyposa\u017cony w technologi\u0119 laminowania UV, kt\u00f3ra jest wodoodporna, przeciwporostowa i odporna na zu\u017cycie. Powierzchnia jest pokryta LOGO marki lub niestandardowym wzorem z technologi\u0105 t\u0142oczenia na gor\u0105co, a z\u0142ote linie pojawiaj\u0105 si\u0119 na matowym tle, tworz\u0105c stonowany i luksusowy efekt wizualny.<\/li>\n<li><strong>Ulepszenie logo marki<\/strong>\u00a0Mo\u017cna doda\u0107 technologi\u0119 reliefow\u0105 (tak\u0105 jak wkl\u0119s\u0142e i wypuk\u0142e wzory symuluj\u0105ce tekstur\u0119 sk\u00f3ry) lub osadzi\u0107 niewidoczne kody QR w po\u0142\u0105czeniu z technologi\u0105 AR, aby zwi\u0119kszy\u0107 poczucie interakcji i atrybuty technologiczne, co jest zgodne z d\u0105\u017ceniem do \"wci\u0105gaj\u0105cego do\u015bwiadczenia\" przez zaawansowanych u\u017cytkownik\u00f3w.<\/li>\n<\/ol>\n<h2 id=\"-three-double-protection-double-protection-of-materials-and-structure-\"><strong>3. Podw\u00f3jna ochrona: podw\u00f3jna ochrona materia\u0142\u00f3w i konstrukcji<\/strong><\/h2>\n<ol>\n<li><strong>Warstwa buforowa z naturalnego papieru falistego<\/strong>\u00a0Korpus pude\u0142ka wykonany jest z dwuwarstwowej tektury falistej typu AB (grubo\u015b\u0107 3 mm), a struktura plastra miodu mo\u017ce poch\u0142on\u0105\u0107 ponad 80% zewn\u0119trznej si\u0142y uderzenia. Nawet w przypadku gwa\u0142townego transportu, wewn\u0119trzny produkt mo\u017ce pozosta\u0107 nienaruszony. Materia\u0142 posiada certyfikat FSC i jest degradowalny w 100%, co jest zgodne z koncepcj\u0105 zr\u00f3wnowa\u017conego luksusu.<\/li>\n<li><strong>Technologia wzmocnienia naro\u017cnik\u00f3w<\/strong>\u00a0Naro\u017cniki s\u0105 wykonane w technologii dwuwarstwowego laminowania papieru, z wbudowanymi paskami antykompresyjnymi dla wzmocnienia, a no\u015bno\u015b\u0107 si\u0119ga 5 kg, co skutecznie zapobiega deformacji stosu. Paski g\u0105bki antywibracyjnej s\u0105 dodawane na po\u0142\u0105czeniach mi\u0119dzy pokryw\u0105 pude\u0142ka a korpusem pude\u0142ka, aby dodatkowo izolowa\u0107 wibracje i wilgo\u0107, odpowiednie do transgranicznego transportu na du\u017ce odleg\u0142o\u015bci.<\/li>\n<\/ol>\n<h2 id=\"-technical-parameters-\"><strong>Parametry techniczne<\/strong><\/h2>\n<table>\n<thead>\n<tr>\n<th>Projekt<\/th>\n<th>Specyfikacje<\/th>\n<\/tr>\n<\/thead>\n<tbody>\n<tr>\n<td>Materia\u0142<\/td>\n<td>Dwuwarstwowy papier falisty AB (z certyfikatem FSC)<\/td>\n<\/tr>\n<tr>\n<td>Technologia powierzchniowa<\/td>\n<td>Matowa pow\u0142oka UV + t\u0142oczenie na gor\u0105co \/ cz\u0119\u015bciowe wyt\u0142aczanie<\/td>\n<\/tr>\n<tr>\n<td>No\u015bno\u015b\u0107<\/td>\n<td>\u22645kg<\/td>\n<\/tr>\n<tr>\n<td>Certyfikacja \u015brodowiskowa<\/td>\n<td>SGS, REACH, RoHS<\/td>\n<\/tr>\n<tr>\n<td>Minimalna ilo\u015b\u0107 zam\u00f3wienia<\/td>\n<td>500 sztuk (dost\u0119pne r\u00f3\u017cne rozmiary)<\/td>\n<\/tr>\n<\/tbody>\n<\/table>\n<h2 id=\"-applicable-scenarios-\"><strong>Obowi\u0105zuj\u0105ce scenariusze<\/strong><\/h2>\n<ul>\n<li><strong>Specjalna dostawa luksusowych produkt\u00f3w do piel\u0119gnacji sk\u00f3ry<\/strong>takie jak krem z esencj\u0105, ampu\u0142ka i inne drogie produkty;<\/li>\n<li><strong>Limitowany zestaw upominkowy<\/strong>: po\u0142\u0105czenie r\u00f3\u017cnych kategorii (esencja + krem pod oczy + spersonalizowane narz\u0119dzia);<\/li>\n<li><strong>Us\u0142uga subskrypcji kosmetyk\u00f3w<\/strong>: spersonalizowane rozwi\u0105zania w zakresie piel\u0119gnacji sk\u00f3ry dostarczane co miesi\u0105c.<\/li>\n<\/ul>","protected":false},"excerpt":{"rendered":"<p>To sk\u0142adane pude\u0142ko pocztowe zosta\u0142o zaprojektowane specjalnie z my\u015bl\u0105 o wysokiej klasy spersonalizowanych kosmetykach. U jego podstaw le\u017cy \"minimalistyczna estetyka\" i \"naukowa ochrona\", doskonale \u0142\u0105cz\u0105c zmys\u0142 artystyczny z funkcjonalno\u015bci\u0105. Jego inspiracja projektowa wywodzi si\u0119 z globalnego trendu spersonalizowanych opakowa\u0144, w po\u0142\u0105czeniu z koncepcj\u0105 ochrony klasy lotniczej, aby zapewni\u0107 wszechstronn\u0105 ochron\u0119 wykwintnych produkt\u00f3w kosmetycznych, takich jak luksusowe produkty do piel\u0119gnacji sk\u00f3ry, kremy do twarzy, rz\u0119sy itp.<\/p>","protected":false},"featured_media":720,"template":"","meta":{"_kad_post_transparent":"default","_kad_post_title":"","_kad_post_layout":"default","_kad_post_sidebar_id":"","_kad_post_content_style":"default","_kad_post_vertical_padding":"default","_kad_post_feature":"","_kad_post_feature_position":"","_kad_post_header":false,"_kad_post_footer":false,"_kad_post_classname":""},"product_brand":[],"product_cat":[15,28,17],"product_tag":[186,265,266],"class_list":{"0":"post-719","1":"product","2":"type-product","3":"status-publish","4":"has-post-thumbnail","6":"product_cat-red-light-therapy","7":"product_cat-customize","8":"product_cat-services","9":"product_tag-cosmetic-boxes-supplies","10":"product_tag-custom-face-serum-folding-mailer-box","11":"product_tag-face-cream-mailer-boxes","13":"first","14":"instock","15":"shipping-taxable","16":"product-type-simple","17":"entry","18":"content-bg","19":"loop-entry"},"_links":{"self":[{"href":"https:\/\/red-lighttherapy.com\/pl\/wp-json\/wp\/v2\/product\/719","targetHints":{"allow":["GET"]}}],"collection":[{"href":"https:\/\/red-lighttherapy.com\/pl\/wp-json\/wp\/v2\/product"}],"about":[{"href":"https:\/\/red-lighttherapy.com\/pl\/wp-json\/wp\/v2\/types\/product"}],"wp:featuredmedia":[{"embeddable":true,"href":"https:\/\/red-lighttherapy.com\/pl\/wp-json\/wp\/v2\/media\/720"}],"wp:attachment":[{"href":"https:\/\/red-lighttherapy.com\/pl\/wp-json\/wp\/v2\/media?parent=719"}],"wp:term":[{"taxonomy":"product_brand","embeddable":true,"href":"https:\/\/red-lighttherapy.com\/pl\/wp-json\/wp\/v2\/product_brand?post=719"},{"taxonomy":"product_cat","embeddable":true,"href":"https:\/\/red-lighttherapy.com\/pl\/wp-json\/wp\/v2\/product_cat?post=719"},{"taxonomy":"product_tag","embeddable":true,"href":"https:\/\/red-lighttherapy.com\/pl\/wp-json\/wp\/v2\/product_tag?post=719"}],"curies":[{"name":"wp","href":"https:\/\/api.w.org\/{rel}","templated":true}]}}