{"id":714,"date":"2025-04-14T06:40:13","date_gmt":"2025-04-14T06:40:13","guid":{"rendered":"https:\/\/red-lighttherapy.com\/?post_type=product&#038;p=714"},"modified":"2025-04-14T06:56:17","modified_gmt":"2025-04-14T06:56:17","slug":"wholesale-underclothes-bikini-brief-sports-shorts-mailer-box","status":"publish","type":"product","link":"https:\/\/red-lighttherapy.com\/pl\/wholesale-underclothes-bikini-brief-sports-shorts-mailer-box\/","title":{"rendered":"Hurtownia bielizny Bikini Kr\u00f3tkie spodenki sportowe Pude\u0142ko pocztowe"},"content":{"rendered":"<h2 id=\"-1-visual-impact-classic-red-and-blue-contrast-design-\"><strong>1. Efekt wizualny: klasyczny kontrastowy wz\u00f3r w kolorze czerwonym i niebieskim<\/strong><\/h2>\n<p>Opakowanie wykorzystuje kontrastow\u0105 kombinacj\u0119 kolor\u00f3w czerwonego i ciemnoniebieskiego o wysokim stopniu sterylizacji, aby stworzy\u0107 silny wizualny efekt przeciwny. Czerwony jest symbolem entuzjazmu i witalno\u015bci marki, wyra\u017ca niebieski profesjonalizm i wiar\u0119, a w po\u0142\u0105czeniu z technologi\u0105 rozrywania mat, nie tylko pozwala unikn\u0105\u0107 tanich odblask\u00f3w, ale tak\u017ce zwi\u0119ksza stabilno\u015b\u0107 kolor\u00f3w. Ten projekt jest odpowiedni dla rynku odzie\u017cy sportowej, zwi\u0119kszaj\u0105c atrakcyjno\u015b\u0107 wydajno\u015bci p\u00f3\u0142ki, dok\u0142adnie wyra\u017ca m\u0142ode i wysokoenergetyczne odcienie marki.<\/p>\n<h2 id=\"-2-structural-innovation-embedded-opening-and-closing-airplane-box-shape-\"><strong>2. Innowacja strukturalna: wbudowane otwieranie i zamykanie skrzynki samolotu<\/strong><\/h2>\n<p>Korpus pude\u0142ka przyjmuje standardowy kszta\u0142t pude\u0142ka lotniczego, a rogi s\u0105 zaokr\u0105glone, aby unikn\u0105\u0107 ryzyka uszkodzenia spowodowanego tarciem podczas transportu. Pokrywa pude\u0142ka zosta\u0142a zaprojektowana jako wbudowana struktura otwieraj\u0105ca i zamykaj\u0105ca, a bezszwowe zamkni\u0119cie uzyskuje si\u0119 dzi\u0119ki precyzyjnemu wykrawaniu:<\/p>\n<ul>\n<li><strong>Uszczelnienie<\/strong>: Wbudowana klamra zapewnia \u015bcis\u0142e dopasowanie pokrywy pude\u0142ka, aby zapobiec przedostawaniu si\u0119 kurzu lub pary wodnej;<\/li>\n<li><strong>Wygoda<\/strong>: Do otwierania i zamykania nie s\u0105 wymagane \u017cadne narz\u0119dzia i mo\u017cna je \u0142atwo obs\u0142ugiwa\u0107 jedn\u0105 r\u0119k\u0105, co jest wygodne dla klient\u00f3w do szybkiej kontroli lub ponownego pakowania;<\/li>\n<li><strong>Trwa\u0142o\u015b\u0107<\/strong>: Kraw\u0119dzie i naro\u017cniki s\u0105 pogrubione i wzmocnione i mog\u0105 by\u0107 ponownie u\u017cyte 3-5 razy, zmniejszaj\u0105c koszty strat opakowania.<\/li>\n<\/ul>\n<h2 id=\"-3-material-science-lightweight-and-compression-resistance-\"><strong>3. Materia\u0142oznawstwo: Lekko\u015b\u0107 i odporno\u015b\u0107 na \u015bciskanie<\/strong><\/h2>\n<p>Korpus pude\u0142ka przyjmuje struktur\u0119 papieru falistego, papier powierzchniowy to papier siarczanowy o wysokiej wytrzyma\u0142o\u015bci 200 g, a papier rdzeniowy to ekologiczna masa celulozowa pochodz\u0105ca z recyklingu:<\/p>\n<ul>\n<li><strong>Test \u015bciskania<\/strong>: No\u015bno\u015b\u0107 statyczna wynosi do 50 kg, a dynamiczny test upadku przechodzi na wysoko\u015bci 1,2 m;<\/li>\n<li><strong>Certyfikacja \u015brodowiskowa<\/strong>: Materia\u0142 przeszed\u0142 certyfikacj\u0119 FSC i mo\u017ce by\u0107 poddany recyklingowi i degradacji, spe\u0142niaj\u0105c wymagania dotycz\u0105ce ekologicznych opakowa\u0144 w transgranicznym handlu elektronicznym.<\/li>\n<\/ul>\n<h2 id=\"-4-warehousing-optimization-expandable-flat-design-\"><strong>4. Optymalizacja magazynowania: p\u0142aska konstrukcja z mo\u017cliwo\u015bci\u0105 rozbudowy<\/strong><\/h2>\n<p>Pude\u0142ko do pakowania przyjmuje bezklejow\u0105 struktur\u0119 wtykow\u0105, kt\u00f3ra umo\u017cliwia pe\u0142n\u0105 ekspansj\u0119 do p\u0142askiej formy, a stopie\u0144 kompresji obj\u0119to\u015bci podczas transportu wynosi a\u017c 80%.<\/p>\n<ul>\n<li><strong>Scenariusz magazynowania<\/strong>: 1 metr sze\u015bcienny przestrzeni mo\u017ce pomie\u015bci\u0107 2000 p\u0142askich pude\u0142ek, oszcz\u0119dzaj\u0105c 60% przestrzeni magazynowej w por\u00f3wnaniu do pude\u0142ek tr\u00f3jwymiarowych;<\/li>\n<li><strong>Scenariusz transportu<\/strong>: Dostosowanie do standardowych palet logistycznych, obs\u0142uga oddzielnego pakowania i transportu produkt\u00f3w oraz redukcja koszt\u00f3w logistycznych;<\/li>\n<li><strong>Wydajno\u015b\u0107 monta\u017cu<\/strong>: Klient ko\u0144cowy mo\u017ce r\u0119cznie z\u0142o\u017cy\u0107 i ukszta\u0142towa\u0107 go w ci\u0105gu 10 sekund bez pomocy ta\u015bmy lub narz\u0119dzi.<\/li>\n<\/ul>\n<h2 id=\"-5-brand-empowerment-customized-logo-and-printing-process-\"><strong>5. Wzmocnienie marki: niestandardowe LOGO i proces drukowania<\/strong><\/h2>\n<p>Korpus pude\u0142ka ma zarezerwowany obszar nadruku UV o wysokim po\u0142ysku, kt\u00f3ry umo\u017cliwia spersonalizowane dostosowanie LOGO marki, sloganu lub kodu QR:<\/p>\n<ul>\n<li><strong>Wyb\u00f3r procesu<\/strong>Opcjonalne t\u0142oczenie na gor\u0105co, sitodruk, wyt\u0142aczanie i inne procesy, dostosowane do wymaga\u0144 tekstury wysokiej klasy marek bielizny;<\/li>\n<li><strong>Transmisja informacji<\/strong>: Kolumna z informacjami o produkcie znajduje si\u0119 z ty\u0142u i mo\u017cna na niej wydrukowa\u0107 tabel\u0119 rozmiar\u00f3w, instrukcje prania lub deklaracj\u0119 ochrony \u015brodowiska;<\/li>\n<li><strong>Funkcja zapobiegaj\u0105ca podrabianiu<\/strong>: Obs\u0142uga niewidocznego atramentu fluorescencyjnego lub laserowego znaku zapobiegaj\u0105cego podrabianiu w celu ochrony praw w\u0142asno\u015bci intelektualnej marki.<\/li>\n<\/ul>\n<h2 id=\"-6-flexible-customization-adapt-to-multiple-market-positioning-\"><strong>6. Elastyczna personalizacja: dostosowanie do r\u00f3\u017cnych pozycji rynkowych<\/strong><\/h2>\n<p>W przypadku r\u00f3\u017cnych linii produkt\u00f3w i strategii rynkowych zapewniamy pe\u0142en zakres us\u0142ug dostosowywania:<\/p>\n<ul>\n<li><strong>Wyb\u00f3r typu skrzynki<\/strong>podstawowe pude\u0142ko samolotowe, pude\u0142ko szufladowe, pude\u0142ko ekspozycyjne (przystosowane do przezroczystego opakowania bikini);<\/li>\n<li><strong>Ulepszenie materia\u0142\u00f3w<\/strong>Wysokiej klasy linia mo\u017ce wybra\u0107 papier z mikrofazy typu E (1,5 mm) lub doda\u0107 wodoodporn\u0105 pow\u0142ok\u0119;<\/li>\n<li><strong>Adaptacja druku<\/strong>:<\/li>\n<li><strong>Rynek masowy<\/strong>: Przyj\u0119to czterokolorowy druk CMYK, a koszt mo\u017cna kontrolowa\u0107;<\/li>\n<li><strong>Lekka luksusowa linia<\/strong>: Pantone spot color + lokalne UV, zwi\u0119kszaj\u0105 poziom wizualny;<\/li>\n<li><strong>Seria ochrony \u015brodowiska<\/strong>: Wykorzystanie atramentu sojowego do drukowania, co podkre\u015bla koncepcj\u0119 zr\u00f3wnowa\u017conego rozwoju.<\/li>\n<\/ul>\n<h2 id=\"-applicable-scenarios-and-market-value-\"><strong>Obowi\u0105zuj\u0105ce scenariusze i warto\u015b\u0107 rynkowa<\/strong><\/h2>\n<p>Ta seria pude\u0142ek do pakowania jest przeznaczona do sprzeda\u017cy hurtowej odzie\u017cy sportowej, bielizny i transgranicznego handlu elektronicznego:<\/p>\n<ul>\n<li><strong>Sprzeda\u017c bezpo\u015brednia marki<\/strong>: Lepsze wra\u017cenia klienta podczas rozpakowywania dzi\u0119ki wysoce rozpoznawalnemu opakowaniu i zwi\u0119kszenie wska\u017anika ponownych zakup\u00f3w;<\/li>\n<li><strong>Kana\u0142y dystrybucji<\/strong>: P\u0142aski transport obni\u017ca koszty po\u0142\u0105cze\u0144 po\u015brednich i dostosowuje si\u0119 do potrzeb agencji wielopoziomowych;<\/li>\n<li><strong>Rynki zagraniczne<\/strong>: Dzi\u0119ki odpornej na nacisk strukturze i lekkiej konstrukcji spe\u0142nia surowe standardy logistyki transgranicznej.<\/li>\n<\/ul>\n<p>Dzi\u0119ki g\u0142\u0119bokiej integracji naukowego projektu strukturalnego, przyjaznych dla \u015brodowiska materia\u0142\u00f3w i wizji marki, seria opakowa\u0144 \"Red and Blue Vitality\" stanie si\u0119 podw\u00f3jnym narz\u0119dziem do poprawy wydajno\u015bci \u0142a\u0144cucha dostaw i dostarczania warto\u015bci marki.<\/p>","protected":false},"excerpt":{"rendered":"<p>W odpowiedzi na potrzeby sprzeda\u017cy hurtowej i transportu lekkich produkt\u00f3w odzie\u017cowych, takich jak biustonosze sportowe, bikini, majtki i spodenki sportowe, wprowadzili\u015bmy na rynek nowo zaprojektowan\u0105 seri\u0119 specjalnych pude\u0142ek pocztowych \"Red and Blue Vitality\". Produkt ten jest funkcjonalny, integruj\u0105c estetyk\u0119 marki i koncepcje ochrony \u015brodowiska, pomagaj\u0105c poprawi\u0107 wizerunek marki i zoptymalizowa\u0107 wydajno\u015b\u0107 \u0142a\u0144cucha dostaw.<\/p>","protected":false},"featured_media":716,"template":"","meta":{"_kad_post_transparent":"default","_kad_post_title":"","_kad_post_layout":"default","_kad_post_sidebar_id":"","_kad_post_content_style":"default","_kad_post_vertical_padding":"default","_kad_post_feature":"","_kad_post_feature_position":"","_kad_post_header":false,"_kad_post_footer":false,"_kad_post_classname":""},"product_brand":[],"product_cat":[15,30,17],"product_tag":[263,264,262],"class_list":{"0":"post-714","1":"product","2":"type-product","3":"status-publish","4":"has-post-thumbnail","6":"product_cat-red-light-therapy","7":"product_cat-dropshipping","8":"product_cat-services","9":"product_tag-custom-sports-shorts-mailer-box","10":"product_tag-underclothes-packaging","11":"product_tag-wholesale-bikini-mailer-box","13":"first","14":"instock","15":"shipping-taxable","16":"product-type-simple","17":"entry","18":"content-bg","19":"loop-entry"},"_links":{"self":[{"href":"https:\/\/red-lighttherapy.com\/pl\/wp-json\/wp\/v2\/product\/714","targetHints":{"allow":["GET"]}}],"collection":[{"href":"https:\/\/red-lighttherapy.com\/pl\/wp-json\/wp\/v2\/product"}],"about":[{"href":"https:\/\/red-lighttherapy.com\/pl\/wp-json\/wp\/v2\/types\/product"}],"wp:featuredmedia":[{"embeddable":true,"href":"https:\/\/red-lighttherapy.com\/pl\/wp-json\/wp\/v2\/media\/716"}],"wp:attachment":[{"href":"https:\/\/red-lighttherapy.com\/pl\/wp-json\/wp\/v2\/media?parent=714"}],"wp:term":[{"taxonomy":"product_brand","embeddable":true,"href":"https:\/\/red-lighttherapy.com\/pl\/wp-json\/wp\/v2\/product_brand?post=714"},{"taxonomy":"product_cat","embeddable":true,"href":"https:\/\/red-lighttherapy.com\/pl\/wp-json\/wp\/v2\/product_cat?post=714"},{"taxonomy":"product_tag","embeddable":true,"href":"https:\/\/red-lighttherapy.com\/pl\/wp-json\/wp\/v2\/product_tag?post=714"}],"curies":[{"name":"wp","href":"https:\/\/api.w.org\/{rel}","templated":true}]}}