{"id":709,"date":"2025-04-14T06:16:33","date_gmt":"2025-04-14T06:16:33","guid":{"rendered":"https:\/\/red-lighttherapy.com\/?post_type=product&#038;p=709"},"modified":"2025-04-14T06:39:50","modified_gmt":"2025-04-14T06:39:50","slug":"factory-custom-apparel-shoe-sweater-bra-clothes-mailer-box","status":"publish","type":"product","link":"https:\/\/red-lighttherapy.com\/pl\/factory-custom-apparel-shoe-sweater-bra-clothes-mailer-box\/","title":{"rendered":"Fabrycznie niestandardowa odzie\u017c Buty Sweter Biustonosz Odzie\u017c Pude\u0142ko pocztowe"},"content":{"rendered":"<h2 id=\"-rainbow-gradient-series-clothing-transport-box-products-\">Fabrycznie niestandardowa odzie\u017c Buty Sweter Biustonosz Odzie\u017c Pude\u0142ko pocztowe<\/h2>\n<h2 id=\"-i-appearance-design-fusion-of-rainbow-gradient-aesthetics-and-brand-imprint-\"><strong>1. Projekt wygl\u0105du: po\u0142\u0105czenie estetyki gradientu t\u0119czy i nadruku marki<\/strong><\/h2>\n<ol>\n<li><strong>T\u0119czowe pude\u0142ko z gradientem<\/strong>\u00a0Korpus pude\u0142ka wykorzystuje wysoce precyzyjn\u0105 technologi\u0119 druku, aby stworzy\u0107 gradientowe przej\u015bcie kolor\u00f3w, kt\u00f3re naturalnie \u0142\u0105czy ciep\u0142e kolory z zimnymi, jak poranna po\u015bwiata barwi\u0105ca niebo. Gradientowy system kolor\u00f3w pasuje do preferencji estetycznych m\u0142odych grup konsument\u00f3w, przekazuje witalno\u015b\u0107, kreatywno\u015b\u0107 i mod\u0119 oraz tworzy wizualne echo z r\u00f3\u017cnorodnymi stylami odzie\u017cy, obuwia i innych produkt\u00f3w.<\/li>\n<li><strong>Dynamiczny projekt fuzji LOGO marki<\/strong>\u00a0Logo marki wykorzystuje proces \"optycznej zmiany koloru atramentu\". Kolor LOGO zmienia si\u0119 wraz z k\u0105tem padania \u015bwiat\u0142a i naturalnie \u0142\u0105czy si\u0119 z warstw\u0105 gradientu t\u0142a, podobnie jak \u015bwiat\u0142o, kt\u00f3re pojawia si\u0119 i znika w porannym \u015bwietle. Projekt ten prze\u0142amuje ograniczenia tradycyjnych monochromatycznych logo, wzmacnia wizualne warstwy i punkty pami\u0119ci oraz realizuje g\u0142\u0119bokie powi\u0105zanie symboli marki i estetyki opakowania.<\/li>\n<\/ol>\n<h2 id=\"-second-structural-optimization-efficient-assembly-and-durable-protection-\"><strong>2. Optymalizacja strukturalna: wydajny monta\u017c i trwa\u0142a ochrona<\/strong><\/h2>\n<ol>\n<li><strong>Szybko sk\u0142adana konstrukcja w kszta\u0142cie skrzyni samolotu<\/strong>\u00a0W oparciu o opatentowan\u0105 konstrukcj\u0119 zagi\u0119cia, korpus pude\u0142ka mo\u017cna z\u0142o\u017cy\u0107 poprzez z\u0142o\u017cenie wzd\u0142u\u017c wst\u0119pnie wyt\u0142oczonego znaku, bez kleju i narz\u0119dzi. Zmierzony czas monta\u017cu pojedynczego pude\u0142ka wynosi \u226415 sekund, co jest o 60% bardziej wydajne ni\u017c tradycyjne opakowania, znacznie zmniejszaj\u0105c koszty pracy i magazynowania.<\/li>\n<li><strong>Dwuwarstwowy system ochrony pude\u0142ka<\/strong><\/li>\n<li><strong>Pude\u0142ko zewn\u0119trzne<\/strong>: Powierzchnia jest pokryta poliuretanow\u0105 foli\u0105 odporn\u0105 na zu\u017cycie na bazie wody o grubo\u015bci 0,2 mm (proces przyjazny dla \u015brodowiska), o odporno\u015bci na zarysowania o twardo\u015bci 5H i klasie wodoodporno\u015bci IPX4, kt\u00f3ra mo\u017ce wytrzyma\u0107 tarcie i wilgotne \u015brodowisko w logistyce i transporcie.<\/li>\n<li><strong>Pude\u0142ko wewn\u0119trzne<\/strong>: Czysto bia\u0142a, twarda tekturowa wy\u015bci\u00f3\u0142ka o jako\u015bci spo\u017cywczej, bez zanieczyszcze\u0144 i zak\u0142\u00f3ce\u0144 r\u00f3\u017cnic kolorystycznych, skupiaj\u0105ca si\u0119 na korpusie produktu w momencie rozpakowywania. Do wewn\u0119trznej \u015bciany dodano struktur\u0119 buforow\u0105 o strukturze plastra miodu, o no\u015bno\u015bci 8 kg, kt\u00f3ra jest odpowiednia dla wymaga\u0144 odporno\u015bci na nacisk r\u00f3\u017cnych kategorii, takich jak swetry i buty.<\/li>\n<\/ol>\n<h2 id=\"-iii-environmental-qualification-and-production-guarantee-\"><strong>3. Kwalifikacje \u015brodowiskowe i gwarancja produkcji<\/strong><\/h2>\n<ol>\n<li><strong>Certyfikacja las\u00f3w FSC i zarz\u0105dzanie jako\u015bci\u0105 ISO<\/strong>\u00a0100% surowc\u00f3w z korpusu pude\u0142ka przesz\u0142o certyfikacj\u0119 \u0142a\u0144cucha nadzoru produkcji i sprzeda\u017cy FSC-COC, a farba drukarska jest zgodna z unijnymi normami ochrony \u015brodowiska REACH. Fabryka posiada certyfikaty systemu zarz\u0105dzania jako\u015bci\u0105 ISO 9001 i systemu zarz\u0105dzania \u015brodowiskowego ISO 14001. 16 lat do\u015bwiadczenia w produkcji gwarantuje, \u017ce tolerancja r\u00f3\u017cnicy kolor\u00f3w ka\u017cdej partii opakowa\u0144 wynosi \u22645%, a wska\u017anik terminowo\u015bci dostaw wynosi \u226598%.<\/li>\n<li><strong>Niestandardowe rozszerzenie us\u0142ugi<\/strong>\u00a0Obs\u0142uga spersonalizowanych opcji aktualizacji:<\/li>\n<li><strong>Rozszerzenie funkcji<\/strong>Wbudowana \u015bcianka dzia\u0142owa, haczyk na worek na kurz;<\/li>\n<li><strong>Aktualizacja procesu<\/strong>T\u0142oczona na gor\u0105co tekstura, magnetyczna struktura otwierania i zamykania;<\/li>\n<li><strong>Dostosowanie rozmiaru<\/strong>: Zapewnia bibliotek\u0119 ponad 20 standardowych rozmiar\u00f3w, obs\u0142uguje niestandardowe dostosowywanie (b\u0142\u0105d \u00b11 mm).<\/li>\n<\/ol>\n<h2 id=\"-fourth-application-scenarios-and-value-empowerment-\"><strong>4. Scenariusze zastosowa\u0144 i wzmocnienie warto\u015bci<\/strong><\/h2>\n<p>Ta seria opakowa\u0144 jest odpowiednia dla lekkich luksusowych i szybkich marek modowych, takich jak odzie\u017c, bielizna, buty, swetry itp:<\/p>\n<ul>\n<li><strong>E-commerce direct mail<\/strong>: Wygl\u0105d t\u0119czowego gradientu zwi\u0119ksza wska\u017anik rozpakowywania w mediach spo\u0142eczno\u015bciowych;<\/li>\n<li><strong>Wy\u015bwietlacz sklepu<\/strong>: Ujednolicony system wizualny marki wzmacnia wizerunek terminala;<\/li>\n<li><strong>Ograniczony co-branding<\/strong>: Dynamiczny projekt LOGO dostosowuje si\u0119 do potrzeb transgranicznej wsp\u00f3\u0142pracy IP.<\/li>\n<\/ul>","protected":false},"excerpt":{"rendered":"<p>Pude\u0142ko typu mailer mo\u017cna szybko z\u0142o\u017cy\u0107 i zmontowa\u0107, po prostu wykonuj\u0105c zagniecenia, oszcz\u0119dzaj\u0105c koszty transportu i przechowywania. Korpus pude\u0142ka przyjmuje t\u0119czowy gradient kolor\u00f3w, aby zaprezentowa\u0107 modny i \u017cywy efekt wizualny, kt\u00f3ry jest zgodny z kreatywnym pozycjonowaniem. Pow\u0142oka powierzchniowa ma w\u0142a\u015bciwo\u015bci odporne na zu\u017cycie i wilgo\u0107, co jest odpowiednie do transportu i ochrony produkt\u00f3w odzie\u017cowych.<\/p>","protected":false},"featured_media":710,"template":"","meta":{"_kad_post_transparent":"default","_kad_post_title":"","_kad_post_layout":"default","_kad_post_sidebar_id":"","_kad_post_content_style":"default","_kad_post_vertical_padding":"default","_kad_post_feature":"","_kad_post_feature_position":"","_kad_post_header":false,"_kad_post_footer":false,"_kad_post_classname":""},"product_brand":[],"product_cat":[15,30,17],"product_tag":[259,260,261],"class_list":{"0":"post-709","1":"product","2":"type-product","3":"status-publish","4":"has-post-thumbnail","6":"product_cat-red-light-therapy","7":"product_cat-dropshipping","8":"product_cat-services","9":"product_tag-custom-apparel-clothes-mailer-box","10":"product_tag-mailer-box-for-shoe","11":"product_tag-sweater-bra-packaging-boxes","13":"first","14":"instock","15":"shipping-taxable","16":"product-type-simple","17":"entry","18":"content-bg","19":"loop-entry"},"_links":{"self":[{"href":"https:\/\/red-lighttherapy.com\/pl\/wp-json\/wp\/v2\/product\/709","targetHints":{"allow":["GET"]}}],"collection":[{"href":"https:\/\/red-lighttherapy.com\/pl\/wp-json\/wp\/v2\/product"}],"about":[{"href":"https:\/\/red-lighttherapy.com\/pl\/wp-json\/wp\/v2\/types\/product"}],"wp:featuredmedia":[{"embeddable":true,"href":"https:\/\/red-lighttherapy.com\/pl\/wp-json\/wp\/v2\/media\/710"}],"wp:attachment":[{"href":"https:\/\/red-lighttherapy.com\/pl\/wp-json\/wp\/v2\/media?parent=709"}],"wp:term":[{"taxonomy":"product_brand","embeddable":true,"href":"https:\/\/red-lighttherapy.com\/pl\/wp-json\/wp\/v2\/product_brand?post=709"},{"taxonomy":"product_cat","embeddable":true,"href":"https:\/\/red-lighttherapy.com\/pl\/wp-json\/wp\/v2\/product_cat?post=709"},{"taxonomy":"product_tag","embeddable":true,"href":"https:\/\/red-lighttherapy.com\/pl\/wp-json\/wp\/v2\/product_tag?post=709"}],"curies":[{"name":"wp","href":"https:\/\/api.w.org\/{rel}","templated":true}]}}