{"id":704,"date":"2025-04-14T06:06:17","date_gmt":"2025-04-14T06:06:17","guid":{"rendered":"https:\/\/red-lighttherapy.com\/?post_type=product&#038;p=704"},"modified":"2025-04-14T06:16:05","modified_gmt":"2025-04-14T06:16:05","slug":"supplier-custom-luxury-mailer-packaging-for-champagne-wine","status":"publish","type":"product","link":"https:\/\/red-lighttherapy.com\/pl\/supplier-custom-luxury-mailer-packaging-for-champagne-wine\/","title":{"rendered":"Dostawca niestandardowych luksusowych opakowa\u0144 pocztowych na wino szampa\u0144skie"},"content":{"rendered":"<h2 id=\"-customized-luxury-mailing-packaging-solution-for-champagne-\"><strong>Dostosowane do potrzeb klienta luksusowe opakowanie wysy\u0142kowe na szampana<\/strong><\/h2>\n<h2 id=\"-1-structured-padding-system-the-perfect-balance-of-precise-protection-and-surprise-when-unboxing-\"><strong>1. Strukturalny system wy\u015bci\u00f3\u0142ki: idealna r\u00f3wnowaga mi\u0119dzy precyzyjn\u0105 ochron\u0105 a niespodziank\u0105 podczas rozpakowywania<\/strong><\/h2>\n<p>Opatentowana sk\u0142adana struktura falistej ok\u0142adziny s\u0142u\u017cy do precyzyjnego mocowania butelki poprzez wielowymiarowe wsparcie mechaniczne:<\/p>\n<ul>\n<li><strong>Tr\u00f3jwymiarowa konstrukcja blokady<\/strong>: Szczelina o strukturze plastra miodu jest dostosowana do krzywizny butelki szampana, w po\u0142\u0105czeniu z g\u00f3rnym urz\u0105dzeniem podtrzymuj\u0105cym \u0142uk, aby zapewni\u0107 pionow\u0105 stabilno\u015b\u0107 butelki i nie ma ryzyka przemieszczenia, nawet je\u015bli jest odwr\u00f3cona lub gwa\u0142townie wstrz\u0105\u015bni\u0119ta.<\/li>\n<li><strong>Podw\u00f3jna warstwa buforowa<\/strong>: W podszewce zastosowano tektur\u0119 kompozytow\u0105 z fletem E i fletem B (o regulowanej grubo\u015bci 1,5-2,5 mm), kt\u00f3ra poch\u0142ania energi\u0119 uderzenia dzi\u0119ki warstwie po\u015bredniej o strukturze plastra miodu. Testy laboratoryjne wykaza\u0142y, \u017ce jest ona w stanie wytrzyma\u0107 upadek z wysoko\u015bci 1,2 metra (zgodnie ze standardami ISTA 3A).<\/li>\n<li><strong>Rytua\u0142 rozpakowywania<\/strong>: Minimalistyczna konstrukcja sk\u0142adanego otworu pozwala u\u017cytkownikom na roz\u0142o\u017cenie podszewki poprzez lekkie poci\u0105gni\u0119cie bocznej wst\u0105\u017cki. Butelka unosi si\u0119 naturalnie dzi\u0119ki grawitacji i jest pokryta p\u00f3\u0142przezroczystym papierem siarkowym, aby stworzy\u0107 wizualn\u0105 niespodziank\u0119 \"p\u0142ywaj\u0105cego wy\u015bwietlacza\".<\/li>\n<\/ul>\n<h2 id=\"-second-smart-airplane-box-structure-3-second-molding-efficiency-revolution-\"><strong>2. Inteligentna struktura skrzynki samolotu: 3-sekundowe formowanie, rewolucja wydajno\u015bci<\/strong><\/h2>\n<p>Bezklejowy system sk\u0142adania oparty na zasadzie czterotaktowego mechanizmu \u0142\u0105cz\u0105cego podwa\u017ca tradycyjny proces pakowania:<\/p>\n<ul>\n<li><strong>Monta\u017c bez u\u017cycia narz\u0119dzi<\/strong>: Wst\u0119pnie naci\u0119ta tektura falista mo\u017ce by\u0107 automatycznie formowana przez naci\u015bni\u0119cie dolnej blokady, a czas monta\u017cu pojedynczego pude\u0142ka wynosi \u22645 sekund, co zwi\u0119ksza wydajno\u015b\u0107 o 300%.<\/li>\n<li><strong>Kompatybilno\u015b\u0107 modu\u0142owa<\/strong>: Obs\u0142uguje specyfikacje od pojedynczej butelki do 6 butelek (wysoko\u015b\u0107 adaptacyjna 20-50 cm), a boczne skrzyd\u0142a korpusu skrzynki maj\u0105 wbudowane klamry magnetyczne, kt\u00f3re s\u0105 wzmocnione i \u0142atwe do otwierania i zamykania w celu ponownej kontroli.<\/li>\n<li><strong>Globalna logistyka przyjazna dla u\u017cytkownika<\/strong>: Grubo\u015b\u0107 po z\u0142o\u017ceniu wynosi tylko 3 cm, co zmniejsza zajmowan\u0105 przestrze\u0144 magazynow\u0105 i transportow\u0105, a \u0142adowno\u015b\u0107 kontenera jednostkowego zwi\u0119ksza si\u0119 o 40%.<\/li>\n<\/ul>\n<h2 id=\"-third-environmental-protection-performance-and-artistic-details-a-comprehensive-upgrade-from-function-to-aesthetics-\"><strong>3. Wydajno\u015b\u0107 w zakresie ochrony \u015brodowiska i artystyczne detale: kompleksowa modernizacja od funkcji do estetyki<\/strong><\/h2>\n<ol>\n<li><strong>Materia\u0142y przyjazne dla \u015brodowiska<\/strong>:<\/li>\n<li>Papier falisty 100% nadaj\u0105cy si\u0119 do recyklingu z certyfikatem FSC, pow\u0142oka na bazie wody jest odporna na wilgo\u0107 i nacisk.<\/li>\n<li>\u015alad w\u0119glowy jest o 62% ni\u017cszy ni\u017c w przypadku tradycyjnych opakowa\u0144 piankowych, co spe\u0142nia wymogi unijnych przepis\u00f3w EPR.<\/li>\n<li><strong>Projekt artystyczny<\/strong>:<\/li>\n<li><strong>Dolne jajko<\/strong>: Laserowe grawerowanie abstrakcyjnej sylwetki czarnego kota tworzy narracyjne powi\u0105zanie i wzmacnia pami\u0119\u0107 marki.<\/li>\n<li><strong>Minimalistyczny j\u0119zyk wizualny<\/strong>: Matowy czarny i z\u0142oty kolor g\u0142\u00f3wny z cz\u0119\u015bciowym procesem t\u0142oczenia na gor\u0105co, zewn\u0119trzne pude\u0142ko zachowuje tylko LOGO marki i kod QR identyfikowalno\u015bci winnicy, interpretuj\u0105c niski luksus.<\/li>\n<\/ol>\n<h2 id=\"-fourth-full-link-customization-service-a-one-stop-solution-from-design-to-delivery-\"><strong>4. Pe\u0142na us\u0142uga dostosowywania: kompleksowe rozwi\u0105zanie od projektu do dostawy<\/strong><\/h2>\n<ol>\n<li><strong>G\u0142\u0119bokie opcje dostosowywania<\/strong>:<\/li>\n<li><strong>Dostosowanie typu butelki<\/strong>: Obs\u0142uguje dopasowanie bazy danych ponad 20 specjalnych typ\u00f3w butelek, takich jak standardowe butelki szampana, butelki r\u00f3\u017cowe z w\u0105skim otworem, du\u017ce butelki Magnum itp.<\/li>\n<li><strong>Implantacja marki<\/strong>: Zapewnia t\u0142oczenie na gor\u0105co, sitodruk, wyt\u0142aczanie i inne wieloprocesowe dostosowywanie LOGO oraz obs\u0142uguje dopasowywanie kolor\u00f3w dodatkowych Pantone.<\/li>\n<li><strong>Rozszerzenie funkcji<\/strong>: Opcjonalne inteligentne modu\u0142y, takie jak etykiety wykrywaj\u0105ce temperatur\u0119 i chipy NFC zapobiegaj\u0105ce podrabianiu, mog\u0105 zaspokoi\u0107 potrzeby klient\u00f3w z wy\u017cszej p\u00f3\u0142ki.<\/li>\n<li><strong>Profesjonalne wsparcie handlu zagranicznego<\/strong>:<\/li>\n<li><strong>Globalna certyfikacja zgodno\u015bci<\/strong>: Przeszed\u0142 testy REACH i FDA dotycz\u0105ce materia\u0142\u00f3w przeznaczonych do kontaktu z \u017cywno\u015bci\u0105 i obs\u0142uguje warunki handlowe, takie jak DDP\/DAP.<\/li>\n<li><strong>Zwinny \u0142a\u0144cuch dostaw<\/strong>: Baza produkcyjna w Chinach Guangdong, 48-godzinna reakcja na proofing, minimalna ilo\u015b\u0107 zam\u00f3wienia 500 sztuk, wsparcie transgranicznej wysy\u0142ki e-commerce.<\/li>\n<\/ol>","protected":false},"excerpt":{"rendered":"<p>Opakowanie typu mailer box nie wymaga kleju i mo\u017cna je uformowa\u0107 w kilka sekund, co znacznie poprawia wydajno\u015b\u0107 pakowania. Strukturalna wy\u015bci\u00f3\u0142ka wewn\u0105trz pude\u0142ka dok\u0142adnie mocuje butelk\u0119 wina, zapewniaj\u0105c bezpiecze\u0144stwo transportu. Prosta konstrukcja mo\u017ce doda\u0107 poczucie zaskoczenia do opakowania butelki wina po jego otwarciu. Dno pude\u0142ka jest sprytnie ozdobione abstrakcyjnym czarnym wzorem sylwetki kociaka, kt\u00f3ry tworzy ciekawe echo z nazw\u0105 produktu.<\/p>","protected":false},"featured_media":705,"template":"","meta":{"_kad_post_transparent":"default","_kad_post_title":"","_kad_post_layout":"default","_kad_post_sidebar_id":"","_kad_post_content_style":"default","_kad_post_vertical_padding":"default","_kad_post_feature":"","_kad_post_feature_position":"","_kad_post_header":false,"_kad_post_footer":false,"_kad_post_classname":""},"product_brand":[],"product_cat":[15,17],"product_tag":[256,257,258],"class_list":{"0":"post-704","1":"product","2":"type-product","3":"status-publish","4":"has-post-thumbnail","6":"product_cat-red-light-therapy","7":"product_cat-services","8":"product_tag-custom-champagne-packaging","9":"product_tag-luxury-wine-mailer-packaging","10":"product_tag-supplier-custom-champagne-wine-packaging","12":"first","13":"instock","14":"shipping-taxable","15":"product-type-simple","16":"entry","17":"content-bg","18":"loop-entry"},"_links":{"self":[{"href":"https:\/\/red-lighttherapy.com\/pl\/wp-json\/wp\/v2\/product\/704","targetHints":{"allow":["GET"]}}],"collection":[{"href":"https:\/\/red-lighttherapy.com\/pl\/wp-json\/wp\/v2\/product"}],"about":[{"href":"https:\/\/red-lighttherapy.com\/pl\/wp-json\/wp\/v2\/types\/product"}],"wp:featuredmedia":[{"embeddable":true,"href":"https:\/\/red-lighttherapy.com\/pl\/wp-json\/wp\/v2\/media\/705"}],"wp:attachment":[{"href":"https:\/\/red-lighttherapy.com\/pl\/wp-json\/wp\/v2\/media?parent=704"}],"wp:term":[{"taxonomy":"product_brand","embeddable":true,"href":"https:\/\/red-lighttherapy.com\/pl\/wp-json\/wp\/v2\/product_brand?post=704"},{"taxonomy":"product_cat","embeddable":true,"href":"https:\/\/red-lighttherapy.com\/pl\/wp-json\/wp\/v2\/product_cat?post=704"},{"taxonomy":"product_tag","embeddable":true,"href":"https:\/\/red-lighttherapy.com\/pl\/wp-json\/wp\/v2\/product_tag?post=704"}],"curies":[{"name":"wp","href":"https:\/\/api.w.org\/{rel}","templated":true}]}}