{"id":698,"date":"2025-04-14T05:57:18","date_gmt":"2025-04-14T05:57:18","guid":{"rendered":"https:\/\/red-lighttherapy.com\/?post_type=product&#038;p=698"},"modified":"2025-04-14T06:06:07","modified_gmt":"2025-04-14T06:06:07","slug":"hot-selling-mailer-baseball-hat-shipping-boxes-suppliers","status":"publish","type":"product","link":"https:\/\/red-lighttherapy.com\/pl\/hot-selling-mailer-baseball-hat-shipping-boxes-suppliers\/","title":{"rendered":"Gor\u0105ca sprzeda\u017c Mailer Baseball Hat Pude\u0142ka wysy\u0142kowe Dostawcy"},"content":{"rendered":"<h2 id=\"-macaron-color-baseball-cap-transport-box-product-description-\"><strong>Macaron Color Gor\u0105co sprzedaj\u0105ca si\u0119 Mailer Czapka z daszkiem Pude\u0142ko wysy\u0142kowe Opis produktu<\/strong><\/h2>\n<h2 id=\"-1-macaron-color-visual-aesthetics-\"><strong>1. Estetyka wizualna kolor\u00f3w Macaron<\/strong><\/h2>\n<p>Korpus skrzynki jest mi\u0119kki\u00a0<strong>jasnozielony (mi\u0119towy)<\/strong>\u00a0oraz\u00a0<strong>jasnoniebieski (niebieski sodowy)<\/strong>\u00a0jako g\u0142\u00f3wne kolory, inspirowane natur\u0105 i oceanem, aby zapewni\u0107 od\u015bwie\u017caj\u0105ce i eleganckie wra\u017cenia wizualne. Dopasowanie kolor\u00f3w nawi\u0105zuje do mi\u0119dzynarodowych trend\u00f3w, a konstrukcja o niskim nasyceniu pozwala unikn\u0105\u0107 zm\u0119czenia wzroku, co jest odpowiednie dla sportu, rekreacji, konsumpcji kobiet i innych marek.<\/p>\n<h2 id=\"-2-single-material-environmentally-friendly-structure-\"><strong>2. Jednomateria\u0142owa konstrukcja przyjazna dla \u015brodowiska<\/strong><\/h2>\n<p>Korzystanie z\u00a0<strong>100% tektura falista nadaj\u0105ca si\u0119 do recyklingu<\/strong>\u00a0(model fletu A\/B\/E),\u00a0<strong>Ca\u0142y proces kompozytu poliolefinowego<\/strong>\u00a0Osi\u0105ga struktur\u0119 pojedynczego materia\u0142u, unikaj\u0105c problem\u00f3w z recyklingiem i sortowaniem powodowanych przez tradycyjne materia\u0142y kompozytowe (takie jak folia aluminiowa, PET). Konstrukcja ta spe\u0142nia unijne standardy gospodarki o obiegu zamkni\u0119tym i mo\u017ce by\u0107 bezpo\u015brednio wprowadzona do strumienia recyklingu papieru, zmniejszaj\u0105c emisj\u0119 dwutlenku w\u0119gla i marnotrawstwo zasob\u00f3w.<\/p>\n<h2 id=\"-3-interesting-lining-and-minimalist-appearance-\"><strong>3. Ciekawa podszewka i minimalistyczny wygl\u0105d<\/strong><\/h2>\n<ul>\n<li><strong>Pude\u0142ko zewn\u0119trzne<\/strong>: Minimalistyczna matowa powierzchnia z dwustronnie nadrukowanym logo marki, bez zb\u0119dnych dekoracji, podkre\u015blaj\u0105ca koncepcj\u0119 ochrony \u015brodowiska.<\/li>\n<li><strong>Wewn\u0119trzna podszewka<\/strong>: Dostosowane\u00a0<strong>Kolorowe kropki\/wzory geometryczne<\/strong>\u00a0(opcjonalnie w kontrastuj\u0105cych kolorach pomara\u0144czowym, r\u00f3\u017cowym i \u017c\u00f3\u0142tym), wydrukowany przyjaznym dla \u015brodowiska atramentem na bazie wody, tworz\u0105c wizualn\u0105 niespodziank\u0119 w momencie rozpakowywania, zwi\u0119kszaj\u0105c interaktywne wra\u017cenia konsumenta.<\/li>\n<\/ul>\n<h2 id=\"-4-double-sided-printing-and-efficient-use-of-paper-\"><strong>4. Drukowanie dwustronne i efektywne wykorzystanie papieru<\/strong><\/h2>\n<p>Drukowanie dwustronne jest mo\u017cliwe dzi\u0119ki\u00a0<strong>Druk offsetowy CMYK + technologia druku fleksograficznego<\/strong>Wz\u00f3r warstwy wewn\u0119trznej i informacje o marce warstwy zewn\u0119trznej s\u0105 prezentowane jednocze\u015bnie, a wska\u017anik wykorzystania papieru jest zwi\u0119kszony o 30%. Proces drukowania jest zgodny ze standardami certyfikacji las\u00f3w FSC, a atrament przeszed\u0142 test RoHS na brak metali ci\u0119\u017ckich, aby zapewni\u0107 bezpiecze\u0144stwo i ochron\u0119 \u015brodowiska.<\/p>\n<h2 id=\"-5-foldable-reusable-opening-and-closing-structure-\"><strong>5. Sk\u0142adana konstrukcja otwierania i zamykania wielokrotnego u\u017cytku<\/strong><\/h2>\n<ul>\n<li><strong>Konstrukcja otwierania i zamykania<\/strong>: Pokrywa pude\u0142ka przyjmuje\u00a0<strong>wbudowana klamra + pasek magnetyczny<\/strong>kt\u00f3ry nie wymaga mocowania ta\u015bm\u0105 i mo\u017ce by\u0107 wielokrotnie demontowany i montowany ponad 10 razy, co jest odpowiednie do przechowywania przez konsument\u00f3w, wr\u0119czania prezent\u00f3w i innych potrzeb zwi\u0105zanych z wielokrotnym u\u017cyciem.<\/li>\n<li><strong>Odporno\u015b\u0107 na \u015bciskanie<\/strong>: Korpus pude\u0142ka mo\u017ce wytrzyma\u0107 obci\u0105\u017cenie do 15 kg, a naro\u017cniki s\u0105 wzmocnione, aby unikn\u0105\u0107 wyt\u0142aczania i deformacji podczas transportu, co jest odpowiednie dla mi\u0119dzynarodowych standard\u00f3w przesy\u0142ek ekspresowych.<\/li>\n<\/ul>\n<h2 id=\"-6-waterproof-material-and-multi-functional-adaptation-\"><strong>6. Wodoodporny materia\u0142 i wielofunkcyjna adaptacja<\/strong><\/h2>\n<ul>\n<li><strong>Obr\u00f3bka wodoodporna<\/strong>: Powierzchnia kartonu jest pokryta\u00a0<strong>folia b\u0142yszcz\u0105ca\/lakier matowy<\/strong>kt\u00f3ra osi\u0105ga stopie\u0144 odporno\u015bci na zachlapanie IPX4, mo\u017ce wytrzyma\u0107 kr\u00f3tkotrwa\u0142y deszcz lub wilgotne \u015brodowisko i doskonale nadaje si\u0119 do stroj\u00f3w k\u0105pielowych, obuwia sportowego i innych kategorii.<\/li>\n<li><strong>Elastyczny rozmiar<\/strong>: Obs\u0142uga dostosowywania (standardowy rozmiar odniesienia 38,9 \u00d7 27,8 \u00d7 10,2 cm), mi\u0119dzywarstw\u0119 EVA lub okno PCV mo\u017cna zainstalowa\u0107 wewn\u0105trz, aby zaspokoi\u0107 potrzeby transportu mieszanego wielu kategorii.<\/li>\n<\/ul>\n<h2 id=\"-technical-parameters-and-certification-\"><strong>Parametry techniczne i certyfikacja<\/strong><\/h2>\n<table>\n<thead>\n<tr>\n<th>Atrybuty<\/th>\n<th>Szczeg\u00f3\u0142y parametr\u00f3w<\/th>\n<\/tr>\n<\/thead>\n<tbody>\n<tr>\n<td><strong>Materia\u0142<\/strong><\/td>\n<td>Papier falisty o wysokiej wytrzyma\u0142o\u015bci (fala typu C, ilo\u015b\u0107 300 g\/\u33a1)<\/td>\n<\/tr>\n<tr>\n<td><strong>Proces drukowania<\/strong><\/td>\n<td>Dwustronny druk offsetowy + kolor dodatkowy Pantone, opcjonalne t\u0142oczenie\/efekt lokalny UV<\/td>\n<\/tr>\n<tr>\n<td><strong>Certyfikacja \u015brodowiskowa<\/strong><\/td>\n<td>FSC, ISO14021, RoHS, REACH<\/td>\n<\/tr>\n<tr>\n<td><strong>Minimalna ilo\u015b\u0107 zam\u00f3wienia<\/strong><\/td>\n<td>500 sztuk (obs\u0142uga dostosowywania pr\u00f3bek, dostawa w ci\u0105gu 7 dni roboczych)<\/td>\n<\/tr>\n<\/tbody>\n<\/table>","protected":false},"excerpt":{"rendered":"<p>Pude\u0142ko transportowe na czapk\u0119 z daszkiem zosta\u0142o zaprojektowane z my\u015bl\u0105 o lekkich produktach luksusowych, takich jak odzie\u017c sportowa, stroje k\u0105pielowe, buty i czapki. \u0141\u0105czy w sobie koncepcje ochrony \u015brodowiska i estetyczn\u0105 kreatywno\u015b\u0107, ze \u015bwie\u017cymi kolorami macaron, materia\u0142ami nadaj\u0105cymi si\u0119 do recyklingu i humanizowan\u0105 struktur\u0105 jako g\u0142\u00f3wnymi punktami sprzeda\u017cy, bior\u0105c pod uwag\u0119 praktyczno\u015b\u0107 i zr\u00f3wnowa\u017cony rozw\u00f3j, pomagaj\u0105c marce przekaza\u0107 ekologiczne i modne podej\u015bcie.<\/p>","protected":false},"featured_media":699,"template":"","meta":{"_kad_post_transparent":"default","_kad_post_title":"","_kad_post_layout":"default","_kad_post_sidebar_id":"","_kad_post_content_style":"default","_kad_post_vertical_padding":"default","_kad_post_feature":"","_kad_post_feature_position":"","_kad_post_header":false,"_kad_post_footer":false,"_kad_post_classname":""},"product_brand":[],"product_cat":[15,30,17],"product_tag":[255,253,254],"class_list":{"0":"post-698","1":"product","2":"type-product","3":"status-publish","4":"has-post-thumbnail","6":"product_cat-red-light-therapy","7":"product_cat-dropshipping","8":"product_cat-services","9":"product_tag-baseball-hat-boxes-suppliers","10":"product_tag-baseball-hat-shipping-boxes","11":"product_tag-hot-selling-hat-shipping-boxes","13":"first","14":"instock","15":"shipping-taxable","16":"product-type-simple","17":"entry","18":"content-bg","19":"loop-entry"},"_links":{"self":[{"href":"https:\/\/red-lighttherapy.com\/pl\/wp-json\/wp\/v2\/product\/698","targetHints":{"allow":["GET"]}}],"collection":[{"href":"https:\/\/red-lighttherapy.com\/pl\/wp-json\/wp\/v2\/product"}],"about":[{"href":"https:\/\/red-lighttherapy.com\/pl\/wp-json\/wp\/v2\/types\/product"}],"wp:featuredmedia":[{"embeddable":true,"href":"https:\/\/red-lighttherapy.com\/pl\/wp-json\/wp\/v2\/media\/699"}],"wp:attachment":[{"href":"https:\/\/red-lighttherapy.com\/pl\/wp-json\/wp\/v2\/media?parent=698"}],"wp:term":[{"taxonomy":"product_brand","embeddable":true,"href":"https:\/\/red-lighttherapy.com\/pl\/wp-json\/wp\/v2\/product_brand?post=698"},{"taxonomy":"product_cat","embeddable":true,"href":"https:\/\/red-lighttherapy.com\/pl\/wp-json\/wp\/v2\/product_cat?post=698"},{"taxonomy":"product_tag","embeddable":true,"href":"https:\/\/red-lighttherapy.com\/pl\/wp-json\/wp\/v2\/product_tag?post=698"}],"curies":[{"name":"wp","href":"https:\/\/api.w.org\/{rel}","templated":true}]}}