{"id":693,"date":"2025-04-14T05:47:06","date_gmt":"2025-04-14T05:47:06","guid":{"rendered":"https:\/\/red-lighttherapy.com\/?post_type=product&#038;p=693"},"modified":"2025-04-14T05:56:47","modified_gmt":"2025-04-14T05:56:47","slug":"order-custom-cosmetic-skin-care-box-beauty-packaging-factory","status":"publish","type":"product","link":"https:\/\/red-lighttherapy.com\/pl\/order-custom-cosmetic-skin-care-box-beauty-packaging-factory\/","title":{"rendered":"Zam\u00f3w niestandardowe kosmetyczne pude\u0142ko do piel\u0119gnacji sk\u00f3ry Fabryka opakowa\u0144 kosmetycznych"},"content":{"rendered":"<h2 id=\"-product-description-of-customized-skin-care-gift-box-series-\"><strong>Opis produktu zam\u00f3wienia Niestandardowe kosmetyczne pude\u0142ko do piel\u0119gnacji sk\u00f3ry Fabryka opakowa\u0144 kosmetycznych<\/strong><\/h2>\n<h2 id=\"-i-environmental-protection-and-quality-are-equally-important-defining-a-new-standard-of-luxury-\"><strong>1. Ochrona \u015brodowiska i jako\u015b\u0107 s\u0105 r\u00f3wnie wa\u017cne, definiuj\u0105c nowy standard luksusu.<\/strong><\/h2>\n<p>To pude\u0142ko upominkowe wykorzystuje przyjazny dla \u015brodowiska twardy papier z certyfikatem FSC, a surowce pochodz\u0105 z las\u00f3w zarz\u0105dzanych w spos\u00f3b zr\u00f3wnowa\u017cony, bior\u0105c pod uwag\u0119 zar\u00f3wno odpowiedzialno\u015b\u0107 ekologiczn\u0105, jak i doskona\u0142\u0105 wydajno\u015b\u0107. Karton jest wzmocniony wielowarstwowym procesem kompozytowym, a wytrzyma\u0142o\u015b\u0107 na \u015bciskanie jest zwi\u0119kszona przez 40%. Mo\u017ce wytrzyma\u0107 si\u0142\u0119 zewn\u0119trzn\u0105 ponad 5 kg podczas transportu, zapewniaj\u0105c brak uszkodze\u0144 zawarto\u015bci. Struktura pude\u0142ka wykorzystuje technologi\u0119 papierowego rdzenia o strukturze plastra miodu, a amortyzacja jest wzmocniona przez sze\u015bciok\u0105tne tr\u00f3jwymiarowe podparcie. Dzi\u0119ki ramie z p\u0142yty pil\u015bniowej \u015bredniej g\u0119sto\u015bci o wysokiej g\u0119sto\u015bci, osi\u0105ga idealn\u0105 r\u00f3wnowag\u0119 mi\u0119dzy \"lekko\u015bci\u0105\" i \"wytrzyma\u0142o\u015bci\u0105\", zapewniaj\u0105c ochron\u0119 na poziomie fortecy dla produkt\u00f3w do piel\u0119gnacji sk\u00f3ry.<\/p>\n<h2 id=\"-ii-the-integration-of-color-aesthetics-and-minimalist-design-\"><strong>2. Integracja estetyki kolor\u00f3w i minimalistycznego wzornictwa<\/strong><\/h2>\n<p>W wygl\u0105dzie pude\u0142ka prezentowego zastosowano gradientowe r\u00f3\u017cowe i pomara\u0144czowe odcienie makaronu, oparte na corocznym popularnym kolorze Pantone, i prezentuj\u0105ce naturalne przej\u015bcie od \u015bwitu do zmierzchu dzi\u0119ki technologii cyfrowego druku gradientowego. Powierzchnia jest pokryta matow\u0105 warstw\u0105 folii spo\u017cywczej, kt\u00f3ra jest delikatna jak aksamit, skutecznie odporna na zarysowania i eliminuje pozosta\u0142o\u015bci odcisk\u00f3w palc\u00f3w, a tak\u017ce zachowuje wizualn\u0105 czysto\u015b\u0107 przez d\u0142ugi czas. Pokrywa jest otwierana i zamykana za pomoc\u0105 kombinacji magnetycznej klamry i zawiasu wolnoopadaj\u0105cego. Automatycznie unosi si\u0119, gdy k\u0105t otwarcia osi\u0105gnie 110\u00b0. Wbudowane lusterko i produkt mo\u017cna stabilnie wy\u015bwietla\u0107 jedn\u0105 r\u0119k\u0105, co \u0142\u0105czy w sobie rytua\u0142 i wygod\u0119.<\/p>\n<h2 id=\"-three-modular-lining-system-unlocking-multiple-scenarios-\"><strong>3. Modu\u0142owy system ok\u0142adzin, odblokowuj\u0105cy wiele scenariuszy<\/strong><\/h2>\n<p>Innowacyjna dwuwarstwowa wymienna konstrukcja wy\u015bci\u00f3\u0142ki, z g\u0105bk\u0105 flokowan\u0105 EVA jako materia\u0142em bazowym, obs\u0142uguje trzy schematy adaptacji:<\/p>\n<ol>\n<li><strong>Obszar kombinacji wielu butelek<\/strong>: niestandardowy podzia\u0142 plastra miodu, precyzyjne mocowanie butelek i puszek o specyfikacji 30-100 ml, przemieszczenie antykolizyjne;<\/li>\n<li><strong>Obszar wy\u015bwietlania pojedynczego produktu<\/strong>: zdejmowane przegrody mog\u0105 swobodnie regulowa\u0107 przestrze\u0144, dostosowuj\u0105c si\u0119 do opakowa\u0144 o specjalnym kszta\u0142cie, takich jak maseczki do twarzy i esencje;<\/li>\n<li><strong>Warstwa przechowywania narz\u0119dzi<\/strong>Dodaj silikonowe kieszonki na karty, aby stabilnie przechowywa\u0107 metalowe przyrz\u0105dy kosmetyczne lub szklane zakraplacze. Wy\u015bci\u00f3\u0142ka jest po\u0142\u0105czona z korpusem pude\u0142ka za pomoc\u0105 szczeliny i mo\u017cna j\u0105 wymieni\u0107 w ci\u0105gu 3 sekund, spe\u0142niaj\u0105c potrzeby wielu scenariuszy, takich jak prezenty \u015bwi\u0105teczne, zestawy podr\u00f3\u017cne i testy nowych produkt\u00f3w.<\/li>\n<\/ol>\n<h2 id=\"-fourth-details-empower-the-experience-craftsmanship-runs-through-the-whole-process-\"><strong>4. Szczeg\u00f3\u0142y wzmacniaj\u0105 do\u015bwiadczenie, kunszt przebiega przez ca\u0142y proces<\/strong><\/h2>\n<ul>\n<li><strong>Przyjazny dla \u015brodowiska \u0142a\u0144cuch proces\u00f3w<\/strong>: Od drukowania atramentem na bazie wody po bezklejowe formowanie na gor\u0105co, w ca\u0142ym procesie u\u017cywane jest tworzywo sztuczne 0, a SGS uzyska\u0142 certyfikat biodegradowalno\u015bci;<\/li>\n<li><strong>Humanizowana interakcja<\/strong>: Pokrywa pude\u0142ka ma wbudowany wa\u0142ek t\u0142umi\u0105cy, kt\u00f3ry otwiera si\u0119 i zamyka cicho i z r\u00f3wnomiern\u0105 si\u0142\u0105, unikaj\u0105c nag\u0142ego uczucia tradycyjnych pude\u0142ek spr\u0119\u017cynowych;<\/li>\n<li><strong>Rozszerzenie warto\u015bci marki<\/strong>: Obs\u0142uguje laserow\u0105 personalizacj\u0119 LOGO, opcjonalne t\u0142oczenie na gor\u0105co, wyt\u0142aczanie lub technologi\u0119 wyt\u0142aczania UV w celu zwi\u0119kszenia rozpoznawalno\u015bci marki.<\/li>\n<\/ul>\n<h2 id=\"-technical-parameters-\"><strong>Parametry techniczne<\/strong><\/h2>\n<table>\n<thead>\n<tr>\n<th>Projekt<\/th>\n<th>Specyfikacje<\/th>\n<\/tr>\n<\/thead>\n<tbody>\n<tr>\n<td>Materia\u0142<\/td>\n<td>Tektura mieszana z certyfikatem FSC (grubo\u015b\u0107 2,5 mm)<\/td>\n<\/tr>\n<tr>\n<td>Technologia powierzchniowa<\/td>\n<td>Matowa laminacja spo\u017cywcza (odporno\u015b\u0107 na temperatur\u0119 -20 \u2103 ~ 80 \u2103)<\/td>\n<\/tr>\n<tr>\n<td>No\u015bno\u015b\u0107<\/td>\n<td>Statyczna odporno\u015b\u0107 na \u015bciskanie w transporcie 5kg\/dynamiczna odporno\u015b\u0107 na \u015bciskanie 8G<\/td>\n<\/tr>\n<tr>\n<td>Kompatybilno\u015b\u0107 podszewki<\/td>\n<td>Obs\u0142uga 3 typ\u00f3w modu\u0142\u00f3w\/pojedynczych \u0142adunk\u00f3w do 12 sztuk<\/td>\n<\/tr>\n<tr>\n<td>Minimalna ilo\u015b\u0107 zam\u00f3wienia<\/td>\n<td>500 zestaw\u00f3w (obs\u0142uga proofingu ma\u0142ych partii)<\/td>\n<\/tr>\n<\/tbody>\n<\/table>","protected":false},"excerpt":{"rendered":"<p>Jest to pude\u0142ko pocztowe przeznaczone do wysokiej klasy produkt\u00f3w do piel\u0119gnacji sk\u00f3ry. Wykonane jest z twardego, przyjaznego dla \u015brodowiska papieru. Korpus pude\u0142ka ma gradientowy r\u00f3\u017cowo-pomara\u0144czowy kolor, kt\u00f3ry jest zgodny z estetycznym trendem nowoczesnej mody. Wykorzystuje przyjazny dla \u015brodowiska papier z certyfikatem FSC o mocnej strukturze kompresyjnej.<\/p>","protected":false},"featured_media":694,"template":"","meta":{"_kad_post_transparent":"default","_kad_post_title":"","_kad_post_layout":"default","_kad_post_sidebar_id":"","_kad_post_content_style":"default","_kad_post_vertical_padding":"default","_kad_post_feature":"","_kad_post_feature_position":"","_kad_post_header":false,"_kad_post_footer":false,"_kad_post_classname":""},"product_brand":[],"product_cat":[15,28,17],"product_tag":[252,250,251],"class_list":{"0":"post-693","1":"product","2":"type-product","3":"status-publish","4":"has-post-thumbnail","6":"product_cat-red-light-therapy","7":"product_cat-customize","8":"product_cat-services","9":"product_tag-beauty-packaging-factory","10":"product_tag-cosmetic-packaging-factory","11":"product_tag-custom-skin-care-box","13":"first","14":"instock","15":"shipping-taxable","16":"product-type-simple","17":"entry","18":"content-bg","19":"loop-entry"},"_links":{"self":[{"href":"https:\/\/red-lighttherapy.com\/pl\/wp-json\/wp\/v2\/product\/693","targetHints":{"allow":["GET"]}}],"collection":[{"href":"https:\/\/red-lighttherapy.com\/pl\/wp-json\/wp\/v2\/product"}],"about":[{"href":"https:\/\/red-lighttherapy.com\/pl\/wp-json\/wp\/v2\/types\/product"}],"wp:featuredmedia":[{"embeddable":true,"href":"https:\/\/red-lighttherapy.com\/pl\/wp-json\/wp\/v2\/media\/694"}],"wp:attachment":[{"href":"https:\/\/red-lighttherapy.com\/pl\/wp-json\/wp\/v2\/media?parent=693"}],"wp:term":[{"taxonomy":"product_brand","embeddable":true,"href":"https:\/\/red-lighttherapy.com\/pl\/wp-json\/wp\/v2\/product_brand?post=693"},{"taxonomy":"product_cat","embeddable":true,"href":"https:\/\/red-lighttherapy.com\/pl\/wp-json\/wp\/v2\/product_cat?post=693"},{"taxonomy":"product_tag","embeddable":true,"href":"https:\/\/red-lighttherapy.com\/pl\/wp-json\/wp\/v2\/product_tag?post=693"}],"curies":[{"name":"wp","href":"https:\/\/api.w.org\/{rel}","templated":true}]}}