{"id":688,"date":"2025-04-14T05:37:12","date_gmt":"2025-04-14T05:37:12","guid":{"rendered":"https:\/\/red-lighttherapy.com\/?post_type=product&#038;p=688"},"modified":"2025-04-20T06:02:45","modified_gmt":"2025-04-20T06:02:45","slug":"custom-chocolate-cookie-candy-mailer-box-manufacturer","status":"publish","type":"product","link":"https:\/\/red-lighttherapy.com\/pl\/custom-chocolate-cookie-candy-mailer-box-manufacturer\/","title":{"rendered":"Producent niestandardowych pude\u0142ek pocztowych z czekoladowymi ciasteczkami"},"content":{"rendered":"<h2 id=\"-1-visual-impact-design-the-vibrant-collision-of-red-white-and-blue-with-the-lollipop-pattern-\"><strong>1. Efekt wizualny: \u017cywe zderzenie czerwieni, bieli i b\u0142\u0119kitu ze wzorem lizaka<\/strong><\/h2>\n<ul>\n<li><strong>J\u0119zyk kolor\u00f3w<\/strong>: Czerwony, bia\u0142y i niebieski to g\u0142\u00f3wne kolory. Czerwony symbolizuje pasj\u0119 i s\u0142odycz, bia\u0142y oddaje czysto\u015b\u0107 i wra\u017cenie wysokiej klasy, a niebieski dodaje nowoczesnej witalno\u015bci. Tr\u00f3jkolorowa kombinacja tworzy silny kontrast wizualny, przyci\u0105gaj\u0105c uwag\u0119 konsument\u00f3w od pierwszego wejrzenia.<\/li>\n<li><strong>Kreatywno\u015b\u0107 wzor\u00f3w<\/strong>: Powierzchnia pude\u0142ka przyjmuje tr\u00f3jwymiarowy wz\u00f3r lizaka, a krystaliczna tekstura cukierk\u00f3w jest prezentowana za pomoc\u0105 precyzyjnej technologii czterokolorowego druku, z efektem gradientowego po\u0142ysku, kt\u00f3ry wzmacnia \"pyszne skojarzenie\" produktu i stymuluje apetyt konsument\u00f3w i ch\u0119\u0107 zakupu.<\/li>\n<\/ul>\n<h2 id=\"-2-convenient-and-practical-airplane-box-structure-fast-packaging-and-display-integration-\"><strong>2. Wygodna i praktyczna struktura pude\u0142ka samolotu: szybkie pakowanie i integracja wy\u015bwietlacza<\/strong><\/h2>\n<ul>\n<li><strong>Konstrukcja otwierania i zamykania<\/strong>: Opatentowana konstrukcja pude\u0142ka lotniczego wymaga jedynie z\u0142o\u017cenia wzd\u0142u\u017c wst\u0119pnie ustawionego zagi\u0119cia, aby zako\u0144czy\u0107 pakowanie. Nie jest wymagany klej ani narz\u0119dzia. Monta\u017c mo\u017cna zako\u0144czy\u0107 w ci\u0105gu 10 sekund, co znacznie poprawia wydajno\u015b\u0107 pakowania.<\/li>\n<li><strong>Przyjazny dla wy\u015bwietlacza<\/strong>: Pokryw\u0119 pude\u0142ka mo\u017cna otworzy\u0107 o 180\u00b0 na p\u0142asko, z wbudowanym przezroczystym okienkiem lub ca\u0142kowicie otwart\u0105 pokryw\u0105, co jest wygodne do intuicyjnego wy\u015bwietlania zawarto\u015bci podczas ekspozycji towar\u00f3w. Nadaje si\u0119 do p\u00f3\u0142ek w supermarketach, transmisji na \u017cywo w handlu elektronicznym i innych scen.<\/li>\n<\/ul>\n<h2 id=\"-3-high-end-materials-and-craftsmanship-white-cardboard-enhances-product-premium-perception-\"><strong>3. Wysokiej jako\u015bci materia\u0142y i wykonanie: Bia\u0142y karton zwi\u0119ksza postrzeganie produktu jako premium<\/strong><\/h2>\n<ul>\n<li><strong>Zalety materia\u0142owe<\/strong>: Wyselekcjonowana bia\u0142a tektura spo\u017cywcza (waga powy\u017cej 350 g), o g\u0142adkiej i delikatnej powierzchni, du\u017cej odporno\u015bci na nacisk, przesz\u0142a testy i certyfikacj\u0119 SGS, aby zapewni\u0107 bezpiecze\u0144stwo w bezpo\u015brednim kontakcie z \u017cywno\u015bci\u0105.<\/li>\n<li><strong>Proces drukowania<\/strong>: Przyjazny dla \u015brodowiska atrament na bazie wody + lokalny proces UV, wz\u00f3r jest pe\u0142en kolor\u00f3w i odporny na zu\u017cycie, a tak\u017ce obs\u0142uguje niestandardowe procesy, takie jak t\u0142oczenie na gor\u0105co i wyt\u0142aczanie, aby poprawi\u0107 to\u017csamo\u015b\u0107 marki i tekstur\u0119.<\/li>\n<\/ul>\n<h2 id=\"-4-minimalist-inner-box-design-make-the-product-the-focus-\"><strong>4. Minimalistyczny design pude\u0142ka wewn\u0119trznego: Niech produkt b\u0119dzie w centrum uwagi<\/strong><\/h2>\n<ul>\n<li><strong>Podszewka bez nadruku<\/strong>: Pude\u0142ko przyjmuje czysto bia\u0142y, niezadrukowany wz\u00f3r, aby unikn\u0105\u0107 zak\u0142\u00f3ce\u0144 wizualnych, dzi\u0119ki czemu kolor i kszta\u0142t produkt\u00f3w, takich jak czekolada i ciasteczka, wyr\u00f3\u017cniaj\u0105 si\u0119, co jest zgodne z estetyczn\u0105 koncepcj\u0105 \"mniej znaczy wi\u0119cej\" dla wysokiej klasy prezent\u00f3w.<\/li>\n<li><strong>Struktura bufora<\/strong>: Wewn\u0119trzne tace z EVA lub tektury falistej mo\u017cna dostosowa\u0107 w celu dok\u0142adnego pozycjonowania i mocowania produkt\u00f3w, aby zapobiec wstrz\u0105som i uszkodzeniom podczas transportu, zachowuj\u0105c jednocze\u015bnie poczucie ceremonii rozpakowywania.<\/li>\n<\/ul>\n<h2 id=\"-5-all-round-customization-service-flexible-adaptation-to-diverse-needs-\"><strong>5. Wszechstronna us\u0142uga dostosowywania: elastyczne dostosowanie do r\u00f3\u017cnych potrzeb<\/strong><\/h2>\n<ul>\n<li><strong>Dostosowanie typu skrzynki<\/strong>Obs\u0142uguje ponad 20 typ\u00f3w pude\u0142ek, takich jak pude\u0142ka samolotowe, pude\u0142ka z szufladami, pude\u0142ka w kszta\u0142cie ksi\u0105\u017cki itp., o rozmiarach od 5 cm\u00b3 do 50 cm\u00b3, spe\u0142niaj\u0105c potrzeby pakowania od mini cukierk\u00f3w po wielowarstwowe ciasta.<\/li>\n<li><strong>Model dog\u0142\u0119bnej wsp\u00f3\u0142pracy<\/strong>Bezp\u0142atna us\u0142uga proofingu projektu, ekskluzywna obs\u0142uga klienta 1 na 1 reaguje w ci\u0105gu 48 godzin, od implantacji LOGO, uk\u0142adu graficznego po ulepszenie materia\u0142u, wszystkie korekty s\u0105 dokonywane na \u017c\u0105danie, aby zapewni\u0107, \u017ce opakowanie jest wysoce sp\u00f3jne z tonem marki.<\/li>\n<\/ul>\n<h2 id=\"-6-source-factory-advantage-dual-guarantee-of-quality-and-cost-\"><strong>6. Przewaga fabryki \u017ar\u00f3d\u0142owej: podw\u00f3jna gwarancja jako\u015bci i koszt\u00f3w<\/strong><\/h2>\n<ul>\n<li><strong>16 lat do\u015bwiadczenia<\/strong>Opieraj\u0105c si\u0119 na dojrza\u0142ym \u0142a\u0144cuchu dostaw i zautomatyzowanej linii produkcyjnej, mo\u017ce osi\u0105gn\u0105\u0107 72-godzinn\u0105 ultraszybk\u0105 wysy\u0142k\u0119, przy \u015bredniej dziennej zdolno\u015bci produkcyjnej wynosz\u0105cej 1 milion sztuk, wspieraj\u0105c ma\u0142e zam\u00f3wienia pr\u00f3bne i stabilne dostawy du\u017cych partii.<\/li>\n<li><strong>Przewaga cenowa<\/strong>Bezpo\u015brednia dostawa fabryczna bez po\u015brednik\u00f3w, cena podobnej jako\u015bci jest 30% ni\u017csza ni\u017c na rynku, przy minimalnym zam\u00f3wieniu 500 sztuk i wielopoziomowym rabacie dla du\u017cych ilo\u015bci.<\/li>\n<li><strong>Zobowi\u0105zanie do kontroli jako\u015bci<\/strong>: Przeszed\u0142 certyfikacj\u0119 systemu zarz\u0105dzania jako\u015bci\u0105 ISO9001, ka\u017cda partia produkt\u00f3w przechodzi 12 test\u00f3w, takich jak odporno\u015b\u0107 na \u015bciskanie, odporno\u015b\u0107 na wilgo\u0107, r\u00f3\u017cnica kolor\u00f3w itp. w celu zapewnienia kwalifikowanej dostawy 100%.<\/li>\n<\/ul>","protected":false},"excerpt":{"rendered":"<p>Jako chi\u0144ska fabryka z 16-letnim do\u015bwiadczeniem w dziedzinie opakowa\u0144 do \u017cywno\u015bci, koncentrujemy si\u0119 na dostarczaniu niestandardowych rozwi\u0105za\u0144 opakowaniowych, kt\u00f3re \u0142\u0105cz\u0105 estetyk\u0119 i funkcjonalno\u015b\u0107 czekolady, ciastek, cukierk\u00f3w, ciast i innych s\u0142odyczy.<\/p>","protected":false},"featured_media":692,"template":"","meta":{"_kad_post_transparent":"default","_kad_post_title":"","_kad_post_layout":"default","_kad_post_sidebar_id":"","_kad_post_content_style":"default","_kad_post_vertical_padding":"default","_kad_post_feature":"","_kad_post_feature_position":"","_kad_post_header":false,"_kad_post_footer":false,"_kad_post_classname":""},"product_brand":[],"product_cat":[15,17],"product_tag":[248,249,247],"class_list":{"0":"post-688","1":"product","2":"type-product","3":"status-publish","4":"has-post-thumbnail","6":"product_cat-red-light-therapy","7":"product_cat-services","8":"product_tag-cookie-box-manufacturer","9":"product_tag-custom-candy-mailer-box","10":"product_tag-custom-chocolate-mailer-box","12":"first","13":"instock","14":"shipping-taxable","15":"product-type-simple","16":"entry","17":"content-bg","18":"loop-entry"},"_links":{"self":[{"href":"https:\/\/red-lighttherapy.com\/pl\/wp-json\/wp\/v2\/product\/688","targetHints":{"allow":["GET"]}}],"collection":[{"href":"https:\/\/red-lighttherapy.com\/pl\/wp-json\/wp\/v2\/product"}],"about":[{"href":"https:\/\/red-lighttherapy.com\/pl\/wp-json\/wp\/v2\/types\/product"}],"wp:featuredmedia":[{"embeddable":true,"href":"https:\/\/red-lighttherapy.com\/pl\/wp-json\/wp\/v2\/media\/692"}],"wp:attachment":[{"href":"https:\/\/red-lighttherapy.com\/pl\/wp-json\/wp\/v2\/media?parent=688"}],"wp:term":[{"taxonomy":"product_brand","embeddable":true,"href":"https:\/\/red-lighttherapy.com\/pl\/wp-json\/wp\/v2\/product_brand?post=688"},{"taxonomy":"product_cat","embeddable":true,"href":"https:\/\/red-lighttherapy.com\/pl\/wp-json\/wp\/v2\/product_cat?post=688"},{"taxonomy":"product_tag","embeddable":true,"href":"https:\/\/red-lighttherapy.com\/pl\/wp-json\/wp\/v2\/product_tag?post=688"}],"curies":[{"name":"wp","href":"https:\/\/api.w.org\/{rel}","templated":true}]}}