{"id":683,"date":"2025-04-14T05:19:50","date_gmt":"2025-04-14T05:19:50","guid":{"rendered":"https:\/\/red-lighttherapy.com\/?post_type=product&#038;p=683"},"modified":"2025-04-14T05:48:46","modified_gmt":"2025-04-14T05:48:46","slug":"custom-printed-face-cream-skincare-packaging-box-factory","status":"publish","type":"product","link":"https:\/\/red-lighttherapy.com\/pl\/custom-printed-face-cream-skincare-packaging-box-factory\/","title":{"rendered":"Niestandardowy drukowany krem do twarzy Fabryka opakowa\u0144 do piel\u0119gnacji sk\u00f3ry"},"content":{"rendered":"<h2 id=\"1-blue-and-orange-contrast-and-animal-pattern-fusion-\">1.\u00a0<strong>Niebieski i pomara\u0144czowy kontrast oraz po\u0142\u0105czenie wzor\u00f3w zwierz\u0119cych<\/strong><\/h2>\n<p>Wykorzystuj\u0105c kombinacj\u0119 niebieskich i pomara\u0144czowych kolor\u00f3w uzupe\u0142niaj\u0105cych (odleg\u0142o\u015b\u0107 odcieni 180\u00b0), z wysoce nasyconym kobaltowym niebieskim i \u017cywym pomara\u0144czowym, aby stworzy\u0107 efekt wizualny, z abstrakcyjnymi teksturami zwierz\u0105t zebry lub geparda, na powierzchni opakowania powstaje dynamiczne napi\u0119cie wizualne. G\u0142\u00f3wny obraz jest wyci\u0119ty i u\u0142o\u017cony z nieregularnych blok\u00f3w kolor\u00f3w, a tr\u00f3jwymiarowe wra\u017cenie \u015bwiat\u0142a jest prezentowane dzi\u0119ki gradientowej superpozycji kolor\u00f3w i lokalnej technologii powlekania UV. Na przyk\u0142ad przednia cz\u0119\u015b\u0107 pude\u0142ka wykorzystuje niebieskie wzory na bazie pomara\u0144czy, aby symulowa\u0107 \u015bwiat\u0142o i cie\u0144 d\u017cungli o zachodzie s\u0142o\u0144ca, a bok wykorzystuje pomara\u0144czowe wzory na bazie niebieskiego, aby przekaza\u0107 zderzenie dzikiego pi\u0119kna i miejskiej mody.<\/p>\n<h2 id=\"2-asymmetric-patches-and-stripes-design-\">2.\u00a0<strong>Asymetryczne naszywki i paski<\/strong><\/h2>\n<p>Prze\u0142amuj\u0105c tradycyjn\u0105 symetryczn\u0105 kompozycj\u0119, powierzchnia pude\u0142ka jest naprzemienna z podartymi \u0142atami i uko\u015bnymi paskami, w po\u0142\u0105czeniu z technologi\u0105 wyt\u0142aczania w celu wzmocnienia warstw dotykowych. Na przyk\u0142ad g\u00f3rna cz\u0119\u015b\u0107 wieczka pude\u0142ka wykorzystuje technologi\u0119 grawerowania laserowego, aby zaprezentowa\u0107 nieregularne geometryczne wg\u0142\u0119bienia, ods\u0142aniaj\u0105c wewn\u0119trzny fluorescencyjny pomara\u0144czowy papier podk\u0142adowy, tworz\u0105c \"ukryte\" wizualne jajko wielkanocne. Kraw\u0119d\u017a zosta\u0142a zaprojektowana z falist\u0105 struktur\u0105 no\u017ca, kt\u00f3ra nie tylko przypomina \u015blady pazur\u00f3w zwierz\u0105t, ale tak\u017ce zwi\u0119ksza odporno\u015b\u0107 na \u015bciskanie korpusu pude\u0142ka.<\/p>\n<h2 id=\"3-logo-high-frequency-repetition-and-three-dimensional-presentation-\">3.\u00a0<strong>LOGO o wysokiej cz\u0119stotliwo\u015bci powtarzania i tr\u00f3jwymiarowej prezentacji<\/strong><\/h2>\n<p>LOGO marki przyjmuje konstrukcj\u0119 o wysokiej cz\u0119stotliwo\u015bci powtarzania: g\u0142\u00f3wne logo jest wy\u015brodkowane na pokrywie pude\u0142ka za pomoc\u0105 technologii gor\u0105cego srebra, bok jest u\u0142o\u017cony w miniaturow\u0105 matryc\u0119 LOGO (powtarzan\u0105 co 10 cm), a sp\u00f3d jest osadzony w niewidocznym fluorescencyjnym LOGO (opracowanym w \u015bwietle ultrafioletowym) z procesem zag\u0142\u0119biania kolor\u00f3w. Powierzchnia logo \u0142\u0105czy w sobie technologi\u0119 t\u0142oczenia i t\u0142oczenia z\u0142ot\u0105 foli\u0105, o grubo\u015bci 0,3 mm, tr\u00f3jwymiarowym dotyku i zwi\u0119kszonej odporno\u015bci na zu\u017cycie 40%.<\/p>\n<h2 id=\"4-foldable-airplane-box-structure-\">4.\u00a0<strong>Sk\u0142adana konstrukcja skrzyni samolotu<\/strong><\/h2>\n<p>Przyj\u0119to mi\u0119dzynarodow\u0105 norm\u0119 0421 dotycz\u0105c\u0105 konstrukcji pude\u0142ek lotniczych, z roz\u0142o\u017conym rozmiarem 200 \u00d7 150 \u00d7 50 mm i grubo\u015bci\u0105 zaledwie 15 mm po z\u0142o\u017ceniu, co pozwala zaoszcz\u0119dzi\u0107 85% miejsca do przechowywania. Panele boczne korpusu pude\u0142ka wykonane s\u0105 z tr\u00f3jwarstwowej tektury falistej (struktura kompozytowa flet B + flet C), o wytrzyma\u0142o\u015bci na \u015bciskanie w pionie 5000N\/m\u00b2, kt\u00f3ra mo\u017ce wytrzyma\u0107 transport 5-warstwowy. Otwieranie i zamykanie s\u0105 zaprojektowane z niszcz\u0105c\u0105 plomb\u0105 no\u017cow\u0105, a konsumenci mog\u0105 j\u0105 otworzy\u0107, rozrywaj\u0105c wzd\u0142u\u017c ustawionej linii, co jest zar\u00f3wno antykradzie\u017cowe, jak i wygodne.<\/p>\n<h2 id=\"5-lightweight-and-high-strength-corrugated-paper-\">5.\u00a0<strong>Lekki i wytrzyma\u0142y papier falisty<\/strong><\/h2>\n<p>Wybrano papier siarczanowy klasy AA (220 g\/m\u00b2) i wysokowytrzyma\u0142y papier falisty (wska\u017anik nacisku pier\u015bcienia \u22658,5 N-m\/g). Dzi\u0119ki optymalizacji kszta\u0142tu fali falistej typu UV, wydajno\u015b\u0107 buforowania zosta\u0142a poprawiona przez 30% w por\u00f3wnaniu z tradycyjnymi pude\u0142kami papierowymi. Powierzchnia jest pokryta matow\u0105 foli\u0105 przyjazn\u0105 dla \u015brodowiska, wsp\u00f3\u0142czynnik tarcia wynosi 0,6, a wska\u017anik strat transportowych mo\u017cna kontrolowa\u0107 w zakresie 0,5%.<\/p>\n<h2 id=\"6-high-definition-printing-and-functional-coating-\">6.\u00a0<strong>Druk w wysokiej rozdzielczo\u015bci i pow\u0142oka funkcjonalna<\/strong><\/h2>\n<p>Pi\u0119ciokolorowa prasa offsetowa Heidelberg (rozdzielczo\u015b\u0107 4800 dpi) jest u\u017cywana do osi\u0105gni\u0119cia dok\u0142adno\u015bci linii 0,1 mm, a r\u00f3\u017cnica niebiesko-pomara\u0144czowa \u0394E\u22641,5 (norma ISO 12647). Kluczowy obszar wzoru jest nak\u0142adany za pomoc\u0105 lokalnego sitodruku, grubo\u015b\u0107 warstwy atramentu wynosi 0,15 mm, a nasycenie kolor\u00f3w jest zwi\u0119kszane przez 20%. Pow\u0142oka antybakteryjna jest nadrukowana na wewn\u0119trznej \u015bcianie pude\u0142ka (zgodnie z normami FDA 21CFR), aby skutecznie hamowa\u0107 rozw\u00f3j mikroorganizm\u00f3w.<\/p>\n<h2 id=\"7-customized-service-agile-response-cooperation-process-\">7.\u00a0<strong>\u3010Zindywidualizowana us\u0142uga Zwinna reakcja \u3011 Proces wsp\u00f3\u0142pracy<\/strong><\/h2>\n<ul>\n<li><strong>Sprawdzanie projektu<\/strong>: Dostarczenie rendering\u00f3w 3D i fizycznych wydruk\u00f3w pr\u00f3bnych w ci\u0105gu 3 dni roboczych (obs\u0142uga automatycznej adaptacji plik\u00f3w AI).<\/li>\n<li><strong>Cykl produkcji masowej<\/strong>: Minimalne zam\u00f3wienie 500 sztuk, dostawa 5-7 dni (obs\u0142uga 72-godzinnej us\u0142ugi przyspieszonej)<\/li>\n<li><strong>Optymalizacja koszt\u00f3w<\/strong>: Korzystaj\u0105c z technologii wst\u0119pnego drukowania, 6 typ\u00f3w pude\u0142ek mo\u017ce by\u0107 mieszanych w tej samej partii, a wska\u017anik wykorzystania p\u0142yty osi\u0105ga 95%.<\/li>\n<\/ul>","protected":false},"excerpt":{"rendered":"<p>To pude\u0142ko wysy\u0142kowe na krem do piel\u0119gnacji sk\u00f3ry twarzy wykorzystuje niebieski i pomara\u0144czowy jako g\u0142\u00f3wny schemat kolor\u00f3w. Silny kontrast mo\u017ce szybko przyci\u0105gn\u0105\u0107 uwag\u0119 konsument\u00f3w. Nieregularny wz\u00f3r mo\u017ce nada\u0107 marce awangardow\u0105 i spersonalizowan\u0105 etykiet\u0119 wizualn\u0105.<\/p>","protected":false},"featured_media":686,"template":"","meta":{"_kad_post_transparent":"default","_kad_post_title":"","_kad_post_layout":"default","_kad_post_sidebar_id":"","_kad_post_content_style":"default","_kad_post_vertical_padding":"default","_kad_post_feature":"","_kad_post_feature_position":"","_kad_post_header":false,"_kad_post_footer":false,"_kad_post_classname":""},"product_brand":[],"product_cat":[15,28,17],"product_tag":[245,244,246],"class_list":{"0":"post-683","1":"product","2":"type-product","3":"status-publish","4":"has-post-thumbnail","6":"product_cat-red-light-therapy","7":"product_cat-customize","8":"product_cat-services","9":"product_tag-custom-skincare-packaging","10":"product_tag-face-cream-packaging-box","11":"product_tag-face-cream-skincare-box-factory","13":"first","14":"instock","15":"shipping-taxable","16":"product-type-simple","17":"entry","18":"content-bg","19":"loop-entry"},"_links":{"self":[{"href":"https:\/\/red-lighttherapy.com\/pl\/wp-json\/wp\/v2\/product\/683","targetHints":{"allow":["GET"]}}],"collection":[{"href":"https:\/\/red-lighttherapy.com\/pl\/wp-json\/wp\/v2\/product"}],"about":[{"href":"https:\/\/red-lighttherapy.com\/pl\/wp-json\/wp\/v2\/types\/product"}],"wp:featuredmedia":[{"embeddable":true,"href":"https:\/\/red-lighttherapy.com\/pl\/wp-json\/wp\/v2\/media\/686"}],"wp:attachment":[{"href":"https:\/\/red-lighttherapy.com\/pl\/wp-json\/wp\/v2\/media?parent=683"}],"wp:term":[{"taxonomy":"product_brand","embeddable":true,"href":"https:\/\/red-lighttherapy.com\/pl\/wp-json\/wp\/v2\/product_brand?post=683"},{"taxonomy":"product_cat","embeddable":true,"href":"https:\/\/red-lighttherapy.com\/pl\/wp-json\/wp\/v2\/product_cat?post=683"},{"taxonomy":"product_tag","embeddable":true,"href":"https:\/\/red-lighttherapy.com\/pl\/wp-json\/wp\/v2\/product_tag?post=683"}],"curies":[{"name":"wp","href":"https:\/\/api.w.org\/{rel}","templated":true}]}}