{"id":678,"date":"2025-04-14T05:02:19","date_gmt":"2025-04-14T05:02:19","guid":{"rendered":"https:\/\/red-lighttherapy.com\/?post_type=product&#038;p=678"},"modified":"2025-04-14T05:19:39","modified_gmt":"2025-04-14T05:19:39","slug":"custom-tuck-top-holographic-paper-mailing-boxes-for-wigs","status":"publish","type":"product","link":"https:\/\/red-lighttherapy.com\/pl\/custom-tuck-top-holographic-paper-mailing-boxes-for-wigs\/","title":{"rendered":"Niestandardowe holograficzne papierowe pude\u0142ka pocztowe Tuck Top na peruki"},"content":{"rendered":"<h2 id=\"1-multifunctional-integrated-mailer-box-structural-design-mailer-box-structural-optimization-\">1. Wielofunkcyjna, zintegrowana konstrukcja skrzynki pocztowej<\/h2>\n<p>G\u0142\u00f3wny korpus opakowania przyjmuje innowacyjn\u0105 struktur\u0119 skrzynki pocztowej, a otwieran\u0105 i zamykan\u0105 pokryw\u0119 mo\u017cna roz\u0142o\u017cy\u0107 o 180\u00b0 dzi\u0119ki precyzyjnym zagnieceniom, bior\u0105c pod uwag\u0119 rytualny sens peruki i praktyczno\u015b\u0107 transportu. Korpus pude\u0142ka zosta\u0142 zaprojektowany na podstawie oblicze\u0144 mechanicznych, a metalowe elementy kraw\u0119dziowe s\u0105 zintegrowane z naro\u017cnikami, co nie tylko poprawia wytrzyma\u0142o\u015b\u0107 na \u015bciskanie, ale tak\u017ce dodaje lekkich luksusowych detali. Po roz\u0142o\u017ceniu, wn\u0119trze pokrywy mo\u017ce by\u0107 wykorzystane jako wizualne rozszerzenie przestrzeni dla marki. Po z\u0142o\u017ceniu grubo\u015b\u0107 jest zmniejszona o 60%, co jest idealnie dostosowane do logistyki e-commerce.<\/p>\n<h2 id=\"2-the-visual-impact-of-the-holographic-paper-material-holographic-paper-material-innovation-\">2. Wizualny wp\u0142yw holograficznego materia\u0142u papierowego<\/h2>\n<p>Wewn\u0119trzna wy\u015bci\u00f3\u0142ka pokrywy wykorzystuje prze\u0142omowy papier holograficzny o pe\u0142nej szeroko\u015bci (papier holograficzny), a dynamiczny efekt t\u0119czowego \u015bwiat\u0142a uzyskuje si\u0119 dzi\u0119ki technologii laminowania siatki na poziomie nano. Gdy konsumenci otwieraj\u0105 pokryw\u0119, materia\u0142 prezentuje niebieski\/fioletowy\/r\u00f3\u017cowy gradient \u015bwiat\u0142a wraz ze zmian\u0105 k\u0105ta, symuluj\u0105c efekt zorzy polarnej, co jest bardzo sp\u00f3jne z modowymi atrybutami peruki. Materia\u0142 jest specjalnie pokryty pow\u0142ok\u0105 zapobiegaj\u0105c\u0105 zarysowaniom, aby zapewni\u0107, \u017ce kolorowy efekt pozostanie nienaruszony podczas transportu, a wsp\u00f3\u0142czynnik konwersji w momencie rozpakowywania jest 2,3 razy wi\u0119kszy ni\u017c benchmark bran\u017cowy.<\/p>\n<h2 id=\"3-deep-black-visual-identity-system\">3. System identyfikacji wizualnej w kolorze g\u0142\u0119bokiej czerni<\/h2>\n<p>Korpus pude\u0142ka przyjmuje standardowy czarny kolor, a ostateczn\u0105 czer\u0144 uzyskuje si\u0119 dzi\u0119ki procesowi nadruku, kt\u00f3ry g\u0142\u0119boko rezonuje z preferencjami estetycznymi docelowych klient\u00f3w peruk.<\/p>\n<h2 id=\"4-silver-hot-stamping-foil-technology\">4. Technologia srebrnej folii t\u0142oczonej na gor\u0105co<\/h2>\n<p>Logo marki wykorzystuje niemieck\u0105 srebrn\u0105 foli\u0119 do t\u0142oczenia na gor\u0105co Kurz, kt\u00f3ra jest precyzyjnie przymocowana. Ostro\u015b\u0107 kraw\u0119dzi czcionki jest wysoka, tworz\u0105c efekt zanurzenia w \u015bwietle ksi\u0119\u017cyca na czarnym tle.<\/p>\n<h3 id=\"5-smart-folding-engineering\">5. Inteligentna in\u017cynieria sk\u0142adania<\/h3>\n<p>Mo\u017ce by\u0107 sk\u0142adany wielokrotnie, a do\u015bwiadczenie w obs\u0142udze \"formowania w ci\u0105gu jednej sekundy\" sprawia, \u017ce \u017cywotno\u015b\u0107 sk\u0142adania przekracza 50 test\u00f3w cyklicznych, co jest odpowiednie dla r\u00f3\u017cnych potrzeb kombinacji produkt\u00f3w. Po z\u0142o\u017ceniu obj\u0119to\u015b\u0107 jest kompresowana do 22% pierwotnego stanu, a dzi\u0119ki zautomatyzowanej linii pakuj\u0105cej mo\u017ce osi\u0105gn\u0105\u0107 szybkie pakowanie 60 pude\u0142ek na minut\u0119.<\/p>","protected":false},"excerpt":{"rendered":"<p>To pude\u0142ko pocztowe jest wykonane z papieru falistego, kt\u00f3ry mo\u017ce skutecznie amortyzowa\u0107 uderzenia podczas transportu i chroni\u0107 opakowanie peruki. Papier holograficzny jest niezwykle atrakcyjny wizualnie i wzmacnia pami\u0119\u0107 marki.<\/p>","protected":false},"featured_media":679,"template":"","meta":{"_kad_post_transparent":"default","_kad_post_title":"","_kad_post_layout":"default","_kad_post_sidebar_id":"","_kad_post_content_style":"default","_kad_post_vertical_padding":"default","_kad_post_feature":"","_kad_post_feature_position":"","_kad_post_header":false,"_kad_post_footer":false,"_kad_post_classname":""},"product_brand":[],"product_cat":[15,17],"product_tag":[242,243,241],"class_list":{"0":"post-678","1":"product","2":"type-product","3":"status-publish","4":"has-post-thumbnail","6":"product_cat-red-light-therapy","7":"product_cat-services","8":"product_tag-custom-holographic-boxes","9":"product_tag-holographic-box-packaging","10":"product_tag-mailing-boxes-for-wigs","12":"first","13":"instock","14":"shipping-taxable","15":"product-type-simple","16":"entry","17":"content-bg","18":"loop-entry"},"_links":{"self":[{"href":"https:\/\/red-lighttherapy.com\/pl\/wp-json\/wp\/v2\/product\/678","targetHints":{"allow":["GET"]}}],"collection":[{"href":"https:\/\/red-lighttherapy.com\/pl\/wp-json\/wp\/v2\/product"}],"about":[{"href":"https:\/\/red-lighttherapy.com\/pl\/wp-json\/wp\/v2\/types\/product"}],"wp:featuredmedia":[{"embeddable":true,"href":"https:\/\/red-lighttherapy.com\/pl\/wp-json\/wp\/v2\/media\/679"}],"wp:attachment":[{"href":"https:\/\/red-lighttherapy.com\/pl\/wp-json\/wp\/v2\/media?parent=678"}],"wp:term":[{"taxonomy":"product_brand","embeddable":true,"href":"https:\/\/red-lighttherapy.com\/pl\/wp-json\/wp\/v2\/product_brand?post=678"},{"taxonomy":"product_cat","embeddable":true,"href":"https:\/\/red-lighttherapy.com\/pl\/wp-json\/wp\/v2\/product_cat?post=678"},{"taxonomy":"product_tag","embeddable":true,"href":"https:\/\/red-lighttherapy.com\/pl\/wp-json\/wp\/v2\/product_tag?post=678"}],"curies":[{"name":"wp","href":"https:\/\/api.w.org\/{rel}","templated":true}]}}