{"id":673,"date":"2025-04-14T04:06:29","date_gmt":"2025-04-14T04:06:29","guid":{"rendered":"https:\/\/red-lighttherapy.com\/?post_type=product&#038;p=673"},"modified":"2025-04-14T05:02:07","modified_gmt":"2025-04-14T05:02:07","slug":"eco-friendly-cosmetic-perfume-shipping-packaging-suppliers","status":"publish","type":"product","link":"https:\/\/red-lighttherapy.com\/pl\/eco-friendly-cosmetic-perfume-shipping-packaging-suppliers\/","title":{"rendered":"Ekologiczne perfumy kosmetyczne Dostawcy opakowa\u0144 wysy\u0142kowych"},"content":{"rendered":"<h2 id=\"environmentally-friendly-cosmetics-and-perfume-transportation-packaging-solutions\">Ekologiczne perfumy kosmetyczne Dostawcy opakowa\u0144 wysy\u0142kowych<\/h2>\n<h2 id=\"-1-glue-free-packaging-technology-ultra-fast-packaging-experience-\"><strong>1. Technologia pakowania bez u\u017cycia kleju, ultraszybkie pakowanie<\/strong><\/h2>\n<p>Zastosowano opatentowan\u0105 konstrukcj\u0119 zatrzaskowego pude\u0142ka samolotowego, a precyzyjna konstrukcja bigowania i samoblokuj\u0105ce si\u0119 urz\u0105dzenie zatrzaskowe s\u0105 u\u017cywane do osi\u0105gni\u0119cia \"nie wymaga kleju, wystarczy z\u0142o\u017cy\u0107 i zamkn\u0105\u0107\", a opakowanie mo\u017cna uko\u0144czy\u0107 w zaledwie 30 sekund, co jest ponad 60% bardziej wydajne ni\u017c tradycyjne opakowanie ta\u015bmowe. Technologia ta nie tylko eliminuje zanieczyszczenie ta\u015bmy, ale tak\u017ce zapewnia wygodne rozpakowywanie \"jednym poci\u0105gni\u0119ciem i otwarciem\" dzi\u0119ki konstrukcji zabezpieczaj\u0105cej przed kradzie\u017c\u0105, kt\u00f3ra jest idealnie dostosowana do scenariuszy dostaw o wysokiej cz\u0119stotliwo\u015bci w handlu elektronicznym.<\/p>\n<h2 id=\"-2-high-strength-corrugated-paper-materials-triple-protection-system-\"><strong>2. Wysokowytrzyma\u0142e materia\u0142y z papieru falistego, potr\u00f3jny system ochrony<\/strong><\/h2>\n<p>Wybrano kompozytow\u0105 tektur\u0119 falist\u0105 A\/B\/C (o gramaturze 280-360 g\/m\u00b2), a si\u0142a uderzenia jest rozpraszana przez struktur\u0119 falist\u0105 UV. Dane laboratoryjne pokazuj\u0105, \u017ce pi\u0119ciowarstwowa struktura falista mo\u017ce wytrzyma\u0107 pionow\u0105 wytrzyma\u0142o\u015b\u0107 na \u015bciskanie 5000N\/m\u00b2, co jest r\u00f3wnowa\u017cne z wywieraniem p\u00f3\u0142tonowego nacisku na powierzchni\u0119 1 metra kwadratowego. Proces powlekania powierzchni zwi\u0119ksza odporno\u015b\u0107 na wilgo\u0107 (tolerancja na wilgo\u0107 \u2265 85%RH), a wewn\u0119trzna warstwa buforowa o strukturze plastra miodu skutecznie poch\u0142ania wibracje transportowe, zapewniaj\u0105c, \u017ce szklana butelka perfum nie ulegnie uszkodzeniu w te\u015bcie upadku z wysoko\u015bci 1,2 metra.<\/p>\n<h2 id=\"-3-flat-folding-storage-space-utilization-increased-by-70-\"><strong>3. P\u0142askie sk\u0142adanie, wykorzystanie przestrzeni zwi\u0119kszone o 70%<\/strong><\/h2>\n<p>Rozmiar po roz\u0142o\u017ceniu wynosi 1200\u00d7800 mm, a grubo\u015b\u0107 po z\u0142o\u017ceniu to tylko 3,2 cm, co pozwala na sk\u0142adowanie w stosy o g\u0119sto\u015bci 200 sztuk\/metr sze\u015bcienny. Unikalna konstrukcja linii sk\u0142adaj\u0105cej w kszta\u0142cie litery \"Z\" obs\u0142uguje odwrotne rozk\u0142adanie i mo\u017ce by\u0107 przywr\u00f3cona do stanu p\u0142askiego bez demonta\u017cu podczas recyklingu, zmniejszaj\u0105c og\u00f3lne koszty magazynowania i logistyki. W por\u00f3wnaniu z tradycyjnymi opakowaniami, pojemno\u015b\u0107 magazynowa wymagana dla tej samej ilo\u015bci towar\u00f3w jest zmniejszona przez 45%, co jest szczeg\u00f3lnie odpowiednie dla elastycznych potrzeb magazynowania sezonowych gor\u0105cych produkt\u00f3w lub ograniczonych czasowo promocji.<\/p>\n<h2 id=\"-4-full-chain-environmental-certification-controllable-degradation-cycle-\"><strong>4. Pe\u0142na certyfikacja \u015brodowiskowa, kontrolowany cykl degradacji<\/strong><\/h2>\n<p>Materia\u0142 przeszed\u0142 certyfikacj\u0119 le\u015bn\u0105 FSC i wykorzystuje druk atramentowy na bazie wody oraz klej ze skrobi kukurydzianej, aby zapewni\u0107 naturalny wska\u017anik degradacji wynosz\u0105cy ponad 95% w ci\u0105gu 180 dni. Ocena cyklu \u017cycia opakowania (LCA) pokazuje, \u017ce \u015blad w\u0119glowy ca\u0142ego procesu, od zbierania surowc\u00f3w do przetwarzania odpad\u00f3w, jest o 82% mniejszy ni\u017c w przypadku opakowa\u0144 z tworzyw sztucznych PE. Dzi\u0119ki tej samej bezklejowej technologii pakowania, co marka ON&amp;DO, osi\u0105gni\u0119to zamkni\u0119ty obieg zanieczyszcze\u0144 bez u\u017cycia kleju, od produkcji do recyklingu.<\/p>\n<h2 id=\"-5-soft-pink-visual-system-awakening-emotional-resonance-\"><strong>5. Mi\u0119kki r\u00f3\u017cowy system wizualny, budz\u0105cy rezonans emocjonalny<\/strong><\/h2>\n<p>Zapewnia 12 niestandardowych poziom\u00f3w kolor\u00f3w od Pantone 13-2807TCX \"First Love Pink\" do 14-1312TCX \"Rose Quartz Pink\", wykorzystuj\u0105c technologi\u0119 matowej laminacji, aby zaprezentowa\u0107 \"ciep\u0142y dotyk sk\u00f3ry\", jak opisano na stronie 4. Mo\u017cna go dopasowa\u0107 do t\u0142oczenia na gor\u0105co, cz\u0119\u015bciowego UV i innych proces\u00f3w drukowania tekstur kwiatowych lub LOGO marki na pude\u0142ku. Badania empiryczne pokazuj\u0105, \u017ce wsp\u00f3\u0142czynnik konwersji po rozpakowaniu perfum z r\u00f3\u017cowym opakowaniem jest o 23% wy\u017cszy ni\u017c w przypadku neutralnych kolor\u00f3w, co jest szczeg\u00f3lnie odpowiednie dla emocjonalnych punkt\u00f3w marketingowych, takich jak Walentynki i Dzie\u0144 Matki.<\/p>\n<h2 id=\"-6-flexible-customization-service-empowering-brand-differentiation-\"><strong>6. Elastyczna us\u0142uga dostosowywania, wzmacniaj\u0105ca zr\u00f3\u017cnicowanie marki<\/strong><\/h2>\n<p>Obs\u0142uguje pe\u0142ne dostosowanie procesu od koncepcji do wdro\u017cenia:<\/p>\n<ul>\n<li><strong>Innowacja typu box<\/strong>mo\u017ce tworzy\u0107 struktury o specjalnych kszta\u0142tach, takie jak sze\u015bciok\u0105tne pryzmaty i kszta\u0142ty serca.<\/li>\n<li><strong>Rozszerzenie funkcji<\/strong>: wbudowana magnetyczna klapka, od\u0142\u0105czane gniazdo na karty pami\u0119ci<\/li>\n<li><strong>Inteligentna integracja<\/strong>wyposa\u017cone w chip NFC w celu zapewnienia identyfikowalno\u015bci zapobiegaj\u0105cej fa\u0142szerstwom lub w po\u0142\u0105czeniu z technologi\u0105 AR w celu prezentacji dynamicznych historii zapachowych.<\/li>\n<li><strong>Adaptacja sceny<\/strong>: Zapewnia pe\u0142nowymiarowe pokrycie od 5 ml opakowania pr\u00f3bnego do 1000 ml biznesowego pude\u0142ka upominkowego, spe\u0142niaj\u0105c potrzeby wielu scenariuszy, takich jak bezpo\u015brednia poczta e-commerce, ekspozycja na ladzie, transport transgraniczny itp.<\/li>\n<\/ul>\n<h2 id=\"-technical-parameters-\"><strong>Parametry techniczne<\/strong><\/h2>\n<table>\n<thead>\n<tr>\n<th>Pozycja<\/th>\n<th>Warto\u015b\u0107 standardowa<\/th>\n<th>Podstawa testu<\/th>\n<\/tr>\n<\/thead>\n<tbody>\n<tr>\n<td>Wytrzyma\u0142o\u015b\u0107 na \u015bciskanie<\/td>\n<td>\u2265485kgf (pe\u0142ne obci\u0105\u017cenie)<\/td>\n<td>GB\/T 6546-2021<\/td>\n<\/tr>\n<tr>\n<td>Zawarto\u015b\u0107 wilgoci<\/td>\n<td>8.5\u00b11.2%<\/td>\n<td>ISO 287:2017<\/td>\n<\/tr>\n<tr>\n<td>Cykl degradacji<\/td>\n<td>\u2264180 dni w glebie<\/td>\n<td>ASTM D6400<\/td>\n<\/tr>\n<tr>\n<td>Dok\u0142adno\u015b\u0107 drukowania<\/td>\n<td>175 linii punkt\u00f3w o wysokiej rozdzielczo\u015bci<\/td>\n<td>Certyfikacja kolor\u00f3w G7<\/td>\n<\/tr>\n<\/tbody>\n<\/table>\n<h2 id=\"-cooperation-process-\"><strong>Proces wsp\u00f3\u0142pracy<\/strong><\/h2>\n<ol>\n<li><strong>Diagnoza zapotrzebowania<\/strong>: Dostarczenie raportu dotycz\u0105cego strategii pakowania w ci\u0105gu 48 godzin (w tym analiza konkurencyjnych produkt\u00f3w i sugestie dotycz\u0105ce optymalizacji koszt\u00f3w).<\/li>\n<li><strong>Weryfikacja poprawno\u015bci<\/strong>: Dostarczenie rysunk\u00f3w struktury 3D i fizycznych pude\u0142ek z pr\u00f3bkami w ci\u0105gu 5 dni roboczych.<\/li>\n<li><strong>Gwarancja masowej produkcji<\/strong>: W\u0142asna fabryka wyposa\u017cona w 7-kolorow\u0105 pras\u0119 drukarsk\u0105 Heidelberg, obs\u0142uguj\u0105ca 500 000-500 000 elastycznych zam\u00f3wie\u0144.<\/li>\n<li><strong>\u015aledzenie posprzeda\u017cowe<\/strong>: Zapewnienie 12-miesi\u0119cznego ubezpieczenia jako\u015bci i planu kompensacji szk\u00f3d<\/li>\n<\/ol>","protected":false},"excerpt":{"rendered":"<p>To pude\u0142ko pocztowe jest wykonane z papieru falistego, kt\u00f3ry mo\u017ce skutecznie amortyzowa\u0107 uderzenia podczas transportu i chroni\u0107 perfumy i produkty kosmetyczne. Po z\u0142o\u017ceniu staje si\u0119 p\u0142ask\u0105 p\u0142yt\u0105, kt\u00f3ra zajmuje niewiele miejsca i zmniejsza koszty przechowywania.<\/p>","protected":false},"featured_media":674,"template":"","meta":{"_kad_post_transparent":"default","_kad_post_title":"","_kad_post_layout":"default","_kad_post_sidebar_id":"","_kad_post_content_style":"default","_kad_post_vertical_padding":"default","_kad_post_feature":"","_kad_post_feature_position":"","_kad_post_header":false,"_kad_post_footer":false,"_kad_post_classname":""},"product_brand":[],"product_cat":[15,28,17],"product_tag":[240,238,239],"class_list":{"0":"post-673","1":"product","2":"type-product","3":"status-publish","4":"has-post-thumbnail","6":"product_cat-red-light-therapy","7":"product_cat-customize","8":"product_cat-services","9":"product_tag-cosmetic-perfume-shipping-boxes","10":"product_tag-eco-friendly-cosmetic-packaging","11":"product_tag-perfume-packaging-suppliers","13":"first","14":"instock","15":"shipping-taxable","16":"product-type-simple","17":"entry","18":"content-bg","19":"loop-entry"},"_links":{"self":[{"href":"https:\/\/red-lighttherapy.com\/pl\/wp-json\/wp\/v2\/product\/673","targetHints":{"allow":["GET"]}}],"collection":[{"href":"https:\/\/red-lighttherapy.com\/pl\/wp-json\/wp\/v2\/product"}],"about":[{"href":"https:\/\/red-lighttherapy.com\/pl\/wp-json\/wp\/v2\/types\/product"}],"wp:featuredmedia":[{"embeddable":true,"href":"https:\/\/red-lighttherapy.com\/pl\/wp-json\/wp\/v2\/media\/674"}],"wp:attachment":[{"href":"https:\/\/red-lighttherapy.com\/pl\/wp-json\/wp\/v2\/media?parent=673"}],"wp:term":[{"taxonomy":"product_brand","embeddable":true,"href":"https:\/\/red-lighttherapy.com\/pl\/wp-json\/wp\/v2\/product_brand?post=673"},{"taxonomy":"product_cat","embeddable":true,"href":"https:\/\/red-lighttherapy.com\/pl\/wp-json\/wp\/v2\/product_cat?post=673"},{"taxonomy":"product_tag","embeddable":true,"href":"https:\/\/red-lighttherapy.com\/pl\/wp-json\/wp\/v2\/product_tag?post=673"}],"curies":[{"name":"wp","href":"https:\/\/api.w.org\/{rel}","templated":true}]}}