{"id":668,"date":"2025-04-14T03:52:12","date_gmt":"2025-04-14T03:52:12","guid":{"rendered":"https:\/\/red-lighttherapy.com\/?post_type=product&#038;p=668"},"modified":"2025-04-14T04:06:16","modified_gmt":"2025-04-14T04:06:16","slug":"custom-cosmetics-lip-gloss-mailer-packaging-boxes-wholesale","status":"publish","type":"product","link":"https:\/\/red-lighttherapy.com\/pl\/custom-cosmetics-lip-gloss-mailer-packaging-boxes-wholesale\/","title":{"rendered":"Niestandardowe pude\u0142ka do pakowania b\u0142yszczyk\u00f3w kosmetycznych hurtowo"},"content":{"rendered":"<h2 id=\"customized-cosmetic-lip-gloss-mailing-box-mailer-box-product-description\">Niestandardowe kosmetyczne pude\u0142ko do wysy\u0142ania b\u0142yszczyk\u00f3w Opis produktu<\/h2>\n<h2 id=\"-1-integrated-folding-design-environmentally-friendly-and-efficient-\"><strong>1. Zintegrowana sk\u0142adana konstrukcja, przyjazna dla \u015brodowiska i wydajna<\/strong><\/h2>\n<p>Przyj\u0119cie innowacyjnej struktury skrzyni samolotu,\u00a0<strong>zintegrowane sk\u0142adanie<\/strong>\u00a0Jest to mo\u017cliwe dzi\u0119ki precyzyjnemu procesowi wykrawania, a do monta\u017cu pomocniczego nie jest wymagany klej ani gwo\u017adzie, a monta\u017c mo\u017cna zako\u0144czy\u0107 w 3 sekundy. Konstrukcja pude\u0142ka uwzgl\u0119dnia zar\u00f3wno stabilno\u015b\u0107 strukturaln\u0105, jak i wygod\u0119 monta\u017cu, poprawia wydajno\u015b\u0107 pakowania i zmniejsza koszty pracy. Materia\u0142em jest tektura falista 100% z recyklingu, kt\u00f3ra jest zgodna z globalnymi trendami w zakresie ochrony \u015brodowiska i spe\u0142nia wymogi prawne dotycz\u0105ce ekologicznych opakowa\u0144 na Bliskim Wschodzie.<\/p>\n<h2 id=\"-2-high-strength-pressure-resistant-material-all-round-protection-\"><strong>2. Wytrzyma\u0142y materia\u0142 odporny na nacisk, wszechstronna ochrona<\/strong><\/h2>\n<p>Korpus skrzynki wykonany jest z <strong>tektura falista<\/strong>Dzi\u0119ki konstrukcji kompozytowej z rowkami A\/B\/C (rowek A ma du\u017c\u0105 odporno\u015b\u0107 na uderzenia, rowek B ma doskona\u0142e p\u0142askie \u0142o\u017cysko dociskowe), wytrzyma\u0142o\u015b\u0107 na \u015bciskanie osi\u0105ga wiod\u0105cy w bran\u017cy poziom. Dzi\u0119ki\u00a0<strong>Technologia osadzania \u017ceber<\/strong>\u00a0(takich jak w\u0142\u00f3kno bambusowe lub metalowe \u017cebra) i wzmocnienie warstw\u0105 w\u0142\u00f3kien w kszta\u0142cie siatki, mo\u017ce wytrzyma\u0107 nacisk stosu i uderzenia podczas transportu oraz skutecznie chroni\u0107 wra\u017cliwe cz\u0119\u015bci, takie jak butelki z b\u0142yszczykiem do ust i g\u0142\u00f3wki p\u0119dzli.<\/p>\n<h2 id=\"-3-middle-eastern-style-geometric-pattern-design-to-enhance-brand-recognition-\"><strong>3. Geometryczny wz\u00f3r w stylu bliskowschodnim zwi\u0119kszaj\u0105cy rozpoznawalno\u015b\u0107 marki<\/strong><\/h2>\n<p>Drukowanie powierzchniowe obejmuje\u00a0<strong>Islamskie geometryczne elementy estetyczne<\/strong>Wzory takie jak o\u015bmiok\u0105tne gwiazdy, sze\u015bciok\u0105tne symetryczne wzory i arabskie linie kaligraficzne, w po\u0142\u0105czeniu z tradycyjn\u0105 mozaik\u0105, tworz\u0105 projekt o g\u0142\u0119bi kulturowej i nowoczesno\u015bci. Kolorystyka nawi\u0105zuje do preferencji rynku Bliskiego Wschodu, wykorzystuj\u0105c\u00a0<strong>ciep\u0142e z\u0142oto, ciemny br\u0105z, burgund<\/strong>\u00a0i inne luksusowe odcienie, z cz\u0119\u015bciowo matow\u0105 pow\u0142ok\u0105 UV, aby podkre\u015bli\u0107 wysokiej klasy pozycjonowanie produktu.<\/p>\n<h2 id=\"-4-double-sided-printing-technology-environmental-protection-and-functionality-\"><strong>4. Technologia druku dwustronnego, ochrona \u015brodowiska i funkcjonalno\u015b\u0107<\/strong><\/h2>\n<p>Wsparcie\u00a0<strong>Dwustronny druk w pe\u0142nym kolorze<\/strong>Warstwa wewn\u0119trzna mo\u017ce by\u0107 zadrukowana historiami marki, instrukcjami u\u017cytkowania lub etykietami w wielu j\u0119zykach, a warstwa zewn\u0119trzna wy\u015bwietla podstawowe informacje i wzory wizualne produktu, aby zmaksymalizowa\u0107 wykorzystanie przestrzeni opakowania.\u00a0<strong>Atrament na bazie wody<\/strong>\u00a0oraz\u00a0<strong>Przyjazna dla \u015brodowiska pow\u0142oka na bazie soi<\/strong>\u00a0s\u0105 stosowane w celu zapewnienia zgodno\u015bci z unijnymi normami \u015brodowiskowymi REACH. Jednocze\u015bnie,\u00a0<strong>technologia druku cyfrowego<\/strong>\u00a0jest u\u017cywany w celu zapewnienia, \u017ce wz\u00f3r nie ma r\u00f3\u017cnicy kolor\u00f3w, wyra\u017anych kraw\u0119dzi, a nasycenie kolor\u00f3w jest zwi\u0119kszone o 30%.<\/p>\n<h2 id=\"-5-high-definition-printing-technology-to-enhance-visual-communication-\"><strong>5. Technologia druku w wysokiej rozdzielczo\u015bci poprawiaj\u0105ca komunikacj\u0119 wizualn\u0105<\/strong><\/h2>\n<p>U\u017cycie\u00a0<strong>Druk offsetowy + technologia t\u0142oczenia na zimno<\/strong>\u00a0aby uzyska\u0107 precyzyjne szczeg\u00f3\u0142y wzoru 0,1 mm, takie jak logo z metalow\u0105 tekstur\u0105, gradientowy efekt po\u0142ysku ust itp. Poprzez\u00a0<strong>Kalibracja karty kolor\u00f3w Pantone<\/strong>\u00a0i czterokolorowa technologia nadruku zapewniaj\u0105, \u017ce numer koloru marki (taki jak r\u00f3\u017cowa czerwie\u0144, koralowy pomara\u0144cz) pozostaje sp\u00f3jny w r\u00f3\u017cnych partiach, aby unikn\u0105\u0107 problem\u00f3w zwi\u0105zanych z r\u00f3\u017cnic\u0105 kolor\u00f3w. Powierzchnia mo\u017ce by\u0107 przetwarzana za pomoc\u0105\u00a0<strong>wyt\u0142aczanie, lokalne UV, lukier<\/strong>itp., aby zwi\u0119kszy\u0107 wra\u017cenia dotykowe i atrakcyjno\u015b\u0107 na p\u00f3\u0142ce.<\/p>\n<h2 id=\"-6-in-depth-customized-service-flexible-adaptation-needs-\"><strong>6. Dog\u0142\u0119bnie dostosowana us\u0142uga, elastyczne potrzeby adaptacyjne<\/strong><\/h2>\n<ul>\n<li><strong>Dostosowanie typu skrzynki<\/strong>: Zapewniaj\u0105 standardow\u0105 skrzynk\u0119 samolotu, typ szuflady, g\u00f3rn\u0105 i doln\u0105 pokryw\u0119 oraz inne konstrukcje, obs\u0142uguj\u0105 specjaln\u0105 konstrukcj\u0119 okna do wy\u015bwietlania numeru koloru warg.<\/li>\n<li><strong>Dostosowanie rozmiaru<\/strong>: Zapewnia dostosowanie zakresu wysoko\u015bci 105-200 mm zgodnie ze specyfikacj\u0105 b\u0142yszczyka (np. cienka tubka 10 ml lub gruba butelka 30 ml), aby zoptymalizowa\u0107 wykorzystanie przestrzeni transportowej.<\/li>\n<li><strong>Ulepszenie materia\u0142\u00f3w<\/strong>: Opcjonalna folia aluminiowa, odporny na wilgo\u0107 karton lub przyjazny dla \u015brodowiska materia\u0142 z w\u0142\u00f3kna trzciny cukrowej, aby dostosowa\u0107 si\u0119 do klimatu wysokiej temperatury i wilgotno\u015bci na Bliskim Wschodzie.<\/li>\n<li><strong>Po\u0142\u0105czenie rzemios\u0142a<\/strong>: Obs\u0142uga t\u0142oczenia na gor\u0105co, sitodruku, wyt\u0142aczania i innych wielorakich superpozycji, aby spe\u0142ni\u0107 specjalne potrzeby limitowanej edycji lub \u015bwi\u0105tecznych pude\u0142ek na prezenty.<\/li>\n<\/ul>\n<h2 id=\"-7-cooperation-process-\"><strong>7. Proces wsp\u00f3\u0142pracy<\/strong>:<\/h2>\n<ol>\n<li><strong>Potwierdzenie \u017c\u0105dania<\/strong>: Poda\u0107 rozmiar produktu, projekt i ilo\u015b\u0107, uzyska\u0107 schemat struktury 3D i pr\u00f3bk\u0119 materia\u0142u.<\/li>\n<li><strong>Test sprawdzaj\u0105cy<\/strong>: Dostarczy\u0107 fizyczn\u0105 pr\u00f3bk\u0119 w ci\u0105gu 7 dni roboczych, w tym raport z testu upadku i odporno\u015bci na \u015bciskanie.<\/li>\n<li><strong>Produkcja masowa<\/strong>: Minimalne zam\u00f3wienie 1000 sztuk, obs\u0142uga papieru z certyfikatem FSC i us\u0142uga \u015bledzenia \u015bladu w\u0119glowego.<\/li>\n<\/ol>\n<h2 id=\"-8-core-advantages-\"><strong>8. Podstawowe zalety<\/strong>:<\/h2>\n<ul>\n<li><strong>Optymalizacja koszt\u00f3w<\/strong>: Zintegrowana konstrukcja zmniejsza ilo\u015b\u0107 materia\u0142\u00f3w eksploatacyjnych 20%, a konstrukcja bezklejowa zmniejsza ryzyko zanieczyszczenia podczas przechowywania.<\/li>\n<li><strong>Adaptacja kulturowa<\/strong>: Zlokalizowany na Bliskim Wschodzie zesp\u00f3\u0142 projektant\u00f3w zapewniaj\u0105cy zgodno\u015b\u0107 wzor\u00f3w i kolor\u00f3w z religijnymi i estetycznymi tabu.<\/li>\n<li><strong>Gwarancja \u0142a\u0144cucha dostaw<\/strong>: W\u0142asna fabryka przesz\u0142a certyfikacj\u0119 ISO 9001\/BSCI.<\/li>\n<\/ul>","protected":false},"excerpt":{"rendered":"<p>To pude\u0142ko pocztowe ma zintegrowan\u0105 sk\u0142adan\u0105 konstrukcj\u0119, nie wymaga kleju, formowanie zajmuje 3 sekundy, a wytrzyma\u0142y materia\u0142 z tektury falistej ma dobr\u0105 wytrzyma\u0142o\u015b\u0107 na \u015bciskanie, aby chroni\u0107 produkty przed uszkodzeniem. Doskonale nadaje si\u0119 do pakowania olejk\u00f3w eterycznych, maseczek do twarzy, b\u0142yszczyk\u00f3w i innych kosmetyk\u00f3w.<\/p>","protected":false},"featured_media":669,"template":"","meta":{"_kad_post_transparent":"default","_kad_post_title":"","_kad_post_layout":"default","_kad_post_sidebar_id":"","_kad_post_content_style":"default","_kad_post_vertical_padding":"default","_kad_post_feature":"","_kad_post_feature_position":"","_kad_post_header":false,"_kad_post_footer":false,"_kad_post_classname":""},"product_brand":[],"product_cat":[15,28,17],"product_tag":[89,237,236],"class_list":{"0":"post-668","1":"product","2":"type-product","3":"status-publish","4":"has-post-thumbnail","6":"product_cat-red-light-therapy","7":"product_cat-customize","8":"product_cat-services","9":"product_tag-custom-cosmetics-packaging","10":"product_tag-custom-lip-gloss-boxes-wholesale","11":"product_tag-lip-gloss-mailer-boxes","13":"first","14":"instock","15":"shipping-taxable","16":"product-type-simple","17":"entry","18":"content-bg","19":"loop-entry"},"_links":{"self":[{"href":"https:\/\/red-lighttherapy.com\/pl\/wp-json\/wp\/v2\/product\/668","targetHints":{"allow":["GET"]}}],"collection":[{"href":"https:\/\/red-lighttherapy.com\/pl\/wp-json\/wp\/v2\/product"}],"about":[{"href":"https:\/\/red-lighttherapy.com\/pl\/wp-json\/wp\/v2\/types\/product"}],"wp:featuredmedia":[{"embeddable":true,"href":"https:\/\/red-lighttherapy.com\/pl\/wp-json\/wp\/v2\/media\/669"}],"wp:attachment":[{"href":"https:\/\/red-lighttherapy.com\/pl\/wp-json\/wp\/v2\/media?parent=668"}],"wp:term":[{"taxonomy":"product_brand","embeddable":true,"href":"https:\/\/red-lighttherapy.com\/pl\/wp-json\/wp\/v2\/product_brand?post=668"},{"taxonomy":"product_cat","embeddable":true,"href":"https:\/\/red-lighttherapy.com\/pl\/wp-json\/wp\/v2\/product_cat?post=668"},{"taxonomy":"product_tag","embeddable":true,"href":"https:\/\/red-lighttherapy.com\/pl\/wp-json\/wp\/v2\/product_tag?post=668"}],"curies":[{"name":"wp","href":"https:\/\/api.w.org\/{rel}","templated":true}]}}