{"id":663,"date":"2025-04-14T03:37:04","date_gmt":"2025-04-14T03:37:04","guid":{"rendered":"https:\/\/red-lighttherapy.com\/?post_type=product&#038;p=663"},"modified":"2025-04-14T03:51:59","modified_gmt":"2025-04-14T03:51:59","slug":"supplies-premium-quality-mailer-boxes-for-underwear-t-shirt","status":"publish","type":"product","link":"https:\/\/red-lighttherapy.com\/pl\/supplies-premium-quality-mailer-boxes-for-underwear-t-shirt\/","title":{"rendered":"Dostarcza wysokiej jako\u015bci pude\u0142ka pocztowe na bielizn\u0119 i koszulki"},"content":{"rendered":"<h2 id=\"-foldable-double-sided-hot-stamping-custom-airplane-box-\"><strong>Pude\u0142ka na bielizn\u0119 i koszulki Foldable Supplies najwy\u017cszej jako\u015bci<\/strong><\/h2>\n<h2 id=\"-1-sustainable-folding-design-new-experience-of-recycling-\"><strong>1. Zr\u00f3wnowa\u017cona konstrukcja sk\u0142adana Nowe do\u015bwiadczenia w recyklingu<\/strong><\/h2>\n<p>To pude\u0142ko lotnicze przyjmuje opatentowan\u0105 sk\u0142adan\u0105 struktur\u0119, dzi\u0119ki precyzyjnej klamrze i modu\u0142owej konstrukcji zagniece\u0144, mo\u017ce by\u0107 sk\u0142adane i ponownie u\u017cywane ponad 10 razy bez uszkodze\u0144. Po roz\u0142o\u017ceniu jest to tr\u00f3jwymiarowe pude\u0142ko (obs\u0142uguje standardowy rozmiar 32<em>25<\/em>10 cm), a obj\u0119to\u015b\u0107 jest zmniejszona do 1\/4 oryginalnego rozmiaru po z\u0142o\u017ceniu, co znacznie oszcz\u0119dza miejsce do przechowywania (zmniejszaj\u0105c koszty przechowywania o 60% w por\u00f3wnaniu z tradycyjnym opakowaniem). Dzi\u0119ki pi\u0119ciowarstwowemu materia\u0142owi kartonowemu eksportowemu klasy AA wytrzyma\u0142o\u015b\u0107 na \u015bciskanie osi\u0105ga 2000 niuton\u00f3w i nie ulega deformacji po ekstremalnych testach \u015brodowiskowych od -40 \u2103 do 80 \u2103, co jest odpowiednie dla r\u00f3\u017cnych scenariuszy transportu, takich jak transport morski i lotniczy.<\/p>\n<h2 id=\"-2-low-cost-and-efficient-production-intelligent-supply-chain-optimization-\"><strong>2. Tania i wydajna produkcja Inteligentna optymalizacja \u0142a\u0144cucha dostaw<\/strong><\/h2>\n<ul>\n<li><strong>Adaptacja zautomatyzowanej linii produkcyjnej<\/strong>: Przyjmuj\u0105c w pe\u0142ni zautomatyzowany zintegrowany sprz\u0119t do sztancowania i sk\u0142adania, dzienna zdolno\u015b\u0107 produkcyjna osi\u0105ga 200 000 sztuk, a koszty pracy s\u0105 zmniejszone o 45%;<\/li>\n<li><strong>Tryb zerowych zapas\u00f3w<\/strong>: Indywidualny cykl produkcyjny na \u017c\u0105danie wynosi 3-7 dni, obs\u0142uguj\u0105c minimaln\u0105 ilo\u015b\u0107 zam\u00f3wienia 500 sztuk, \u0142agodz\u0105c presj\u0119 finansow\u0105.<\/li>\n<\/ul>\n<h2 id=\"-three-double-sided-printing-hot-stamping-technology-brand-visual-upgrade-\"><strong>3. Druk dwustronny + technologia t\u0142oczenia na gor\u0105co wizualna aktualizacja marki<\/strong><\/h2>\n<ul>\n<li><strong>Druk dwustronny w wysokiej rozdzielczo\u015bci<\/strong>: Wykorzystuj\u0105c system kolor\u00f3w CMYK\/Pantone z technologi\u0105 laminowania UV, rozdzielczo\u015b\u0107 osi\u0105ga 300 dpi, obs\u0142uguj\u0105c LOGO, parametry produktu, ilustracje artystyczne i inne wieloelementowe kombinacje;<\/li>\n<li><strong>Tr\u00f3jwymiarowa technologia t\u0142oczenia na gor\u0105co<\/strong>: Dzi\u0119ki zastosowaniu przyjaznej dla \u015brodowiska elektrochemicznej folii aluminiowej niemieckiej firmy Kurz, odporno\u015b\u0107 na zu\u017cycie lokalnego tekstu\/wzoru t\u0142oczonego na gor\u0105co wzrasta 3-krotnie, wsp\u00f3\u0142czynnik odbicia \u015bwiat\u0142a osi\u0105ga 90%, a efekt wizualny jest por\u00f3wnywalny z opakowaniami towar\u00f3w luksusowych;<\/li>\n<li><strong>Inteligentna funkcja zapobiegaj\u0105ca podrabianiu<\/strong>: Opcjonalne, wra\u017cliwe na temperatur\u0119, zmieniaj\u0105ce kolor etykiety t\u0142oczone na gor\u0105co lub osadzanie chip\u00f3w NFC mog\u0105 zwi\u0119kszy\u0107 interaktywno\u015b\u0107 konsumenta.<\/li>\n<\/ul>\n<h2 id=\"-fourth-macaron-aesthetics-humanized-details-\"><strong>4. Estetyka Macaron + humanizowane detale<\/strong><\/h2>\n<ul>\n<li><strong>G\u0142\u00f3wny kolor<\/strong>G\u0142\u00f3wnym kolorem jest lawendowa mgie\u0142ka o niskim nasyceniu, a skala szaro\u015bci 5% zosta\u0142a zintegrowana w celu stworzenia zamglonej tekstury. Zmierzona atrakcyjno\u015b\u0107 wizualna jest zwi\u0119kszona przez 37%;<\/li>\n<li><strong>Bezpieczne zaokr\u0105glone naro\u017cniki<\/strong>: Kraw\u0119dzie s\u0105 zaokr\u0105glone + proces laminowania matowego, a odporno\u015b\u0107 na zarysowania jest zwi\u0119kszona przez 50%, kt\u00f3ry spe\u0142nia normy bezpiecze\u0144stwa dzieci UE;<\/li>\n<li><strong>Wygodna struktura otwierania i zamykania<\/strong>Magnetyczna pokrywa + antypo\u015blizgowy uchwyt, otwieranie i zamykanie jedn\u0105 r\u0119k\u0105 zajmuje tylko 0,5 sekundy, a zadowolenie u\u017cytkownik\u00f3w osi\u0105gn\u0119\u0142o 92%.<\/li>\n<\/ul>\n<h2 id=\"-v-customized-services-for-the-entire-industry-flexible-adaptation-scenarios-\"><strong>5. Dostosowane us\u0142ugi dla ca\u0142ej bran\u017cy - Elastyczne scenariusze adaptacji<\/strong><\/h2>\n<table>\n<thead>\n<tr>\n<th><strong>Dostosowanie do bran\u017cy<\/strong><\/th>\n<th><strong>Wymiary niestandardowe<\/strong><\/th>\n<th><strong>Wy\u015bwietlacz obudowy<\/strong><\/th>\n<\/tr>\n<\/thead>\n<tbody>\n<tr>\n<td>Marka bielizny<\/td>\n<td>Wbudowana bariera chroni\u0105ca przed wilgoci\u0105 + oddychaj\u0105ce otwory<\/td>\n<td>Sta\u0142a pozycja koronki + antybakteryjna podszewka<\/td>\n<\/tr>\n<tr>\n<td>Odzie\u017c sportowa<\/td>\n<td>Wzmocniona konstrukcja odporna na ci\u015bnienie<\/td>\n<td>Sk\u0142adana przegroda do przechowywania odzie\u017cy do jogi<\/td>\n<\/tr>\n<tr>\n<td>Uroda i piel\u0119gnacja cia\u0142a<\/td>\n<td>Rozmiar mini + lustrzane pude\u0142ko wewn\u0119trzne<\/td>\n<td>Odporny na wstrz\u0105sy otw\u00f3r na szmink\u0119 z per\u0142owej bawe\u0142ny<\/td>\n<\/tr>\n<tr>\n<td>Personalizacja prezentu<\/td>\n<td>Okno o specjalnym kszta\u0142cie + otw\u00f3r na ta\u015bm\u0119<\/td>\n<td>Wakacyjny limitowany wz\u00f3r t\u0142oczony na gor\u0105co<\/td>\n<\/tr>\n<\/tbody>\n<\/table>\n<p><strong>Zaanga\u017cowanie w ochron\u0119 \u015brodowiska<\/strong>: Dzi\u0119ki papierowi z certyfikatem FSC i technologii tuszu na bazie wody \u015blad w\u0119glowy jest zmniejszony o 42% w por\u00f3wnaniu z tradycyjnymi opakowaniami i wspiera biodegradowalny recykling 100%.<\/p>\n<p><strong>Dostosuj teraz<\/strong>: Zapewniamy bezp\u0142atn\u0105 modyfikacj\u0119 projektu, 48-godzinny proofing i globalne us\u0142ugi logistyczne DDP, dzi\u0119ki czemu opakowanie Twojej marki stanie si\u0119 cichym ambasadorem sprzeda\u017cy!<\/p>","protected":false},"excerpt":{"rendered":"<p>To pude\u0142ko pocztowe, z lawendow\u0105 mgie\u0142k\u0105 macaron jako g\u0142\u00f3wnym kolorem, mo\u017ce by\u0107 sk\u0142adane i wielokrotnie u\u017cywane, zmniejszaj\u0105c zu\u017cycie opakowa\u0144 jednorazowych. Ma nisk\u0105 cen\u0119 jednostkow\u0105 podczas masowej produkcji, oszcz\u0119dzaj\u0105c miejsce do przechowywania i koszty transportu. Operacja sk\u0142adania jest prosta i pracoch\u0142onna.<\/p>","protected":false},"featured_media":664,"template":"","meta":{"_kad_post_transparent":"default","_kad_post_title":"","_kad_post_layout":"default","_kad_post_sidebar_id":"","_kad_post_content_style":"default","_kad_post_vertical_padding":"default","_kad_post_feature":"","_kad_post_feature_position":"","_kad_post_header":false,"_kad_post_footer":false,"_kad_post_classname":""},"product_brand":[],"product_cat":[15,30,17],"product_tag":[233,235,234],"class_list":{"0":"post-663","1":"product","2":"type-product","3":"status-publish","4":"has-post-thumbnail","6":"product_cat-red-light-therapy","7":"product_cat-dropshipping","8":"product_cat-services","9":"product_tag-premium-quality-mailer-boxes","10":"product_tag-supplies-shipping-t-shirt","11":"product_tag-underwear-mailer-boxes","13":"first","14":"instock","15":"shipping-taxable","16":"product-type-simple","17":"entry","18":"content-bg","19":"loop-entry"},"_links":{"self":[{"href":"https:\/\/red-lighttherapy.com\/pl\/wp-json\/wp\/v2\/product\/663","targetHints":{"allow":["GET"]}}],"collection":[{"href":"https:\/\/red-lighttherapy.com\/pl\/wp-json\/wp\/v2\/product"}],"about":[{"href":"https:\/\/red-lighttherapy.com\/pl\/wp-json\/wp\/v2\/types\/product"}],"wp:featuredmedia":[{"embeddable":true,"href":"https:\/\/red-lighttherapy.com\/pl\/wp-json\/wp\/v2\/media\/664"}],"wp:attachment":[{"href":"https:\/\/red-lighttherapy.com\/pl\/wp-json\/wp\/v2\/media?parent=663"}],"wp:term":[{"taxonomy":"product_brand","embeddable":true,"href":"https:\/\/red-lighttherapy.com\/pl\/wp-json\/wp\/v2\/product_brand?post=663"},{"taxonomy":"product_cat","embeddable":true,"href":"https:\/\/red-lighttherapy.com\/pl\/wp-json\/wp\/v2\/product_cat?post=663"},{"taxonomy":"product_tag","embeddable":true,"href":"https:\/\/red-lighttherapy.com\/pl\/wp-json\/wp\/v2\/product_tag?post=663"}],"curies":[{"name":"wp","href":"https:\/\/api.w.org\/{rel}","templated":true}]}}